                                                             

{"id":82769,"date":"2026-05-02T11:30:48","date_gmt":"2026-05-02T15:30:48","guid":{"rendered":"https:\/\/oppens.ca\/?post_type=product&#038;p=82769"},"modified":"2026-05-02T17:00:08","modified_gmt":"2026-05-02T21:00:08","slug":"luukaa-jupe-imprimee-en-lin-evania-26y0404","status":"publish","type":"product","link":"https:\/\/oppens.ca\/fr\/produit\/luukaa-jupe-imprimee-en-lin-evania-26y0404\/","title":{"rendered":"LUUKAA &#8211; Jupe Imprim\u00e9e en Lin EVANIA (26Y0404)"},"content":{"rendered":"<p>100% Lin<\/p>\n<p>Taille \u00e9lastique<\/p>\n<p>Plis creux<\/p>\n<p>Laver en eau froide. Suspendre pour s\u00e9cher.<\/p>\n<p>Fait en Turquie.<\/p>\n<p>&nbsp;<\/p>\n","protected":false},"excerpt":{"rendered":"<p>100% Lin Taille \u00e9lastique Plis creux Laver en eau froide. Suspendre pour s\u00e9cher. Fait en Turquie. &nbsp;<\/p>\n","protected":false},"featured_media":82785,"template":"","meta":[],"product_brand":[],"product_cat":[127,380,356,349],"product_tag":[746,603,282,542,747],"class_list":{"0":"post-82769","1":"product","2":"type-product","3":"status-publish","4":"has-post-thumbnail","6":"product_cat-skirts-fr","7":"product_cat-luukaa-fr","8":"product_cat-magasiner-par-collection","9":"product_cat-nouveautes","10":"product_tag-jupe","11":"product_tag-linen-fr","12":"product_tag-luukaa-fr","13":"product_tag-nouveau","14":"product_tag-taille-elastique","16":"first","17":"instock","18":"taxable","19":"shipping-taxable","20":"purchasable","21":"product-type-variable"},"supplier_id":null,"supplier_sku":"","barcode":null,"atum_controlled":true,"out_stock_date":null,"out_stock_threshold":null,"inheritable":true,"inbound_stock":null,"stock_on_hold":0,"sold_today":0,"sales_last_days":0,"reserved_stock":null,"customer_returns":null,"warehouse_damage":null,"lost_in_post":null,"other_logs":null,"out_stock_days":0,"lost_sales":0,"has_location":false,"update_date":"2026-05-04T00:32:49","atum_locations":[],"atum_stock_status":"instock","restock_status":false,"low_stock_amount":"","sales_update_date":"2026-05-04T00:32:49","calc_backorders":null,"yoast_head":"<!-- This site is optimized with the Yoast SEO plugin v27.0 - https:\/\/yoast.com\/product\/yoast-seo-wordpress\/ -->\n<title>LUUKAA - Jupe Imprim\u00e9e en Lin EVANIA (26Y0404) - Oppen&#039;s<\/title>\n<meta name=\"robots\" content=\"index, follow, max-snippet:-1, max-image-preview:large, max-video-preview:-1\" \/>\n<link rel=\"canonical\" href=\"https:\/\/oppens.ca\/fr\/produit\/luukaa-jupe-imprimee-en-lin-evania-26y0404\/\" \/>\n<meta property=\"og:locale\" content=\"fr_FR\" \/>\n<meta property=\"og:type\" content=\"article\" \/>\n<meta property=\"og:title\" content=\"LUUKAA - Jupe Imprim\u00e9e en Lin EVANIA (26Y0404) - Oppen&#039;s\" \/>\n<meta property=\"og:description\" content=\"100% Lin Taille \u00e9lastique Plis creux Laver en eau froide. Suspendre pour s\u00e9cher. Fait en Turquie. &nbsp;\" \/>\n<meta property=\"og:url\" content=\"https:\/\/oppens.ca\/fr\/produit\/luukaa-jupe-imprimee-en-lin-evania-26y0404\/\" \/>\n<meta property=\"og:site_name\" content=\"Oppen&#039;s\" \/>\n<meta property=\"article:publisher\" content=\"https:\/\/www.facebook.com\/boutiqueoppens\/\" \/>\n<meta property=\"article:modified_time\" content=\"2026-05-02T21:00:08+00:00\" \/>\n<meta property=\"og:image\" content=\"https:\/\/oppens.ca\/wp-content\/uploads\/2026\/05\/Screenshot-2026-05-02-114146.png\" \/>\n\t<meta property=\"og:image:width\" content=\"307\" \/>\n\t<meta property=\"og:image:height\" content=\"475\" \/>\n\t<meta property=\"og:image:type\" content=\"image\/png\" \/>\n<meta name=\"twitter:card\" content=\"summary_large_image\" \/>\n<meta name=\"twitter:site\" content=\"@oppensmontreal\" \/>\n<meta name=\"twitter:label1\" content=\"Dur\u00e9e de lecture estim\u00e9e\" \/>\n\t<meta name=\"twitter:data1\" content=\"1 minute\" \/>\n<script type=\"application\/ld+json\" class=\"yoast-schema-graph\">{\"@context\":\"https:\/\/schema.org\",\"@graph\":[{\"@type\":\"WebPage\",\"@id\":\"https:\/\/oppens.ca\/fr\/produit\/luukaa-jupe-imprimee-en-lin-evania-26y0404\/\",\"url\":\"https:\/\/oppens.ca\/fr\/produit\/luukaa-jupe-imprimee-en-lin-evania-26y0404\/\",\"name\":\"LUUKAA - Jupe Imprim\u00e9e en Lin EVANIA (26Y0404) - Oppen&#039;s\",\"isPartOf\":{\"@id\":\"https:\/\/oppens.ca\/#website\"},\"primaryImageOfPage\":{\"@id\":\"https:\/\/oppens.ca\/fr\/produit\/luukaa-jupe-imprimee-en-lin-evania-26y0404\/#primaryimage\"},\"image\":{\"@id\":\"https:\/\/oppens.ca\/fr\/produit\/luukaa-jupe-imprimee-en-lin-evania-26y0404\/#primaryimage\"},\"thumbnailUrl\":\"https:\/\/oppens.ca\/wp-content\/uploads\/2026\/05\/Screenshot-2026-05-02-114146.png\",\"datePublished\":\"2026-05-02T15:30:48+00:00\",\"dateModified\":\"2026-05-02T21:00:08+00:00\",\"breadcrumb\":{\"@id\":\"https:\/\/oppens.ca\/fr\/produit\/luukaa-jupe-imprimee-en-lin-evania-26y0404\/#breadcrumb\"},\"inLanguage\":\"fr-FR\",\"potentialAction\":[{\"@type\":\"ReadAction\",\"target\":[\"https:\/\/oppens.ca\/fr\/produit\/luukaa-jupe-imprimee-en-lin-evania-26y0404\/\"]}]},{\"@type\":\"ImageObject\",\"inLanguage\":\"fr-FR\",\"@id\":\"https:\/\/oppens.ca\/fr\/produit\/luukaa-jupe-imprimee-en-lin-evania-26y0404\/#primaryimage\",\"url\":\"https:\/\/oppens.ca\/wp-content\/uploads\/2026\/05\/Screenshot-2026-05-02-114146.png\",\"contentUrl\":\"https:\/\/oppens.ca\/wp-content\/uploads\/2026\/05\/Screenshot-2026-05-02-114146.png\",\"width\":307,\"height\":475},{\"@type\":\"BreadcrumbList\",\"@id\":\"https:\/\/oppens.ca\/fr\/produit\/luukaa-jupe-imprimee-en-lin-evania-26y0404\/#breadcrumb\",\"itemListElement\":[{\"@type\":\"ListItem\",\"position\":1,\"name\":\"Home\",\"item\":\"https:\/\/oppens.ca\/fr\/\"},{\"@type\":\"ListItem\",\"position\":2,\"name\":\"Magasinez\",\"item\":\"https:\/\/oppens.ca\/fr\/magasinez\/\"},{\"@type\":\"ListItem\",\"position\":3,\"name\":\"LUUKAA &#8211; Jupe Imprim\u00e9e en Lin EVANIA (26Y0404)\"}]},{\"@type\":\"WebSite\",\"@id\":\"https:\/\/oppens.ca\/#website\",\"url\":\"https:\/\/oppens.ca\/\",\"name\":\"Oppen&#039;s\",\"description\":\"Celebrating women\u2019s evolving lifestyle for over 25 years\",\"publisher\":{\"@id\":\"https:\/\/oppens.ca\/#organization\"},\"potentialAction\":[{\"@type\":\"SearchAction\",\"target\":{\"@type\":\"EntryPoint\",\"urlTemplate\":\"https:\/\/oppens.ca\/?s={search_term_string}\"},\"query-input\":{\"@type\":\"PropertyValueSpecification\",\"valueRequired\":true,\"valueName\":\"search_term_string\"}}],\"inLanguage\":\"fr-FR\"},{\"@type\":\"Organization\",\"@id\":\"https:\/\/oppens.ca\/#organization\",\"name\":\"Oppens\",\"url\":\"https:\/\/oppens.ca\/\",\"logo\":{\"@type\":\"ImageObject\",\"inLanguage\":\"fr-FR\",\"@id\":\"https:\/\/oppens.ca\/#\/schema\/logo\/image\/\",\"url\":\"https:\/\/oppens.ca\/wp-content\/uploads\/2019\/10\/oppens.png\",\"contentUrl\":\"https:\/\/oppens.ca\/wp-content\/uploads\/2019\/10\/oppens.png\",\"width\":553,\"height\":246,\"caption\":\"Oppens\"},\"image\":{\"@id\":\"https:\/\/oppens.ca\/#\/schema\/logo\/image\/\"},\"sameAs\":[\"https:\/\/www.facebook.com\/boutiqueoppens\/\",\"https:\/\/x.com\/oppensmontreal\",\"https:\/\/www.instagram.com\/oppens_boutique\/\"]}]}<\/script>\n<!-- \/ Yoast SEO plugin. -->","yoast_head_json":{"title":"LUUKAA - Jupe Imprim\u00e9e en Lin EVANIA (26Y0404) - Oppen&#039;s","robots":{"index":"index","follow":"follow","max-snippet":"max-snippet:-1","max-image-preview":"max-image-preview:large","max-video-preview":"max-video-preview:-1"},"canonical":"https:\/\/oppens.ca\/fr\/produit\/luukaa-jupe-imprimee-en-lin-evania-26y0404\/","og_locale":"fr_FR","og_type":"article","og_title":"LUUKAA - Jupe Imprim\u00e9e en Lin EVANIA (26Y0404) - Oppen&#039;s","og_description":"100% Lin Taille \u00e9lastique Plis creux Laver en eau froide. Suspendre pour s\u00e9cher. Fait en Turquie. &nbsp;","og_url":"https:\/\/oppens.ca\/fr\/produit\/luukaa-jupe-imprimee-en-lin-evania-26y0404\/","og_site_name":"Oppen&#039;s","article_publisher":"https:\/\/www.facebook.com\/boutiqueoppens\/","article_modified_time":"2026-05-02T21:00:08+00:00","og_image":[{"width":307,"height":475,"url":"https:\/\/oppens.ca\/wp-content\/uploads\/2026\/05\/Screenshot-2026-05-02-114146.png","type":"image\/png"}],"twitter_card":"summary_large_image","twitter_site":"@oppensmontreal","twitter_misc":{"Dur\u00e9e de lecture estim\u00e9e":"1 minute"},"schema":{"@context":"https:\/\/schema.org","@graph":[{"@type":"WebPage","@id":"https:\/\/oppens.ca\/fr\/produit\/luukaa-jupe-imprimee-en-lin-evania-26y0404\/","url":"https:\/\/oppens.ca\/fr\/produit\/luukaa-jupe-imprimee-en-lin-evania-26y0404\/","name":"LUUKAA - Jupe Imprim\u00e9e en Lin EVANIA (26Y0404) - Oppen&#039;s","isPartOf":{"@id":"https:\/\/oppens.ca\/#website"},"primaryImageOfPage":{"@id":"https:\/\/oppens.ca\/fr\/produit\/luukaa-jupe-imprimee-en-lin-evania-26y0404\/#primaryimage"},"image":{"@id":"https:\/\/oppens.ca\/fr\/produit\/luukaa-jupe-imprimee-en-lin-evania-26y0404\/#primaryimage"},"thumbnailUrl":"https:\/\/oppens.ca\/wp-content\/uploads\/2026\/05\/Screenshot-2026-05-02-114146.png","datePublished":"2026-05-02T15:30:48+00:00","dateModified":"2026-05-02T21:00:08+00:00","breadcrumb":{"@id":"https:\/\/oppens.ca\/fr\/produit\/luukaa-jupe-imprimee-en-lin-evania-26y0404\/#breadcrumb"},"inLanguage":"fr-FR","potentialAction":[{"@type":"ReadAction","target":["https:\/\/oppens.ca\/fr\/produit\/luukaa-jupe-imprimee-en-lin-evania-26y0404\/"]}]},{"@type":"ImageObject","inLanguage":"fr-FR","@id":"https:\/\/oppens.ca\/fr\/produit\/luukaa-jupe-imprimee-en-lin-evania-26y0404\/#primaryimage","url":"https:\/\/oppens.ca\/wp-content\/uploads\/2026\/05\/Screenshot-2026-05-02-114146.png","contentUrl":"https:\/\/oppens.ca\/wp-content\/uploads\/2026\/05\/Screenshot-2026-05-02-114146.png","width":307,"height":475},{"@type":"BreadcrumbList","@id":"https:\/\/oppens.ca\/fr\/produit\/luukaa-jupe-imprimee-en-lin-evania-26y0404\/#breadcrumb","itemListElement":[{"@type":"ListItem","position":1,"name":"Home","item":"https:\/\/oppens.ca\/fr\/"},{"@type":"ListItem","position":2,"name":"Magasinez","item":"https:\/\/oppens.ca\/fr\/magasinez\/"},{"@type":"ListItem","position":3,"name":"LUUKAA &#8211; Jupe Imprim\u00e9e en Lin EVANIA (26Y0404)"}]},{"@type":"WebSite","@id":"https:\/\/oppens.ca\/#website","url":"https:\/\/oppens.ca\/","name":"Oppen&#039;s","description":"Celebrating women\u2019s evolving lifestyle for over 25 years","publisher":{"@id":"https:\/\/oppens.ca\/#organization"},"potentialAction":[{"@type":"SearchAction","target":{"@type":"EntryPoint","urlTemplate":"https:\/\/oppens.ca\/?s={search_term_string}"},"query-input":{"@type":"PropertyValueSpecification","valueRequired":true,"valueName":"search_term_string"}}],"inLanguage":"fr-FR"},{"@type":"Organization","@id":"https:\/\/oppens.ca\/#organization","name":"Oppens","url":"https:\/\/oppens.ca\/","logo":{"@type":"ImageObject","inLanguage":"fr-FR","@id":"https:\/\/oppens.ca\/#\/schema\/logo\/image\/","url":"https:\/\/oppens.ca\/wp-content\/uploads\/2019\/10\/oppens.png","contentUrl":"https:\/\/oppens.ca\/wp-content\/uploads\/2019\/10\/oppens.png","width":553,"height":246,"caption":"Oppens"},"image":{"@id":"https:\/\/oppens.ca\/#\/schema\/logo\/image\/"},"sameAs":["https:\/\/www.facebook.com\/boutiqueoppens\/","https:\/\/x.com\/oppensmontreal","https:\/\/www.instagram.com\/oppens_boutique\/"]}]}},"_links":{"self":[{"href":"https:\/\/oppens.ca\/fr\/wp-json\/wp\/v2\/product\/82769","targetHints":{"allow":["GET"]}}],"collection":[{"href":"https:\/\/oppens.ca\/fr\/wp-json\/wp\/v2\/product"}],"about":[{"href":"https:\/\/oppens.ca\/fr\/wp-json\/wp\/v2\/types\/product"}],"wp:featuredmedia":[{"embeddable":true,"href":"https:\/\/oppens.ca\/fr\/wp-json\/wp\/v2\/media\/82785"}],"wp:attachment":[{"href":"https:\/\/oppens.ca\/fr\/wp-json\/wp\/v2\/media?parent=82769"}],"wp:term":[{"taxonomy":"product_brand","embeddable":true,"href":"https:\/\/oppens.ca\/fr\/wp-json\/wp\/v2\/product_brand?post=82769"},{"taxonomy":"product_cat","embeddable":true,"href":"https:\/\/oppens.ca\/fr\/wp-json\/wp\/v2\/product_cat?post=82769"},{"taxonomy":"product_tag","embeddable":true,"href":"https:\/\/oppens.ca\/fr\/wp-json\/wp\/v2\/product_tag?post=82769"}],"curies":[{"name":"wp","href":"https:\/\/api.w.org\/{rel}","templated":true}]}}