                                                             

{"id":82139,"date":"2026-04-27T14:33:32","date_gmt":"2026-04-27T18:33:32","guid":{"rendered":"https:\/\/oppens.ca\/?post_type=product&#038;p=82139"},"modified":"2026-04-28T16:59:09","modified_gmt":"2026-04-28T20:59:09","slug":"grizas-chemise-a-pinces-en-lin-52729-l400","status":"publish","type":"product","link":"https:\/\/oppens.ca\/fr\/produit\/grizas-chemise-a-pinces-en-lin-52729-l400\/","title":{"rendered":"GRIZAS &#8211; Chemise \u00e0 Pinces en Lin (52729-L400)"},"content":{"rendered":"<ul>\n<li>100 % lin<\/li>\n<li>Tissu de lin pur doux<\/li>\n<li>Col montant souple<\/li>\n<li>Fermeture boutonn\u00e9e<\/li>\n<li>Manches longues<\/li>\n<li>Plis nervures<\/li>\n<li>Longueur aux hanches<\/li>\n<li>Coupe d\u00e9contract\u00e9e avec une forme l\u00e9g\u00e8rement \u00e9vas\u00e9e<\/li>\n<\/ul>\n<div class=\"product__description rte\">\n<p>D\u00e9couvrez une chemise l\u00e9g\u00e8re, confortable et distinctive. Le devant pliss\u00e9 lui conf\u00e8re une finition plus sp\u00e9ciale, tandis que le lin maintient la forme d\u00e9contract\u00e9e et respirante tout au long de la journ\u00e9e. Portez-la avec des pantalons, des jupes ou par-dessus des hauts simples lorsque vous souhaitez une tenue avec plus de caract\u00e8re qu&#8217;une simple chemise.<\/p>\n<\/div>\n<p>Lavable \u00e0 la machine en eau ti\u00e8de. S\u00e9cher \u00e0 temp\u00e9rature moyenne.<\/p>\n<p>Fait en Lithuanie.<\/p>\n","protected":false},"excerpt":{"rendered":"<p>100 % lin Tissu de lin pur doux Col montant souple Fermeture boutonn\u00e9e Manches longues Plis nervures Longueur aux hanches Coupe d\u00e9contract\u00e9e avec une forme l\u00e9g\u00e8rement \u00e9vas\u00e9e D\u00e9couvrez une chemise l\u00e9g\u00e8re, confortable et distinctive. Le devant pliss\u00e9 lui conf\u00e8re une finition plus sp\u00e9ciale, tandis que le lin maintient la forme d\u00e9contract\u00e9e et respirante tout au &hellip; <\/p>\n<p class=\"link-more\"><a href=\"https:\/\/oppens.ca\/fr\/produit\/grizas-chemise-a-pinces-en-lin-52729-l400\/\" class=\"more-link\">Continue reading&lt;span class=&quot;screen-reader-text&quot;&gt; &quot;GRIZAS &#8211; Chemise \u00e0 Pinces en Lin (52729-L400)&quot;&lt;\/span&gt;<\/a><\/p>\n","protected":false},"featured_media":82156,"template":"","meta":[],"product_brand":[],"product_cat":[238,372,130,356,349,620],"product_tag":[279,508,603],"class_list":{"0":"post-82139","1":"product","2":"type-product","3":"status-publish","4":"has-post-thumbnail","6":"product_cat-blouses","7":"product_cat-grizas-fr","8":"product_cat-hauts-cover-ups","9":"product_cat-magasiner-par-collection","10":"product_cat-nouveautes","11":"product_cat-tunique","12":"product_tag-grizas-fr","13":"product_tag-haut","14":"product_tag-linen-fr","15":"product_shipping_class-masques","17":"first","18":"instock","19":"taxable","20":"shipping-taxable","21":"purchasable","22":"product-type-variable"},"supplier_id":null,"supplier_sku":"","barcode":null,"atum_controlled":true,"out_stock_date":null,"out_stock_threshold":null,"inheritable":true,"inbound_stock":null,"stock_on_hold":0,"sold_today":0,"sales_last_days":0,"reserved_stock":null,"customer_returns":null,"warehouse_damage":null,"lost_in_post":null,"other_logs":null,"out_stock_days":0,"lost_sales":0,"has_location":false,"update_date":"2026-04-29T00:31:11","atum_locations":[],"atum_stock_status":"instock","restock_status":false,"low_stock_amount":"","sales_update_date":"2026-04-29T00:31:11","calc_backorders":null,"yoast_head":"<!-- This site is optimized with the Yoast SEO plugin v27.0 - https:\/\/yoast.com\/product\/yoast-seo-wordpress\/ -->\n<title>GRIZAS - Chemise \u00e0 Pinces en Lin (52729-L400) - Oppen&#039;s<\/title>\n<meta name=\"robots\" content=\"index, follow, max-snippet:-1, max-image-preview:large, max-video-preview:-1\" \/>\n<link rel=\"canonical\" href=\"https:\/\/oppens.ca\/fr\/produit\/grizas-chemise-a-pinces-en-lin-52729-l400\/\" \/>\n<meta property=\"og:locale\" content=\"fr_FR\" \/>\n<meta property=\"og:type\" content=\"article\" \/>\n<meta property=\"og:title\" content=\"GRIZAS - Chemise \u00e0 Pinces en Lin (52729-L400) - Oppen&#039;s\" \/>\n<meta property=\"og:description\" content=\"100 % lin Tissu de lin pur doux Col montant souple Fermeture boutonn\u00e9e Manches longues Plis nervures Longueur aux hanches Coupe d\u00e9contract\u00e9e avec une forme l\u00e9g\u00e8rement \u00e9vas\u00e9e D\u00e9couvrez une chemise l\u00e9g\u00e8re, confortable et distinctive. Le devant pliss\u00e9 lui conf\u00e8re une finition plus sp\u00e9ciale, tandis que le lin maintient la forme d\u00e9contract\u00e9e et respirante tout au &hellip; Continue reading&lt;span class=&quot;screen-reader-text&quot;&gt; &quot;GRIZAS &#8211; Chemise \u00e0 Pinces en Lin (52729-L400)&quot;&lt;\/span&gt;\" \/>\n<meta property=\"og:url\" content=\"https:\/\/oppens.ca\/fr\/produit\/grizas-chemise-a-pinces-en-lin-52729-l400\/\" \/>\n<meta property=\"og:site_name\" content=\"Oppen&#039;s\" \/>\n<meta property=\"article:publisher\" content=\"https:\/\/www.facebook.com\/boutiqueoppens\/\" \/>\n<meta property=\"article:modified_time\" content=\"2026-04-28T20:59:09+00:00\" \/>\n<meta property=\"og:image\" content=\"https:\/\/oppens.ca\/wp-content\/uploads\/2026\/04\/Screenshot-2026-04-27-150236.png\" \/>\n\t<meta property=\"og:image:width\" content=\"507\" \/>\n\t<meta property=\"og:image:height\" content=\"717\" \/>\n\t<meta property=\"og:image:type\" content=\"image\/png\" \/>\n<meta name=\"twitter:card\" content=\"summary_large_image\" \/>\n<meta name=\"twitter:site\" content=\"@oppensmontreal\" \/>\n<meta name=\"twitter:label1\" content=\"Dur\u00e9e de lecture estim\u00e9e\" \/>\n\t<meta name=\"twitter:data1\" content=\"1 minute\" \/>\n<script type=\"application\/ld+json\" class=\"yoast-schema-graph\">{\"@context\":\"https:\/\/schema.org\",\"@graph\":[{\"@type\":\"WebPage\",\"@id\":\"https:\/\/oppens.ca\/fr\/produit\/grizas-chemise-a-pinces-en-lin-52729-l400\/\",\"url\":\"https:\/\/oppens.ca\/fr\/produit\/grizas-chemise-a-pinces-en-lin-52729-l400\/\",\"name\":\"GRIZAS - Chemise \u00e0 Pinces en Lin (52729-L400) - Oppen&#039;s\",\"isPartOf\":{\"@id\":\"https:\/\/oppens.ca\/#website\"},\"primaryImageOfPage\":{\"@id\":\"https:\/\/oppens.ca\/fr\/produit\/grizas-chemise-a-pinces-en-lin-52729-l400\/#primaryimage\"},\"image\":{\"@id\":\"https:\/\/oppens.ca\/fr\/produit\/grizas-chemise-a-pinces-en-lin-52729-l400\/#primaryimage\"},\"thumbnailUrl\":\"https:\/\/oppens.ca\/wp-content\/uploads\/2026\/04\/Screenshot-2026-04-27-150236.png\",\"datePublished\":\"2026-04-27T18:33:32+00:00\",\"dateModified\":\"2026-04-28T20:59:09+00:00\",\"breadcrumb\":{\"@id\":\"https:\/\/oppens.ca\/fr\/produit\/grizas-chemise-a-pinces-en-lin-52729-l400\/#breadcrumb\"},\"inLanguage\":\"fr-FR\",\"potentialAction\":[{\"@type\":\"ReadAction\",\"target\":[\"https:\/\/oppens.ca\/fr\/produit\/grizas-chemise-a-pinces-en-lin-52729-l400\/\"]}]},{\"@type\":\"ImageObject\",\"inLanguage\":\"fr-FR\",\"@id\":\"https:\/\/oppens.ca\/fr\/produit\/grizas-chemise-a-pinces-en-lin-52729-l400\/#primaryimage\",\"url\":\"https:\/\/oppens.ca\/wp-content\/uploads\/2026\/04\/Screenshot-2026-04-27-150236.png\",\"contentUrl\":\"https:\/\/oppens.ca\/wp-content\/uploads\/2026\/04\/Screenshot-2026-04-27-150236.png\",\"width\":507,\"height\":717},{\"@type\":\"BreadcrumbList\",\"@id\":\"https:\/\/oppens.ca\/fr\/produit\/grizas-chemise-a-pinces-en-lin-52729-l400\/#breadcrumb\",\"itemListElement\":[{\"@type\":\"ListItem\",\"position\":1,\"name\":\"Home\",\"item\":\"https:\/\/oppens.ca\/fr\/\"},{\"@type\":\"ListItem\",\"position\":2,\"name\":\"Magasinez\",\"item\":\"https:\/\/oppens.ca\/fr\/magasinez\/\"},{\"@type\":\"ListItem\",\"position\":3,\"name\":\"GRIZAS &#8211; Chemise \u00e0 Pinces en Lin (52729-L400)\"}]},{\"@type\":\"WebSite\",\"@id\":\"https:\/\/oppens.ca\/#website\",\"url\":\"https:\/\/oppens.ca\/\",\"name\":\"Oppen&#039;s\",\"description\":\"Celebrating women\u2019s evolving lifestyle for over 25 years\",\"publisher\":{\"@id\":\"https:\/\/oppens.ca\/#organization\"},\"potentialAction\":[{\"@type\":\"SearchAction\",\"target\":{\"@type\":\"EntryPoint\",\"urlTemplate\":\"https:\/\/oppens.ca\/?s={search_term_string}\"},\"query-input\":{\"@type\":\"PropertyValueSpecification\",\"valueRequired\":true,\"valueName\":\"search_term_string\"}}],\"inLanguage\":\"fr-FR\"},{\"@type\":\"Organization\",\"@id\":\"https:\/\/oppens.ca\/#organization\",\"name\":\"Oppens\",\"url\":\"https:\/\/oppens.ca\/\",\"logo\":{\"@type\":\"ImageObject\",\"inLanguage\":\"fr-FR\",\"@id\":\"https:\/\/oppens.ca\/#\/schema\/logo\/image\/\",\"url\":\"https:\/\/oppens.ca\/wp-content\/uploads\/2019\/10\/oppens.png\",\"contentUrl\":\"https:\/\/oppens.ca\/wp-content\/uploads\/2019\/10\/oppens.png\",\"width\":553,\"height\":246,\"caption\":\"Oppens\"},\"image\":{\"@id\":\"https:\/\/oppens.ca\/#\/schema\/logo\/image\/\"},\"sameAs\":[\"https:\/\/www.facebook.com\/boutiqueoppens\/\",\"https:\/\/x.com\/oppensmontreal\",\"https:\/\/www.instagram.com\/oppens_boutique\/\"]}]}<\/script>\n<!-- \/ Yoast SEO plugin. -->","yoast_head_json":{"title":"GRIZAS - Chemise \u00e0 Pinces en Lin (52729-L400) - Oppen&#039;s","robots":{"index":"index","follow":"follow","max-snippet":"max-snippet:-1","max-image-preview":"max-image-preview:large","max-video-preview":"max-video-preview:-1"},"canonical":"https:\/\/oppens.ca\/fr\/produit\/grizas-chemise-a-pinces-en-lin-52729-l400\/","og_locale":"fr_FR","og_type":"article","og_title":"GRIZAS - Chemise \u00e0 Pinces en Lin (52729-L400) - Oppen&#039;s","og_description":"100 % lin Tissu de lin pur doux Col montant souple Fermeture boutonn\u00e9e Manches longues Plis nervures Longueur aux hanches Coupe d\u00e9contract\u00e9e avec une forme l\u00e9g\u00e8rement \u00e9vas\u00e9e D\u00e9couvrez une chemise l\u00e9g\u00e8re, confortable et distinctive. Le devant pliss\u00e9 lui conf\u00e8re une finition plus sp\u00e9ciale, tandis que le lin maintient la forme d\u00e9contract\u00e9e et respirante tout au &hellip; Continue reading&lt;span class=&quot;screen-reader-text&quot;&gt; &quot;GRIZAS &#8211; Chemise \u00e0 Pinces en Lin (52729-L400)&quot;&lt;\/span&gt;","og_url":"https:\/\/oppens.ca\/fr\/produit\/grizas-chemise-a-pinces-en-lin-52729-l400\/","og_site_name":"Oppen&#039;s","article_publisher":"https:\/\/www.facebook.com\/boutiqueoppens\/","article_modified_time":"2026-04-28T20:59:09+00:00","og_image":[{"width":507,"height":717,"url":"https:\/\/oppens.ca\/wp-content\/uploads\/2026\/04\/Screenshot-2026-04-27-150236.png","type":"image\/png"}],"twitter_card":"summary_large_image","twitter_site":"@oppensmontreal","twitter_misc":{"Dur\u00e9e de lecture estim\u00e9e":"1 minute"},"schema":{"@context":"https:\/\/schema.org","@graph":[{"@type":"WebPage","@id":"https:\/\/oppens.ca\/fr\/produit\/grizas-chemise-a-pinces-en-lin-52729-l400\/","url":"https:\/\/oppens.ca\/fr\/produit\/grizas-chemise-a-pinces-en-lin-52729-l400\/","name":"GRIZAS - Chemise \u00e0 Pinces en Lin (52729-L400) - Oppen&#039;s","isPartOf":{"@id":"https:\/\/oppens.ca\/#website"},"primaryImageOfPage":{"@id":"https:\/\/oppens.ca\/fr\/produit\/grizas-chemise-a-pinces-en-lin-52729-l400\/#primaryimage"},"image":{"@id":"https:\/\/oppens.ca\/fr\/produit\/grizas-chemise-a-pinces-en-lin-52729-l400\/#primaryimage"},"thumbnailUrl":"https:\/\/oppens.ca\/wp-content\/uploads\/2026\/04\/Screenshot-2026-04-27-150236.png","datePublished":"2026-04-27T18:33:32+00:00","dateModified":"2026-04-28T20:59:09+00:00","breadcrumb":{"@id":"https:\/\/oppens.ca\/fr\/produit\/grizas-chemise-a-pinces-en-lin-52729-l400\/#breadcrumb"},"inLanguage":"fr-FR","potentialAction":[{"@type":"ReadAction","target":["https:\/\/oppens.ca\/fr\/produit\/grizas-chemise-a-pinces-en-lin-52729-l400\/"]}]},{"@type":"ImageObject","inLanguage":"fr-FR","@id":"https:\/\/oppens.ca\/fr\/produit\/grizas-chemise-a-pinces-en-lin-52729-l400\/#primaryimage","url":"https:\/\/oppens.ca\/wp-content\/uploads\/2026\/04\/Screenshot-2026-04-27-150236.png","contentUrl":"https:\/\/oppens.ca\/wp-content\/uploads\/2026\/04\/Screenshot-2026-04-27-150236.png","width":507,"height":717},{"@type":"BreadcrumbList","@id":"https:\/\/oppens.ca\/fr\/produit\/grizas-chemise-a-pinces-en-lin-52729-l400\/#breadcrumb","itemListElement":[{"@type":"ListItem","position":1,"name":"Home","item":"https:\/\/oppens.ca\/fr\/"},{"@type":"ListItem","position":2,"name":"Magasinez","item":"https:\/\/oppens.ca\/fr\/magasinez\/"},{"@type":"ListItem","position":3,"name":"GRIZAS &#8211; Chemise \u00e0 Pinces en Lin (52729-L400)"}]},{"@type":"WebSite","@id":"https:\/\/oppens.ca\/#website","url":"https:\/\/oppens.ca\/","name":"Oppen&#039;s","description":"Celebrating women\u2019s evolving lifestyle for over 25 years","publisher":{"@id":"https:\/\/oppens.ca\/#organization"},"potentialAction":[{"@type":"SearchAction","target":{"@type":"EntryPoint","urlTemplate":"https:\/\/oppens.ca\/?s={search_term_string}"},"query-input":{"@type":"PropertyValueSpecification","valueRequired":true,"valueName":"search_term_string"}}],"inLanguage":"fr-FR"},{"@type":"Organization","@id":"https:\/\/oppens.ca\/#organization","name":"Oppens","url":"https:\/\/oppens.ca\/","logo":{"@type":"ImageObject","inLanguage":"fr-FR","@id":"https:\/\/oppens.ca\/#\/schema\/logo\/image\/","url":"https:\/\/oppens.ca\/wp-content\/uploads\/2019\/10\/oppens.png","contentUrl":"https:\/\/oppens.ca\/wp-content\/uploads\/2019\/10\/oppens.png","width":553,"height":246,"caption":"Oppens"},"image":{"@id":"https:\/\/oppens.ca\/#\/schema\/logo\/image\/"},"sameAs":["https:\/\/www.facebook.com\/boutiqueoppens\/","https:\/\/x.com\/oppensmontreal","https:\/\/www.instagram.com\/oppens_boutique\/"]}]}},"_links":{"self":[{"href":"https:\/\/oppens.ca\/fr\/wp-json\/wp\/v2\/product\/82139","targetHints":{"allow":["GET"]}}],"collection":[{"href":"https:\/\/oppens.ca\/fr\/wp-json\/wp\/v2\/product"}],"about":[{"href":"https:\/\/oppens.ca\/fr\/wp-json\/wp\/v2\/types\/product"}],"wp:featuredmedia":[{"embeddable":true,"href":"https:\/\/oppens.ca\/fr\/wp-json\/wp\/v2\/media\/82156"}],"wp:attachment":[{"href":"https:\/\/oppens.ca\/fr\/wp-json\/wp\/v2\/media?parent=82139"}],"wp:term":[{"taxonomy":"product_brand","embeddable":true,"href":"https:\/\/oppens.ca\/fr\/wp-json\/wp\/v2\/product_brand?post=82139"},{"taxonomy":"product_cat","embeddable":true,"href":"https:\/\/oppens.ca\/fr\/wp-json\/wp\/v2\/product_cat?post=82139"},{"taxonomy":"product_tag","embeddable":true,"href":"https:\/\/oppens.ca\/fr\/wp-json\/wp\/v2\/product_tag?post=82139"}],"curies":[{"name":"wp","href":"https:\/\/api.w.org\/{rel}","templated":true}]}}