                                                             

{"id":82071,"date":"2026-04-25T15:31:42","date_gmt":"2026-04-25T19:31:42","guid":{"rendered":"https:\/\/oppens.ca\/?post_type=product&#038;p=82071"},"modified":"2026-04-25T16:53:12","modified_gmt":"2026-04-25T20:53:12","slug":"tirelli-chemise-imprimee-a-ourlet-asymetrique-24s3530","status":"publish","type":"product","link":"https:\/\/oppens.ca\/fr\/produit\/tirelli-chemise-imprimee-a-ourlet-asymetrique-24s3530\/","title":{"rendered":"TIRELLI &#8211; CHEMISE IMPRIM\u00c9E \u00c0 OURLET ASYM\u00c9TRIQUE (24S3530)"},"content":{"rendered":"<p>100% Coton<\/p>\n<ul>\n<li>Ourlet Asym\u00e9trique<\/li>\n<li>Demi-Patte<\/li>\n<li>Poches<\/li>\n<li>Chemise Imprim\u00e9e Longue<\/li>\n<li>Manches 3\/4<\/li>\n<li>Poignets Boutonn\u00e9s<\/li>\n<\/ul>\n<p><img loading=\"lazy\" decoding=\"async\" class=\"alignnone wp-image-82044 size-full\" src=\"https:\/\/oppens.ca\/wp-content\/uploads\/2026\/04\/Screenshot-2026-04-25-132813.png\" alt=\"\" width=\"1720\" height=\"643\" srcset=\"https:\/\/oppens.ca\/wp-content\/uploads\/2026\/04\/Screenshot-2026-04-25-132813.png 1720w, https:\/\/oppens.ca\/wp-content\/uploads\/2026\/04\/Screenshot-2026-04-25-132813-300x112.png 300w, https:\/\/oppens.ca\/wp-content\/uploads\/2026\/04\/Screenshot-2026-04-25-132813-1024x383.png 1024w, https:\/\/oppens.ca\/wp-content\/uploads\/2026\/04\/Screenshot-2026-04-25-132813-768x287.png 768w, https:\/\/oppens.ca\/wp-content\/uploads\/2026\/04\/Screenshot-2026-04-25-132813-1536x574.png 1536w, https:\/\/oppens.ca\/wp-content\/uploads\/2026\/04\/Screenshot-2026-04-25-132813-600x224.png 600w\" sizes=\"auto, (max-width: 1720px) 100vw, 1720px\" \/><\/p>\n<p><img loading=\"lazy\" decoding=\"async\" class=\"alignnone wp-image-82044 size-full\" src=\"https:\/\/oppens.ca\/wp-content\/uploads\/2026\/04\/Screenshot-2026-04-25-132813.png\" alt=\"\" width=\"1720\" height=\"643\" srcset=\"https:\/\/oppens.ca\/wp-content\/uploads\/2026\/04\/Screenshot-2026-04-25-132813.png 1720w, https:\/\/oppens.ca\/wp-content\/uploads\/2026\/04\/Screenshot-2026-04-25-132813-300x112.png 300w, https:\/\/oppens.ca\/wp-content\/uploads\/2026\/04\/Screenshot-2026-04-25-132813-1024x383.png 1024w, https:\/\/oppens.ca\/wp-content\/uploads\/2026\/04\/Screenshot-2026-04-25-132813-768x287.png 768w, https:\/\/oppens.ca\/wp-content\/uploads\/2026\/04\/Screenshot-2026-04-25-132813-1536x574.png 1536w, https:\/\/oppens.ca\/wp-content\/uploads\/2026\/04\/Screenshot-2026-04-25-132813-600x224.png 600w\" sizes=\"auto, (max-width: 1720px) 100vw, 1720px\" \/><\/p>\n<p>Con\u00e7u en Australie<\/p>\n<p>Fait en Chine<\/p>\n","protected":false},"excerpt":{"rendered":"<p>100% Coton Ourlet Asym\u00e9trique Demi-Patte Poches Chemise Imprim\u00e9e Longue Manches 3\/4 Poignets Boutonn\u00e9s Con\u00e7u en Australie Fait en Chine<\/p>\n","protected":false},"featured_media":82103,"template":"","meta":[],"product_brand":[],"product_cat":[238,130,356,349,723],"product_tag":[726,600,508,542,725,627,724],"class_list":{"0":"post-82071","1":"product","2":"type-product","3":"status-publish","4":"has-post-thumbnail","6":"product_cat-blouses","7":"product_cat-hauts-cover-ups","8":"product_cat-magasiner-par-collection","9":"product_cat-nouveautes","10":"product_cat-tirelli","11":"product_tag-coton","12":"product_tag-dress-fr","13":"product_tag-haut","14":"product_tag-nouveau","15":"product_tag-s-s-2026","16":"product_tag-shirt-fr","17":"product_tag-tirelli","19":"first","20":"instock","21":"taxable","22":"shipping-taxable","23":"purchasable","24":"product-type-variable"},"supplier_id":null,"supplier_sku":"","barcode":null,"atum_controlled":true,"out_stock_date":null,"out_stock_threshold":null,"inheritable":true,"inbound_stock":null,"stock_on_hold":0,"sold_today":0,"sales_last_days":0,"reserved_stock":null,"customer_returns":null,"warehouse_damage":null,"lost_in_post":null,"other_logs":null,"out_stock_days":0,"lost_sales":0,"has_location":false,"update_date":"2026-04-26T00:30:36","atum_locations":[],"atum_stock_status":"instock","restock_status":false,"low_stock_amount":"","sales_update_date":"2026-04-26T00:30:36","calc_backorders":null,"yoast_head":"<!-- This site is optimized with the Yoast SEO plugin v27.0 - https:\/\/yoast.com\/product\/yoast-seo-wordpress\/ -->\n<title>TIRELLI - CHEMISE IMPRIM\u00c9E \u00c0 OURLET ASYM\u00c9TRIQUE (24S3530) - Oppen&#039;s<\/title>\n<meta name=\"robots\" content=\"index, follow, max-snippet:-1, max-image-preview:large, max-video-preview:-1\" \/>\n<link rel=\"canonical\" href=\"https:\/\/oppens.ca\/fr\/produit\/tirelli-chemise-imprimee-a-ourlet-asymetrique-24s3530\/\" \/>\n<meta property=\"og:locale\" content=\"fr_FR\" \/>\n<meta property=\"og:type\" content=\"article\" \/>\n<meta property=\"og:title\" content=\"TIRELLI - CHEMISE IMPRIM\u00c9E \u00c0 OURLET ASYM\u00c9TRIQUE (24S3530) - Oppen&#039;s\" \/>\n<meta property=\"og:description\" content=\"100% Coton Ourlet Asym\u00e9trique Demi-Patte Poches Chemise Imprim\u00e9e Longue Manches 3\/4 Poignets Boutonn\u00e9s Con\u00e7u en Australie Fait en Chine\" \/>\n<meta property=\"og:url\" content=\"https:\/\/oppens.ca\/fr\/produit\/tirelli-chemise-imprimee-a-ourlet-asymetrique-24s3530\/\" \/>\n<meta property=\"og:site_name\" content=\"Oppen&#039;s\" \/>\n<meta property=\"article:publisher\" content=\"https:\/\/www.facebook.com\/boutiqueoppens\/\" \/>\n<meta property=\"article:modified_time\" content=\"2026-04-25T20:53:12+00:00\" \/>\n<meta property=\"og:image\" content=\"https:\/\/oppens.ca\/wp-content\/uploads\/2026\/04\/Screenshot-2026-04-25-153325.png\" \/>\n\t<meta property=\"og:image:width\" content=\"543\" \/>\n\t<meta property=\"og:image:height\" content=\"772\" \/>\n\t<meta property=\"og:image:type\" content=\"image\/png\" \/>\n<meta name=\"twitter:card\" content=\"summary_large_image\" \/>\n<meta name=\"twitter:site\" content=\"@oppensmontreal\" \/>\n<meta name=\"twitter:label1\" content=\"Dur\u00e9e de lecture estim\u00e9e\" \/>\n\t<meta name=\"twitter:data1\" content=\"1 minute\" \/>\n<script type=\"application\/ld+json\" class=\"yoast-schema-graph\">{\"@context\":\"https:\/\/schema.org\",\"@graph\":[{\"@type\":\"WebPage\",\"@id\":\"https:\/\/oppens.ca\/fr\/produit\/tirelli-chemise-imprimee-a-ourlet-asymetrique-24s3530\/\",\"url\":\"https:\/\/oppens.ca\/fr\/produit\/tirelli-chemise-imprimee-a-ourlet-asymetrique-24s3530\/\",\"name\":\"TIRELLI - CHEMISE IMPRIM\u00c9E \u00c0 OURLET ASYM\u00c9TRIQUE (24S3530) - Oppen&#039;s\",\"isPartOf\":{\"@id\":\"https:\/\/oppens.ca\/#website\"},\"primaryImageOfPage\":{\"@id\":\"https:\/\/oppens.ca\/fr\/produit\/tirelli-chemise-imprimee-a-ourlet-asymetrique-24s3530\/#primaryimage\"},\"image\":{\"@id\":\"https:\/\/oppens.ca\/fr\/produit\/tirelli-chemise-imprimee-a-ourlet-asymetrique-24s3530\/#primaryimage\"},\"thumbnailUrl\":\"https:\/\/oppens.ca\/wp-content\/uploads\/2026\/04\/Screenshot-2026-04-25-153325.png\",\"datePublished\":\"2026-04-25T19:31:42+00:00\",\"dateModified\":\"2026-04-25T20:53:12+00:00\",\"breadcrumb\":{\"@id\":\"https:\/\/oppens.ca\/fr\/produit\/tirelli-chemise-imprimee-a-ourlet-asymetrique-24s3530\/#breadcrumb\"},\"inLanguage\":\"fr-FR\",\"potentialAction\":[{\"@type\":\"ReadAction\",\"target\":[\"https:\/\/oppens.ca\/fr\/produit\/tirelli-chemise-imprimee-a-ourlet-asymetrique-24s3530\/\"]}]},{\"@type\":\"ImageObject\",\"inLanguage\":\"fr-FR\",\"@id\":\"https:\/\/oppens.ca\/fr\/produit\/tirelli-chemise-imprimee-a-ourlet-asymetrique-24s3530\/#primaryimage\",\"url\":\"https:\/\/oppens.ca\/wp-content\/uploads\/2026\/04\/Screenshot-2026-04-25-153325.png\",\"contentUrl\":\"https:\/\/oppens.ca\/wp-content\/uploads\/2026\/04\/Screenshot-2026-04-25-153325.png\",\"width\":543,\"height\":772},{\"@type\":\"BreadcrumbList\",\"@id\":\"https:\/\/oppens.ca\/fr\/produit\/tirelli-chemise-imprimee-a-ourlet-asymetrique-24s3530\/#breadcrumb\",\"itemListElement\":[{\"@type\":\"ListItem\",\"position\":1,\"name\":\"Home\",\"item\":\"https:\/\/oppens.ca\/fr\/\"},{\"@type\":\"ListItem\",\"position\":2,\"name\":\"Magasinez\",\"item\":\"https:\/\/oppens.ca\/fr\/magasinez\/\"},{\"@type\":\"ListItem\",\"position\":3,\"name\":\"TIRELLI &#8211; CHEMISE IMPRIM\u00c9E \u00c0 OURLET ASYM\u00c9TRIQUE (24S3530)\"}]},{\"@type\":\"WebSite\",\"@id\":\"https:\/\/oppens.ca\/#website\",\"url\":\"https:\/\/oppens.ca\/\",\"name\":\"Oppen&#039;s\",\"description\":\"Celebrating women\u2019s evolving lifestyle for over 25 years\",\"publisher\":{\"@id\":\"https:\/\/oppens.ca\/#organization\"},\"potentialAction\":[{\"@type\":\"SearchAction\",\"target\":{\"@type\":\"EntryPoint\",\"urlTemplate\":\"https:\/\/oppens.ca\/?s={search_term_string}\"},\"query-input\":{\"@type\":\"PropertyValueSpecification\",\"valueRequired\":true,\"valueName\":\"search_term_string\"}}],\"inLanguage\":\"fr-FR\"},{\"@type\":\"Organization\",\"@id\":\"https:\/\/oppens.ca\/#organization\",\"name\":\"Oppens\",\"url\":\"https:\/\/oppens.ca\/\",\"logo\":{\"@type\":\"ImageObject\",\"inLanguage\":\"fr-FR\",\"@id\":\"https:\/\/oppens.ca\/#\/schema\/logo\/image\/\",\"url\":\"https:\/\/oppens.ca\/wp-content\/uploads\/2019\/10\/oppens.png\",\"contentUrl\":\"https:\/\/oppens.ca\/wp-content\/uploads\/2019\/10\/oppens.png\",\"width\":553,\"height\":246,\"caption\":\"Oppens\"},\"image\":{\"@id\":\"https:\/\/oppens.ca\/#\/schema\/logo\/image\/\"},\"sameAs\":[\"https:\/\/www.facebook.com\/boutiqueoppens\/\",\"https:\/\/x.com\/oppensmontreal\",\"https:\/\/www.instagram.com\/oppens_boutique\/\"]}]}<\/script>\n<!-- \/ Yoast SEO plugin. -->","yoast_head_json":{"title":"TIRELLI - CHEMISE IMPRIM\u00c9E \u00c0 OURLET ASYM\u00c9TRIQUE (24S3530) - Oppen&#039;s","robots":{"index":"index","follow":"follow","max-snippet":"max-snippet:-1","max-image-preview":"max-image-preview:large","max-video-preview":"max-video-preview:-1"},"canonical":"https:\/\/oppens.ca\/fr\/produit\/tirelli-chemise-imprimee-a-ourlet-asymetrique-24s3530\/","og_locale":"fr_FR","og_type":"article","og_title":"TIRELLI - CHEMISE IMPRIM\u00c9E \u00c0 OURLET ASYM\u00c9TRIQUE (24S3530) - Oppen&#039;s","og_description":"100% Coton Ourlet Asym\u00e9trique Demi-Patte Poches Chemise Imprim\u00e9e Longue Manches 3\/4 Poignets Boutonn\u00e9s Con\u00e7u en Australie Fait en Chine","og_url":"https:\/\/oppens.ca\/fr\/produit\/tirelli-chemise-imprimee-a-ourlet-asymetrique-24s3530\/","og_site_name":"Oppen&#039;s","article_publisher":"https:\/\/www.facebook.com\/boutiqueoppens\/","article_modified_time":"2026-04-25T20:53:12+00:00","og_image":[{"width":543,"height":772,"url":"https:\/\/oppens.ca\/wp-content\/uploads\/2026\/04\/Screenshot-2026-04-25-153325.png","type":"image\/png"}],"twitter_card":"summary_large_image","twitter_site":"@oppensmontreal","twitter_misc":{"Dur\u00e9e de lecture estim\u00e9e":"1 minute"},"schema":{"@context":"https:\/\/schema.org","@graph":[{"@type":"WebPage","@id":"https:\/\/oppens.ca\/fr\/produit\/tirelli-chemise-imprimee-a-ourlet-asymetrique-24s3530\/","url":"https:\/\/oppens.ca\/fr\/produit\/tirelli-chemise-imprimee-a-ourlet-asymetrique-24s3530\/","name":"TIRELLI - CHEMISE IMPRIM\u00c9E \u00c0 OURLET ASYM\u00c9TRIQUE (24S3530) - Oppen&#039;s","isPartOf":{"@id":"https:\/\/oppens.ca\/#website"},"primaryImageOfPage":{"@id":"https:\/\/oppens.ca\/fr\/produit\/tirelli-chemise-imprimee-a-ourlet-asymetrique-24s3530\/#primaryimage"},"image":{"@id":"https:\/\/oppens.ca\/fr\/produit\/tirelli-chemise-imprimee-a-ourlet-asymetrique-24s3530\/#primaryimage"},"thumbnailUrl":"https:\/\/oppens.ca\/wp-content\/uploads\/2026\/04\/Screenshot-2026-04-25-153325.png","datePublished":"2026-04-25T19:31:42+00:00","dateModified":"2026-04-25T20:53:12+00:00","breadcrumb":{"@id":"https:\/\/oppens.ca\/fr\/produit\/tirelli-chemise-imprimee-a-ourlet-asymetrique-24s3530\/#breadcrumb"},"inLanguage":"fr-FR","potentialAction":[{"@type":"ReadAction","target":["https:\/\/oppens.ca\/fr\/produit\/tirelli-chemise-imprimee-a-ourlet-asymetrique-24s3530\/"]}]},{"@type":"ImageObject","inLanguage":"fr-FR","@id":"https:\/\/oppens.ca\/fr\/produit\/tirelli-chemise-imprimee-a-ourlet-asymetrique-24s3530\/#primaryimage","url":"https:\/\/oppens.ca\/wp-content\/uploads\/2026\/04\/Screenshot-2026-04-25-153325.png","contentUrl":"https:\/\/oppens.ca\/wp-content\/uploads\/2026\/04\/Screenshot-2026-04-25-153325.png","width":543,"height":772},{"@type":"BreadcrumbList","@id":"https:\/\/oppens.ca\/fr\/produit\/tirelli-chemise-imprimee-a-ourlet-asymetrique-24s3530\/#breadcrumb","itemListElement":[{"@type":"ListItem","position":1,"name":"Home","item":"https:\/\/oppens.ca\/fr\/"},{"@type":"ListItem","position":2,"name":"Magasinez","item":"https:\/\/oppens.ca\/fr\/magasinez\/"},{"@type":"ListItem","position":3,"name":"TIRELLI &#8211; CHEMISE IMPRIM\u00c9E \u00c0 OURLET ASYM\u00c9TRIQUE (24S3530)"}]},{"@type":"WebSite","@id":"https:\/\/oppens.ca\/#website","url":"https:\/\/oppens.ca\/","name":"Oppen&#039;s","description":"Celebrating women\u2019s evolving lifestyle for over 25 years","publisher":{"@id":"https:\/\/oppens.ca\/#organization"},"potentialAction":[{"@type":"SearchAction","target":{"@type":"EntryPoint","urlTemplate":"https:\/\/oppens.ca\/?s={search_term_string}"},"query-input":{"@type":"PropertyValueSpecification","valueRequired":true,"valueName":"search_term_string"}}],"inLanguage":"fr-FR"},{"@type":"Organization","@id":"https:\/\/oppens.ca\/#organization","name":"Oppens","url":"https:\/\/oppens.ca\/","logo":{"@type":"ImageObject","inLanguage":"fr-FR","@id":"https:\/\/oppens.ca\/#\/schema\/logo\/image\/","url":"https:\/\/oppens.ca\/wp-content\/uploads\/2019\/10\/oppens.png","contentUrl":"https:\/\/oppens.ca\/wp-content\/uploads\/2019\/10\/oppens.png","width":553,"height":246,"caption":"Oppens"},"image":{"@id":"https:\/\/oppens.ca\/#\/schema\/logo\/image\/"},"sameAs":["https:\/\/www.facebook.com\/boutiqueoppens\/","https:\/\/x.com\/oppensmontreal","https:\/\/www.instagram.com\/oppens_boutique\/"]}]}},"_links":{"self":[{"href":"https:\/\/oppens.ca\/fr\/wp-json\/wp\/v2\/product\/82071","targetHints":{"allow":["GET"]}}],"collection":[{"href":"https:\/\/oppens.ca\/fr\/wp-json\/wp\/v2\/product"}],"about":[{"href":"https:\/\/oppens.ca\/fr\/wp-json\/wp\/v2\/types\/product"}],"wp:featuredmedia":[{"embeddable":true,"href":"https:\/\/oppens.ca\/fr\/wp-json\/wp\/v2\/media\/82103"}],"wp:attachment":[{"href":"https:\/\/oppens.ca\/fr\/wp-json\/wp\/v2\/media?parent=82071"}],"wp:term":[{"taxonomy":"product_brand","embeddable":true,"href":"https:\/\/oppens.ca\/fr\/wp-json\/wp\/v2\/product_brand?post=82071"},{"taxonomy":"product_cat","embeddable":true,"href":"https:\/\/oppens.ca\/fr\/wp-json\/wp\/v2\/product_cat?post=82071"},{"taxonomy":"product_tag","embeddable":true,"href":"https:\/\/oppens.ca\/fr\/wp-json\/wp\/v2\/product_tag?post=82071"}],"curies":[{"name":"wp","href":"https:\/\/api.w.org\/{rel}","templated":true}]}}