                                                             

{"id":81987,"date":"2026-04-25T11:26:32","date_gmt":"2026-04-25T15:26:32","guid":{"rendered":"https:\/\/oppens.ca\/?post_type=product&#038;p=81987"},"modified":"2026-04-25T14:20:59","modified_gmt":"2026-04-25T18:20:59","slug":"tirelli-haut-carre-a-col-cheminee-24a3523","status":"publish","type":"product","link":"https:\/\/oppens.ca\/fr\/produit\/tirelli-haut-carre-a-col-cheminee-24a3523\/","title":{"rendered":"TIRELLI &#8211; HAUT CARR\u00c9 \u00c0 COL CHEMIN\u00c9E (24A3523)"},"content":{"rendered":"<p>100% Lin Fran\u00e7ais<\/p>\n<p>Col montant<br \/>\nManches 3\/4<br \/>\nCoupe carr\u00e9e<br \/>\nFentes lat\u00e9rales<br \/>\nManches chauve-souris<br \/>\nPoignets roul\u00e9s<\/p>\n<p><img loading=\"lazy\" decoding=\"async\" class=\"alignnone wp-image-82063 size-full\" src=\"https:\/\/oppens.ca\/wp-content\/uploads\/2026\/04\/Screenshot-2026-04-25-132813.png\" alt=\"\" width=\"1720\" height=\"643\" srcset=\"https:\/\/oppens.ca\/wp-content\/uploads\/2026\/04\/Screenshot-2026-04-25-132813.png 1720w, https:\/\/oppens.ca\/wp-content\/uploads\/2026\/04\/Screenshot-2026-04-25-132813-300x112.png 300w, https:\/\/oppens.ca\/wp-content\/uploads\/2026\/04\/Screenshot-2026-04-25-132813-1024x383.png 1024w, https:\/\/oppens.ca\/wp-content\/uploads\/2026\/04\/Screenshot-2026-04-25-132813-768x287.png 768w, https:\/\/oppens.ca\/wp-content\/uploads\/2026\/04\/Screenshot-2026-04-25-132813-1536x574.png 1536w, https:\/\/oppens.ca\/wp-content\/uploads\/2026\/04\/Screenshot-2026-04-25-132813-600x224.png 600w\" sizes=\"auto, (max-width: 1720px) 100vw, 1720px\" \/><\/p>\n<p>Con\u00e7u en Australie<\/p>\n<p>Fait en Chine<\/p>\n","protected":false},"excerpt":{"rendered":"<p>100% Lin Fran\u00e7ais Col montant Manches 3\/4 Coupe carr\u00e9e Fentes lat\u00e9rales Manches chauve-souris Poignets roul\u00e9s Con\u00e7u en Australie Fait en Chine<\/p>\n","protected":false},"featured_media":82004,"template":"","meta":[],"product_brand":[],"product_cat":[130,356,349,723],"product_tag":[508,603,542,725,724],"class_list":{"0":"post-81987","1":"product","2":"type-product","3":"status-publish","4":"has-post-thumbnail","6":"product_cat-hauts-cover-ups","7":"product_cat-magasiner-par-collection","8":"product_cat-nouveautes","9":"product_cat-tirelli","10":"product_tag-haut","11":"product_tag-linen-fr","12":"product_tag-nouveau","13":"product_tag-s-s-2026","14":"product_tag-tirelli","16":"first","17":"instock","18":"taxable","19":"shipping-taxable","20":"purchasable","21":"product-type-variable"},"supplier_id":null,"supplier_sku":"","barcode":null,"atum_controlled":true,"out_stock_date":null,"out_stock_threshold":null,"inheritable":true,"inbound_stock":null,"stock_on_hold":0,"sold_today":0,"sales_last_days":0,"reserved_stock":null,"customer_returns":null,"warehouse_damage":null,"lost_in_post":null,"other_logs":null,"out_stock_days":0,"lost_sales":0,"has_location":false,"update_date":"2026-04-26T00:30:35","atum_locations":[],"atum_stock_status":"instock","restock_status":false,"low_stock_amount":"","sales_update_date":"2026-04-26T00:30:35","calc_backorders":null,"yoast_head":"<!-- This site is optimized with the Yoast SEO plugin v27.0 - https:\/\/yoast.com\/product\/yoast-seo-wordpress\/ -->\n<title>TIRELLI - HAUT CARR\u00c9 \u00c0 COL CHEMIN\u00c9E (24A3523) - Oppen&#039;s<\/title>\n<meta name=\"robots\" content=\"index, follow, max-snippet:-1, max-image-preview:large, max-video-preview:-1\" \/>\n<link rel=\"canonical\" href=\"https:\/\/oppens.ca\/fr\/produit\/tirelli-haut-carre-a-col-cheminee-24a3523\/\" \/>\n<meta property=\"og:locale\" content=\"fr_FR\" \/>\n<meta property=\"og:type\" content=\"article\" \/>\n<meta property=\"og:title\" content=\"TIRELLI - HAUT CARR\u00c9 \u00c0 COL CHEMIN\u00c9E (24A3523) - Oppen&#039;s\" \/>\n<meta property=\"og:description\" content=\"100% Lin Fran\u00e7ais Col montant Manches 3\/4 Coupe carr\u00e9e Fentes lat\u00e9rales Manches chauve-souris Poignets roul\u00e9s Con\u00e7u en Australie Fait en Chine\" \/>\n<meta property=\"og:url\" content=\"https:\/\/oppens.ca\/fr\/produit\/tirelli-haut-carre-a-col-cheminee-24a3523\/\" \/>\n<meta property=\"og:site_name\" content=\"Oppen&#039;s\" \/>\n<meta property=\"article:publisher\" content=\"https:\/\/www.facebook.com\/boutiqueoppens\/\" \/>\n<meta property=\"article:modified_time\" content=\"2026-04-25T18:20:59+00:00\" \/>\n<meta property=\"og:image\" content=\"https:\/\/oppens.ca\/wp-content\/uploads\/2026\/04\/Screenshot-2026-04-25-112446.png\" \/>\n\t<meta property=\"og:image:width\" content=\"577\" \/>\n\t<meta property=\"og:image:height\" content=\"666\" \/>\n\t<meta property=\"og:image:type\" content=\"image\/png\" \/>\n<meta name=\"twitter:card\" content=\"summary_large_image\" \/>\n<meta name=\"twitter:site\" content=\"@oppensmontreal\" \/>\n<meta name=\"twitter:label1\" content=\"Dur\u00e9e de lecture estim\u00e9e\" \/>\n\t<meta name=\"twitter:data1\" content=\"1 minute\" \/>\n<script type=\"application\/ld+json\" class=\"yoast-schema-graph\">{\"@context\":\"https:\/\/schema.org\",\"@graph\":[{\"@type\":\"WebPage\",\"@id\":\"https:\/\/oppens.ca\/fr\/produit\/tirelli-haut-carre-a-col-cheminee-24a3523\/\",\"url\":\"https:\/\/oppens.ca\/fr\/produit\/tirelli-haut-carre-a-col-cheminee-24a3523\/\",\"name\":\"TIRELLI - HAUT CARR\u00c9 \u00c0 COL CHEMIN\u00c9E (24A3523) - Oppen&#039;s\",\"isPartOf\":{\"@id\":\"https:\/\/oppens.ca\/#website\"},\"primaryImageOfPage\":{\"@id\":\"https:\/\/oppens.ca\/fr\/produit\/tirelli-haut-carre-a-col-cheminee-24a3523\/#primaryimage\"},\"image\":{\"@id\":\"https:\/\/oppens.ca\/fr\/produit\/tirelli-haut-carre-a-col-cheminee-24a3523\/#primaryimage\"},\"thumbnailUrl\":\"https:\/\/oppens.ca\/wp-content\/uploads\/2026\/04\/Screenshot-2026-04-25-112446.png\",\"datePublished\":\"2026-04-25T15:26:32+00:00\",\"dateModified\":\"2026-04-25T18:20:59+00:00\",\"breadcrumb\":{\"@id\":\"https:\/\/oppens.ca\/fr\/produit\/tirelli-haut-carre-a-col-cheminee-24a3523\/#breadcrumb\"},\"inLanguage\":\"fr-FR\",\"potentialAction\":[{\"@type\":\"ReadAction\",\"target\":[\"https:\/\/oppens.ca\/fr\/produit\/tirelli-haut-carre-a-col-cheminee-24a3523\/\"]}]},{\"@type\":\"ImageObject\",\"inLanguage\":\"fr-FR\",\"@id\":\"https:\/\/oppens.ca\/fr\/produit\/tirelli-haut-carre-a-col-cheminee-24a3523\/#primaryimage\",\"url\":\"https:\/\/oppens.ca\/wp-content\/uploads\/2026\/04\/Screenshot-2026-04-25-112446.png\",\"contentUrl\":\"https:\/\/oppens.ca\/wp-content\/uploads\/2026\/04\/Screenshot-2026-04-25-112446.png\",\"width\":577,\"height\":666},{\"@type\":\"BreadcrumbList\",\"@id\":\"https:\/\/oppens.ca\/fr\/produit\/tirelli-haut-carre-a-col-cheminee-24a3523\/#breadcrumb\",\"itemListElement\":[{\"@type\":\"ListItem\",\"position\":1,\"name\":\"Home\",\"item\":\"https:\/\/oppens.ca\/fr\/\"},{\"@type\":\"ListItem\",\"position\":2,\"name\":\"Magasinez\",\"item\":\"https:\/\/oppens.ca\/fr\/magasinez\/\"},{\"@type\":\"ListItem\",\"position\":3,\"name\":\"TIRELLI &#8211; HAUT CARR\u00c9 \u00c0 COL CHEMIN\u00c9E (24A3523)\"}]},{\"@type\":\"WebSite\",\"@id\":\"https:\/\/oppens.ca\/#website\",\"url\":\"https:\/\/oppens.ca\/\",\"name\":\"Oppen&#039;s\",\"description\":\"Celebrating women\u2019s evolving lifestyle for over 25 years\",\"publisher\":{\"@id\":\"https:\/\/oppens.ca\/#organization\"},\"potentialAction\":[{\"@type\":\"SearchAction\",\"target\":{\"@type\":\"EntryPoint\",\"urlTemplate\":\"https:\/\/oppens.ca\/?s={search_term_string}\"},\"query-input\":{\"@type\":\"PropertyValueSpecification\",\"valueRequired\":true,\"valueName\":\"search_term_string\"}}],\"inLanguage\":\"fr-FR\"},{\"@type\":\"Organization\",\"@id\":\"https:\/\/oppens.ca\/#organization\",\"name\":\"Oppens\",\"url\":\"https:\/\/oppens.ca\/\",\"logo\":{\"@type\":\"ImageObject\",\"inLanguage\":\"fr-FR\",\"@id\":\"https:\/\/oppens.ca\/#\/schema\/logo\/image\/\",\"url\":\"https:\/\/oppens.ca\/wp-content\/uploads\/2019\/10\/oppens.png\",\"contentUrl\":\"https:\/\/oppens.ca\/wp-content\/uploads\/2019\/10\/oppens.png\",\"width\":553,\"height\":246,\"caption\":\"Oppens\"},\"image\":{\"@id\":\"https:\/\/oppens.ca\/#\/schema\/logo\/image\/\"},\"sameAs\":[\"https:\/\/www.facebook.com\/boutiqueoppens\/\",\"https:\/\/x.com\/oppensmontreal\",\"https:\/\/www.instagram.com\/oppens_boutique\/\"]}]}<\/script>\n<!-- \/ Yoast SEO plugin. -->","yoast_head_json":{"title":"TIRELLI - HAUT CARR\u00c9 \u00c0 COL CHEMIN\u00c9E (24A3523) - Oppen&#039;s","robots":{"index":"index","follow":"follow","max-snippet":"max-snippet:-1","max-image-preview":"max-image-preview:large","max-video-preview":"max-video-preview:-1"},"canonical":"https:\/\/oppens.ca\/fr\/produit\/tirelli-haut-carre-a-col-cheminee-24a3523\/","og_locale":"fr_FR","og_type":"article","og_title":"TIRELLI - HAUT CARR\u00c9 \u00c0 COL CHEMIN\u00c9E (24A3523) - Oppen&#039;s","og_description":"100% Lin Fran\u00e7ais Col montant Manches 3\/4 Coupe carr\u00e9e Fentes lat\u00e9rales Manches chauve-souris Poignets roul\u00e9s Con\u00e7u en Australie Fait en Chine","og_url":"https:\/\/oppens.ca\/fr\/produit\/tirelli-haut-carre-a-col-cheminee-24a3523\/","og_site_name":"Oppen&#039;s","article_publisher":"https:\/\/www.facebook.com\/boutiqueoppens\/","article_modified_time":"2026-04-25T18:20:59+00:00","og_image":[{"width":577,"height":666,"url":"https:\/\/oppens.ca\/wp-content\/uploads\/2026\/04\/Screenshot-2026-04-25-112446.png","type":"image\/png"}],"twitter_card":"summary_large_image","twitter_site":"@oppensmontreal","twitter_misc":{"Dur\u00e9e de lecture estim\u00e9e":"1 minute"},"schema":{"@context":"https:\/\/schema.org","@graph":[{"@type":"WebPage","@id":"https:\/\/oppens.ca\/fr\/produit\/tirelli-haut-carre-a-col-cheminee-24a3523\/","url":"https:\/\/oppens.ca\/fr\/produit\/tirelli-haut-carre-a-col-cheminee-24a3523\/","name":"TIRELLI - HAUT CARR\u00c9 \u00c0 COL CHEMIN\u00c9E (24A3523) - Oppen&#039;s","isPartOf":{"@id":"https:\/\/oppens.ca\/#website"},"primaryImageOfPage":{"@id":"https:\/\/oppens.ca\/fr\/produit\/tirelli-haut-carre-a-col-cheminee-24a3523\/#primaryimage"},"image":{"@id":"https:\/\/oppens.ca\/fr\/produit\/tirelli-haut-carre-a-col-cheminee-24a3523\/#primaryimage"},"thumbnailUrl":"https:\/\/oppens.ca\/wp-content\/uploads\/2026\/04\/Screenshot-2026-04-25-112446.png","datePublished":"2026-04-25T15:26:32+00:00","dateModified":"2026-04-25T18:20:59+00:00","breadcrumb":{"@id":"https:\/\/oppens.ca\/fr\/produit\/tirelli-haut-carre-a-col-cheminee-24a3523\/#breadcrumb"},"inLanguage":"fr-FR","potentialAction":[{"@type":"ReadAction","target":["https:\/\/oppens.ca\/fr\/produit\/tirelli-haut-carre-a-col-cheminee-24a3523\/"]}]},{"@type":"ImageObject","inLanguage":"fr-FR","@id":"https:\/\/oppens.ca\/fr\/produit\/tirelli-haut-carre-a-col-cheminee-24a3523\/#primaryimage","url":"https:\/\/oppens.ca\/wp-content\/uploads\/2026\/04\/Screenshot-2026-04-25-112446.png","contentUrl":"https:\/\/oppens.ca\/wp-content\/uploads\/2026\/04\/Screenshot-2026-04-25-112446.png","width":577,"height":666},{"@type":"BreadcrumbList","@id":"https:\/\/oppens.ca\/fr\/produit\/tirelli-haut-carre-a-col-cheminee-24a3523\/#breadcrumb","itemListElement":[{"@type":"ListItem","position":1,"name":"Home","item":"https:\/\/oppens.ca\/fr\/"},{"@type":"ListItem","position":2,"name":"Magasinez","item":"https:\/\/oppens.ca\/fr\/magasinez\/"},{"@type":"ListItem","position":3,"name":"TIRELLI &#8211; HAUT CARR\u00c9 \u00c0 COL CHEMIN\u00c9E (24A3523)"}]},{"@type":"WebSite","@id":"https:\/\/oppens.ca\/#website","url":"https:\/\/oppens.ca\/","name":"Oppen&#039;s","description":"Celebrating women\u2019s evolving lifestyle for over 25 years","publisher":{"@id":"https:\/\/oppens.ca\/#organization"},"potentialAction":[{"@type":"SearchAction","target":{"@type":"EntryPoint","urlTemplate":"https:\/\/oppens.ca\/?s={search_term_string}"},"query-input":{"@type":"PropertyValueSpecification","valueRequired":true,"valueName":"search_term_string"}}],"inLanguage":"fr-FR"},{"@type":"Organization","@id":"https:\/\/oppens.ca\/#organization","name":"Oppens","url":"https:\/\/oppens.ca\/","logo":{"@type":"ImageObject","inLanguage":"fr-FR","@id":"https:\/\/oppens.ca\/#\/schema\/logo\/image\/","url":"https:\/\/oppens.ca\/wp-content\/uploads\/2019\/10\/oppens.png","contentUrl":"https:\/\/oppens.ca\/wp-content\/uploads\/2019\/10\/oppens.png","width":553,"height":246,"caption":"Oppens"},"image":{"@id":"https:\/\/oppens.ca\/#\/schema\/logo\/image\/"},"sameAs":["https:\/\/www.facebook.com\/boutiqueoppens\/","https:\/\/x.com\/oppensmontreal","https:\/\/www.instagram.com\/oppens_boutique\/"]}]}},"_links":{"self":[{"href":"https:\/\/oppens.ca\/fr\/wp-json\/wp\/v2\/product\/81987","targetHints":{"allow":["GET"]}}],"collection":[{"href":"https:\/\/oppens.ca\/fr\/wp-json\/wp\/v2\/product"}],"about":[{"href":"https:\/\/oppens.ca\/fr\/wp-json\/wp\/v2\/types\/product"}],"wp:featuredmedia":[{"embeddable":true,"href":"https:\/\/oppens.ca\/fr\/wp-json\/wp\/v2\/media\/82004"}],"wp:attachment":[{"href":"https:\/\/oppens.ca\/fr\/wp-json\/wp\/v2\/media?parent=81987"}],"wp:term":[{"taxonomy":"product_brand","embeddable":true,"href":"https:\/\/oppens.ca\/fr\/wp-json\/wp\/v2\/product_brand?post=81987"},{"taxonomy":"product_cat","embeddable":true,"href":"https:\/\/oppens.ca\/fr\/wp-json\/wp\/v2\/product_cat?post=81987"},{"taxonomy":"product_tag","embeddable":true,"href":"https:\/\/oppens.ca\/fr\/wp-json\/wp\/v2\/product_tag?post=81987"}],"curies":[{"name":"wp","href":"https:\/\/api.w.org\/{rel}","templated":true}]}}