                                                             

{"id":81903,"date":"2026-04-18T16:23:21","date_gmt":"2026-04-18T20:23:21","guid":{"rendered":"https:\/\/oppens.ca\/?post_type=product&#038;p=81903"},"modified":"2026-04-18T16:57:48","modified_gmt":"2026-04-18T20:57:48","slug":"alembika-tunique-swing-st831o","status":"publish","type":"product","link":"https:\/\/oppens.ca\/fr\/produit\/alembika-tunique-swing-st831o\/","title":{"rendered":"ALEMBIKA &#8211; Tunique Swing (ST831O)"},"content":{"rendered":"<p>49% Polyester, 46% Viscose, 5% \u00c9lasthanne<\/p>\n<p>Laver \u00e0 la machine en eau froide. S\u00e9chage par culbutage.<\/p>\n<p>Confectionn\u00e9 en jersey &#8220;brul\u00e9&#8221; ultra l\u00e9ger, cette tunique pr\u00e9sente une coupe trap\u00e8ze ample pour une libert\u00e9 de mouvement optimale. Ses manches courtes ajust\u00e9es \u00e9quilibrent la silhouette d\u00e9contract\u00e9e, tandis que son col rond affine la ligne. Poches lat\u00e9rales et ourlet asym\u00e9trique original apportent du relief, faisant de cette tunique l\u00e9g\u00e8re une pi\u00e8ce au style r\u00e9solument moderne et assum\u00e9.<\/p>\n<p>Fait en Isra\u00ebl<\/p>\n<p><strong>MESURES DU VETEMENT<\/strong><\/p>\n<p>La mesure du buste,de la taille et des hanches correspondent \u00e0 la circonf\u00e9rence compl\u00e8te<\/p>\n<table class=\"ks-table\">\n<tbody>\n<tr class=\"ks-table-row\">\n<td class=\"ks-table-cell ks-table-header-cell\">Alembika Size<\/td>\n<td class=\"ks-table-cell ks-table-header-cell\">0<\/td>\n<td class=\"ks-table-cell ks-table-header-cell\">1<\/td>\n<td class=\"ks-table-cell ks-table-header-cell\">2<\/td>\n<td class=\"ks-table-cell ks-table-header-cell\">3<\/td>\n<td class=\"ks-table-cell ks-table-header-cell\">4<\/td>\n<td class=\"ks-table-cell ks-table-header-cell\">5<\/td>\n<td class=\"ks-table-cell ks-table-header-cell\">6<\/td>\n<td class=\"ks-table-cell ks-table-header-cell\">7<\/td>\n<\/tr>\n<tr class=\"ks-table-row\">\n<td class=\"ks-table-cell ks-table-header-cell\">U.S. Size<\/td>\n<td class=\"ks-table-cell\">4-6<\/td>\n<td class=\"ks-table-cell\">6-8<\/td>\n<td class=\"ks-table-cell\">8-10<\/td>\n<td class=\"ks-table-cell\">10-12<\/td>\n<td class=\"ks-table-cell\">12-14<\/td>\n<td class=\"ks-table-cell\">14-16<\/td>\n<td class=\"ks-table-cell\">16-18<\/td>\n<td class=\"ks-table-cell\">18-20<\/td>\n<\/tr>\n<tr class=\"ks-table-row\">\n<td class=\"ks-table-cell ks-table-header-cell\">Bust<\/td>\n<td class=\"ks-table-cell\">39.25<\/td>\n<td class=\"ks-table-cell\">41<\/td>\n<td class=\"ks-table-cell\">42.5<\/td>\n<td class=\"ks-table-cell\">44<\/td>\n<td class=\"ks-table-cell\">45.75<\/td>\n<td class=\"ks-table-cell\">48<\/td>\n<td class=\"ks-table-cell\">50.75<\/td>\n<td class=\"ks-table-cell\">56.25<\/td>\n<\/tr>\n<tr class=\"ks-table-row\">\n<td class=\"ks-table-cell ks-table-header-cell\">Front length<\/td>\n<td class=\"ks-table-cell\">48.5<\/td>\n<td class=\"ks-table-cell\">48.5<\/td>\n<td class=\"ks-table-cell\">48.75<\/td>\n<td class=\"ks-table-cell\">49<\/td>\n<td class=\"ks-table-cell\">49.25<\/td>\n<td class=\"ks-table-cell\">49.5<\/td>\n<td class=\"ks-table-cell\">50<\/td>\n<td class=\"ks-table-cell\">50.75<\/td>\n<\/tr>\n<tr class=\"ks-table-row\">\n<td class=\"ks-table-cell ks-table-header-cell\">Back Length<\/td>\n<td class=\"ks-table-cell\">46.75<\/td>\n<td class=\"ks-table-cell\">47<\/td>\n<td class=\"ks-table-cell\">47.25<\/td>\n<td class=\"ks-table-cell\">47.5<\/td>\n<td class=\"ks-table-cell\">47.75<\/td>\n<td class=\"ks-table-cell\">48<\/td>\n<td class=\"ks-table-cell\">48.5<\/td>\n<td class=\"ks-table-cell\">49.25<\/td>\n<\/tr>\n<tr class=\"ks-table-row\">\n<td class=\"ks-table-cell ks-table-header-cell\">Sleeve Length<\/td>\n<td class=\"ks-table-cell\">32.25<\/td>\n<td class=\"ks-table-cell\">32.75<\/td>\n<td class=\"ks-table-cell\">33<\/td>\n<td class=\"ks-table-cell\">33.5<\/td>\n<td class=\"ks-table-cell\">33.75<\/td>\n<td class=\"ks-table-cell\">34.5<\/td>\n<td class=\"ks-table-cell\">35<\/td>\n<td class=\"ks-table-cell\">36<\/td>\n<\/tr>\n<tr class=\"ks-table-row\">\n<td class=\"ks-table-cell ks-table-header-cell\">Sleeve width<\/td>\n<td class=\"ks-table-cell\">11.75<\/td>\n<td class=\"ks-table-cell\">12.25<\/td>\n<td class=\"ks-table-cell\">12.5<\/td>\n<td class=\"ks-table-cell\">13<\/td>\n<td class=\"ks-table-cell\">13.5<\/td>\n<td class=\"ks-table-cell\">14.25<\/td>\n<td class=\"ks-table-cell\">15.25<\/td>\n<td class=\"ks-table-cell\">17.25<\/td>\n<\/tr>\n<\/tbody>\n<\/table>\n","protected":false},"excerpt":{"rendered":"<p>49% Polyester, 46% Viscose, 5% \u00c9lasthanne Laver \u00e0 la machine en eau froide. S\u00e9chage par culbutage. Confectionn\u00e9 en jersey &#8220;brul\u00e9&#8221; ultra l\u00e9ger, cette tunique pr\u00e9sente une coupe trap\u00e8ze ample pour une libert\u00e9 de mouvement optimale. Ses manches courtes ajust\u00e9es \u00e9quilibrent la silhouette d\u00e9contract\u00e9e, tandis que son col rond affine la ligne. Poches lat\u00e9rales et ourlet &hellip; <\/p>\n<p class=\"link-more\"><a href=\"https:\/\/oppens.ca\/fr\/produit\/alembika-tunique-swing-st831o\/\" class=\"more-link\">Continue reading&lt;span class=&quot;screen-reader-text&quot;&gt; &quot;ALEMBIKA &#8211; Tunique Swing (ST831O)&quot;&lt;\/span&gt;<\/a><\/p>\n","protected":false},"featured_media":81915,"template":"","meta":[],"product_brand":[],"product_cat":[620,349,356,358,130,402],"product_tag":[271,660,542],"class_list":{"0":"post-81903","1":"product","2":"type-product","3":"status-publish","4":"has-post-thumbnail","6":"product_cat-tunique","7":"product_cat-nouveautes","8":"product_cat-magasiner-par-collection","9":"product_cat-alembika-fr","10":"product_cat-hauts-cover-ups","11":"product_cat-t-shirts-camisoles-fr","12":"product_tag-alembika-fr","13":"product_tag-jersey-fr","14":"product_tag-nouveau","16":"first","17":"instock","18":"taxable","19":"shipping-taxable","20":"purchasable","21":"product-type-variable"},"supplier_id":null,"supplier_sku":"","barcode":null,"atum_controlled":true,"out_stock_date":null,"out_stock_threshold":null,"inheritable":true,"inbound_stock":null,"stock_on_hold":null,"sold_today":null,"sales_last_days":null,"reserved_stock":null,"customer_returns":null,"warehouse_damage":null,"lost_in_post":null,"other_logs":null,"out_stock_days":null,"lost_sales":null,"has_location":false,"update_date":"2026-04-18T21:01:16","atum_locations":[],"atum_stock_status":"instock","restock_status":false,"low_stock_amount":"","sales_update_date":"2026-04-18T04:27:01","calc_backorders":null,"yoast_head":"<!-- This site is optimized with the Yoast SEO plugin v27.0 - https:\/\/yoast.com\/product\/yoast-seo-wordpress\/ -->\n<title>ALEMBIKA - Tunique Swing (ST831O) - Oppen&#039;s<\/title>\n<meta name=\"robots\" content=\"index, follow, max-snippet:-1, max-image-preview:large, max-video-preview:-1\" \/>\n<link rel=\"canonical\" href=\"https:\/\/oppens.ca\/fr\/produit\/alembika-tunique-swing-st831o\/\" \/>\n<meta property=\"og:locale\" content=\"fr_FR\" \/>\n<meta property=\"og:type\" content=\"article\" \/>\n<meta property=\"og:title\" content=\"ALEMBIKA - Tunique Swing (ST831O) - Oppen&#039;s\" \/>\n<meta property=\"og:description\" content=\"49% Polyester, 46% Viscose, 5% \u00c9lasthanne Laver \u00e0 la machine en eau froide. S\u00e9chage par culbutage. Confectionn\u00e9 en jersey &#8220;brul\u00e9&#8221; ultra l\u00e9ger, cette tunique pr\u00e9sente une coupe trap\u00e8ze ample pour une libert\u00e9 de mouvement optimale. Ses manches courtes ajust\u00e9es \u00e9quilibrent la silhouette d\u00e9contract\u00e9e, tandis que son col rond affine la ligne. Poches lat\u00e9rales et ourlet &hellip; Continue reading&lt;span class=&quot;screen-reader-text&quot;&gt; &quot;ALEMBIKA &#8211; Tunique Swing (ST831O)&quot;&lt;\/span&gt;\" \/>\n<meta property=\"og:url\" content=\"https:\/\/oppens.ca\/fr\/produit\/alembika-tunique-swing-st831o\/\" \/>\n<meta property=\"og:site_name\" content=\"Oppen&#039;s\" \/>\n<meta property=\"article:publisher\" content=\"https:\/\/www.facebook.com\/boutiqueoppens\/\" \/>\n<meta property=\"article:modified_time\" content=\"2026-04-18T20:57:48+00:00\" \/>\n<meta property=\"og:image\" content=\"https:\/\/oppens.ca\/wp-content\/uploads\/2026\/04\/Screenshot-2026-04-18-161950.png\" \/>\n\t<meta property=\"og:image:width\" content=\"478\" \/>\n\t<meta property=\"og:image:height\" content=\"856\" \/>\n\t<meta property=\"og:image:type\" content=\"image\/png\" \/>\n<meta name=\"twitter:card\" content=\"summary_large_image\" \/>\n<meta name=\"twitter:site\" content=\"@oppensmontreal\" \/>\n<meta name=\"twitter:label1\" content=\"Dur\u00e9e de lecture estim\u00e9e\" \/>\n\t<meta name=\"twitter:data1\" content=\"1 minute\" \/>\n<script type=\"application\/ld+json\" class=\"yoast-schema-graph\">{\"@context\":\"https:\/\/schema.org\",\"@graph\":[{\"@type\":\"WebPage\",\"@id\":\"https:\/\/oppens.ca\/fr\/produit\/alembika-tunique-swing-st831o\/\",\"url\":\"https:\/\/oppens.ca\/fr\/produit\/alembika-tunique-swing-st831o\/\",\"name\":\"ALEMBIKA - Tunique Swing (ST831O) - Oppen&#039;s\",\"isPartOf\":{\"@id\":\"https:\/\/oppens.ca\/#website\"},\"primaryImageOfPage\":{\"@id\":\"https:\/\/oppens.ca\/fr\/produit\/alembika-tunique-swing-st831o\/#primaryimage\"},\"image\":{\"@id\":\"https:\/\/oppens.ca\/fr\/produit\/alembika-tunique-swing-st831o\/#primaryimage\"},\"thumbnailUrl\":\"https:\/\/oppens.ca\/wp-content\/uploads\/2026\/04\/Screenshot-2026-04-18-161950.png\",\"datePublished\":\"2026-04-18T20:23:21+00:00\",\"dateModified\":\"2026-04-18T20:57:48+00:00\",\"breadcrumb\":{\"@id\":\"https:\/\/oppens.ca\/fr\/produit\/alembika-tunique-swing-st831o\/#breadcrumb\"},\"inLanguage\":\"fr-FR\",\"potentialAction\":[{\"@type\":\"ReadAction\",\"target\":[\"https:\/\/oppens.ca\/fr\/produit\/alembika-tunique-swing-st831o\/\"]}]},{\"@type\":\"ImageObject\",\"inLanguage\":\"fr-FR\",\"@id\":\"https:\/\/oppens.ca\/fr\/produit\/alembika-tunique-swing-st831o\/#primaryimage\",\"url\":\"https:\/\/oppens.ca\/wp-content\/uploads\/2026\/04\/Screenshot-2026-04-18-161950.png\",\"contentUrl\":\"https:\/\/oppens.ca\/wp-content\/uploads\/2026\/04\/Screenshot-2026-04-18-161950.png\",\"width\":478,\"height\":856},{\"@type\":\"BreadcrumbList\",\"@id\":\"https:\/\/oppens.ca\/fr\/produit\/alembika-tunique-swing-st831o\/#breadcrumb\",\"itemListElement\":[{\"@type\":\"ListItem\",\"position\":1,\"name\":\"Home\",\"item\":\"https:\/\/oppens.ca\/fr\/home4\/\"},{\"@type\":\"ListItem\",\"position\":2,\"name\":\"Magasinez\",\"item\":\"https:\/\/oppens.ca\/fr\/magasinez\/\"},{\"@type\":\"ListItem\",\"position\":3,\"name\":\"ALEMBIKA &#8211; Tunique Swing (ST831O)\"}]},{\"@type\":\"WebSite\",\"@id\":\"https:\/\/oppens.ca\/#website\",\"url\":\"https:\/\/oppens.ca\/\",\"name\":\"Oppen&#039;s\",\"description\":\"Celebrating women\u2019s evolving lifestyle for over 25 years\",\"publisher\":{\"@id\":\"https:\/\/oppens.ca\/#organization\"},\"potentialAction\":[{\"@type\":\"SearchAction\",\"target\":{\"@type\":\"EntryPoint\",\"urlTemplate\":\"https:\/\/oppens.ca\/?s={search_term_string}\"},\"query-input\":{\"@type\":\"PropertyValueSpecification\",\"valueRequired\":true,\"valueName\":\"search_term_string\"}}],\"inLanguage\":\"fr-FR\"},{\"@type\":\"Organization\",\"@id\":\"https:\/\/oppens.ca\/#organization\",\"name\":\"Oppens\",\"url\":\"https:\/\/oppens.ca\/\",\"logo\":{\"@type\":\"ImageObject\",\"inLanguage\":\"fr-FR\",\"@id\":\"https:\/\/oppens.ca\/#\/schema\/logo\/image\/\",\"url\":\"https:\/\/oppens.ca\/wp-content\/uploads\/2019\/10\/oppens.png\",\"contentUrl\":\"https:\/\/oppens.ca\/wp-content\/uploads\/2019\/10\/oppens.png\",\"width\":553,\"height\":246,\"caption\":\"Oppens\"},\"image\":{\"@id\":\"https:\/\/oppens.ca\/#\/schema\/logo\/image\/\"},\"sameAs\":[\"https:\/\/www.facebook.com\/boutiqueoppens\/\",\"https:\/\/x.com\/oppensmontreal\",\"https:\/\/www.instagram.com\/oppens_boutique\/\"]}]}<\/script>\n<!-- \/ Yoast SEO plugin. -->","yoast_head_json":{"title":"ALEMBIKA - Tunique Swing (ST831O) - Oppen&#039;s","robots":{"index":"index","follow":"follow","max-snippet":"max-snippet:-1","max-image-preview":"max-image-preview:large","max-video-preview":"max-video-preview:-1"},"canonical":"https:\/\/oppens.ca\/fr\/produit\/alembika-tunique-swing-st831o\/","og_locale":"fr_FR","og_type":"article","og_title":"ALEMBIKA - Tunique Swing (ST831O) - Oppen&#039;s","og_description":"49% Polyester, 46% Viscose, 5% \u00c9lasthanne Laver \u00e0 la machine en eau froide. S\u00e9chage par culbutage. Confectionn\u00e9 en jersey &#8220;brul\u00e9&#8221; ultra l\u00e9ger, cette tunique pr\u00e9sente une coupe trap\u00e8ze ample pour une libert\u00e9 de mouvement optimale. Ses manches courtes ajust\u00e9es \u00e9quilibrent la silhouette d\u00e9contract\u00e9e, tandis que son col rond affine la ligne. Poches lat\u00e9rales et ourlet &hellip; Continue reading&lt;span class=&quot;screen-reader-text&quot;&gt; &quot;ALEMBIKA &#8211; Tunique Swing (ST831O)&quot;&lt;\/span&gt;","og_url":"https:\/\/oppens.ca\/fr\/produit\/alembika-tunique-swing-st831o\/","og_site_name":"Oppen&#039;s","article_publisher":"https:\/\/www.facebook.com\/boutiqueoppens\/","article_modified_time":"2026-04-18T20:57:48+00:00","og_image":[{"width":478,"height":856,"url":"https:\/\/oppens.ca\/wp-content\/uploads\/2026\/04\/Screenshot-2026-04-18-161950.png","type":"image\/png"}],"twitter_card":"summary_large_image","twitter_site":"@oppensmontreal","twitter_misc":{"Dur\u00e9e de lecture estim\u00e9e":"1 minute"},"schema":{"@context":"https:\/\/schema.org","@graph":[{"@type":"WebPage","@id":"https:\/\/oppens.ca\/fr\/produit\/alembika-tunique-swing-st831o\/","url":"https:\/\/oppens.ca\/fr\/produit\/alembika-tunique-swing-st831o\/","name":"ALEMBIKA - Tunique Swing (ST831O) - Oppen&#039;s","isPartOf":{"@id":"https:\/\/oppens.ca\/#website"},"primaryImageOfPage":{"@id":"https:\/\/oppens.ca\/fr\/produit\/alembika-tunique-swing-st831o\/#primaryimage"},"image":{"@id":"https:\/\/oppens.ca\/fr\/produit\/alembika-tunique-swing-st831o\/#primaryimage"},"thumbnailUrl":"https:\/\/oppens.ca\/wp-content\/uploads\/2026\/04\/Screenshot-2026-04-18-161950.png","datePublished":"2026-04-18T20:23:21+00:00","dateModified":"2026-04-18T20:57:48+00:00","breadcrumb":{"@id":"https:\/\/oppens.ca\/fr\/produit\/alembika-tunique-swing-st831o\/#breadcrumb"},"inLanguage":"fr-FR","potentialAction":[{"@type":"ReadAction","target":["https:\/\/oppens.ca\/fr\/produit\/alembika-tunique-swing-st831o\/"]}]},{"@type":"ImageObject","inLanguage":"fr-FR","@id":"https:\/\/oppens.ca\/fr\/produit\/alembika-tunique-swing-st831o\/#primaryimage","url":"https:\/\/oppens.ca\/wp-content\/uploads\/2026\/04\/Screenshot-2026-04-18-161950.png","contentUrl":"https:\/\/oppens.ca\/wp-content\/uploads\/2026\/04\/Screenshot-2026-04-18-161950.png","width":478,"height":856},{"@type":"BreadcrumbList","@id":"https:\/\/oppens.ca\/fr\/produit\/alembika-tunique-swing-st831o\/#breadcrumb","itemListElement":[{"@type":"ListItem","position":1,"name":"Home","item":"https:\/\/oppens.ca\/fr\/home4\/"},{"@type":"ListItem","position":2,"name":"Magasinez","item":"https:\/\/oppens.ca\/fr\/magasinez\/"},{"@type":"ListItem","position":3,"name":"ALEMBIKA &#8211; Tunique Swing (ST831O)"}]},{"@type":"WebSite","@id":"https:\/\/oppens.ca\/#website","url":"https:\/\/oppens.ca\/","name":"Oppen&#039;s","description":"Celebrating women\u2019s evolving lifestyle for over 25 years","publisher":{"@id":"https:\/\/oppens.ca\/#organization"},"potentialAction":[{"@type":"SearchAction","target":{"@type":"EntryPoint","urlTemplate":"https:\/\/oppens.ca\/?s={search_term_string}"},"query-input":{"@type":"PropertyValueSpecification","valueRequired":true,"valueName":"search_term_string"}}],"inLanguage":"fr-FR"},{"@type":"Organization","@id":"https:\/\/oppens.ca\/#organization","name":"Oppens","url":"https:\/\/oppens.ca\/","logo":{"@type":"ImageObject","inLanguage":"fr-FR","@id":"https:\/\/oppens.ca\/#\/schema\/logo\/image\/","url":"https:\/\/oppens.ca\/wp-content\/uploads\/2019\/10\/oppens.png","contentUrl":"https:\/\/oppens.ca\/wp-content\/uploads\/2019\/10\/oppens.png","width":553,"height":246,"caption":"Oppens"},"image":{"@id":"https:\/\/oppens.ca\/#\/schema\/logo\/image\/"},"sameAs":["https:\/\/www.facebook.com\/boutiqueoppens\/","https:\/\/x.com\/oppensmontreal","https:\/\/www.instagram.com\/oppens_boutique\/"]}]}},"_links":{"self":[{"href":"https:\/\/oppens.ca\/fr\/wp-json\/wp\/v2\/product\/81903","targetHints":{"allow":["GET"]}}],"collection":[{"href":"https:\/\/oppens.ca\/fr\/wp-json\/wp\/v2\/product"}],"about":[{"href":"https:\/\/oppens.ca\/fr\/wp-json\/wp\/v2\/types\/product"}],"wp:featuredmedia":[{"embeddable":true,"href":"https:\/\/oppens.ca\/fr\/wp-json\/wp\/v2\/media\/81915"}],"wp:attachment":[{"href":"https:\/\/oppens.ca\/fr\/wp-json\/wp\/v2\/media?parent=81903"}],"wp:term":[{"taxonomy":"product_brand","embeddable":true,"href":"https:\/\/oppens.ca\/fr\/wp-json\/wp\/v2\/product_brand?post=81903"},{"taxonomy":"product_cat","embeddable":true,"href":"https:\/\/oppens.ca\/fr\/wp-json\/wp\/v2\/product_cat?post=81903"},{"taxonomy":"product_tag","embeddable":true,"href":"https:\/\/oppens.ca\/fr\/wp-json\/wp\/v2\/product_tag?post=81903"}],"curies":[{"name":"wp","href":"https:\/\/api.w.org\/{rel}","templated":true}]}}