                                                             

{"id":81885,"date":"2026-04-18T12:54:04","date_gmt":"2026-04-18T16:54:04","guid":{"rendered":"https:\/\/oppens.ca\/?post_type=product&#038;p=81885"},"modified":"2026-04-18T13:10:50","modified_gmt":"2026-04-18T17:10:50","slug":"tribal-pull-ajoure-a-manches-evasees-6206v-5204","status":"publish","type":"product","link":"https:\/\/oppens.ca\/fr\/produit\/tribal-pull-ajoure-a-manches-evasees-6206v-5204\/","title":{"rendered":"TRIBAL &#8211; Pull Ajour\u00e9 \u00c0 Manches \u00c9vas\u00e9es (6206V-5204)"},"content":{"rendered":"<p>65% Polyester, 35% Nylon<\/p>\n<p>Ce pull ajour\u00e9 \u00e0 manches \u00e9vas\u00e9es en tailles inclusives reprend la m\u00eame texture a\u00e9rienne et le m\u00eame style vibrant que l\u2019original, dans une coupe d\u00e9contract\u00e9e adapt\u00e9e \u00e0 toutes les morphologies. Son fil multicolore et ses manches amples ajoutent une touche moderne aux garde-robes printani\u00e8res, id\u00e9al seul ou superpos\u00e9.<\/p>\n<p>Laver \u00e0 la machine \u00e0 l&#8217;eau froide cycle normal, avec couleurs similaires, ne pas javelliser, s\u00e9cher \u00e0 plat, repasser \u00e0 basse temp\u00e9rature si n\u00e9cessaire.<\/p>\n<p>Charte de tailles pour hauts<\/p>\n<div class=\"ks-table-wrapper\">\n<table class=\"ks-table\">\n<tbody>\n<tr class=\"ks-table-row\">\n<td class=\"ks-table-cell ks-table-header-cell\">SIZE<\/td>\n<td class=\"ks-table-cell ks-table-header-cell\">BUST<\/td>\n<td class=\"ks-table-cell ks-table-header-cell\">WAIST<\/td>\n<td class=\"ks-table-cell ks-table-header-cell\">HIPS<\/td>\n<\/tr>\n<tr class=\"ks-table-row\">\n<td class=\"ks-table-cell ks-table-header-cell\">1X<\/td>\n<td class=\"ks-table-cell\" data-unit-values=\"{&quot;0&quot;:&quot;44&quot; - 47&quot;&quot;,&quot;1&quot;:&quot;112cm - 119cm&quot;}\" data-unit-type=\"single\">44&#8243; &#8211; 47&#8243;<\/td>\n<td class=\"ks-table-cell\" data-unit-values=\"{&quot;0&quot;:&quot;38&quot; - 41&quot;&quot;,&quot;1&quot;:&quot;96.5cm - 104cm&quot;}\" data-unit-type=\"single\">38&#8243; &#8211; 41&#8243;<\/td>\n<td class=\"ks-table-cell\" data-unit-values=\"{&quot;0&quot;:&quot;46&quot; - 49&quot;&quot;,&quot;1&quot;:&quot;117cm - 124cm&quot;}\" data-unit-type=\"single\">46&#8243; &#8211; 49&#8243;<\/td>\n<\/tr>\n<tr class=\"ks-table-row\">\n<td class=\"ks-table-cell ks-table-header-cell\">2X<\/td>\n<td class=\"ks-table-cell\" data-unit-values=\"{&quot;0&quot;:&quot;48&quot; - 51&quot;&quot;,&quot;1&quot;:&quot;122cm - 130cm&quot;}\" data-unit-type=\"single\">48&#8243; &#8211; 51&#8243;<\/td>\n<td class=\"ks-table-cell\" data-unit-values=\"{&quot;0&quot;:&quot;42&quot; - 45&quot;&quot;,&quot;1&quot;:&quot;107cm - 114cm&quot;}\" data-unit-type=\"single\">42&#8243; &#8211; 45&#8243;<\/td>\n<td class=\"ks-table-cell\" data-unit-values=\"{&quot;0&quot;:&quot;50&quot; - 53&quot;&quot;,&quot;1&quot;:&quot;127cm - 135cm&quot;}\" data-unit-type=\"single\">50&#8243; &#8211; 53&#8243;<\/td>\n<\/tr>\n<tr class=\"ks-table-row\">\n<td class=\"ks-table-cell ks-table-header-cell\">3X<\/td>\n<td class=\"ks-table-cell\" data-unit-values=\"{&quot;0&quot;:&quot;52&quot; - 55&quot;&quot;,&quot;1&quot;:&quot;132cm - 140cm&quot;}\" data-unit-type=\"single\">52&#8243; &#8211; 55&#8243;<\/td>\n<td class=\"ks-table-cell\" data-unit-values=\"{&quot;0&quot;:&quot;46&quot; - 49&quot;&quot;,&quot;1&quot;:&quot;117cm - 124cm&quot;}\" data-unit-type=\"single\">46&#8243; &#8211; 49&#8243;<\/td>\n<td class=\"ks-table-cell\" data-unit-values=\"{&quot;0&quot;:&quot;54&quot; - 57&quot;&quot;,&quot;1&quot;:&quot;137cm - 145cm&quot;}\" data-unit-type=\"single\">54&#8243; &#8211; 57<\/td>\n<\/tr>\n<\/tbody>\n<\/table>\n<\/div>\n<p>&nbsp;<\/p>\n","protected":false},"excerpt":{"rendered":"<p>65% Polyester, 35% Nylon Ce pull ajour\u00e9 \u00e0 manches \u00e9vas\u00e9es en tailles inclusives reprend la m\u00eame texture a\u00e9rienne et le m\u00eame style vibrant que l\u2019original, dans une coupe d\u00e9contract\u00e9e adapt\u00e9e \u00e0 toutes les morphologies. Son fil multicolore et ses manches amples ajoutent une touche moderne aux garde-robes printani\u00e8res, id\u00e9al seul ou superpos\u00e9. Laver \u00e0 la &hellip; <\/p>\n<p class=\"link-more\"><a href=\"https:\/\/oppens.ca\/fr\/produit\/tribal-pull-ajoure-a-manches-evasees-6206v-5204\/\" class=\"more-link\">Continue reading&lt;span class=&quot;screen-reader-text&quot;&gt; &quot;TRIBAL &#8211; Pull Ajour\u00e9 \u00c0 Manches \u00c9vas\u00e9es (6206V-5204)&quot;&lt;\/span&gt;<\/a><\/p>\n","protected":false},"featured_media":81898,"template":"","meta":[],"product_brand":[],"product_cat":[349,356,588,130,159],"product_tag":[539,508,542,589],"class_list":{"0":"post-81885","1":"product","2":"type-product","3":"status-publish","4":"has-post-thumbnail","6":"product_cat-nouveautes","7":"product_cat-magasiner-par-collection","8":"product_cat-tribal-fr","9":"product_cat-hauts-cover-ups","10":"product_cat-chandail","11":"product_tag-chandail","12":"product_tag-haut","13":"product_tag-nouveau","14":"product_tag-tribal-fr","16":"first","17":"instock","18":"taxable","19":"shipping-taxable","20":"purchasable","21":"product-type-variable"},"supplier_id":null,"supplier_sku":"","barcode":null,"atum_controlled":true,"out_stock_date":null,"out_stock_threshold":null,"inheritable":true,"inbound_stock":null,"stock_on_hold":null,"sold_today":null,"sales_last_days":null,"reserved_stock":null,"customer_returns":null,"warehouse_damage":null,"lost_in_post":null,"other_logs":null,"out_stock_days":null,"lost_sales":null,"has_location":false,"update_date":"2026-04-18T17:10:10","atum_locations":[],"atum_stock_status":"instock","restock_status":false,"low_stock_amount":"","sales_update_date":"2026-04-18T04:26:48","calc_backorders":null,"yoast_head":"<!-- This site is optimized with the Yoast SEO plugin v27.0 - https:\/\/yoast.com\/product\/yoast-seo-wordpress\/ -->\n<title>TRIBAL - Pull Ajour\u00e9 \u00c0 Manches \u00c9vas\u00e9es (6206V-5204) - Oppen&#039;s<\/title>\n<meta name=\"robots\" content=\"index, follow, max-snippet:-1, max-image-preview:large, max-video-preview:-1\" \/>\n<link rel=\"canonical\" href=\"https:\/\/oppens.ca\/fr\/produit\/tribal-pull-ajoure-a-manches-evasees-6206v-5204\/\" \/>\n<meta property=\"og:locale\" content=\"fr_FR\" \/>\n<meta property=\"og:type\" content=\"article\" \/>\n<meta property=\"og:title\" content=\"TRIBAL - Pull Ajour\u00e9 \u00c0 Manches \u00c9vas\u00e9es (6206V-5204) - Oppen&#039;s\" \/>\n<meta property=\"og:description\" content=\"65% Polyester, 35% Nylon Ce pull ajour\u00e9 \u00e0 manches \u00e9vas\u00e9es en tailles inclusives reprend la m\u00eame texture a\u00e9rienne et le m\u00eame style vibrant que l\u2019original, dans une coupe d\u00e9contract\u00e9e adapt\u00e9e \u00e0 toutes les morphologies. Son fil multicolore et ses manches amples ajoutent une touche moderne aux garde-robes printani\u00e8res, id\u00e9al seul ou superpos\u00e9. Laver \u00e0 la &hellip; Continue reading&lt;span class=&quot;screen-reader-text&quot;&gt; &quot;TRIBAL &#8211; Pull Ajour\u00e9 \u00c0 Manches \u00c9vas\u00e9es (6206V-5204)&quot;&lt;\/span&gt;\" \/>\n<meta property=\"og:url\" content=\"https:\/\/oppens.ca\/fr\/produit\/tribal-pull-ajoure-a-manches-evasees-6206v-5204\/\" \/>\n<meta property=\"og:site_name\" content=\"Oppen&#039;s\" \/>\n<meta property=\"article:publisher\" content=\"https:\/\/www.facebook.com\/boutiqueoppens\/\" \/>\n<meta property=\"article:modified_time\" content=\"2026-04-18T17:10:50+00:00\" \/>\n<meta property=\"og:image\" content=\"https:\/\/oppens.ca\/wp-content\/uploads\/2026\/04\/Screenshot-2026-04-18-124711.png\" \/>\n\t<meta property=\"og:image:width\" content=\"766\" \/>\n\t<meta property=\"og:image:height\" content=\"772\" \/>\n\t<meta property=\"og:image:type\" content=\"image\/png\" \/>\n<meta name=\"twitter:card\" content=\"summary_large_image\" \/>\n<meta name=\"twitter:site\" content=\"@oppensmontreal\" \/>\n<meta name=\"twitter:label1\" content=\"Dur\u00e9e de lecture estim\u00e9e\" \/>\n\t<meta name=\"twitter:data1\" content=\"1 minute\" \/>\n<script type=\"application\/ld+json\" class=\"yoast-schema-graph\">{\"@context\":\"https:\/\/schema.org\",\"@graph\":[{\"@type\":\"WebPage\",\"@id\":\"https:\/\/oppens.ca\/fr\/produit\/tribal-pull-ajoure-a-manches-evasees-6206v-5204\/\",\"url\":\"https:\/\/oppens.ca\/fr\/produit\/tribal-pull-ajoure-a-manches-evasees-6206v-5204\/\",\"name\":\"TRIBAL - Pull Ajour\u00e9 \u00c0 Manches \u00c9vas\u00e9es (6206V-5204) - Oppen&#039;s\",\"isPartOf\":{\"@id\":\"https:\/\/oppens.ca\/#website\"},\"primaryImageOfPage\":{\"@id\":\"https:\/\/oppens.ca\/fr\/produit\/tribal-pull-ajoure-a-manches-evasees-6206v-5204\/#primaryimage\"},\"image\":{\"@id\":\"https:\/\/oppens.ca\/fr\/produit\/tribal-pull-ajoure-a-manches-evasees-6206v-5204\/#primaryimage\"},\"thumbnailUrl\":\"https:\/\/oppens.ca\/wp-content\/uploads\/2026\/04\/Screenshot-2026-04-18-124711.png\",\"datePublished\":\"2026-04-18T16:54:04+00:00\",\"dateModified\":\"2026-04-18T17:10:50+00:00\",\"breadcrumb\":{\"@id\":\"https:\/\/oppens.ca\/fr\/produit\/tribal-pull-ajoure-a-manches-evasees-6206v-5204\/#breadcrumb\"},\"inLanguage\":\"fr-FR\",\"potentialAction\":[{\"@type\":\"ReadAction\",\"target\":[\"https:\/\/oppens.ca\/fr\/produit\/tribal-pull-ajoure-a-manches-evasees-6206v-5204\/\"]}]},{\"@type\":\"ImageObject\",\"inLanguage\":\"fr-FR\",\"@id\":\"https:\/\/oppens.ca\/fr\/produit\/tribal-pull-ajoure-a-manches-evasees-6206v-5204\/#primaryimage\",\"url\":\"https:\/\/oppens.ca\/wp-content\/uploads\/2026\/04\/Screenshot-2026-04-18-124711.png\",\"contentUrl\":\"https:\/\/oppens.ca\/wp-content\/uploads\/2026\/04\/Screenshot-2026-04-18-124711.png\",\"width\":766,\"height\":772},{\"@type\":\"BreadcrumbList\",\"@id\":\"https:\/\/oppens.ca\/fr\/produit\/tribal-pull-ajoure-a-manches-evasees-6206v-5204\/#breadcrumb\",\"itemListElement\":[{\"@type\":\"ListItem\",\"position\":1,\"name\":\"Home\",\"item\":\"https:\/\/oppens.ca\/fr\/home4\/\"},{\"@type\":\"ListItem\",\"position\":2,\"name\":\"Magasinez\",\"item\":\"https:\/\/oppens.ca\/fr\/magasinez\/\"},{\"@type\":\"ListItem\",\"position\":3,\"name\":\"TRIBAL &#8211; Pull Ajour\u00e9 \u00c0 Manches \u00c9vas\u00e9es (6206V-5204)\"}]},{\"@type\":\"WebSite\",\"@id\":\"https:\/\/oppens.ca\/#website\",\"url\":\"https:\/\/oppens.ca\/\",\"name\":\"Oppen&#039;s\",\"description\":\"Celebrating women\u2019s evolving lifestyle for over 25 years\",\"publisher\":{\"@id\":\"https:\/\/oppens.ca\/#organization\"},\"potentialAction\":[{\"@type\":\"SearchAction\",\"target\":{\"@type\":\"EntryPoint\",\"urlTemplate\":\"https:\/\/oppens.ca\/?s={search_term_string}\"},\"query-input\":{\"@type\":\"PropertyValueSpecification\",\"valueRequired\":true,\"valueName\":\"search_term_string\"}}],\"inLanguage\":\"fr-FR\"},{\"@type\":\"Organization\",\"@id\":\"https:\/\/oppens.ca\/#organization\",\"name\":\"Oppens\",\"url\":\"https:\/\/oppens.ca\/\",\"logo\":{\"@type\":\"ImageObject\",\"inLanguage\":\"fr-FR\",\"@id\":\"https:\/\/oppens.ca\/#\/schema\/logo\/image\/\",\"url\":\"https:\/\/oppens.ca\/wp-content\/uploads\/2019\/10\/oppens.png\",\"contentUrl\":\"https:\/\/oppens.ca\/wp-content\/uploads\/2019\/10\/oppens.png\",\"width\":553,\"height\":246,\"caption\":\"Oppens\"},\"image\":{\"@id\":\"https:\/\/oppens.ca\/#\/schema\/logo\/image\/\"},\"sameAs\":[\"https:\/\/www.facebook.com\/boutiqueoppens\/\",\"https:\/\/x.com\/oppensmontreal\",\"https:\/\/www.instagram.com\/oppens_boutique\/\"]}]}<\/script>\n<!-- \/ Yoast SEO plugin. -->","yoast_head_json":{"title":"TRIBAL - Pull Ajour\u00e9 \u00c0 Manches \u00c9vas\u00e9es (6206V-5204) - Oppen&#039;s","robots":{"index":"index","follow":"follow","max-snippet":"max-snippet:-1","max-image-preview":"max-image-preview:large","max-video-preview":"max-video-preview:-1"},"canonical":"https:\/\/oppens.ca\/fr\/produit\/tribal-pull-ajoure-a-manches-evasees-6206v-5204\/","og_locale":"fr_FR","og_type":"article","og_title":"TRIBAL - Pull Ajour\u00e9 \u00c0 Manches \u00c9vas\u00e9es (6206V-5204) - Oppen&#039;s","og_description":"65% Polyester, 35% Nylon Ce pull ajour\u00e9 \u00e0 manches \u00e9vas\u00e9es en tailles inclusives reprend la m\u00eame texture a\u00e9rienne et le m\u00eame style vibrant que l\u2019original, dans une coupe d\u00e9contract\u00e9e adapt\u00e9e \u00e0 toutes les morphologies. Son fil multicolore et ses manches amples ajoutent une touche moderne aux garde-robes printani\u00e8res, id\u00e9al seul ou superpos\u00e9. Laver \u00e0 la &hellip; Continue reading&lt;span class=&quot;screen-reader-text&quot;&gt; &quot;TRIBAL &#8211; Pull Ajour\u00e9 \u00c0 Manches \u00c9vas\u00e9es (6206V-5204)&quot;&lt;\/span&gt;","og_url":"https:\/\/oppens.ca\/fr\/produit\/tribal-pull-ajoure-a-manches-evasees-6206v-5204\/","og_site_name":"Oppen&#039;s","article_publisher":"https:\/\/www.facebook.com\/boutiqueoppens\/","article_modified_time":"2026-04-18T17:10:50+00:00","og_image":[{"width":766,"height":772,"url":"https:\/\/oppens.ca\/wp-content\/uploads\/2026\/04\/Screenshot-2026-04-18-124711.png","type":"image\/png"}],"twitter_card":"summary_large_image","twitter_site":"@oppensmontreal","twitter_misc":{"Dur\u00e9e de lecture estim\u00e9e":"1 minute"},"schema":{"@context":"https:\/\/schema.org","@graph":[{"@type":"WebPage","@id":"https:\/\/oppens.ca\/fr\/produit\/tribal-pull-ajoure-a-manches-evasees-6206v-5204\/","url":"https:\/\/oppens.ca\/fr\/produit\/tribal-pull-ajoure-a-manches-evasees-6206v-5204\/","name":"TRIBAL - Pull Ajour\u00e9 \u00c0 Manches \u00c9vas\u00e9es (6206V-5204) - Oppen&#039;s","isPartOf":{"@id":"https:\/\/oppens.ca\/#website"},"primaryImageOfPage":{"@id":"https:\/\/oppens.ca\/fr\/produit\/tribal-pull-ajoure-a-manches-evasees-6206v-5204\/#primaryimage"},"image":{"@id":"https:\/\/oppens.ca\/fr\/produit\/tribal-pull-ajoure-a-manches-evasees-6206v-5204\/#primaryimage"},"thumbnailUrl":"https:\/\/oppens.ca\/wp-content\/uploads\/2026\/04\/Screenshot-2026-04-18-124711.png","datePublished":"2026-04-18T16:54:04+00:00","dateModified":"2026-04-18T17:10:50+00:00","breadcrumb":{"@id":"https:\/\/oppens.ca\/fr\/produit\/tribal-pull-ajoure-a-manches-evasees-6206v-5204\/#breadcrumb"},"inLanguage":"fr-FR","potentialAction":[{"@type":"ReadAction","target":["https:\/\/oppens.ca\/fr\/produit\/tribal-pull-ajoure-a-manches-evasees-6206v-5204\/"]}]},{"@type":"ImageObject","inLanguage":"fr-FR","@id":"https:\/\/oppens.ca\/fr\/produit\/tribal-pull-ajoure-a-manches-evasees-6206v-5204\/#primaryimage","url":"https:\/\/oppens.ca\/wp-content\/uploads\/2026\/04\/Screenshot-2026-04-18-124711.png","contentUrl":"https:\/\/oppens.ca\/wp-content\/uploads\/2026\/04\/Screenshot-2026-04-18-124711.png","width":766,"height":772},{"@type":"BreadcrumbList","@id":"https:\/\/oppens.ca\/fr\/produit\/tribal-pull-ajoure-a-manches-evasees-6206v-5204\/#breadcrumb","itemListElement":[{"@type":"ListItem","position":1,"name":"Home","item":"https:\/\/oppens.ca\/fr\/home4\/"},{"@type":"ListItem","position":2,"name":"Magasinez","item":"https:\/\/oppens.ca\/fr\/magasinez\/"},{"@type":"ListItem","position":3,"name":"TRIBAL &#8211; Pull Ajour\u00e9 \u00c0 Manches \u00c9vas\u00e9es (6206V-5204)"}]},{"@type":"WebSite","@id":"https:\/\/oppens.ca\/#website","url":"https:\/\/oppens.ca\/","name":"Oppen&#039;s","description":"Celebrating women\u2019s evolving lifestyle for over 25 years","publisher":{"@id":"https:\/\/oppens.ca\/#organization"},"potentialAction":[{"@type":"SearchAction","target":{"@type":"EntryPoint","urlTemplate":"https:\/\/oppens.ca\/?s={search_term_string}"},"query-input":{"@type":"PropertyValueSpecification","valueRequired":true,"valueName":"search_term_string"}}],"inLanguage":"fr-FR"},{"@type":"Organization","@id":"https:\/\/oppens.ca\/#organization","name":"Oppens","url":"https:\/\/oppens.ca\/","logo":{"@type":"ImageObject","inLanguage":"fr-FR","@id":"https:\/\/oppens.ca\/#\/schema\/logo\/image\/","url":"https:\/\/oppens.ca\/wp-content\/uploads\/2019\/10\/oppens.png","contentUrl":"https:\/\/oppens.ca\/wp-content\/uploads\/2019\/10\/oppens.png","width":553,"height":246,"caption":"Oppens"},"image":{"@id":"https:\/\/oppens.ca\/#\/schema\/logo\/image\/"},"sameAs":["https:\/\/www.facebook.com\/boutiqueoppens\/","https:\/\/x.com\/oppensmontreal","https:\/\/www.instagram.com\/oppens_boutique\/"]}]}},"_links":{"self":[{"href":"https:\/\/oppens.ca\/fr\/wp-json\/wp\/v2\/product\/81885","targetHints":{"allow":["GET"]}}],"collection":[{"href":"https:\/\/oppens.ca\/fr\/wp-json\/wp\/v2\/product"}],"about":[{"href":"https:\/\/oppens.ca\/fr\/wp-json\/wp\/v2\/types\/product"}],"wp:featuredmedia":[{"embeddable":true,"href":"https:\/\/oppens.ca\/fr\/wp-json\/wp\/v2\/media\/81898"}],"wp:attachment":[{"href":"https:\/\/oppens.ca\/fr\/wp-json\/wp\/v2\/media?parent=81885"}],"wp:term":[{"taxonomy":"product_brand","embeddable":true,"href":"https:\/\/oppens.ca\/fr\/wp-json\/wp\/v2\/product_brand?post=81885"},{"taxonomy":"product_cat","embeddable":true,"href":"https:\/\/oppens.ca\/fr\/wp-json\/wp\/v2\/product_cat?post=81885"},{"taxonomy":"product_tag","embeddable":true,"href":"https:\/\/oppens.ca\/fr\/wp-json\/wp\/v2\/product_tag?post=81885"}],"curies":[{"name":"wp","href":"https:\/\/api.w.org\/{rel}","templated":true}]}}