                                                             

{"id":81854,"date":"2026-04-18T11:02:33","date_gmt":"2026-04-18T15:02:33","guid":{"rendered":"https:\/\/oppens.ca\/?post_type=product&#038;p=81854"},"modified":"2026-04-18T11:41:48","modified_gmt":"2026-04-18T15:41:48","slug":"luukaa-chemise-en-lin-uni-phalia-26y0158","status":"publish","type":"product","link":"https:\/\/oppens.ca\/fr\/produit\/luukaa-chemise-en-lin-uni-phalia-26y0158\/","title":{"rendered":"LUUKAA &#8211; Chemise en Lin Uni PHALIA (26Y0158)"},"content":{"rendered":"<p>100% Lin<\/p>\n<p>Laver en eau froide. Suspendre pour s\u00e9cher. Repasser \u00e0 basse temp\u00e9rature.<\/p>\n<p>Fait en Turquie.<\/p>\n<p>&nbsp;<\/p>\n","protected":false},"excerpt":{"rendered":"<p>100% Lin Laver en eau froide. Suspendre pour s\u00e9cher. Repasser \u00e0 basse temp\u00e9rature. Fait en Turquie. &nbsp;<\/p>\n","protected":false},"featured_media":81869,"template":"","meta":[],"product_brand":[],"product_cat":[356,380,130,230,238],"product_tag":[653,508,603,282,542],"class_list":{"0":"post-81854","1":"product","2":"type-product","3":"status-publish","4":"has-post-thumbnail","6":"product_cat-magasiner-par-collection","7":"product_cat-luukaa-fr","8":"product_cat-hauts-cover-ups","9":"product_cat-cardigans-vestons","10":"product_cat-blouses","11":"product_tag-cover-up-fr","12":"product_tag-haut","13":"product_tag-linen-fr","14":"product_tag-luukaa-fr","15":"product_tag-nouveau","17":"first","18":"instock","19":"taxable","20":"shipping-taxable","21":"purchasable","22":"product-type-variable"},"supplier_id":null,"supplier_sku":"","barcode":null,"atum_controlled":true,"out_stock_date":null,"out_stock_threshold":null,"inheritable":true,"inbound_stock":null,"stock_on_hold":null,"sold_today":null,"sales_last_days":null,"reserved_stock":null,"customer_returns":null,"warehouse_damage":null,"lost_in_post":null,"other_logs":null,"out_stock_days":null,"lost_sales":null,"has_location":false,"update_date":"2026-04-18T15:42:10","atum_locations":[],"atum_stock_status":"instock","restock_status":false,"low_stock_amount":"","sales_update_date":"2026-04-18T04:26:57","calc_backorders":null,"yoast_head":"<!-- This site is optimized with the Yoast SEO plugin v27.0 - https:\/\/yoast.com\/product\/yoast-seo-wordpress\/ -->\n<title>LUUKAA - Chemise en Lin Uni PHALIA (26Y0158) - Oppen&#039;s<\/title>\n<meta name=\"robots\" content=\"index, follow, max-snippet:-1, max-image-preview:large, max-video-preview:-1\" \/>\n<link rel=\"canonical\" href=\"https:\/\/oppens.ca\/fr\/produit\/luukaa-chemise-en-lin-uni-phalia-26y0158\/\" \/>\n<meta property=\"og:locale\" content=\"fr_FR\" \/>\n<meta property=\"og:type\" content=\"article\" \/>\n<meta property=\"og:title\" content=\"LUUKAA - Chemise en Lin Uni PHALIA (26Y0158) - Oppen&#039;s\" \/>\n<meta property=\"og:description\" content=\"100% Lin Laver en eau froide. Suspendre pour s\u00e9cher. Repasser \u00e0 basse temp\u00e9rature. Fait en Turquie. &nbsp;\" \/>\n<meta property=\"og:url\" content=\"https:\/\/oppens.ca\/fr\/produit\/luukaa-chemise-en-lin-uni-phalia-26y0158\/\" \/>\n<meta property=\"og:site_name\" content=\"Oppen&#039;s\" \/>\n<meta property=\"article:publisher\" content=\"https:\/\/www.facebook.com\/boutiqueoppens\/\" \/>\n<meta property=\"article:modified_time\" content=\"2026-04-18T15:41:48+00:00\" \/>\n<meta property=\"og:image\" content=\"https:\/\/oppens.ca\/wp-content\/uploads\/2026\/04\/Screenshot-2026-04-18-105814.png\" \/>\n\t<meta property=\"og:image:width\" content=\"505\" \/>\n\t<meta property=\"og:image:height\" content=\"735\" \/>\n\t<meta property=\"og:image:type\" content=\"image\/png\" \/>\n<meta name=\"twitter:card\" content=\"summary_large_image\" \/>\n<meta name=\"twitter:site\" content=\"@oppensmontreal\" \/>\n<meta name=\"twitter:label1\" content=\"Dur\u00e9e de lecture estim\u00e9e\" \/>\n\t<meta name=\"twitter:data1\" content=\"1 minute\" \/>\n<script type=\"application\/ld+json\" class=\"yoast-schema-graph\">{\"@context\":\"https:\/\/schema.org\",\"@graph\":[{\"@type\":\"WebPage\",\"@id\":\"https:\/\/oppens.ca\/fr\/produit\/luukaa-chemise-en-lin-uni-phalia-26y0158\/\",\"url\":\"https:\/\/oppens.ca\/fr\/produit\/luukaa-chemise-en-lin-uni-phalia-26y0158\/\",\"name\":\"LUUKAA - Chemise en Lin Uni PHALIA (26Y0158) - Oppen&#039;s\",\"isPartOf\":{\"@id\":\"https:\/\/oppens.ca\/#website\"},\"primaryImageOfPage\":{\"@id\":\"https:\/\/oppens.ca\/fr\/produit\/luukaa-chemise-en-lin-uni-phalia-26y0158\/#primaryimage\"},\"image\":{\"@id\":\"https:\/\/oppens.ca\/fr\/produit\/luukaa-chemise-en-lin-uni-phalia-26y0158\/#primaryimage\"},\"thumbnailUrl\":\"https:\/\/oppens.ca\/wp-content\/uploads\/2026\/04\/Screenshot-2026-04-18-105814.png\",\"datePublished\":\"2026-04-18T15:02:33+00:00\",\"dateModified\":\"2026-04-18T15:41:48+00:00\",\"breadcrumb\":{\"@id\":\"https:\/\/oppens.ca\/fr\/produit\/luukaa-chemise-en-lin-uni-phalia-26y0158\/#breadcrumb\"},\"inLanguage\":\"fr-FR\",\"potentialAction\":[{\"@type\":\"ReadAction\",\"target\":[\"https:\/\/oppens.ca\/fr\/produit\/luukaa-chemise-en-lin-uni-phalia-26y0158\/\"]}]},{\"@type\":\"ImageObject\",\"inLanguage\":\"fr-FR\",\"@id\":\"https:\/\/oppens.ca\/fr\/produit\/luukaa-chemise-en-lin-uni-phalia-26y0158\/#primaryimage\",\"url\":\"https:\/\/oppens.ca\/wp-content\/uploads\/2026\/04\/Screenshot-2026-04-18-105814.png\",\"contentUrl\":\"https:\/\/oppens.ca\/wp-content\/uploads\/2026\/04\/Screenshot-2026-04-18-105814.png\",\"width\":505,\"height\":735},{\"@type\":\"BreadcrumbList\",\"@id\":\"https:\/\/oppens.ca\/fr\/produit\/luukaa-chemise-en-lin-uni-phalia-26y0158\/#breadcrumb\",\"itemListElement\":[{\"@type\":\"ListItem\",\"position\":1,\"name\":\"Home\",\"item\":\"https:\/\/oppens.ca\/fr\/home4\/\"},{\"@type\":\"ListItem\",\"position\":2,\"name\":\"Magasinez\",\"item\":\"https:\/\/oppens.ca\/fr\/magasinez\/\"},{\"@type\":\"ListItem\",\"position\":3,\"name\":\"LUUKAA &#8211; Chemise en Lin Uni PHALIA (26Y0158)\"}]},{\"@type\":\"WebSite\",\"@id\":\"https:\/\/oppens.ca\/#website\",\"url\":\"https:\/\/oppens.ca\/\",\"name\":\"Oppen&#039;s\",\"description\":\"Celebrating women\u2019s evolving lifestyle for over 25 years\",\"publisher\":{\"@id\":\"https:\/\/oppens.ca\/#organization\"},\"potentialAction\":[{\"@type\":\"SearchAction\",\"target\":{\"@type\":\"EntryPoint\",\"urlTemplate\":\"https:\/\/oppens.ca\/?s={search_term_string}\"},\"query-input\":{\"@type\":\"PropertyValueSpecification\",\"valueRequired\":true,\"valueName\":\"search_term_string\"}}],\"inLanguage\":\"fr-FR\"},{\"@type\":\"Organization\",\"@id\":\"https:\/\/oppens.ca\/#organization\",\"name\":\"Oppens\",\"url\":\"https:\/\/oppens.ca\/\",\"logo\":{\"@type\":\"ImageObject\",\"inLanguage\":\"fr-FR\",\"@id\":\"https:\/\/oppens.ca\/#\/schema\/logo\/image\/\",\"url\":\"https:\/\/oppens.ca\/wp-content\/uploads\/2019\/10\/oppens.png\",\"contentUrl\":\"https:\/\/oppens.ca\/wp-content\/uploads\/2019\/10\/oppens.png\",\"width\":553,\"height\":246,\"caption\":\"Oppens\"},\"image\":{\"@id\":\"https:\/\/oppens.ca\/#\/schema\/logo\/image\/\"},\"sameAs\":[\"https:\/\/www.facebook.com\/boutiqueoppens\/\",\"https:\/\/x.com\/oppensmontreal\",\"https:\/\/www.instagram.com\/oppens_boutique\/\"]}]}<\/script>\n<!-- \/ Yoast SEO plugin. -->","yoast_head_json":{"title":"LUUKAA - Chemise en Lin Uni PHALIA (26Y0158) - Oppen&#039;s","robots":{"index":"index","follow":"follow","max-snippet":"max-snippet:-1","max-image-preview":"max-image-preview:large","max-video-preview":"max-video-preview:-1"},"canonical":"https:\/\/oppens.ca\/fr\/produit\/luukaa-chemise-en-lin-uni-phalia-26y0158\/","og_locale":"fr_FR","og_type":"article","og_title":"LUUKAA - Chemise en Lin Uni PHALIA (26Y0158) - Oppen&#039;s","og_description":"100% Lin Laver en eau froide. Suspendre pour s\u00e9cher. Repasser \u00e0 basse temp\u00e9rature. Fait en Turquie. &nbsp;","og_url":"https:\/\/oppens.ca\/fr\/produit\/luukaa-chemise-en-lin-uni-phalia-26y0158\/","og_site_name":"Oppen&#039;s","article_publisher":"https:\/\/www.facebook.com\/boutiqueoppens\/","article_modified_time":"2026-04-18T15:41:48+00:00","og_image":[{"width":505,"height":735,"url":"https:\/\/oppens.ca\/wp-content\/uploads\/2026\/04\/Screenshot-2026-04-18-105814.png","type":"image\/png"}],"twitter_card":"summary_large_image","twitter_site":"@oppensmontreal","twitter_misc":{"Dur\u00e9e de lecture estim\u00e9e":"1 minute"},"schema":{"@context":"https:\/\/schema.org","@graph":[{"@type":"WebPage","@id":"https:\/\/oppens.ca\/fr\/produit\/luukaa-chemise-en-lin-uni-phalia-26y0158\/","url":"https:\/\/oppens.ca\/fr\/produit\/luukaa-chemise-en-lin-uni-phalia-26y0158\/","name":"LUUKAA - Chemise en Lin Uni PHALIA (26Y0158) - Oppen&#039;s","isPartOf":{"@id":"https:\/\/oppens.ca\/#website"},"primaryImageOfPage":{"@id":"https:\/\/oppens.ca\/fr\/produit\/luukaa-chemise-en-lin-uni-phalia-26y0158\/#primaryimage"},"image":{"@id":"https:\/\/oppens.ca\/fr\/produit\/luukaa-chemise-en-lin-uni-phalia-26y0158\/#primaryimage"},"thumbnailUrl":"https:\/\/oppens.ca\/wp-content\/uploads\/2026\/04\/Screenshot-2026-04-18-105814.png","datePublished":"2026-04-18T15:02:33+00:00","dateModified":"2026-04-18T15:41:48+00:00","breadcrumb":{"@id":"https:\/\/oppens.ca\/fr\/produit\/luukaa-chemise-en-lin-uni-phalia-26y0158\/#breadcrumb"},"inLanguage":"fr-FR","potentialAction":[{"@type":"ReadAction","target":["https:\/\/oppens.ca\/fr\/produit\/luukaa-chemise-en-lin-uni-phalia-26y0158\/"]}]},{"@type":"ImageObject","inLanguage":"fr-FR","@id":"https:\/\/oppens.ca\/fr\/produit\/luukaa-chemise-en-lin-uni-phalia-26y0158\/#primaryimage","url":"https:\/\/oppens.ca\/wp-content\/uploads\/2026\/04\/Screenshot-2026-04-18-105814.png","contentUrl":"https:\/\/oppens.ca\/wp-content\/uploads\/2026\/04\/Screenshot-2026-04-18-105814.png","width":505,"height":735},{"@type":"BreadcrumbList","@id":"https:\/\/oppens.ca\/fr\/produit\/luukaa-chemise-en-lin-uni-phalia-26y0158\/#breadcrumb","itemListElement":[{"@type":"ListItem","position":1,"name":"Home","item":"https:\/\/oppens.ca\/fr\/home4\/"},{"@type":"ListItem","position":2,"name":"Magasinez","item":"https:\/\/oppens.ca\/fr\/magasinez\/"},{"@type":"ListItem","position":3,"name":"LUUKAA &#8211; Chemise en Lin Uni PHALIA (26Y0158)"}]},{"@type":"WebSite","@id":"https:\/\/oppens.ca\/#website","url":"https:\/\/oppens.ca\/","name":"Oppen&#039;s","description":"Celebrating women\u2019s evolving lifestyle for over 25 years","publisher":{"@id":"https:\/\/oppens.ca\/#organization"},"potentialAction":[{"@type":"SearchAction","target":{"@type":"EntryPoint","urlTemplate":"https:\/\/oppens.ca\/?s={search_term_string}"},"query-input":{"@type":"PropertyValueSpecification","valueRequired":true,"valueName":"search_term_string"}}],"inLanguage":"fr-FR"},{"@type":"Organization","@id":"https:\/\/oppens.ca\/#organization","name":"Oppens","url":"https:\/\/oppens.ca\/","logo":{"@type":"ImageObject","inLanguage":"fr-FR","@id":"https:\/\/oppens.ca\/#\/schema\/logo\/image\/","url":"https:\/\/oppens.ca\/wp-content\/uploads\/2019\/10\/oppens.png","contentUrl":"https:\/\/oppens.ca\/wp-content\/uploads\/2019\/10\/oppens.png","width":553,"height":246,"caption":"Oppens"},"image":{"@id":"https:\/\/oppens.ca\/#\/schema\/logo\/image\/"},"sameAs":["https:\/\/www.facebook.com\/boutiqueoppens\/","https:\/\/x.com\/oppensmontreal","https:\/\/www.instagram.com\/oppens_boutique\/"]}]}},"_links":{"self":[{"href":"https:\/\/oppens.ca\/fr\/wp-json\/wp\/v2\/product\/81854","targetHints":{"allow":["GET"]}}],"collection":[{"href":"https:\/\/oppens.ca\/fr\/wp-json\/wp\/v2\/product"}],"about":[{"href":"https:\/\/oppens.ca\/fr\/wp-json\/wp\/v2\/types\/product"}],"wp:featuredmedia":[{"embeddable":true,"href":"https:\/\/oppens.ca\/fr\/wp-json\/wp\/v2\/media\/81869"}],"wp:attachment":[{"href":"https:\/\/oppens.ca\/fr\/wp-json\/wp\/v2\/media?parent=81854"}],"wp:term":[{"taxonomy":"product_brand","embeddable":true,"href":"https:\/\/oppens.ca\/fr\/wp-json\/wp\/v2\/product_brand?post=81854"},{"taxonomy":"product_cat","embeddable":true,"href":"https:\/\/oppens.ca\/fr\/wp-json\/wp\/v2\/product_cat?post=81854"},{"taxonomy":"product_tag","embeddable":true,"href":"https:\/\/oppens.ca\/fr\/wp-json\/wp\/v2\/product_tag?post=81854"}],"curies":[{"name":"wp","href":"https:\/\/api.w.org\/{rel}","templated":true}]}}