                                                             

{"id":81805,"date":"2026-04-17T12:05:51","date_gmt":"2026-04-17T16:05:51","guid":{"rendered":"https:\/\/oppens.ca\/?post_type=product&#038;p=81805"},"modified":"2026-04-17T12:26:38","modified_gmt":"2026-04-17T16:26:38","slug":"luukaa-veste-longue-a-effet-batik-monroe-26y03306","status":"publish","type":"product","link":"https:\/\/oppens.ca\/fr\/produit\/luukaa-veste-longue-a-effet-batik-monroe-26y03306\/","title":{"rendered":"LUUKAA &#8211; Veste Longue \u00e0 Effet Batik MONROE (26Y03306)"},"content":{"rendered":"<p>100%\u00a0 Gaze de Coton<\/p>\n<p>Les designs de Luukaa sont naturellement d\u00e9contract\u00e9s et volumineux.<\/p>\n<p>Laver en eau froide. Suspendre pour s\u00e9cher. Repasser \u00e0 basse temp\u00e9rature.<\/p>\n<p>Fait en Turquie.<\/p>\n<p>&nbsp;<\/p>\n","protected":false},"excerpt":{"rendered":"<p>100%\u00a0 Gaze de Coton Les designs de Luukaa sont naturellement d\u00e9contract\u00e9s et volumineux. Laver en eau froide. Suspendre pour s\u00e9cher. Repasser \u00e0 basse temp\u00e9rature. Fait en Turquie. &nbsp;<\/p>\n","protected":false},"featured_media":81817,"template":"","meta":[],"product_brand":[],"product_cat":[349,356,380,130,230],"product_tag":[653,508,282],"class_list":{"0":"post-81805","1":"product","2":"type-product","3":"status-publish","4":"has-post-thumbnail","6":"product_cat-nouveautes","7":"product_cat-magasiner-par-collection","8":"product_cat-luukaa-fr","9":"product_cat-hauts-cover-ups","10":"product_cat-cardigans-vestons","11":"product_tag-cover-up-fr","12":"product_tag-haut","13":"product_tag-luukaa-fr","15":"first","16":"instock","17":"taxable","18":"shipping-taxable","19":"purchasable","20":"product-type-variable"},"supplier_id":null,"supplier_sku":"","barcode":null,"atum_controlled":true,"out_stock_date":null,"out_stock_threshold":null,"inheritable":true,"inbound_stock":null,"stock_on_hold":0,"sold_today":0,"sales_last_days":0,"reserved_stock":null,"customer_returns":null,"warehouse_damage":null,"lost_in_post":null,"other_logs":null,"out_stock_days":0,"lost_sales":0,"has_location":false,"update_date":"2026-04-18T00:27:09","atum_locations":[],"atum_stock_status":"instock","restock_status":false,"low_stock_amount":"","sales_update_date":"2026-04-18T00:27:09","calc_backorders":null,"yoast_head":"<!-- This site is optimized with the Yoast SEO plugin v27.0 - https:\/\/yoast.com\/product\/yoast-seo-wordpress\/ -->\n<title>LUUKAA - Veste Longue \u00e0 Effet Batik MONROE (26Y03306) - Oppen&#039;s<\/title>\n<meta name=\"robots\" content=\"index, follow, max-snippet:-1, max-image-preview:large, max-video-preview:-1\" \/>\n<link rel=\"canonical\" href=\"https:\/\/oppens.ca\/fr\/produit\/luukaa-veste-longue-a-effet-batik-monroe-26y03306\/\" \/>\n<meta property=\"og:locale\" content=\"fr_FR\" \/>\n<meta property=\"og:type\" content=\"article\" \/>\n<meta property=\"og:title\" content=\"LUUKAA - Veste Longue \u00e0 Effet Batik MONROE (26Y03306) - Oppen&#039;s\" \/>\n<meta property=\"og:description\" content=\"100%\u00a0 Gaze de Coton Les designs de Luukaa sont naturellement d\u00e9contract\u00e9s et volumineux. Laver en eau froide. Suspendre pour s\u00e9cher. Repasser \u00e0 basse temp\u00e9rature. Fait en Turquie. &nbsp;\" \/>\n<meta property=\"og:url\" content=\"https:\/\/oppens.ca\/fr\/produit\/luukaa-veste-longue-a-effet-batik-monroe-26y03306\/\" \/>\n<meta property=\"og:site_name\" content=\"Oppen&#039;s\" \/>\n<meta property=\"article:publisher\" content=\"https:\/\/www.facebook.com\/boutiqueoppens\/\" \/>\n<meta property=\"article:modified_time\" content=\"2026-04-17T16:26:38+00:00\" \/>\n<meta property=\"og:image\" content=\"https:\/\/oppens.ca\/wp-content\/uploads\/2026\/04\/Screenshot-2026-04-17-120024.png\" \/>\n\t<meta property=\"og:image:width\" content=\"354\" \/>\n\t<meta property=\"og:image:height\" content=\"634\" \/>\n\t<meta property=\"og:image:type\" content=\"image\/png\" \/>\n<meta name=\"twitter:card\" content=\"summary_large_image\" \/>\n<meta name=\"twitter:site\" content=\"@oppensmontreal\" \/>\n<meta name=\"twitter:label1\" content=\"Dur\u00e9e de lecture estim\u00e9e\" \/>\n\t<meta name=\"twitter:data1\" content=\"1 minute\" \/>\n<script type=\"application\/ld+json\" class=\"yoast-schema-graph\">{\"@context\":\"https:\/\/schema.org\",\"@graph\":[{\"@type\":\"WebPage\",\"@id\":\"https:\/\/oppens.ca\/fr\/produit\/luukaa-veste-longue-a-effet-batik-monroe-26y03306\/\",\"url\":\"https:\/\/oppens.ca\/fr\/produit\/luukaa-veste-longue-a-effet-batik-monroe-26y03306\/\",\"name\":\"LUUKAA - Veste Longue \u00e0 Effet Batik MONROE (26Y03306) - Oppen&#039;s\",\"isPartOf\":{\"@id\":\"https:\/\/oppens.ca\/#website\"},\"primaryImageOfPage\":{\"@id\":\"https:\/\/oppens.ca\/fr\/produit\/luukaa-veste-longue-a-effet-batik-monroe-26y03306\/#primaryimage\"},\"image\":{\"@id\":\"https:\/\/oppens.ca\/fr\/produit\/luukaa-veste-longue-a-effet-batik-monroe-26y03306\/#primaryimage\"},\"thumbnailUrl\":\"https:\/\/oppens.ca\/wp-content\/uploads\/2026\/04\/Screenshot-2026-04-17-120024.png\",\"datePublished\":\"2026-04-17T16:05:51+00:00\",\"dateModified\":\"2026-04-17T16:26:38+00:00\",\"breadcrumb\":{\"@id\":\"https:\/\/oppens.ca\/fr\/produit\/luukaa-veste-longue-a-effet-batik-monroe-26y03306\/#breadcrumb\"},\"inLanguage\":\"fr-FR\",\"potentialAction\":[{\"@type\":\"ReadAction\",\"target\":[\"https:\/\/oppens.ca\/fr\/produit\/luukaa-veste-longue-a-effet-batik-monroe-26y03306\/\"]}]},{\"@type\":\"ImageObject\",\"inLanguage\":\"fr-FR\",\"@id\":\"https:\/\/oppens.ca\/fr\/produit\/luukaa-veste-longue-a-effet-batik-monroe-26y03306\/#primaryimage\",\"url\":\"https:\/\/oppens.ca\/wp-content\/uploads\/2026\/04\/Screenshot-2026-04-17-120024.png\",\"contentUrl\":\"https:\/\/oppens.ca\/wp-content\/uploads\/2026\/04\/Screenshot-2026-04-17-120024.png\",\"width\":354,\"height\":634},{\"@type\":\"BreadcrumbList\",\"@id\":\"https:\/\/oppens.ca\/fr\/produit\/luukaa-veste-longue-a-effet-batik-monroe-26y03306\/#breadcrumb\",\"itemListElement\":[{\"@type\":\"ListItem\",\"position\":1,\"name\":\"Home\",\"item\":\"https:\/\/oppens.ca\/fr\/home4\/\"},{\"@type\":\"ListItem\",\"position\":2,\"name\":\"Magasinez\",\"item\":\"https:\/\/oppens.ca\/fr\/magasinez\/\"},{\"@type\":\"ListItem\",\"position\":3,\"name\":\"LUUKAA &#8211; Veste Longue \u00e0 Effet Batik MONROE (26Y03306)\"}]},{\"@type\":\"WebSite\",\"@id\":\"https:\/\/oppens.ca\/#website\",\"url\":\"https:\/\/oppens.ca\/\",\"name\":\"Oppen&#039;s\",\"description\":\"Celebrating women\u2019s evolving lifestyle for over 25 years\",\"publisher\":{\"@id\":\"https:\/\/oppens.ca\/#organization\"},\"potentialAction\":[{\"@type\":\"SearchAction\",\"target\":{\"@type\":\"EntryPoint\",\"urlTemplate\":\"https:\/\/oppens.ca\/?s={search_term_string}\"},\"query-input\":{\"@type\":\"PropertyValueSpecification\",\"valueRequired\":true,\"valueName\":\"search_term_string\"}}],\"inLanguage\":\"fr-FR\"},{\"@type\":\"Organization\",\"@id\":\"https:\/\/oppens.ca\/#organization\",\"name\":\"Oppens\",\"url\":\"https:\/\/oppens.ca\/\",\"logo\":{\"@type\":\"ImageObject\",\"inLanguage\":\"fr-FR\",\"@id\":\"https:\/\/oppens.ca\/#\/schema\/logo\/image\/\",\"url\":\"https:\/\/oppens.ca\/wp-content\/uploads\/2019\/10\/oppens.png\",\"contentUrl\":\"https:\/\/oppens.ca\/wp-content\/uploads\/2019\/10\/oppens.png\",\"width\":553,\"height\":246,\"caption\":\"Oppens\"},\"image\":{\"@id\":\"https:\/\/oppens.ca\/#\/schema\/logo\/image\/\"},\"sameAs\":[\"https:\/\/www.facebook.com\/boutiqueoppens\/\",\"https:\/\/x.com\/oppensmontreal\",\"https:\/\/www.instagram.com\/oppens_boutique\/\"]}]}<\/script>\n<!-- \/ Yoast SEO plugin. -->","yoast_head_json":{"title":"LUUKAA - Veste Longue \u00e0 Effet Batik MONROE (26Y03306) - Oppen&#039;s","robots":{"index":"index","follow":"follow","max-snippet":"max-snippet:-1","max-image-preview":"max-image-preview:large","max-video-preview":"max-video-preview:-1"},"canonical":"https:\/\/oppens.ca\/fr\/produit\/luukaa-veste-longue-a-effet-batik-monroe-26y03306\/","og_locale":"fr_FR","og_type":"article","og_title":"LUUKAA - Veste Longue \u00e0 Effet Batik MONROE (26Y03306) - Oppen&#039;s","og_description":"100%\u00a0 Gaze de Coton Les designs de Luukaa sont naturellement d\u00e9contract\u00e9s et volumineux. Laver en eau froide. Suspendre pour s\u00e9cher. Repasser \u00e0 basse temp\u00e9rature. Fait en Turquie. &nbsp;","og_url":"https:\/\/oppens.ca\/fr\/produit\/luukaa-veste-longue-a-effet-batik-monroe-26y03306\/","og_site_name":"Oppen&#039;s","article_publisher":"https:\/\/www.facebook.com\/boutiqueoppens\/","article_modified_time":"2026-04-17T16:26:38+00:00","og_image":[{"width":354,"height":634,"url":"https:\/\/oppens.ca\/wp-content\/uploads\/2026\/04\/Screenshot-2026-04-17-120024.png","type":"image\/png"}],"twitter_card":"summary_large_image","twitter_site":"@oppensmontreal","twitter_misc":{"Dur\u00e9e de lecture estim\u00e9e":"1 minute"},"schema":{"@context":"https:\/\/schema.org","@graph":[{"@type":"WebPage","@id":"https:\/\/oppens.ca\/fr\/produit\/luukaa-veste-longue-a-effet-batik-monroe-26y03306\/","url":"https:\/\/oppens.ca\/fr\/produit\/luukaa-veste-longue-a-effet-batik-monroe-26y03306\/","name":"LUUKAA - Veste Longue \u00e0 Effet Batik MONROE (26Y03306) - Oppen&#039;s","isPartOf":{"@id":"https:\/\/oppens.ca\/#website"},"primaryImageOfPage":{"@id":"https:\/\/oppens.ca\/fr\/produit\/luukaa-veste-longue-a-effet-batik-monroe-26y03306\/#primaryimage"},"image":{"@id":"https:\/\/oppens.ca\/fr\/produit\/luukaa-veste-longue-a-effet-batik-monroe-26y03306\/#primaryimage"},"thumbnailUrl":"https:\/\/oppens.ca\/wp-content\/uploads\/2026\/04\/Screenshot-2026-04-17-120024.png","datePublished":"2026-04-17T16:05:51+00:00","dateModified":"2026-04-17T16:26:38+00:00","breadcrumb":{"@id":"https:\/\/oppens.ca\/fr\/produit\/luukaa-veste-longue-a-effet-batik-monroe-26y03306\/#breadcrumb"},"inLanguage":"fr-FR","potentialAction":[{"@type":"ReadAction","target":["https:\/\/oppens.ca\/fr\/produit\/luukaa-veste-longue-a-effet-batik-monroe-26y03306\/"]}]},{"@type":"ImageObject","inLanguage":"fr-FR","@id":"https:\/\/oppens.ca\/fr\/produit\/luukaa-veste-longue-a-effet-batik-monroe-26y03306\/#primaryimage","url":"https:\/\/oppens.ca\/wp-content\/uploads\/2026\/04\/Screenshot-2026-04-17-120024.png","contentUrl":"https:\/\/oppens.ca\/wp-content\/uploads\/2026\/04\/Screenshot-2026-04-17-120024.png","width":354,"height":634},{"@type":"BreadcrumbList","@id":"https:\/\/oppens.ca\/fr\/produit\/luukaa-veste-longue-a-effet-batik-monroe-26y03306\/#breadcrumb","itemListElement":[{"@type":"ListItem","position":1,"name":"Home","item":"https:\/\/oppens.ca\/fr\/home4\/"},{"@type":"ListItem","position":2,"name":"Magasinez","item":"https:\/\/oppens.ca\/fr\/magasinez\/"},{"@type":"ListItem","position":3,"name":"LUUKAA &#8211; Veste Longue \u00e0 Effet Batik MONROE (26Y03306)"}]},{"@type":"WebSite","@id":"https:\/\/oppens.ca\/#website","url":"https:\/\/oppens.ca\/","name":"Oppen&#039;s","description":"Celebrating women\u2019s evolving lifestyle for over 25 years","publisher":{"@id":"https:\/\/oppens.ca\/#organization"},"potentialAction":[{"@type":"SearchAction","target":{"@type":"EntryPoint","urlTemplate":"https:\/\/oppens.ca\/?s={search_term_string}"},"query-input":{"@type":"PropertyValueSpecification","valueRequired":true,"valueName":"search_term_string"}}],"inLanguage":"fr-FR"},{"@type":"Organization","@id":"https:\/\/oppens.ca\/#organization","name":"Oppens","url":"https:\/\/oppens.ca\/","logo":{"@type":"ImageObject","inLanguage":"fr-FR","@id":"https:\/\/oppens.ca\/#\/schema\/logo\/image\/","url":"https:\/\/oppens.ca\/wp-content\/uploads\/2019\/10\/oppens.png","contentUrl":"https:\/\/oppens.ca\/wp-content\/uploads\/2019\/10\/oppens.png","width":553,"height":246,"caption":"Oppens"},"image":{"@id":"https:\/\/oppens.ca\/#\/schema\/logo\/image\/"},"sameAs":["https:\/\/www.facebook.com\/boutiqueoppens\/","https:\/\/x.com\/oppensmontreal","https:\/\/www.instagram.com\/oppens_boutique\/"]}]}},"_links":{"self":[{"href":"https:\/\/oppens.ca\/fr\/wp-json\/wp\/v2\/product\/81805","targetHints":{"allow":["GET"]}}],"collection":[{"href":"https:\/\/oppens.ca\/fr\/wp-json\/wp\/v2\/product"}],"about":[{"href":"https:\/\/oppens.ca\/fr\/wp-json\/wp\/v2\/types\/product"}],"wp:featuredmedia":[{"embeddable":true,"href":"https:\/\/oppens.ca\/fr\/wp-json\/wp\/v2\/media\/81817"}],"wp:attachment":[{"href":"https:\/\/oppens.ca\/fr\/wp-json\/wp\/v2\/media?parent=81805"}],"wp:term":[{"taxonomy":"product_brand","embeddable":true,"href":"https:\/\/oppens.ca\/fr\/wp-json\/wp\/v2\/product_brand?post=81805"},{"taxonomy":"product_cat","embeddable":true,"href":"https:\/\/oppens.ca\/fr\/wp-json\/wp\/v2\/product_cat?post=81805"},{"taxonomy":"product_tag","embeddable":true,"href":"https:\/\/oppens.ca\/fr\/wp-json\/wp\/v2\/product_tag?post=81805"}],"curies":[{"name":"wp","href":"https:\/\/api.w.org\/{rel}","templated":true}]}}