                                                             

{"id":81701,"date":"2026-04-15T16:40:46","date_gmt":"2026-04-15T20:40:46","guid":{"rendered":"https:\/\/oppens.ca\/?post_type=product&#038;p=81701"},"modified":"2026-04-15T17:32:31","modified_gmt":"2026-04-15T21:32:31","slug":"joseph-ribkoff-robe-foulard-en-filet-a-pois-avec-encolure-benitier-261299","status":"publish","type":"product","link":"https:\/\/oppens.ca\/fr\/produit\/joseph-ribkoff-robe-foulard-en-filet-a-pois-avec-encolure-benitier-261299\/","title":{"rendered":"JOSEPH RIBKOFF &#8211; Robe Foulard en Filet \u00e0 Pois avec Encolure B\u00e9nitier (261299)                                                                                                                                                                                                                                                                                (                261299)"},"content":{"rendered":"<p>100% Polyester<\/p>\n<ul class=\"accordion\">\n<li>Tissu en filet de fantaisie<\/li>\n<li>Encolure b\u00e9nitier \u00e0 m\u00e9moire<\/li>\n<li>Sans manches<\/li>\n<li>Doublure<\/li>\n<li>S\u00e9cher \u00e0 plat \u00e0 l&#8217;ombre<\/li>\n<li>Ne pas s\u00e9cher en machine<\/li>\n<li>Ne pas repasser<\/li>\n<li>Ne pas nettoyer \u00e0 sec<\/li>\n<li>Laver le v\u00eatement \u00e0 l&#8217;envers<\/li>\n<li>Ne pas javelliser<\/li>\n<li>Laver \u00e0 la main \u00e0 l&#8217;eau froide avec des couleurs similaires<\/li>\n<\/ul>\n<p>Fait au Canada<\/p>\n<p>Guide des tailles<\/p>\n<table class=\"table table-striped\">\n<thead>\n<tr>\n<td rowspan=\"2\">Tailles<\/td>\n<td colspan=\"2\">XS<\/td>\n<td colspan=\"2\">S<\/td>\n<td colspan=\"2\">M<\/td>\n<td colspan=\"2\">L<\/td>\n<td colspan=\"2\">XL<\/td>\n<td colspan=\"2\">XXL<\/td>\n<td>XXXL<\/td>\n<\/tr>\n<tr>\n<td>0<\/td>\n<td>2<\/td>\n<td>4<\/td>\n<td>6<\/td>\n<td>8<\/td>\n<td>10<\/td>\n<td>12<\/td>\n<td>14<\/td>\n<td>16<\/td>\n<td>18<\/td>\n<td>20<\/td>\n<td>22<\/td>\n<td>24<\/td>\n<\/tr>\n<\/thead>\n<tbody>\n<tr>\n<td>Circonf\u00e9rence du buste (CM)<\/td>\n<td>81<\/td>\n<td>84<\/td>\n<td>86<\/td>\n<td>89<\/td>\n<td>91<\/td>\n<td>95<\/td>\n<td>99<\/td>\n<td>104<\/td>\n<td>109<\/td>\n<td>114<\/td>\n<td>119<\/td>\n<td>124<\/td>\n<td>129.5<\/td>\n<\/tr>\n<tr>\n<td>Tour de taille (CM)<\/td>\n<td>63.5<\/td>\n<td>66<\/td>\n<td>68.5<\/td>\n<td>71<\/td>\n<td>74<\/td>\n<td>77<\/td>\n<td>81<\/td>\n<td>86<\/td>\n<td>91<\/td>\n<td>96.5<\/td>\n<td>102<\/td>\n<td>107<\/td>\n<td>112<\/td>\n<\/tr>\n<tr>\n<td>Circonf\u00e9rence de la hanche (CM)<\/td>\n<td>89<\/td>\n<td>91<\/td>\n<td>94<\/td>\n<td>96.5<\/td>\n<td>99<\/td>\n<td>103<\/td>\n<td>107<\/td>\n<td>112<\/td>\n<td>117<\/td>\n<td>122<\/td>\n<td>127<\/td>\n<td>132<\/td>\n<td>137<\/td>\n<\/tr>\n<\/tbody>\n<\/table>\n","protected":false},"excerpt":{"rendered":"<p><br data-mce-bogus=\"1\"><\/p>\n","protected":false},"featured_media":81725,"template":"","meta":[],"product_brand":[],"product_cat":[228,170,349,356,376],"product_tag":[600,280,542],"class_list":{"0":"post-81701","1":"product","2":"type-product","3":"status-publish","4":"has-post-thumbnail","6":"product_cat-after-dark-fr","7":"product_cat-robes","8":"product_cat-nouveautes","9":"product_cat-magasiner-par-collection","10":"product_cat-joseph-ribkoff-fr","11":"product_tag-dress-fr","12":"product_tag-joseph-ribkoff-fr","13":"product_tag-nouveau","15":"first","16":"instock","17":"taxable","18":"shipping-taxable","19":"purchasable","20":"product-type-variable"},"supplier_id":null,"supplier_sku":"","barcode":null,"atum_controlled":true,"out_stock_date":null,"out_stock_threshold":null,"inheritable":true,"inbound_stock":null,"stock_on_hold":0,"sold_today":0,"sales_last_days":0,"reserved_stock":null,"customer_returns":null,"warehouse_damage":null,"lost_in_post":null,"other_logs":null,"out_stock_days":0,"lost_sales":0,"has_location":false,"update_date":"2026-04-16T00:27:10","atum_locations":[],"atum_stock_status":"instock","restock_status":false,"low_stock_amount":"","sales_update_date":"2026-04-16T00:27:10","calc_backorders":null,"yoast_head":"<!-- This site is optimized with the Yoast SEO plugin v27.0 - https:\/\/yoast.com\/product\/yoast-seo-wordpress\/ -->\n<title>JOSEPH RIBKOFF - Robe Foulard en Filet \u00e0 Pois avec Encolure B\u00e9nitier (261299)                                                                                                                                        (        261299) - Oppen&#039;s<\/title>\n<meta name=\"robots\" content=\"index, follow, max-snippet:-1, max-image-preview:large, max-video-preview:-1\" \/>\n<link rel=\"canonical\" href=\"https:\/\/oppens.ca\/fr\/produit\/joseph-ribkoff-robe-foulard-en-filet-a-pois-avec-encolure-benitier-261299\/\" \/>\n<meta property=\"og:locale\" content=\"fr_FR\" \/>\n<meta property=\"og:type\" content=\"article\" \/>\n<meta property=\"og:title\" content=\"JOSEPH RIBKOFF - Robe Foulard en Filet \u00e0 Pois avec Encolure B\u00e9nitier (261299)                                                                                                                                        (        261299) - Oppen&#039;s\" \/>\n<meta property=\"og:url\" content=\"https:\/\/oppens.ca\/fr\/produit\/joseph-ribkoff-robe-foulard-en-filet-a-pois-avec-encolure-benitier-261299\/\" \/>\n<meta property=\"og:site_name\" content=\"Oppen&#039;s\" \/>\n<meta property=\"article:publisher\" content=\"https:\/\/www.facebook.com\/boutiqueoppens\/\" \/>\n<meta property=\"article:modified_time\" content=\"2026-04-15T21:32:31+00:00\" \/>\n<meta property=\"og:image\" content=\"https:\/\/oppens.ca\/wp-content\/uploads\/2026\/04\/261299-2166-1-scaled.jpg\" \/>\n\t<meta property=\"og:image:width\" content=\"1708\" \/>\n\t<meta property=\"og:image:height\" content=\"2560\" \/>\n\t<meta property=\"og:image:type\" content=\"image\/jpeg\" \/>\n<meta name=\"twitter:card\" content=\"summary_large_image\" \/>\n<meta name=\"twitter:site\" content=\"@oppensmontreal\" \/>\n<meta name=\"twitter:label1\" content=\"Dur\u00e9e de lecture estim\u00e9e\" \/>\n\t<meta name=\"twitter:data1\" content=\"1 minute\" \/>\n<script type=\"application\/ld+json\" class=\"yoast-schema-graph\">{\"@context\":\"https:\/\/schema.org\",\"@graph\":[{\"@type\":\"WebPage\",\"@id\":\"https:\/\/oppens.ca\/fr\/produit\/joseph-ribkoff-robe-foulard-en-filet-a-pois-avec-encolure-benitier-261299\/\",\"url\":\"https:\/\/oppens.ca\/fr\/produit\/joseph-ribkoff-robe-foulard-en-filet-a-pois-avec-encolure-benitier-261299\/\",\"name\":\"JOSEPH RIBKOFF - Robe Foulard en Filet \u00e0 Pois avec Encolure B\u00e9nitier (261299) ( 261299) - Oppen&#039;s\",\"isPartOf\":{\"@id\":\"https:\/\/oppens.ca\/#website\"},\"primaryImageOfPage\":{\"@id\":\"https:\/\/oppens.ca\/fr\/produit\/joseph-ribkoff-robe-foulard-en-filet-a-pois-avec-encolure-benitier-261299\/#primaryimage\"},\"image\":{\"@id\":\"https:\/\/oppens.ca\/fr\/produit\/joseph-ribkoff-robe-foulard-en-filet-a-pois-avec-encolure-benitier-261299\/#primaryimage\"},\"thumbnailUrl\":\"https:\/\/oppens.ca\/wp-content\/uploads\/2026\/04\/261299-2166-1-scaled.jpg\",\"datePublished\":\"2026-04-15T20:40:46+00:00\",\"dateModified\":\"2026-04-15T21:32:31+00:00\",\"breadcrumb\":{\"@id\":\"https:\/\/oppens.ca\/fr\/produit\/joseph-ribkoff-robe-foulard-en-filet-a-pois-avec-encolure-benitier-261299\/#breadcrumb\"},\"inLanguage\":\"fr-FR\",\"potentialAction\":[{\"@type\":\"ReadAction\",\"target\":[\"https:\/\/oppens.ca\/fr\/produit\/joseph-ribkoff-robe-foulard-en-filet-a-pois-avec-encolure-benitier-261299\/\"]}]},{\"@type\":\"ImageObject\",\"inLanguage\":\"fr-FR\",\"@id\":\"https:\/\/oppens.ca\/fr\/produit\/joseph-ribkoff-robe-foulard-en-filet-a-pois-avec-encolure-benitier-261299\/#primaryimage\",\"url\":\"https:\/\/oppens.ca\/wp-content\/uploads\/2026\/04\/261299-2166-1-scaled.jpg\",\"contentUrl\":\"https:\/\/oppens.ca\/wp-content\/uploads\/2026\/04\/261299-2166-1-scaled.jpg\",\"width\":1708,\"height\":2560},{\"@type\":\"BreadcrumbList\",\"@id\":\"https:\/\/oppens.ca\/fr\/produit\/joseph-ribkoff-robe-foulard-en-filet-a-pois-avec-encolure-benitier-261299\/#breadcrumb\",\"itemListElement\":[{\"@type\":\"ListItem\",\"position\":1,\"name\":\"Home\",\"item\":\"https:\/\/oppens.ca\/fr\/home4\/\"},{\"@type\":\"ListItem\",\"position\":2,\"name\":\"Magasinez\",\"item\":\"https:\/\/oppens.ca\/fr\/magasinez\/\"},{\"@type\":\"ListItem\",\"position\":3,\"name\":\"JOSEPH RIBKOFF &#8211; Robe Foulard en Filet \u00e0 Pois avec Encolure B\u00e9nitier (261299) ( 261299)\"}]},{\"@type\":\"WebSite\",\"@id\":\"https:\/\/oppens.ca\/#website\",\"url\":\"https:\/\/oppens.ca\/\",\"name\":\"Oppen&#039;s\",\"description\":\"Celebrating women\u2019s evolving lifestyle for over 25 years\",\"publisher\":{\"@id\":\"https:\/\/oppens.ca\/#organization\"},\"potentialAction\":[{\"@type\":\"SearchAction\",\"target\":{\"@type\":\"EntryPoint\",\"urlTemplate\":\"https:\/\/oppens.ca\/?s={search_term_string}\"},\"query-input\":{\"@type\":\"PropertyValueSpecification\",\"valueRequired\":true,\"valueName\":\"search_term_string\"}}],\"inLanguage\":\"fr-FR\"},{\"@type\":\"Organization\",\"@id\":\"https:\/\/oppens.ca\/#organization\",\"name\":\"Oppens\",\"url\":\"https:\/\/oppens.ca\/\",\"logo\":{\"@type\":\"ImageObject\",\"inLanguage\":\"fr-FR\",\"@id\":\"https:\/\/oppens.ca\/#\/schema\/logo\/image\/\",\"url\":\"https:\/\/oppens.ca\/wp-content\/uploads\/2019\/10\/oppens.png\",\"contentUrl\":\"https:\/\/oppens.ca\/wp-content\/uploads\/2019\/10\/oppens.png\",\"width\":553,\"height\":246,\"caption\":\"Oppens\"},\"image\":{\"@id\":\"https:\/\/oppens.ca\/#\/schema\/logo\/image\/\"},\"sameAs\":[\"https:\/\/www.facebook.com\/boutiqueoppens\/\",\"https:\/\/x.com\/oppensmontreal\",\"https:\/\/www.instagram.com\/oppens_boutique\/\"]}]}<\/script>\n<!-- \/ Yoast SEO plugin. -->","yoast_head_json":{"title":"JOSEPH RIBKOFF - Robe Foulard en Filet \u00e0 Pois avec Encolure B\u00e9nitier (261299)                                                                                                                                        (        261299) - Oppen&#039;s","robots":{"index":"index","follow":"follow","max-snippet":"max-snippet:-1","max-image-preview":"max-image-preview:large","max-video-preview":"max-video-preview:-1"},"canonical":"https:\/\/oppens.ca\/fr\/produit\/joseph-ribkoff-robe-foulard-en-filet-a-pois-avec-encolure-benitier-261299\/","og_locale":"fr_FR","og_type":"article","og_title":"JOSEPH RIBKOFF - Robe Foulard en Filet \u00e0 Pois avec Encolure B\u00e9nitier (261299)                                                                                                                                        (        261299) - Oppen&#039;s","og_url":"https:\/\/oppens.ca\/fr\/produit\/joseph-ribkoff-robe-foulard-en-filet-a-pois-avec-encolure-benitier-261299\/","og_site_name":"Oppen&#039;s","article_publisher":"https:\/\/www.facebook.com\/boutiqueoppens\/","article_modified_time":"2026-04-15T21:32:31+00:00","og_image":[{"width":1708,"height":2560,"url":"https:\/\/oppens.ca\/wp-content\/uploads\/2026\/04\/261299-2166-1-scaled.jpg","type":"image\/jpeg"}],"twitter_card":"summary_large_image","twitter_site":"@oppensmontreal","twitter_misc":{"Dur\u00e9e de lecture estim\u00e9e":"1 minute"},"schema":{"@context":"https:\/\/schema.org","@graph":[{"@type":"WebPage","@id":"https:\/\/oppens.ca\/fr\/produit\/joseph-ribkoff-robe-foulard-en-filet-a-pois-avec-encolure-benitier-261299\/","url":"https:\/\/oppens.ca\/fr\/produit\/joseph-ribkoff-robe-foulard-en-filet-a-pois-avec-encolure-benitier-261299\/","name":"JOSEPH RIBKOFF - Robe Foulard en Filet \u00e0 Pois avec Encolure B\u00e9nitier (261299) ( 261299) - Oppen&#039;s","isPartOf":{"@id":"https:\/\/oppens.ca\/#website"},"primaryImageOfPage":{"@id":"https:\/\/oppens.ca\/fr\/produit\/joseph-ribkoff-robe-foulard-en-filet-a-pois-avec-encolure-benitier-261299\/#primaryimage"},"image":{"@id":"https:\/\/oppens.ca\/fr\/produit\/joseph-ribkoff-robe-foulard-en-filet-a-pois-avec-encolure-benitier-261299\/#primaryimage"},"thumbnailUrl":"https:\/\/oppens.ca\/wp-content\/uploads\/2026\/04\/261299-2166-1-scaled.jpg","datePublished":"2026-04-15T20:40:46+00:00","dateModified":"2026-04-15T21:32:31+00:00","breadcrumb":{"@id":"https:\/\/oppens.ca\/fr\/produit\/joseph-ribkoff-robe-foulard-en-filet-a-pois-avec-encolure-benitier-261299\/#breadcrumb"},"inLanguage":"fr-FR","potentialAction":[{"@type":"ReadAction","target":["https:\/\/oppens.ca\/fr\/produit\/joseph-ribkoff-robe-foulard-en-filet-a-pois-avec-encolure-benitier-261299\/"]}]},{"@type":"ImageObject","inLanguage":"fr-FR","@id":"https:\/\/oppens.ca\/fr\/produit\/joseph-ribkoff-robe-foulard-en-filet-a-pois-avec-encolure-benitier-261299\/#primaryimage","url":"https:\/\/oppens.ca\/wp-content\/uploads\/2026\/04\/261299-2166-1-scaled.jpg","contentUrl":"https:\/\/oppens.ca\/wp-content\/uploads\/2026\/04\/261299-2166-1-scaled.jpg","width":1708,"height":2560},{"@type":"BreadcrumbList","@id":"https:\/\/oppens.ca\/fr\/produit\/joseph-ribkoff-robe-foulard-en-filet-a-pois-avec-encolure-benitier-261299\/#breadcrumb","itemListElement":[{"@type":"ListItem","position":1,"name":"Home","item":"https:\/\/oppens.ca\/fr\/home4\/"},{"@type":"ListItem","position":2,"name":"Magasinez","item":"https:\/\/oppens.ca\/fr\/magasinez\/"},{"@type":"ListItem","position":3,"name":"JOSEPH RIBKOFF &#8211; Robe Foulard en Filet \u00e0 Pois avec Encolure B\u00e9nitier (261299) ( 261299)"}]},{"@type":"WebSite","@id":"https:\/\/oppens.ca\/#website","url":"https:\/\/oppens.ca\/","name":"Oppen&#039;s","description":"Celebrating women\u2019s evolving lifestyle for over 25 years","publisher":{"@id":"https:\/\/oppens.ca\/#organization"},"potentialAction":[{"@type":"SearchAction","target":{"@type":"EntryPoint","urlTemplate":"https:\/\/oppens.ca\/?s={search_term_string}"},"query-input":{"@type":"PropertyValueSpecification","valueRequired":true,"valueName":"search_term_string"}}],"inLanguage":"fr-FR"},{"@type":"Organization","@id":"https:\/\/oppens.ca\/#organization","name":"Oppens","url":"https:\/\/oppens.ca\/","logo":{"@type":"ImageObject","inLanguage":"fr-FR","@id":"https:\/\/oppens.ca\/#\/schema\/logo\/image\/","url":"https:\/\/oppens.ca\/wp-content\/uploads\/2019\/10\/oppens.png","contentUrl":"https:\/\/oppens.ca\/wp-content\/uploads\/2019\/10\/oppens.png","width":553,"height":246,"caption":"Oppens"},"image":{"@id":"https:\/\/oppens.ca\/#\/schema\/logo\/image\/"},"sameAs":["https:\/\/www.facebook.com\/boutiqueoppens\/","https:\/\/x.com\/oppensmontreal","https:\/\/www.instagram.com\/oppens_boutique\/"]}]}},"_links":{"self":[{"href":"https:\/\/oppens.ca\/fr\/wp-json\/wp\/v2\/product\/81701","targetHints":{"allow":["GET"]}}],"collection":[{"href":"https:\/\/oppens.ca\/fr\/wp-json\/wp\/v2\/product"}],"about":[{"href":"https:\/\/oppens.ca\/fr\/wp-json\/wp\/v2\/types\/product"}],"wp:featuredmedia":[{"embeddable":true,"href":"https:\/\/oppens.ca\/fr\/wp-json\/wp\/v2\/media\/81725"}],"wp:attachment":[{"href":"https:\/\/oppens.ca\/fr\/wp-json\/wp\/v2\/media?parent=81701"}],"wp:term":[{"taxonomy":"product_brand","embeddable":true,"href":"https:\/\/oppens.ca\/fr\/wp-json\/wp\/v2\/product_brand?post=81701"},{"taxonomy":"product_cat","embeddable":true,"href":"https:\/\/oppens.ca\/fr\/wp-json\/wp\/v2\/product_cat?post=81701"},{"taxonomy":"product_tag","embeddable":true,"href":"https:\/\/oppens.ca\/fr\/wp-json\/wp\/v2\/product_tag?post=81701"}],"curies":[{"name":"wp","href":"https:\/\/api.w.org\/{rel}","templated":true}]}}