                                                             

{"id":81596,"date":"2026-04-14T15:37:18","date_gmt":"2026-04-14T19:37:18","guid":{"rendered":"https:\/\/oppens.ca\/?post_type=product&#038;p=81596"},"modified":"2026-04-14T16:10:26","modified_gmt":"2026-04-14T20:10:26","slug":"tirelli-tunique-imprimee-a-col-structure-25a3742","status":"publish","type":"product","link":"https:\/\/oppens.ca\/fr\/produit\/tirelli-tunique-imprimee-a-col-structure-25a3742\/","title":{"rendered":"TIRELLI &#8211; TUNIQUE IMPRIM\u00c9E \u00c0 COL STRUCTUR\u00c9 (25A3742)"},"content":{"rendered":"<p><b>100% Coton<\/b><\/p>\n<ul>\n<li>Col Montant Structur\u00e9<\/li>\n<li>Imprim\u00e9 Tachet\u00e9 Surdimensionn\u00e9<\/li>\n<li>Longueur Tunique<\/li>\n<li>Silhouette<\/li>\n<li>Fentes Lat\u00e9rales<\/li>\n<\/ul>\n<p>Con\u00e7u en Australie<\/p>\n<p>Fait en Chine<\/p>\n","protected":false},"excerpt":{"rendered":"<p>100% Coton Col Montant Structur\u00e9 Imprim\u00e9 Tachet\u00e9 Surdimensionn\u00e9 Longueur Tunique Silhouette Fentes Lat\u00e9rales Con\u00e7u en Australie Fait en Chine<\/p>\n","protected":false},"featured_media":81643,"template":"","meta":[],"product_brand":[],"product_cat":[620,349,356,130],"product_tag":[542,619],"class_list":{"0":"post-81596","1":"product","2":"type-product","3":"status-publish","4":"has-post-thumbnail","6":"product_cat-tunique","7":"product_cat-nouveautes","8":"product_cat-magasiner-par-collection","9":"product_cat-hauts-cover-ups","10":"product_tag-nouveau","11":"product_tag-tunique","13":"first","14":"instock","15":"taxable","16":"shipping-taxable","17":"purchasable","18":"product-type-variable"},"supplier_id":null,"supplier_sku":"","barcode":null,"atum_controlled":true,"out_stock_date":null,"out_stock_threshold":null,"inheritable":true,"inbound_stock":null,"stock_on_hold":0,"sold_today":0,"sales_last_days":0,"reserved_stock":null,"customer_returns":null,"warehouse_damage":null,"lost_in_post":null,"other_logs":null,"out_stock_days":0,"lost_sales":0,"has_location":false,"update_date":"2026-04-15T00:26:12","atum_locations":[],"atum_stock_status":"instock","restock_status":false,"low_stock_amount":"","sales_update_date":"2026-04-15T00:26:12","calc_backorders":null,"yoast_head":"<!-- This site is optimized with the Yoast SEO plugin v27.0 - https:\/\/yoast.com\/product\/yoast-seo-wordpress\/ -->\n<title>TIRELLI - TUNIQUE IMPRIM\u00c9E \u00c0 COL STRUCTUR\u00c9 (25A3742) - Oppen&#039;s<\/title>\n<meta name=\"robots\" content=\"index, follow, max-snippet:-1, max-image-preview:large, max-video-preview:-1\" \/>\n<link rel=\"canonical\" href=\"https:\/\/oppens.ca\/fr\/produit\/tirelli-tunique-imprimee-a-col-structure-25a3742\/\" \/>\n<meta property=\"og:locale\" content=\"fr_FR\" \/>\n<meta property=\"og:type\" content=\"article\" \/>\n<meta property=\"og:title\" content=\"TIRELLI - TUNIQUE IMPRIM\u00c9E \u00c0 COL STRUCTUR\u00c9 (25A3742) - Oppen&#039;s\" \/>\n<meta property=\"og:description\" content=\"100% Coton Col Montant Structur\u00e9 Imprim\u00e9 Tachet\u00e9 Surdimensionn\u00e9 Longueur Tunique Silhouette Fentes Lat\u00e9rales Con\u00e7u en Australie Fait en Chine\" \/>\n<meta property=\"og:url\" content=\"https:\/\/oppens.ca\/fr\/produit\/tirelli-tunique-imprimee-a-col-structure-25a3742\/\" \/>\n<meta property=\"og:site_name\" content=\"Oppen&#039;s\" \/>\n<meta property=\"article:publisher\" content=\"https:\/\/www.facebook.com\/boutiqueoppens\/\" \/>\n<meta property=\"article:modified_time\" content=\"2026-04-14T20:10:26+00:00\" \/>\n<meta property=\"og:image\" content=\"https:\/\/oppens.ca\/wp-content\/uploads\/2026\/04\/ei_1776199329660-removebg-preview.png\" \/>\n\t<meta property=\"og:image:width\" content=\"372\" \/>\n\t<meta property=\"og:image:height\" content=\"429\" \/>\n\t<meta property=\"og:image:type\" content=\"image\/png\" \/>\n<meta name=\"twitter:card\" content=\"summary_large_image\" \/>\n<meta name=\"twitter:site\" content=\"@oppensmontreal\" \/>\n<meta name=\"twitter:label1\" content=\"Dur\u00e9e de lecture estim\u00e9e\" \/>\n\t<meta name=\"twitter:data1\" content=\"1 minute\" \/>\n<script type=\"application\/ld+json\" class=\"yoast-schema-graph\">{\"@context\":\"https:\/\/schema.org\",\"@graph\":[{\"@type\":\"WebPage\",\"@id\":\"https:\/\/oppens.ca\/fr\/produit\/tirelli-tunique-imprimee-a-col-structure-25a3742\/\",\"url\":\"https:\/\/oppens.ca\/fr\/produit\/tirelli-tunique-imprimee-a-col-structure-25a3742\/\",\"name\":\"TIRELLI - TUNIQUE IMPRIM\u00c9E \u00c0 COL STRUCTUR\u00c9 (25A3742) - Oppen&#039;s\",\"isPartOf\":{\"@id\":\"https:\/\/oppens.ca\/#website\"},\"primaryImageOfPage\":{\"@id\":\"https:\/\/oppens.ca\/fr\/produit\/tirelli-tunique-imprimee-a-col-structure-25a3742\/#primaryimage\"},\"image\":{\"@id\":\"https:\/\/oppens.ca\/fr\/produit\/tirelli-tunique-imprimee-a-col-structure-25a3742\/#primaryimage\"},\"thumbnailUrl\":\"https:\/\/oppens.ca\/wp-content\/uploads\/2026\/04\/ei_1776199329660-removebg-preview.png\",\"datePublished\":\"2026-04-14T19:37:18+00:00\",\"dateModified\":\"2026-04-14T20:10:26+00:00\",\"breadcrumb\":{\"@id\":\"https:\/\/oppens.ca\/fr\/produit\/tirelli-tunique-imprimee-a-col-structure-25a3742\/#breadcrumb\"},\"inLanguage\":\"fr-FR\",\"potentialAction\":[{\"@type\":\"ReadAction\",\"target\":[\"https:\/\/oppens.ca\/fr\/produit\/tirelli-tunique-imprimee-a-col-structure-25a3742\/\"]}]},{\"@type\":\"ImageObject\",\"inLanguage\":\"fr-FR\",\"@id\":\"https:\/\/oppens.ca\/fr\/produit\/tirelli-tunique-imprimee-a-col-structure-25a3742\/#primaryimage\",\"url\":\"https:\/\/oppens.ca\/wp-content\/uploads\/2026\/04\/ei_1776199329660-removebg-preview.png\",\"contentUrl\":\"https:\/\/oppens.ca\/wp-content\/uploads\/2026\/04\/ei_1776199329660-removebg-preview.png\",\"width\":372,\"height\":429},{\"@type\":\"BreadcrumbList\",\"@id\":\"https:\/\/oppens.ca\/fr\/produit\/tirelli-tunique-imprimee-a-col-structure-25a3742\/#breadcrumb\",\"itemListElement\":[{\"@type\":\"ListItem\",\"position\":1,\"name\":\"Home\",\"item\":\"https:\/\/oppens.ca\/fr\/home4\/\"},{\"@type\":\"ListItem\",\"position\":2,\"name\":\"Magasinez\",\"item\":\"https:\/\/oppens.ca\/fr\/magasinez\/\"},{\"@type\":\"ListItem\",\"position\":3,\"name\":\"TIRELLI &#8211; TUNIQUE IMPRIM\u00c9E \u00c0 COL STRUCTUR\u00c9 (25A3742)\"}]},{\"@type\":\"WebSite\",\"@id\":\"https:\/\/oppens.ca\/#website\",\"url\":\"https:\/\/oppens.ca\/\",\"name\":\"Oppen&#039;s\",\"description\":\"Celebrating women\u2019s evolving lifestyle for over 25 years\",\"publisher\":{\"@id\":\"https:\/\/oppens.ca\/#organization\"},\"potentialAction\":[{\"@type\":\"SearchAction\",\"target\":{\"@type\":\"EntryPoint\",\"urlTemplate\":\"https:\/\/oppens.ca\/?s={search_term_string}\"},\"query-input\":{\"@type\":\"PropertyValueSpecification\",\"valueRequired\":true,\"valueName\":\"search_term_string\"}}],\"inLanguage\":\"fr-FR\"},{\"@type\":\"Organization\",\"@id\":\"https:\/\/oppens.ca\/#organization\",\"name\":\"Oppens\",\"url\":\"https:\/\/oppens.ca\/\",\"logo\":{\"@type\":\"ImageObject\",\"inLanguage\":\"fr-FR\",\"@id\":\"https:\/\/oppens.ca\/#\/schema\/logo\/image\/\",\"url\":\"https:\/\/oppens.ca\/wp-content\/uploads\/2019\/10\/oppens.png\",\"contentUrl\":\"https:\/\/oppens.ca\/wp-content\/uploads\/2019\/10\/oppens.png\",\"width\":553,\"height\":246,\"caption\":\"Oppens\"},\"image\":{\"@id\":\"https:\/\/oppens.ca\/#\/schema\/logo\/image\/\"},\"sameAs\":[\"https:\/\/www.facebook.com\/boutiqueoppens\/\",\"https:\/\/x.com\/oppensmontreal\",\"https:\/\/www.instagram.com\/oppens_boutique\/\"]}]}<\/script>\n<!-- \/ Yoast SEO plugin. -->","yoast_head_json":{"title":"TIRELLI - TUNIQUE IMPRIM\u00c9E \u00c0 COL STRUCTUR\u00c9 (25A3742) - Oppen&#039;s","robots":{"index":"index","follow":"follow","max-snippet":"max-snippet:-1","max-image-preview":"max-image-preview:large","max-video-preview":"max-video-preview:-1"},"canonical":"https:\/\/oppens.ca\/fr\/produit\/tirelli-tunique-imprimee-a-col-structure-25a3742\/","og_locale":"fr_FR","og_type":"article","og_title":"TIRELLI - TUNIQUE IMPRIM\u00c9E \u00c0 COL STRUCTUR\u00c9 (25A3742) - Oppen&#039;s","og_description":"100% Coton Col Montant Structur\u00e9 Imprim\u00e9 Tachet\u00e9 Surdimensionn\u00e9 Longueur Tunique Silhouette Fentes Lat\u00e9rales Con\u00e7u en Australie Fait en Chine","og_url":"https:\/\/oppens.ca\/fr\/produit\/tirelli-tunique-imprimee-a-col-structure-25a3742\/","og_site_name":"Oppen&#039;s","article_publisher":"https:\/\/www.facebook.com\/boutiqueoppens\/","article_modified_time":"2026-04-14T20:10:26+00:00","og_image":[{"width":372,"height":429,"url":"https:\/\/oppens.ca\/wp-content\/uploads\/2026\/04\/ei_1776199329660-removebg-preview.png","type":"image\/png"}],"twitter_card":"summary_large_image","twitter_site":"@oppensmontreal","twitter_misc":{"Dur\u00e9e de lecture estim\u00e9e":"1 minute"},"schema":{"@context":"https:\/\/schema.org","@graph":[{"@type":"WebPage","@id":"https:\/\/oppens.ca\/fr\/produit\/tirelli-tunique-imprimee-a-col-structure-25a3742\/","url":"https:\/\/oppens.ca\/fr\/produit\/tirelli-tunique-imprimee-a-col-structure-25a3742\/","name":"TIRELLI - TUNIQUE IMPRIM\u00c9E \u00c0 COL STRUCTUR\u00c9 (25A3742) - Oppen&#039;s","isPartOf":{"@id":"https:\/\/oppens.ca\/#website"},"primaryImageOfPage":{"@id":"https:\/\/oppens.ca\/fr\/produit\/tirelli-tunique-imprimee-a-col-structure-25a3742\/#primaryimage"},"image":{"@id":"https:\/\/oppens.ca\/fr\/produit\/tirelli-tunique-imprimee-a-col-structure-25a3742\/#primaryimage"},"thumbnailUrl":"https:\/\/oppens.ca\/wp-content\/uploads\/2026\/04\/ei_1776199329660-removebg-preview.png","datePublished":"2026-04-14T19:37:18+00:00","dateModified":"2026-04-14T20:10:26+00:00","breadcrumb":{"@id":"https:\/\/oppens.ca\/fr\/produit\/tirelli-tunique-imprimee-a-col-structure-25a3742\/#breadcrumb"},"inLanguage":"fr-FR","potentialAction":[{"@type":"ReadAction","target":["https:\/\/oppens.ca\/fr\/produit\/tirelli-tunique-imprimee-a-col-structure-25a3742\/"]}]},{"@type":"ImageObject","inLanguage":"fr-FR","@id":"https:\/\/oppens.ca\/fr\/produit\/tirelli-tunique-imprimee-a-col-structure-25a3742\/#primaryimage","url":"https:\/\/oppens.ca\/wp-content\/uploads\/2026\/04\/ei_1776199329660-removebg-preview.png","contentUrl":"https:\/\/oppens.ca\/wp-content\/uploads\/2026\/04\/ei_1776199329660-removebg-preview.png","width":372,"height":429},{"@type":"BreadcrumbList","@id":"https:\/\/oppens.ca\/fr\/produit\/tirelli-tunique-imprimee-a-col-structure-25a3742\/#breadcrumb","itemListElement":[{"@type":"ListItem","position":1,"name":"Home","item":"https:\/\/oppens.ca\/fr\/home4\/"},{"@type":"ListItem","position":2,"name":"Magasinez","item":"https:\/\/oppens.ca\/fr\/magasinez\/"},{"@type":"ListItem","position":3,"name":"TIRELLI &#8211; TUNIQUE IMPRIM\u00c9E \u00c0 COL STRUCTUR\u00c9 (25A3742)"}]},{"@type":"WebSite","@id":"https:\/\/oppens.ca\/#website","url":"https:\/\/oppens.ca\/","name":"Oppen&#039;s","description":"Celebrating women\u2019s evolving lifestyle for over 25 years","publisher":{"@id":"https:\/\/oppens.ca\/#organization"},"potentialAction":[{"@type":"SearchAction","target":{"@type":"EntryPoint","urlTemplate":"https:\/\/oppens.ca\/?s={search_term_string}"},"query-input":{"@type":"PropertyValueSpecification","valueRequired":true,"valueName":"search_term_string"}}],"inLanguage":"fr-FR"},{"@type":"Organization","@id":"https:\/\/oppens.ca\/#organization","name":"Oppens","url":"https:\/\/oppens.ca\/","logo":{"@type":"ImageObject","inLanguage":"fr-FR","@id":"https:\/\/oppens.ca\/#\/schema\/logo\/image\/","url":"https:\/\/oppens.ca\/wp-content\/uploads\/2019\/10\/oppens.png","contentUrl":"https:\/\/oppens.ca\/wp-content\/uploads\/2019\/10\/oppens.png","width":553,"height":246,"caption":"Oppens"},"image":{"@id":"https:\/\/oppens.ca\/#\/schema\/logo\/image\/"},"sameAs":["https:\/\/www.facebook.com\/boutiqueoppens\/","https:\/\/x.com\/oppensmontreal","https:\/\/www.instagram.com\/oppens_boutique\/"]}]}},"_links":{"self":[{"href":"https:\/\/oppens.ca\/fr\/wp-json\/wp\/v2\/product\/81596","targetHints":{"allow":["GET"]}}],"collection":[{"href":"https:\/\/oppens.ca\/fr\/wp-json\/wp\/v2\/product"}],"about":[{"href":"https:\/\/oppens.ca\/fr\/wp-json\/wp\/v2\/types\/product"}],"wp:featuredmedia":[{"embeddable":true,"href":"https:\/\/oppens.ca\/fr\/wp-json\/wp\/v2\/media\/81643"}],"wp:attachment":[{"href":"https:\/\/oppens.ca\/fr\/wp-json\/wp\/v2\/media?parent=81596"}],"wp:term":[{"taxonomy":"product_brand","embeddable":true,"href":"https:\/\/oppens.ca\/fr\/wp-json\/wp\/v2\/product_brand?post=81596"},{"taxonomy":"product_cat","embeddable":true,"href":"https:\/\/oppens.ca\/fr\/wp-json\/wp\/v2\/product_cat?post=81596"},{"taxonomy":"product_tag","embeddable":true,"href":"https:\/\/oppens.ca\/fr\/wp-json\/wp\/v2\/product_tag?post=81596"}],"curies":[{"name":"wp","href":"https:\/\/api.w.org\/{rel}","templated":true}]}}