                                                             

{"id":81436,"date":"2026-04-01T13:11:37","date_gmt":"2026-04-01T17:11:37","guid":{"rendered":"https:\/\/oppens.ca\/?post_type=product&#038;p=81436"},"modified":"2026-04-03T16:21:48","modified_gmt":"2026-04-03T20:21:48","slug":"marie-la-lune-chemise-en-lin-taille-unique","status":"publish","type":"product","link":"https:\/\/oppens.ca\/fr\/produit\/marie-la-lune-chemise-en-lin-taille-unique\/","title":{"rendered":"MARIE LA LUNE &#8211; CHEMISE EN LIN TAILLE UNIQUE"},"content":{"rendered":"<p>100% Lin<\/p>\n<p>Laver \u00e0 la machine en eau froide au cycle d\u00e9licat. S\u00e9cher suspendu.<\/p>\n<p>Fait en Italie.<\/p>\n<p>Taille Unique<\/p>\n<p>&nbsp;<\/p>\n<p>&nbsp;<\/p>\n","protected":false},"excerpt":{"rendered":"<p>100% Lin Laver \u00e0 la machine en eau froide au cycle d\u00e9licat. S\u00e9cher suspendu. Fait en Italie. Taille Unique &nbsp; &nbsp;<\/p>\n","protected":false},"featured_media":73211,"template":"","meta":[],"product_brand":[],"product_cat":[349,356,382,130,238],"product_tag":[508,603,423,542,627],"class_list":{"0":"post-81436","1":"product","2":"type-product","3":"status-publish","4":"has-post-thumbnail","6":"product_cat-nouveautes","7":"product_cat-magasiner-par-collection","8":"product_cat-marie-la-lune-fr","9":"product_cat-hauts-cover-ups","10":"product_cat-blouses","11":"product_tag-haut","12":"product_tag-linen-fr","13":"product_tag-marie-la-lune-fr","14":"product_tag-nouveau","15":"product_tag-shirt-fr","17":"first","18":"instock","19":"taxable","20":"shipping-taxable","21":"purchasable","22":"product-type-variable"},"supplier_id":null,"supplier_sku":"","barcode":null,"atum_controlled":true,"out_stock_date":null,"out_stock_threshold":null,"inheritable":true,"inbound_stock":null,"stock_on_hold":0,"sold_today":0,"sales_last_days":0,"reserved_stock":null,"customer_returns":null,"warehouse_damage":null,"lost_in_post":null,"other_logs":null,"out_stock_days":0,"lost_sales":0,"has_location":false,"update_date":"2026-04-05T00:22:13","atum_locations":[],"atum_stock_status":"instock","restock_status":false,"low_stock_amount":"","sales_update_date":"2026-04-05T00:22:13","calc_backorders":null,"yoast_head":"<!-- This site is optimized with the Yoast SEO plugin v27.0 - https:\/\/yoast.com\/product\/yoast-seo-wordpress\/ -->\n<title>MARIE LA LUNE - CHEMISE EN LIN TAILLE UNIQUE - Oppen&#039;s<\/title>\n<meta name=\"robots\" content=\"index, follow, max-snippet:-1, max-image-preview:large, max-video-preview:-1\" \/>\n<link rel=\"canonical\" href=\"https:\/\/oppens.ca\/fr\/produit\/marie-la-lune-chemise-en-lin-taille-unique\/\" \/>\n<meta property=\"og:locale\" content=\"fr_FR\" \/>\n<meta property=\"og:type\" content=\"article\" \/>\n<meta property=\"og:title\" content=\"MARIE LA LUNE - CHEMISE EN LIN TAILLE UNIQUE - Oppen&#039;s\" \/>\n<meta property=\"og:description\" content=\"100% Lin Laver \u00e0 la machine en eau froide au cycle d\u00e9licat. S\u00e9cher suspendu. Fait en Italie. Taille Unique &nbsp; &nbsp;\" \/>\n<meta property=\"og:url\" content=\"https:\/\/oppens.ca\/fr\/produit\/marie-la-lune-chemise-en-lin-taille-unique\/\" \/>\n<meta property=\"og:site_name\" content=\"Oppen&#039;s\" \/>\n<meta property=\"article:publisher\" content=\"https:\/\/www.facebook.com\/boutiqueoppens\/\" \/>\n<meta property=\"article:modified_time\" content=\"2026-04-03T20:21:48+00:00\" \/>\n<meta property=\"og:image\" content=\"https:\/\/oppens.ca\/wp-content\/uploads\/2025\/03\/Oppens-Studio-20230417-1543-2.jpg\" \/>\n\t<meta property=\"og:image:width\" content=\"561\" \/>\n\t<meta property=\"og:image:height\" content=\"561\" \/>\n\t<meta property=\"og:image:type\" content=\"image\/jpeg\" \/>\n<meta name=\"twitter:card\" content=\"summary_large_image\" \/>\n<meta name=\"twitter:site\" content=\"@oppensmontreal\" \/>\n<meta name=\"twitter:label1\" content=\"Dur\u00e9e de lecture estim\u00e9e\" \/>\n\t<meta name=\"twitter:data1\" content=\"1 minute\" \/>\n<script type=\"application\/ld+json\" class=\"yoast-schema-graph\">{\"@context\":\"https:\/\/schema.org\",\"@graph\":[{\"@type\":\"WebPage\",\"@id\":\"https:\/\/oppens.ca\/fr\/produit\/marie-la-lune-chemise-en-lin-taille-unique\/\",\"url\":\"https:\/\/oppens.ca\/fr\/produit\/marie-la-lune-chemise-en-lin-taille-unique\/\",\"name\":\"MARIE LA LUNE - CHEMISE EN LIN TAILLE UNIQUE - Oppen&#039;s\",\"isPartOf\":{\"@id\":\"https:\/\/oppens.ca\/#website\"},\"primaryImageOfPage\":{\"@id\":\"https:\/\/oppens.ca\/fr\/produit\/marie-la-lune-chemise-en-lin-taille-unique\/#primaryimage\"},\"image\":{\"@id\":\"https:\/\/oppens.ca\/fr\/produit\/marie-la-lune-chemise-en-lin-taille-unique\/#primaryimage\"},\"thumbnailUrl\":\"https:\/\/oppens.ca\/wp-content\/uploads\/2025\/03\/Oppens-Studio-20230417-1543-2.jpg\",\"datePublished\":\"2026-04-01T17:11:37+00:00\",\"dateModified\":\"2026-04-03T20:21:48+00:00\",\"breadcrumb\":{\"@id\":\"https:\/\/oppens.ca\/fr\/produit\/marie-la-lune-chemise-en-lin-taille-unique\/#breadcrumb\"},\"inLanguage\":\"fr-FR\",\"potentialAction\":[{\"@type\":\"ReadAction\",\"target\":[\"https:\/\/oppens.ca\/fr\/produit\/marie-la-lune-chemise-en-lin-taille-unique\/\"]}]},{\"@type\":\"ImageObject\",\"inLanguage\":\"fr-FR\",\"@id\":\"https:\/\/oppens.ca\/fr\/produit\/marie-la-lune-chemise-en-lin-taille-unique\/#primaryimage\",\"url\":\"https:\/\/oppens.ca\/wp-content\/uploads\/2025\/03\/Oppens-Studio-20230417-1543-2.jpg\",\"contentUrl\":\"https:\/\/oppens.ca\/wp-content\/uploads\/2025\/03\/Oppens-Studio-20230417-1543-2.jpg\",\"width\":561,\"height\":561},{\"@type\":\"BreadcrumbList\",\"@id\":\"https:\/\/oppens.ca\/fr\/produit\/marie-la-lune-chemise-en-lin-taille-unique\/#breadcrumb\",\"itemListElement\":[{\"@type\":\"ListItem\",\"position\":1,\"name\":\"Home\",\"item\":\"https:\/\/oppens.ca\/fr\/\"},{\"@type\":\"ListItem\",\"position\":2,\"name\":\"Magasinez\",\"item\":\"https:\/\/oppens.ca\/fr\/magasinez\/\"},{\"@type\":\"ListItem\",\"position\":3,\"name\":\"MARIE LA LUNE &#8211; CHEMISE EN LIN TAILLE UNIQUE\"}]},{\"@type\":\"WebSite\",\"@id\":\"https:\/\/oppens.ca\/#website\",\"url\":\"https:\/\/oppens.ca\/\",\"name\":\"Oppen&#039;s\",\"description\":\"Celebrating women\u2019s evolving lifestyle for over 25 years\",\"publisher\":{\"@id\":\"https:\/\/oppens.ca\/#organization\"},\"potentialAction\":[{\"@type\":\"SearchAction\",\"target\":{\"@type\":\"EntryPoint\",\"urlTemplate\":\"https:\/\/oppens.ca\/?s={search_term_string}\"},\"query-input\":{\"@type\":\"PropertyValueSpecification\",\"valueRequired\":true,\"valueName\":\"search_term_string\"}}],\"inLanguage\":\"fr-FR\"},{\"@type\":\"Organization\",\"@id\":\"https:\/\/oppens.ca\/#organization\",\"name\":\"Oppens\",\"url\":\"https:\/\/oppens.ca\/\",\"logo\":{\"@type\":\"ImageObject\",\"inLanguage\":\"fr-FR\",\"@id\":\"https:\/\/oppens.ca\/#\/schema\/logo\/image\/\",\"url\":\"https:\/\/oppens.ca\/wp-content\/uploads\/2019\/10\/oppens.png\",\"contentUrl\":\"https:\/\/oppens.ca\/wp-content\/uploads\/2019\/10\/oppens.png\",\"width\":553,\"height\":246,\"caption\":\"Oppens\"},\"image\":{\"@id\":\"https:\/\/oppens.ca\/#\/schema\/logo\/image\/\"},\"sameAs\":[\"https:\/\/www.facebook.com\/boutiqueoppens\/\",\"https:\/\/x.com\/oppensmontreal\",\"https:\/\/www.instagram.com\/oppens_boutique\/\"]}]}<\/script>\n<!-- \/ Yoast SEO plugin. -->","yoast_head_json":{"title":"MARIE LA LUNE - CHEMISE EN LIN TAILLE UNIQUE - Oppen&#039;s","robots":{"index":"index","follow":"follow","max-snippet":"max-snippet:-1","max-image-preview":"max-image-preview:large","max-video-preview":"max-video-preview:-1"},"canonical":"https:\/\/oppens.ca\/fr\/produit\/marie-la-lune-chemise-en-lin-taille-unique\/","og_locale":"fr_FR","og_type":"article","og_title":"MARIE LA LUNE - CHEMISE EN LIN TAILLE UNIQUE - Oppen&#039;s","og_description":"100% Lin Laver \u00e0 la machine en eau froide au cycle d\u00e9licat. S\u00e9cher suspendu. Fait en Italie. Taille Unique &nbsp; &nbsp;","og_url":"https:\/\/oppens.ca\/fr\/produit\/marie-la-lune-chemise-en-lin-taille-unique\/","og_site_name":"Oppen&#039;s","article_publisher":"https:\/\/www.facebook.com\/boutiqueoppens\/","article_modified_time":"2026-04-03T20:21:48+00:00","og_image":[{"width":561,"height":561,"url":"https:\/\/oppens.ca\/wp-content\/uploads\/2025\/03\/Oppens-Studio-20230417-1543-2.jpg","type":"image\/jpeg"}],"twitter_card":"summary_large_image","twitter_site":"@oppensmontreal","twitter_misc":{"Dur\u00e9e de lecture estim\u00e9e":"1 minute"},"schema":{"@context":"https:\/\/schema.org","@graph":[{"@type":"WebPage","@id":"https:\/\/oppens.ca\/fr\/produit\/marie-la-lune-chemise-en-lin-taille-unique\/","url":"https:\/\/oppens.ca\/fr\/produit\/marie-la-lune-chemise-en-lin-taille-unique\/","name":"MARIE LA LUNE - CHEMISE EN LIN TAILLE UNIQUE - Oppen&#039;s","isPartOf":{"@id":"https:\/\/oppens.ca\/#website"},"primaryImageOfPage":{"@id":"https:\/\/oppens.ca\/fr\/produit\/marie-la-lune-chemise-en-lin-taille-unique\/#primaryimage"},"image":{"@id":"https:\/\/oppens.ca\/fr\/produit\/marie-la-lune-chemise-en-lin-taille-unique\/#primaryimage"},"thumbnailUrl":"https:\/\/oppens.ca\/wp-content\/uploads\/2025\/03\/Oppens-Studio-20230417-1543-2.jpg","datePublished":"2026-04-01T17:11:37+00:00","dateModified":"2026-04-03T20:21:48+00:00","breadcrumb":{"@id":"https:\/\/oppens.ca\/fr\/produit\/marie-la-lune-chemise-en-lin-taille-unique\/#breadcrumb"},"inLanguage":"fr-FR","potentialAction":[{"@type":"ReadAction","target":["https:\/\/oppens.ca\/fr\/produit\/marie-la-lune-chemise-en-lin-taille-unique\/"]}]},{"@type":"ImageObject","inLanguage":"fr-FR","@id":"https:\/\/oppens.ca\/fr\/produit\/marie-la-lune-chemise-en-lin-taille-unique\/#primaryimage","url":"https:\/\/oppens.ca\/wp-content\/uploads\/2025\/03\/Oppens-Studio-20230417-1543-2.jpg","contentUrl":"https:\/\/oppens.ca\/wp-content\/uploads\/2025\/03\/Oppens-Studio-20230417-1543-2.jpg","width":561,"height":561},{"@type":"BreadcrumbList","@id":"https:\/\/oppens.ca\/fr\/produit\/marie-la-lune-chemise-en-lin-taille-unique\/#breadcrumb","itemListElement":[{"@type":"ListItem","position":1,"name":"Home","item":"https:\/\/oppens.ca\/fr\/"},{"@type":"ListItem","position":2,"name":"Magasinez","item":"https:\/\/oppens.ca\/fr\/magasinez\/"},{"@type":"ListItem","position":3,"name":"MARIE LA LUNE &#8211; CHEMISE EN LIN TAILLE UNIQUE"}]},{"@type":"WebSite","@id":"https:\/\/oppens.ca\/#website","url":"https:\/\/oppens.ca\/","name":"Oppen&#039;s","description":"Celebrating women\u2019s evolving lifestyle for over 25 years","publisher":{"@id":"https:\/\/oppens.ca\/#organization"},"potentialAction":[{"@type":"SearchAction","target":{"@type":"EntryPoint","urlTemplate":"https:\/\/oppens.ca\/?s={search_term_string}"},"query-input":{"@type":"PropertyValueSpecification","valueRequired":true,"valueName":"search_term_string"}}],"inLanguage":"fr-FR"},{"@type":"Organization","@id":"https:\/\/oppens.ca\/#organization","name":"Oppens","url":"https:\/\/oppens.ca\/","logo":{"@type":"ImageObject","inLanguage":"fr-FR","@id":"https:\/\/oppens.ca\/#\/schema\/logo\/image\/","url":"https:\/\/oppens.ca\/wp-content\/uploads\/2019\/10\/oppens.png","contentUrl":"https:\/\/oppens.ca\/wp-content\/uploads\/2019\/10\/oppens.png","width":553,"height":246,"caption":"Oppens"},"image":{"@id":"https:\/\/oppens.ca\/#\/schema\/logo\/image\/"},"sameAs":["https:\/\/www.facebook.com\/boutiqueoppens\/","https:\/\/x.com\/oppensmontreal","https:\/\/www.instagram.com\/oppens_boutique\/"]}]}},"_links":{"self":[{"href":"https:\/\/oppens.ca\/fr\/wp-json\/wp\/v2\/product\/81436","targetHints":{"allow":["GET"]}}],"collection":[{"href":"https:\/\/oppens.ca\/fr\/wp-json\/wp\/v2\/product"}],"about":[{"href":"https:\/\/oppens.ca\/fr\/wp-json\/wp\/v2\/types\/product"}],"wp:featuredmedia":[{"embeddable":true,"href":"https:\/\/oppens.ca\/fr\/wp-json\/wp\/v2\/media\/73211"}],"wp:attachment":[{"href":"https:\/\/oppens.ca\/fr\/wp-json\/wp\/v2\/media?parent=81436"}],"wp:term":[{"taxonomy":"product_brand","embeddable":true,"href":"https:\/\/oppens.ca\/fr\/wp-json\/wp\/v2\/product_brand?post=81436"},{"taxonomy":"product_cat","embeddable":true,"href":"https:\/\/oppens.ca\/fr\/wp-json\/wp\/v2\/product_cat?post=81436"},{"taxonomy":"product_tag","embeddable":true,"href":"https:\/\/oppens.ca\/fr\/wp-json\/wp\/v2\/product_tag?post=81436"}],"curies":[{"name":"wp","href":"https:\/\/api.w.org\/{rel}","templated":true}]}}