                                                             

{"id":81018,"date":"2026-01-20T14:02:17","date_gmt":"2026-01-20T18:02:17","guid":{"rendered":"https:\/\/oppens.ca\/?post_type=product&#038;p=81018"},"modified":"2026-01-22T13:36:12","modified_gmt":"2026-01-22T17:36:12","slug":"joseph-ribkoff-veste-tissee-a-mailles-ouvertes-drapee-avec-franges-262973","status":"publish","type":"product","link":"https:\/\/oppens.ca\/fr\/produit\/joseph-ribkoff-veste-tissee-a-mailles-ouvertes-drapee-avec-franges-262973\/","title":{"rendered":"JOSEPH RIBKOFF &#8211; Veste tiss\u00e9e \u00e0 mailles ouvertes drap\u00e9e avec franges (262973)"},"content":{"rendered":"<p>100 % Polyester<\/p>\n<ul class=\"accordion\">\n<li>Laver \u00e0 la main \u00e0 l&#8217;eau froide avec des couleurs similaires<\/li>\n<li>S\u00e9cher \u00e0 plat \u00e0 l&#8217;ombre<\/li>\n<li>Laver le v\u00eatement \u00e0 l&#8217;envers<\/li>\n<li>Laver les articles s\u00e9par\u00e9ment<\/li>\n<\/ul>\n<p>Ce v\u00eatement tiss\u00e9 \u00e0 point ouvert apporte une couche l\u00e9g\u00e8re avec une texture et un mouvement subtils. Con\u00e7u avec une silhouette drap\u00e9e, il se termine par une frange assortie \u00e0 l&#8217;ourlet et un accent de pi\u00e8ce en m\u00e9tal JR.<\/p>\n<p>Silhouette drap\u00e9e<\/p>\n<p>Fabriqu\u00e9 en Chine<\/p>\n<p>Guide des tailles<\/p>\n<table class=\"table table-striped\">\n<thead>\n<tr>\n<td colspan=\"2\" rowspan=\"2\">Tailles<\/td>\n<td colspan=\"2\">XS<\/td>\n<td colspan=\"2\">S<\/td>\n<td colspan=\"2\">M<\/td>\n<td colspan=\"2\">L<\/td>\n<td colspan=\"2\">XL<\/td>\n<td colspan=\"2\">XXL<\/td>\n<td>XXXL<\/td>\n<\/tr>\n<tr>\n<td>0<\/td>\n<td>2<\/td>\n<td>4<\/td>\n<td>6<\/td>\n<td>8<\/td>\n<td>10<\/td>\n<td>12<\/td>\n<td>14<\/td>\n<td>16<\/td>\n<td>18<\/td>\n<td>20<\/td>\n<td>22<\/td>\n<td>24<\/td>\n<\/tr>\n<\/thead>\n<tbody>\n<tr>\n<td rowspan=\"2\">Circonf\u00e9rence du buste<\/td>\n<td><span class=\"nav-level-1\">IN<\/span><\/td>\n<td>32<\/td>\n<td>33<\/td>\n<td>34<\/td>\n<td>35<\/td>\n<td>36<\/td>\n<td>37 \u00bd<\/td>\n<td>39<\/td>\n<td>41<\/td>\n<td>43<\/td>\n<td>45<\/td>\n<td>47<\/td>\n<td>49<\/td>\n<td>51<\/td>\n<\/tr>\n<tr>\n<td><span class=\"nav-level-1\">CM<\/span><\/td>\n<td>81<\/td>\n<td>84<\/td>\n<td>86<\/td>\n<td>89<\/td>\n<td>91<\/td>\n<td>95<\/td>\n<td>99<\/td>\n<td>104<\/td>\n<td>109<\/td>\n<td>114<\/td>\n<td>119<\/td>\n<td>124<\/td>\n<td>129.5<\/td>\n<\/tr>\n<tr>\n<td rowspan=\"2\">Circonf\u00e9rence de la taille<\/td>\n<td><span class=\"nav-level-1\">IN<\/span><\/td>\n<td>25<\/td>\n<td>26<\/td>\n<td>27<\/td>\n<td>28<\/td>\n<td>29<\/td>\n<td>30\u00a0\u00bd<\/td>\n<td>32<\/td>\n<td>34<\/td>\n<td>36<\/td>\n<td>38<\/td>\n<td>40<\/td>\n<td>42<\/td>\n<td>44<\/td>\n<\/tr>\n<tr>\n<td><span class=\"nav-level-1\">CM<\/span><\/td>\n<td>63.5<\/td>\n<td>66<\/td>\n<td>68.5<\/td>\n<td>71<\/td>\n<td>74<\/td>\n<td>77<\/td>\n<td>81<\/td>\n<td>86<\/td>\n<td>91<\/td>\n<td>96.5<\/td>\n<td>102<\/td>\n<td>107<\/td>\n<td>112<\/td>\n<\/tr>\n<tr>\n<td rowspan=\"2\">Circonf\u00e9rence des hanches<\/td>\n<td><span class=\"nav-level-1\">IN<\/span><\/td>\n<td>35<\/td>\n<td>36<\/td>\n<td>37<\/td>\n<td>38<\/td>\n<td>39<\/td>\n<td>40\u00a0\u00bd<\/td>\n<td>42<\/td>\n<td>44<\/td>\n<td>46<\/td>\n<td>48<\/td>\n<td>50<\/td>\n<td>52<\/td>\n<td>54<\/td>\n<\/tr>\n<tr>\n<td><span class=\"nav-level-1\">CM<\/span><\/td>\n<td>89<\/td>\n<td>91<\/td>\n<td>94<\/td>\n<td>96.5<\/td>\n<td>99<\/td>\n<td>103<\/td>\n<td>107<\/td>\n<td>112<\/td>\n<td>117<\/td>\n<td>122<\/td>\n<td>127<\/td>\n<td>132<\/td>\n<td>137<\/td>\n<\/tr>\n<\/tbody>\n<\/table>\n","protected":false},"excerpt":{"rendered":"<p>100 % Polyester Laver \u00e0 la main \u00e0 l&#8217;eau froide avec des couleurs similaires S\u00e9cher \u00e0 plat \u00e0 l&#8217;ombre Laver le v\u00eatement \u00e0 l&#8217;envers Laver les articles s\u00e9par\u00e9ment Ce v\u00eatement tiss\u00e9 \u00e0 point ouvert apporte une couche l\u00e9g\u00e8re avec une texture et un mouvement subtils. Con\u00e7u avec une silhouette drap\u00e9e, il se termine par une &hellip; <\/p>\n<p class=\"link-more\"><a href=\"https:\/\/oppens.ca\/fr\/produit\/joseph-ribkoff-veste-tissee-a-mailles-ouvertes-drapee-avec-franges-262973\/\" class=\"more-link\">Continue reading&lt;span class=&quot;screen-reader-text&quot;&gt; &quot;JOSEPH RIBKOFF &#8211; Veste tiss\u00e9e \u00e0 mailles ouvertes drap\u00e9e avec franges (262973)&quot;&lt;\/span&gt;<\/a><\/p>\n","protected":false},"featured_media":81022,"template":"","meta":[],"product_brand":[],"product_cat":[230,159,130,376,356,349],"product_tag":[653,280,542],"class_list":{"0":"post-81018","1":"product","2":"type-product","3":"status-publish","4":"has-post-thumbnail","6":"product_cat-cardigans-vestons","7":"product_cat-chandail","8":"product_cat-hauts-cover-ups","9":"product_cat-joseph-ribkoff-fr","10":"product_cat-magasiner-par-collection","11":"product_cat-nouveautes","12":"product_tag-cover-up-fr","13":"product_tag-joseph-ribkoff-fr","14":"product_tag-nouveau","16":"first","17":"instock","18":"taxable","19":"shipping-taxable","20":"purchasable","21":"product-type-variable"},"supplier_id":null,"supplier_sku":"","barcode":null,"atum_controlled":true,"out_stock_date":null,"out_stock_threshold":null,"inheritable":true,"inbound_stock":null,"stock_on_hold":0,"sold_today":0,"sales_last_days":0,"reserved_stock":null,"customer_returns":null,"warehouse_damage":null,"lost_in_post":null,"other_logs":null,"out_stock_days":0,"lost_sales":0,"has_location":false,"update_date":"2026-05-06T00:33:09","atum_locations":[],"atum_stock_status":"instock","restock_status":false,"low_stock_amount":"","sales_update_date":"2026-05-06T00:33:09","calc_backorders":null,"yoast_head":"<!-- This site is optimized with the Yoast SEO plugin v27.0 - https:\/\/yoast.com\/product\/yoast-seo-wordpress\/ -->\n<title>JOSEPH RIBKOFF - Veste tiss\u00e9e \u00e0 mailles ouvertes drap\u00e9e avec franges (262973) - Oppen&#039;s<\/title>\n<meta name=\"robots\" content=\"index, follow, max-snippet:-1, max-image-preview:large, max-video-preview:-1\" \/>\n<link rel=\"canonical\" href=\"https:\/\/oppens.ca\/fr\/produit\/joseph-ribkoff-veste-tissee-a-mailles-ouvertes-drapee-avec-franges-262973\/\" \/>\n<meta property=\"og:locale\" content=\"fr_FR\" \/>\n<meta property=\"og:type\" content=\"article\" \/>\n<meta property=\"og:title\" content=\"JOSEPH RIBKOFF - Veste tiss\u00e9e \u00e0 mailles ouvertes drap\u00e9e avec franges (262973) - Oppen&#039;s\" \/>\n<meta property=\"og:description\" content=\"100 % Polyester Laver \u00e0 la main \u00e0 l&#8217;eau froide avec des couleurs similaires S\u00e9cher \u00e0 plat \u00e0 l&#8217;ombre Laver le v\u00eatement \u00e0 l&#8217;envers Laver les articles s\u00e9par\u00e9ment Ce v\u00eatement tiss\u00e9 \u00e0 point ouvert apporte une couche l\u00e9g\u00e8re avec une texture et un mouvement subtils. Con\u00e7u avec une silhouette drap\u00e9e, il se termine par une &hellip; Continue reading&lt;span class=&quot;screen-reader-text&quot;&gt; &quot;JOSEPH RIBKOFF &#8211; Veste tiss\u00e9e \u00e0 mailles ouvertes drap\u00e9e avec franges (262973)&quot;&lt;\/span&gt;\" \/>\n<meta property=\"og:url\" content=\"https:\/\/oppens.ca\/fr\/produit\/joseph-ribkoff-veste-tissee-a-mailles-ouvertes-drapee-avec-franges-262973\/\" \/>\n<meta property=\"og:site_name\" content=\"Oppen&#039;s\" \/>\n<meta property=\"article:publisher\" content=\"https:\/\/www.facebook.com\/boutiqueoppens\/\" \/>\n<meta property=\"article:modified_time\" content=\"2026-01-22T17:36:12+00:00\" \/>\n<meta property=\"og:image\" content=\"https:\/\/oppens.ca\/wp-content\/uploads\/2026\/01\/262973-11-1.jpg\" \/>\n\t<meta property=\"og:image:width\" content=\"1\" \/>\n\t<meta property=\"og:image:height\" content=\"1\" \/>\n\t<meta property=\"og:image:type\" content=\"image\/jpeg\" \/>\n<meta name=\"twitter:card\" content=\"summary_large_image\" \/>\n<meta name=\"twitter:site\" content=\"@oppensmontreal\" \/>\n<meta name=\"twitter:label1\" content=\"Dur\u00e9e de lecture estim\u00e9e\" \/>\n\t<meta name=\"twitter:data1\" content=\"2 minutes\" \/>\n<script type=\"application\/ld+json\" class=\"yoast-schema-graph\">{\"@context\":\"https:\/\/schema.org\",\"@graph\":[{\"@type\":\"WebPage\",\"@id\":\"https:\/\/oppens.ca\/fr\/produit\/joseph-ribkoff-veste-tissee-a-mailles-ouvertes-drapee-avec-franges-262973\/\",\"url\":\"https:\/\/oppens.ca\/fr\/produit\/joseph-ribkoff-veste-tissee-a-mailles-ouvertes-drapee-avec-franges-262973\/\",\"name\":\"JOSEPH RIBKOFF - Veste tiss\u00e9e \u00e0 mailles ouvertes drap\u00e9e avec franges (262973) - Oppen&#039;s\",\"isPartOf\":{\"@id\":\"https:\/\/oppens.ca\/#website\"},\"primaryImageOfPage\":{\"@id\":\"https:\/\/oppens.ca\/fr\/produit\/joseph-ribkoff-veste-tissee-a-mailles-ouvertes-drapee-avec-franges-262973\/#primaryimage\"},\"image\":{\"@id\":\"https:\/\/oppens.ca\/fr\/produit\/joseph-ribkoff-veste-tissee-a-mailles-ouvertes-drapee-avec-franges-262973\/#primaryimage\"},\"thumbnailUrl\":\"https:\/\/oppens.ca\/wp-content\/uploads\/2026\/01\/262973-11-1.jpg\",\"datePublished\":\"2026-01-20T18:02:17+00:00\",\"dateModified\":\"2026-01-22T17:36:12+00:00\",\"breadcrumb\":{\"@id\":\"https:\/\/oppens.ca\/fr\/produit\/joseph-ribkoff-veste-tissee-a-mailles-ouvertes-drapee-avec-franges-262973\/#breadcrumb\"},\"inLanguage\":\"fr-FR\",\"potentialAction\":[{\"@type\":\"ReadAction\",\"target\":[\"https:\/\/oppens.ca\/fr\/produit\/joseph-ribkoff-veste-tissee-a-mailles-ouvertes-drapee-avec-franges-262973\/\"]}]},{\"@type\":\"ImageObject\",\"inLanguage\":\"fr-FR\",\"@id\":\"https:\/\/oppens.ca\/fr\/produit\/joseph-ribkoff-veste-tissee-a-mailles-ouvertes-drapee-avec-franges-262973\/#primaryimage\",\"url\":\"https:\/\/oppens.ca\/wp-content\/uploads\/2026\/01\/262973-11-1.jpg\",\"contentUrl\":\"https:\/\/oppens.ca\/wp-content\/uploads\/2026\/01\/262973-11-1.jpg\"},{\"@type\":\"BreadcrumbList\",\"@id\":\"https:\/\/oppens.ca\/fr\/produit\/joseph-ribkoff-veste-tissee-a-mailles-ouvertes-drapee-avec-franges-262973\/#breadcrumb\",\"itemListElement\":[{\"@type\":\"ListItem\",\"position\":1,\"name\":\"Home\",\"item\":\"https:\/\/oppens.ca\/fr\/\"},{\"@type\":\"ListItem\",\"position\":2,\"name\":\"Magasinez\",\"item\":\"https:\/\/oppens.ca\/fr\/magasinez\/\"},{\"@type\":\"ListItem\",\"position\":3,\"name\":\"JOSEPH RIBKOFF &#8211; Veste tiss\u00e9e \u00e0 mailles ouvertes drap\u00e9e avec franges (262973)\"}]},{\"@type\":\"WebSite\",\"@id\":\"https:\/\/oppens.ca\/#website\",\"url\":\"https:\/\/oppens.ca\/\",\"name\":\"Oppen&#039;s\",\"description\":\"Celebrating women\u2019s evolving lifestyle for over 25 years\",\"publisher\":{\"@id\":\"https:\/\/oppens.ca\/#organization\"},\"potentialAction\":[{\"@type\":\"SearchAction\",\"target\":{\"@type\":\"EntryPoint\",\"urlTemplate\":\"https:\/\/oppens.ca\/?s={search_term_string}\"},\"query-input\":{\"@type\":\"PropertyValueSpecification\",\"valueRequired\":true,\"valueName\":\"search_term_string\"}}],\"inLanguage\":\"fr-FR\"},{\"@type\":\"Organization\",\"@id\":\"https:\/\/oppens.ca\/#organization\",\"name\":\"Oppens\",\"url\":\"https:\/\/oppens.ca\/\",\"logo\":{\"@type\":\"ImageObject\",\"inLanguage\":\"fr-FR\",\"@id\":\"https:\/\/oppens.ca\/#\/schema\/logo\/image\/\",\"url\":\"https:\/\/oppens.ca\/wp-content\/uploads\/2019\/10\/oppens.png\",\"contentUrl\":\"https:\/\/oppens.ca\/wp-content\/uploads\/2019\/10\/oppens.png\",\"width\":553,\"height\":246,\"caption\":\"Oppens\"},\"image\":{\"@id\":\"https:\/\/oppens.ca\/#\/schema\/logo\/image\/\"},\"sameAs\":[\"https:\/\/www.facebook.com\/boutiqueoppens\/\",\"https:\/\/x.com\/oppensmontreal\",\"https:\/\/www.instagram.com\/oppens_boutique\/\"]}]}<\/script>\n<!-- \/ Yoast SEO plugin. -->","yoast_head_json":{"title":"JOSEPH RIBKOFF - Veste tiss\u00e9e \u00e0 mailles ouvertes drap\u00e9e avec franges (262973) - Oppen&#039;s","robots":{"index":"index","follow":"follow","max-snippet":"max-snippet:-1","max-image-preview":"max-image-preview:large","max-video-preview":"max-video-preview:-1"},"canonical":"https:\/\/oppens.ca\/fr\/produit\/joseph-ribkoff-veste-tissee-a-mailles-ouvertes-drapee-avec-franges-262973\/","og_locale":"fr_FR","og_type":"article","og_title":"JOSEPH RIBKOFF - Veste tiss\u00e9e \u00e0 mailles ouvertes drap\u00e9e avec franges (262973) - Oppen&#039;s","og_description":"100 % Polyester Laver \u00e0 la main \u00e0 l&#8217;eau froide avec des couleurs similaires S\u00e9cher \u00e0 plat \u00e0 l&#8217;ombre Laver le v\u00eatement \u00e0 l&#8217;envers Laver les articles s\u00e9par\u00e9ment Ce v\u00eatement tiss\u00e9 \u00e0 point ouvert apporte une couche l\u00e9g\u00e8re avec une texture et un mouvement subtils. Con\u00e7u avec une silhouette drap\u00e9e, il se termine par une &hellip; Continue reading&lt;span class=&quot;screen-reader-text&quot;&gt; &quot;JOSEPH RIBKOFF &#8211; Veste tiss\u00e9e \u00e0 mailles ouvertes drap\u00e9e avec franges (262973)&quot;&lt;\/span&gt;","og_url":"https:\/\/oppens.ca\/fr\/produit\/joseph-ribkoff-veste-tissee-a-mailles-ouvertes-drapee-avec-franges-262973\/","og_site_name":"Oppen&#039;s","article_publisher":"https:\/\/www.facebook.com\/boutiqueoppens\/","article_modified_time":"2026-01-22T17:36:12+00:00","og_image":[{"url":"https:\/\/oppens.ca\/wp-content\/uploads\/2026\/01\/262973-11-1.jpg","width":1,"height":1,"type":"image\/jpeg"}],"twitter_card":"summary_large_image","twitter_site":"@oppensmontreal","twitter_misc":{"Dur\u00e9e de lecture estim\u00e9e":"2 minutes"},"schema":{"@context":"https:\/\/schema.org","@graph":[{"@type":"WebPage","@id":"https:\/\/oppens.ca\/fr\/produit\/joseph-ribkoff-veste-tissee-a-mailles-ouvertes-drapee-avec-franges-262973\/","url":"https:\/\/oppens.ca\/fr\/produit\/joseph-ribkoff-veste-tissee-a-mailles-ouvertes-drapee-avec-franges-262973\/","name":"JOSEPH RIBKOFF - Veste tiss\u00e9e \u00e0 mailles ouvertes drap\u00e9e avec franges (262973) - Oppen&#039;s","isPartOf":{"@id":"https:\/\/oppens.ca\/#website"},"primaryImageOfPage":{"@id":"https:\/\/oppens.ca\/fr\/produit\/joseph-ribkoff-veste-tissee-a-mailles-ouvertes-drapee-avec-franges-262973\/#primaryimage"},"image":{"@id":"https:\/\/oppens.ca\/fr\/produit\/joseph-ribkoff-veste-tissee-a-mailles-ouvertes-drapee-avec-franges-262973\/#primaryimage"},"thumbnailUrl":"https:\/\/oppens.ca\/wp-content\/uploads\/2026\/01\/262973-11-1.jpg","datePublished":"2026-01-20T18:02:17+00:00","dateModified":"2026-01-22T17:36:12+00:00","breadcrumb":{"@id":"https:\/\/oppens.ca\/fr\/produit\/joseph-ribkoff-veste-tissee-a-mailles-ouvertes-drapee-avec-franges-262973\/#breadcrumb"},"inLanguage":"fr-FR","potentialAction":[{"@type":"ReadAction","target":["https:\/\/oppens.ca\/fr\/produit\/joseph-ribkoff-veste-tissee-a-mailles-ouvertes-drapee-avec-franges-262973\/"]}]},{"@type":"ImageObject","inLanguage":"fr-FR","@id":"https:\/\/oppens.ca\/fr\/produit\/joseph-ribkoff-veste-tissee-a-mailles-ouvertes-drapee-avec-franges-262973\/#primaryimage","url":"https:\/\/oppens.ca\/wp-content\/uploads\/2026\/01\/262973-11-1.jpg","contentUrl":"https:\/\/oppens.ca\/wp-content\/uploads\/2026\/01\/262973-11-1.jpg"},{"@type":"BreadcrumbList","@id":"https:\/\/oppens.ca\/fr\/produit\/joseph-ribkoff-veste-tissee-a-mailles-ouvertes-drapee-avec-franges-262973\/#breadcrumb","itemListElement":[{"@type":"ListItem","position":1,"name":"Home","item":"https:\/\/oppens.ca\/fr\/"},{"@type":"ListItem","position":2,"name":"Magasinez","item":"https:\/\/oppens.ca\/fr\/magasinez\/"},{"@type":"ListItem","position":3,"name":"JOSEPH RIBKOFF &#8211; Veste tiss\u00e9e \u00e0 mailles ouvertes drap\u00e9e avec franges (262973)"}]},{"@type":"WebSite","@id":"https:\/\/oppens.ca\/#website","url":"https:\/\/oppens.ca\/","name":"Oppen&#039;s","description":"Celebrating women\u2019s evolving lifestyle for over 25 years","publisher":{"@id":"https:\/\/oppens.ca\/#organization"},"potentialAction":[{"@type":"SearchAction","target":{"@type":"EntryPoint","urlTemplate":"https:\/\/oppens.ca\/?s={search_term_string}"},"query-input":{"@type":"PropertyValueSpecification","valueRequired":true,"valueName":"search_term_string"}}],"inLanguage":"fr-FR"},{"@type":"Organization","@id":"https:\/\/oppens.ca\/#organization","name":"Oppens","url":"https:\/\/oppens.ca\/","logo":{"@type":"ImageObject","inLanguage":"fr-FR","@id":"https:\/\/oppens.ca\/#\/schema\/logo\/image\/","url":"https:\/\/oppens.ca\/wp-content\/uploads\/2019\/10\/oppens.png","contentUrl":"https:\/\/oppens.ca\/wp-content\/uploads\/2019\/10\/oppens.png","width":553,"height":246,"caption":"Oppens"},"image":{"@id":"https:\/\/oppens.ca\/#\/schema\/logo\/image\/"},"sameAs":["https:\/\/www.facebook.com\/boutiqueoppens\/","https:\/\/x.com\/oppensmontreal","https:\/\/www.instagram.com\/oppens_boutique\/"]}]}},"_links":{"self":[{"href":"https:\/\/oppens.ca\/fr\/wp-json\/wp\/v2\/product\/81018","targetHints":{"allow":["GET"]}}],"collection":[{"href":"https:\/\/oppens.ca\/fr\/wp-json\/wp\/v2\/product"}],"about":[{"href":"https:\/\/oppens.ca\/fr\/wp-json\/wp\/v2\/types\/product"}],"wp:featuredmedia":[{"embeddable":true,"href":"https:\/\/oppens.ca\/fr\/wp-json\/wp\/v2\/media\/81022"}],"wp:attachment":[{"href":"https:\/\/oppens.ca\/fr\/wp-json\/wp\/v2\/media?parent=81018"}],"wp:term":[{"taxonomy":"product_brand","embeddable":true,"href":"https:\/\/oppens.ca\/fr\/wp-json\/wp\/v2\/product_brand?post=81018"},{"taxonomy":"product_cat","embeddable":true,"href":"https:\/\/oppens.ca\/fr\/wp-json\/wp\/v2\/product_cat?post=81018"},{"taxonomy":"product_tag","embeddable":true,"href":"https:\/\/oppens.ca\/fr\/wp-json\/wp\/v2\/product_tag?post=81018"}],"curies":[{"name":"wp","href":"https:\/\/api.w.org\/{rel}","templated":true}]}}