                                                             

{"id":80943,"date":"2026-01-13T11:47:22","date_gmt":"2026-01-13T15:47:22","guid":{"rendered":"https:\/\/oppens.ca\/?post_type=product&#038;p=80943"},"modified":"2026-01-13T14:50:05","modified_gmt":"2026-01-13T18:50:05","slug":"joseph-ribkoff-blouse-droite-en-mousseline-a-imprime-tropical-262949","status":"publish","type":"product","link":"https:\/\/oppens.ca\/fr\/produit\/joseph-ribkoff-blouse-droite-en-mousseline-a-imprime-tropical-262949\/","title":{"rendered":"JOSEPH RIBKOFF &#8211; Blouse Droite en Mousseline \u00e0 Imprim\u00e9 Tropical (262949)"},"content":{"rendered":"<p>100% Polyester<\/p>\n<ul class=\"accordion\">\n<li>Laver \u00e0 la main \u00e0 l&#8217;eau froide avec des couleurs similaires<\/li>\n<li>Suspendre \u00e0 l&#8217;ombre pour s\u00e9cher<\/li>\n<li>Repassage \u00e0 temp\u00e9rature basse \u00e0 l&#8217;envers uniquement si n\u00e9cessaire<\/li>\n<li>Repassage \u00e0 basse temp\u00e9rature uniquement si n\u00e9cessaire<\/li>\n<li>Laver le v\u00eatement \u00e0 l&#8217;envers<\/li>\n<li>Laver les articles s\u00e9par\u00e9ment<\/li>\n<\/ul>\n<p>La mousseline l\u00e9g\u00e8re apporte une touche de souplesse \u00e0 cette blouse \u00e0 imprim\u00e9 tropical, dot\u00e9e d&#8217;un col chemisier et d&#8217;une patte de boutonnage sur le devant orn\u00e9e de boutons dor\u00e9s. Les manches courtes dolman et l&#8217;ourlet arrondi avec ouvertures lat\u00e9rales ajoutent une touche d\u00e9contract\u00e9e \u00e0 la silhouette droite.<\/p>\n<p>Fait en Chine<\/p>\n<p>Guide des tailles<\/p>\n<ul class=\"accordion\">\n<li><img loading=\"lazy\" decoding=\"async\" class=\"alignnone wp-image-70140 size-large\" src=\"https:\/\/oppens.ca\/wp-content\/uploads\/2024\/10\/Screenshot-2024-07-09-135242-1024x245.png\" alt=\"\" width=\"1024\" height=\"245\" srcset=\"https:\/\/oppens.ca\/wp-content\/uploads\/2024\/10\/Screenshot-2024-07-09-135242-1024x245.png 1024w, https:\/\/oppens.ca\/wp-content\/uploads\/2024\/10\/Screenshot-2024-07-09-135242-300x72.png 300w, https:\/\/oppens.ca\/wp-content\/uploads\/2024\/10\/Screenshot-2024-07-09-135242-768x184.png 768w, https:\/\/oppens.ca\/wp-content\/uploads\/2024\/10\/Screenshot-2024-07-09-135242-1536x368.png 1536w, https:\/\/oppens.ca\/wp-content\/uploads\/2024\/10\/Screenshot-2024-07-09-135242-600x144.png 600w, https:\/\/oppens.ca\/wp-content\/uploads\/2024\/10\/Screenshot-2024-07-09-135242.png 1590w\" sizes=\"auto, (max-width: 1024px) 100vw, 1024px\" \/><\/li>\n<\/ul>\n","protected":false},"excerpt":{"rendered":"<p>100% Polyester Laver \u00e0 la main \u00e0 l&#8217;eau froide avec des couleurs similaires Suspendre \u00e0 l&#8217;ombre pour s\u00e9cher Repassage \u00e0 temp\u00e9rature basse \u00e0 l&#8217;envers uniquement si n\u00e9cessaire Repassage \u00e0 basse temp\u00e9rature uniquement si n\u00e9cessaire Laver le v\u00eatement \u00e0 l&#8217;envers Laver les articles s\u00e9par\u00e9ment La mousseline l\u00e9g\u00e8re apporte une touche de souplesse \u00e0 cette blouse \u00e0 &hellip; <\/p>\n<p class=\"link-more\"><a href=\"https:\/\/oppens.ca\/fr\/produit\/joseph-ribkoff-blouse-droite-en-mousseline-a-imprime-tropical-262949\/\" class=\"more-link\">Continue reading&lt;span class=&quot;screen-reader-text&quot;&gt; &quot;JOSEPH RIBKOFF &#8211; Blouse Droite en Mousseline \u00e0 Imprim\u00e9 Tropical (262949)&quot;&lt;\/span&gt;<\/a><\/p>\n","protected":false},"featured_media":82790,"template":"","meta":[],"product_brand":[],"product_cat":[238,376,356,349,170],"product_tag":[600,280,542],"class_list":{"0":"post-80943","1":"product","2":"type-product","3":"status-publish","4":"has-post-thumbnail","6":"product_cat-blouses","7":"product_cat-joseph-ribkoff-fr","8":"product_cat-magasiner-par-collection","9":"product_cat-nouveautes","10":"product_cat-robes","11":"product_tag-dress-fr","12":"product_tag-joseph-ribkoff-fr","13":"product_tag-nouveau","15":"first","16":"instock","17":"taxable","18":"shipping-taxable","19":"purchasable","20":"product-type-variable"},"supplier_id":null,"supplier_sku":"","barcode":null,"atum_controlled":true,"out_stock_date":null,"out_stock_threshold":null,"inheritable":true,"inbound_stock":null,"stock_on_hold":0,"sold_today":0,"sales_last_days":0,"reserved_stock":null,"customer_returns":null,"warehouse_damage":null,"lost_in_post":null,"other_logs":null,"out_stock_days":0,"lost_sales":0,"has_location":false,"update_date":"2026-05-05T00:33:14","atum_locations":[],"atum_stock_status":"instock","restock_status":false,"low_stock_amount":"","sales_update_date":"2026-05-05T00:33:14","calc_backorders":null,"yoast_head":"<!-- This site is optimized with the Yoast SEO plugin v27.0 - https:\/\/yoast.com\/product\/yoast-seo-wordpress\/ -->\n<title>JOSEPH RIBKOFF - Blouse Droite en Mousseline \u00e0 Imprim\u00e9 Tropical (262949) - Oppen&#039;s<\/title>\n<meta name=\"robots\" content=\"index, follow, max-snippet:-1, max-image-preview:large, max-video-preview:-1\" \/>\n<link rel=\"canonical\" href=\"https:\/\/oppens.ca\/fr\/produit\/joseph-ribkoff-blouse-droite-en-mousseline-a-imprime-tropical-262949\/\" \/>\n<meta property=\"og:locale\" content=\"fr_FR\" \/>\n<meta property=\"og:type\" content=\"article\" \/>\n<meta property=\"og:title\" content=\"JOSEPH RIBKOFF - Blouse Droite en Mousseline \u00e0 Imprim\u00e9 Tropical (262949) - Oppen&#039;s\" \/>\n<meta property=\"og:description\" content=\"100% Polyester Laver \u00e0 la main \u00e0 l&#8217;eau froide avec des couleurs similaires Suspendre \u00e0 l&#8217;ombre pour s\u00e9cher Repassage \u00e0 temp\u00e9rature basse \u00e0 l&#8217;envers uniquement si n\u00e9cessaire Repassage \u00e0 basse temp\u00e9rature uniquement si n\u00e9cessaire Laver le v\u00eatement \u00e0 l&#8217;envers Laver les articles s\u00e9par\u00e9ment La mousseline l\u00e9g\u00e8re apporte une touche de souplesse \u00e0 cette blouse \u00e0 &hellip; Continue reading&lt;span class=&quot;screen-reader-text&quot;&gt; &quot;JOSEPH RIBKOFF &#8211; Blouse Droite en Mousseline \u00e0 Imprim\u00e9 Tropical (262949)&quot;&lt;\/span&gt;\" \/>\n<meta property=\"og:url\" content=\"https:\/\/oppens.ca\/fr\/produit\/joseph-ribkoff-blouse-droite-en-mousseline-a-imprime-tropical-262949\/\" \/>\n<meta property=\"og:site_name\" content=\"Oppen&#039;s\" \/>\n<meta property=\"article:publisher\" content=\"https:\/\/www.facebook.com\/boutiqueoppens\/\" \/>\n<meta property=\"article:modified_time\" content=\"2026-01-13T18:50:05+00:00\" \/>\n<meta property=\"og:image\" content=\"https:\/\/oppens.ca\/wp-content\/uploads\/2026\/01\/262949-178-1.jpg\" \/>\n\t<meta property=\"og:image:width\" content=\"1\" \/>\n\t<meta property=\"og:image:height\" content=\"1\" \/>\n\t<meta property=\"og:image:type\" content=\"image\/jpeg\" \/>\n<meta name=\"twitter:card\" content=\"summary_large_image\" \/>\n<meta name=\"twitter:site\" content=\"@oppensmontreal\" \/>\n<meta name=\"twitter:label1\" content=\"Dur\u00e9e de lecture estim\u00e9e\" \/>\n\t<meta name=\"twitter:data1\" content=\"1 minute\" \/>\n<script type=\"application\/ld+json\" class=\"yoast-schema-graph\">{\"@context\":\"https:\/\/schema.org\",\"@graph\":[{\"@type\":\"WebPage\",\"@id\":\"https:\/\/oppens.ca\/fr\/produit\/joseph-ribkoff-blouse-droite-en-mousseline-a-imprime-tropical-262949\/\",\"url\":\"https:\/\/oppens.ca\/fr\/produit\/joseph-ribkoff-blouse-droite-en-mousseline-a-imprime-tropical-262949\/\",\"name\":\"JOSEPH RIBKOFF - Blouse Droite en Mousseline \u00e0 Imprim\u00e9 Tropical (262949) - Oppen&#039;s\",\"isPartOf\":{\"@id\":\"https:\/\/oppens.ca\/#website\"},\"primaryImageOfPage\":{\"@id\":\"https:\/\/oppens.ca\/fr\/produit\/joseph-ribkoff-blouse-droite-en-mousseline-a-imprime-tropical-262949\/#primaryimage\"},\"image\":{\"@id\":\"https:\/\/oppens.ca\/fr\/produit\/joseph-ribkoff-blouse-droite-en-mousseline-a-imprime-tropical-262949\/#primaryimage\"},\"thumbnailUrl\":\"https:\/\/oppens.ca\/wp-content\/uploads\/2026\/01\/262949-178-1-1-scaled.jpg\",\"datePublished\":\"2026-01-13T15:47:22+00:00\",\"dateModified\":\"2026-01-13T18:50:05+00:00\",\"breadcrumb\":{\"@id\":\"https:\/\/oppens.ca\/fr\/produit\/joseph-ribkoff-blouse-droite-en-mousseline-a-imprime-tropical-262949\/#breadcrumb\"},\"inLanguage\":\"fr-FR\",\"potentialAction\":[{\"@type\":\"ReadAction\",\"target\":[\"https:\/\/oppens.ca\/fr\/produit\/joseph-ribkoff-blouse-droite-en-mousseline-a-imprime-tropical-262949\/\"]}]},{\"@type\":\"ImageObject\",\"inLanguage\":\"fr-FR\",\"@id\":\"https:\/\/oppens.ca\/fr\/produit\/joseph-ribkoff-blouse-droite-en-mousseline-a-imprime-tropical-262949\/#primaryimage\",\"url\":\"https:\/\/oppens.ca\/wp-content\/uploads\/2026\/01\/262949-178-1-1-scaled.jpg\",\"contentUrl\":\"https:\/\/oppens.ca\/wp-content\/uploads\/2026\/01\/262949-178-1-1-scaled.jpg\",\"width\":1707,\"height\":2560},{\"@type\":\"BreadcrumbList\",\"@id\":\"https:\/\/oppens.ca\/fr\/produit\/joseph-ribkoff-blouse-droite-en-mousseline-a-imprime-tropical-262949\/#breadcrumb\",\"itemListElement\":[{\"@type\":\"ListItem\",\"position\":1,\"name\":\"Home\",\"item\":\"https:\/\/oppens.ca\/fr\/\"},{\"@type\":\"ListItem\",\"position\":2,\"name\":\"Magasinez\",\"item\":\"https:\/\/oppens.ca\/fr\/magasinez\/\"},{\"@type\":\"ListItem\",\"position\":3,\"name\":\"JOSEPH RIBKOFF &#8211; Blouse Droite en Mousseline \u00e0 Imprim\u00e9 Tropical (262949)\"}]},{\"@type\":\"WebSite\",\"@id\":\"https:\/\/oppens.ca\/#website\",\"url\":\"https:\/\/oppens.ca\/\",\"name\":\"Oppen&#039;s\",\"description\":\"Celebrating women\u2019s evolving lifestyle for over 25 years\",\"publisher\":{\"@id\":\"https:\/\/oppens.ca\/#organization\"},\"potentialAction\":[{\"@type\":\"SearchAction\",\"target\":{\"@type\":\"EntryPoint\",\"urlTemplate\":\"https:\/\/oppens.ca\/?s={search_term_string}\"},\"query-input\":{\"@type\":\"PropertyValueSpecification\",\"valueRequired\":true,\"valueName\":\"search_term_string\"}}],\"inLanguage\":\"fr-FR\"},{\"@type\":\"Organization\",\"@id\":\"https:\/\/oppens.ca\/#organization\",\"name\":\"Oppens\",\"url\":\"https:\/\/oppens.ca\/\",\"logo\":{\"@type\":\"ImageObject\",\"inLanguage\":\"fr-FR\",\"@id\":\"https:\/\/oppens.ca\/#\/schema\/logo\/image\/\",\"url\":\"https:\/\/oppens.ca\/wp-content\/uploads\/2019\/10\/oppens.png\",\"contentUrl\":\"https:\/\/oppens.ca\/wp-content\/uploads\/2019\/10\/oppens.png\",\"width\":553,\"height\":246,\"caption\":\"Oppens\"},\"image\":{\"@id\":\"https:\/\/oppens.ca\/#\/schema\/logo\/image\/\"},\"sameAs\":[\"https:\/\/www.facebook.com\/boutiqueoppens\/\",\"https:\/\/x.com\/oppensmontreal\",\"https:\/\/www.instagram.com\/oppens_boutique\/\"]}]}<\/script>\n<!-- \/ Yoast SEO plugin. -->","yoast_head_json":{"title":"JOSEPH RIBKOFF - Blouse Droite en Mousseline \u00e0 Imprim\u00e9 Tropical (262949) - Oppen&#039;s","robots":{"index":"index","follow":"follow","max-snippet":"max-snippet:-1","max-image-preview":"max-image-preview:large","max-video-preview":"max-video-preview:-1"},"canonical":"https:\/\/oppens.ca\/fr\/produit\/joseph-ribkoff-blouse-droite-en-mousseline-a-imprime-tropical-262949\/","og_locale":"fr_FR","og_type":"article","og_title":"JOSEPH RIBKOFF - Blouse Droite en Mousseline \u00e0 Imprim\u00e9 Tropical (262949) - Oppen&#039;s","og_description":"100% Polyester Laver \u00e0 la main \u00e0 l&#8217;eau froide avec des couleurs similaires Suspendre \u00e0 l&#8217;ombre pour s\u00e9cher Repassage \u00e0 temp\u00e9rature basse \u00e0 l&#8217;envers uniquement si n\u00e9cessaire Repassage \u00e0 basse temp\u00e9rature uniquement si n\u00e9cessaire Laver le v\u00eatement \u00e0 l&#8217;envers Laver les articles s\u00e9par\u00e9ment La mousseline l\u00e9g\u00e8re apporte une touche de souplesse \u00e0 cette blouse \u00e0 &hellip; Continue reading&lt;span class=&quot;screen-reader-text&quot;&gt; &quot;JOSEPH RIBKOFF &#8211; Blouse Droite en Mousseline \u00e0 Imprim\u00e9 Tropical (262949)&quot;&lt;\/span&gt;","og_url":"https:\/\/oppens.ca\/fr\/produit\/joseph-ribkoff-blouse-droite-en-mousseline-a-imprime-tropical-262949\/","og_site_name":"Oppen&#039;s","article_publisher":"https:\/\/www.facebook.com\/boutiqueoppens\/","article_modified_time":"2026-01-13T18:50:05+00:00","og_image":[{"url":"https:\/\/oppens.ca\/wp-content\/uploads\/2026\/01\/262949-178-1.jpg","width":1,"height":1,"type":"image\/jpeg"}],"twitter_card":"summary_large_image","twitter_site":"@oppensmontreal","twitter_misc":{"Dur\u00e9e de lecture estim\u00e9e":"1 minute"},"schema":{"@context":"https:\/\/schema.org","@graph":[{"@type":"WebPage","@id":"https:\/\/oppens.ca\/fr\/produit\/joseph-ribkoff-blouse-droite-en-mousseline-a-imprime-tropical-262949\/","url":"https:\/\/oppens.ca\/fr\/produit\/joseph-ribkoff-blouse-droite-en-mousseline-a-imprime-tropical-262949\/","name":"JOSEPH RIBKOFF - Blouse Droite en Mousseline \u00e0 Imprim\u00e9 Tropical (262949) - Oppen&#039;s","isPartOf":{"@id":"https:\/\/oppens.ca\/#website"},"primaryImageOfPage":{"@id":"https:\/\/oppens.ca\/fr\/produit\/joseph-ribkoff-blouse-droite-en-mousseline-a-imprime-tropical-262949\/#primaryimage"},"image":{"@id":"https:\/\/oppens.ca\/fr\/produit\/joseph-ribkoff-blouse-droite-en-mousseline-a-imprime-tropical-262949\/#primaryimage"},"thumbnailUrl":"https:\/\/oppens.ca\/wp-content\/uploads\/2026\/01\/262949-178-1-1-scaled.jpg","datePublished":"2026-01-13T15:47:22+00:00","dateModified":"2026-01-13T18:50:05+00:00","breadcrumb":{"@id":"https:\/\/oppens.ca\/fr\/produit\/joseph-ribkoff-blouse-droite-en-mousseline-a-imprime-tropical-262949\/#breadcrumb"},"inLanguage":"fr-FR","potentialAction":[{"@type":"ReadAction","target":["https:\/\/oppens.ca\/fr\/produit\/joseph-ribkoff-blouse-droite-en-mousseline-a-imprime-tropical-262949\/"]}]},{"@type":"ImageObject","inLanguage":"fr-FR","@id":"https:\/\/oppens.ca\/fr\/produit\/joseph-ribkoff-blouse-droite-en-mousseline-a-imprime-tropical-262949\/#primaryimage","url":"https:\/\/oppens.ca\/wp-content\/uploads\/2026\/01\/262949-178-1-1-scaled.jpg","contentUrl":"https:\/\/oppens.ca\/wp-content\/uploads\/2026\/01\/262949-178-1-1-scaled.jpg","width":1707,"height":2560},{"@type":"BreadcrumbList","@id":"https:\/\/oppens.ca\/fr\/produit\/joseph-ribkoff-blouse-droite-en-mousseline-a-imprime-tropical-262949\/#breadcrumb","itemListElement":[{"@type":"ListItem","position":1,"name":"Home","item":"https:\/\/oppens.ca\/fr\/"},{"@type":"ListItem","position":2,"name":"Magasinez","item":"https:\/\/oppens.ca\/fr\/magasinez\/"},{"@type":"ListItem","position":3,"name":"JOSEPH RIBKOFF &#8211; Blouse Droite en Mousseline \u00e0 Imprim\u00e9 Tropical (262949)"}]},{"@type":"WebSite","@id":"https:\/\/oppens.ca\/#website","url":"https:\/\/oppens.ca\/","name":"Oppen&#039;s","description":"Celebrating women\u2019s evolving lifestyle for over 25 years","publisher":{"@id":"https:\/\/oppens.ca\/#organization"},"potentialAction":[{"@type":"SearchAction","target":{"@type":"EntryPoint","urlTemplate":"https:\/\/oppens.ca\/?s={search_term_string}"},"query-input":{"@type":"PropertyValueSpecification","valueRequired":true,"valueName":"search_term_string"}}],"inLanguage":"fr-FR"},{"@type":"Organization","@id":"https:\/\/oppens.ca\/#organization","name":"Oppens","url":"https:\/\/oppens.ca\/","logo":{"@type":"ImageObject","inLanguage":"fr-FR","@id":"https:\/\/oppens.ca\/#\/schema\/logo\/image\/","url":"https:\/\/oppens.ca\/wp-content\/uploads\/2019\/10\/oppens.png","contentUrl":"https:\/\/oppens.ca\/wp-content\/uploads\/2019\/10\/oppens.png","width":553,"height":246,"caption":"Oppens"},"image":{"@id":"https:\/\/oppens.ca\/#\/schema\/logo\/image\/"},"sameAs":["https:\/\/www.facebook.com\/boutiqueoppens\/","https:\/\/x.com\/oppensmontreal","https:\/\/www.instagram.com\/oppens_boutique\/"]}]}},"_links":{"self":[{"href":"https:\/\/oppens.ca\/fr\/wp-json\/wp\/v2\/product\/80943","targetHints":{"allow":["GET"]}}],"collection":[{"href":"https:\/\/oppens.ca\/fr\/wp-json\/wp\/v2\/product"}],"about":[{"href":"https:\/\/oppens.ca\/fr\/wp-json\/wp\/v2\/types\/product"}],"wp:featuredmedia":[{"embeddable":true,"href":"https:\/\/oppens.ca\/fr\/wp-json\/wp\/v2\/media\/82790"}],"wp:attachment":[{"href":"https:\/\/oppens.ca\/fr\/wp-json\/wp\/v2\/media?parent=80943"}],"wp:term":[{"taxonomy":"product_brand","embeddable":true,"href":"https:\/\/oppens.ca\/fr\/wp-json\/wp\/v2\/product_brand?post=80943"},{"taxonomy":"product_cat","embeddable":true,"href":"https:\/\/oppens.ca\/fr\/wp-json\/wp\/v2\/product_cat?post=80943"},{"taxonomy":"product_tag","embeddable":true,"href":"https:\/\/oppens.ca\/fr\/wp-json\/wp\/v2\/product_tag?post=80943"}],"curies":[{"name":"wp","href":"https:\/\/api.w.org\/{rel}","templated":true}]}}