                                                             

{"id":80599,"date":"2025-11-18T11:53:24","date_gmt":"2025-11-18T15:53:24","guid":{"rendered":"https:\/\/oppens.ca\/?post_type=product&#038;p=80599"},"modified":"2025-11-18T15:47:14","modified_gmt":"2025-11-18T19:47:14","slug":"alquema-kimono-plisse-a-la-main-aj1076","status":"publish","type":"product","link":"https:\/\/oppens.ca\/fr\/produit\/alquema-kimono-plisse-a-la-main-aj1076\/","title":{"rendered":"ALQUEMA &#8211; Kimono Pliss\u00e9 \u00e0 la Main (AJ1076)"},"content":{"rendered":"<p>100% Polyester<\/p>\n<p>Laver \u00e0 la main en eau froide.<\/p>\n<p>Ne pas repasser.<\/p>\n<p>Ne pas javeliser.<\/p>\n<p>Ne pas mettre dans la s\u00e9cheuse.<\/p>\n<p>Ne pas nettoyer \u00e0 sec.<\/p>\n<p>Ne pas suspendre.<\/p>\n<p>Faire s\u00e9cher \u00e0 plat.<\/p>\n<p>Con\u00e7u en Australie<\/p>\n<p>Fait \u00e0 la main en Chine<\/p>\n","protected":false},"excerpt":{"rendered":"<p>100% Polyester Laver \u00e0 la main en eau froide. Ne pas repasser. Ne pas javeliser. Ne pas mettre dans la s\u00e9cheuse. Ne pas nettoyer \u00e0 sec. Ne pas suspendre. Faire s\u00e9cher \u00e0 plat. Con\u00e7u en Australie Fait \u00e0 la main en Chine<\/p>\n","protected":false},"featured_media":80610,"template":"","meta":[],"product_brand":[],"product_cat":[228,697,230,130,356,349],"product_tag":[638,653,705,586,542],"class_list":{"0":"post-80599","1":"product","2":"type-product","3":"status-publish","4":"has-post-thumbnail","6":"product_cat-after-dark-fr","7":"product_cat-alquema-fr","8":"product_cat-cardigans-vestons","9":"product_cat-hauts-cover-ups","10":"product_cat-magasiner-par-collection","11":"product_cat-nouveautes","12":"product_tag-after-dark-fr","13":"product_tag-cover-up-fr","14":"product_tag-evenement","15":"product_tag-jacket-fr","16":"product_tag-nouveau","18":"first","19":"instock","20":"taxable","21":"shipping-taxable","22":"purchasable","23":"product-type-variable"},"supplier_id":null,"supplier_sku":"","barcode":null,"atum_controlled":true,"out_stock_date":null,"out_stock_threshold":null,"inheritable":true,"inbound_stock":null,"stock_on_hold":0,"sold_today":0,"sales_last_days":0,"reserved_stock":null,"customer_returns":null,"warehouse_damage":null,"lost_in_post":null,"other_logs":null,"out_stock_days":0,"lost_sales":0,"has_location":false,"update_date":"2026-05-04T00:32:40","atum_locations":[],"atum_stock_status":"instock","restock_status":false,"low_stock_amount":"","sales_update_date":"2026-05-04T00:32:40","calc_backorders":null,"yoast_head":"<!-- This site is optimized with the Yoast SEO plugin v27.0 - https:\/\/yoast.com\/product\/yoast-seo-wordpress\/ -->\n<title>ALQUEMA - Kimono Pliss\u00e9 \u00e0 la Main (AJ1076) - Oppen&#039;s<\/title>\n<meta name=\"robots\" content=\"index, follow, max-snippet:-1, max-image-preview:large, max-video-preview:-1\" \/>\n<link rel=\"canonical\" href=\"https:\/\/oppens.ca\/fr\/produit\/alquema-kimono-plisse-a-la-main-aj1076\/\" \/>\n<meta property=\"og:locale\" content=\"fr_FR\" \/>\n<meta property=\"og:type\" content=\"article\" \/>\n<meta property=\"og:title\" content=\"ALQUEMA - Kimono Pliss\u00e9 \u00e0 la Main (AJ1076) - Oppen&#039;s\" \/>\n<meta property=\"og:description\" content=\"100% Polyester Laver \u00e0 la main en eau froide. Ne pas repasser. Ne pas javeliser. Ne pas mettre dans la s\u00e9cheuse. Ne pas nettoyer \u00e0 sec. Ne pas suspendre. Faire s\u00e9cher \u00e0 plat. Con\u00e7u en Australie Fait \u00e0 la main en Chine\" \/>\n<meta property=\"og:url\" content=\"https:\/\/oppens.ca\/fr\/produit\/alquema-kimono-plisse-a-la-main-aj1076\/\" \/>\n<meta property=\"og:site_name\" content=\"Oppen&#039;s\" \/>\n<meta property=\"article:publisher\" content=\"https:\/\/www.facebook.com\/boutiqueoppens\/\" \/>\n<meta property=\"article:modified_time\" content=\"2025-11-18T19:47:14+00:00\" \/>\n<meta property=\"og:image\" content=\"https:\/\/oppens.ca\/wp-content\/uploads\/2025\/11\/Oppens-209.jpg\" \/>\n\t<meta property=\"og:image:width\" content=\"1606\" \/>\n\t<meta property=\"og:image:height\" content=\"2000\" \/>\n\t<meta property=\"og:image:type\" content=\"image\/jpeg\" \/>\n<meta name=\"twitter:card\" content=\"summary_large_image\" \/>\n<meta name=\"twitter:site\" content=\"@oppensmontreal\" \/>\n<meta name=\"twitter:label1\" content=\"Dur\u00e9e de lecture estim\u00e9e\" \/>\n\t<meta name=\"twitter:data1\" content=\"1 minute\" \/>\n<script type=\"application\/ld+json\" class=\"yoast-schema-graph\">{\"@context\":\"https:\/\/schema.org\",\"@graph\":[{\"@type\":\"WebPage\",\"@id\":\"https:\/\/oppens.ca\/fr\/produit\/alquema-kimono-plisse-a-la-main-aj1076\/\",\"url\":\"https:\/\/oppens.ca\/fr\/produit\/alquema-kimono-plisse-a-la-main-aj1076\/\",\"name\":\"ALQUEMA - Kimono Pliss\u00e9 \u00e0 la Main (AJ1076) - Oppen&#039;s\",\"isPartOf\":{\"@id\":\"https:\/\/oppens.ca\/#website\"},\"primaryImageOfPage\":{\"@id\":\"https:\/\/oppens.ca\/fr\/produit\/alquema-kimono-plisse-a-la-main-aj1076\/#primaryimage\"},\"image\":{\"@id\":\"https:\/\/oppens.ca\/fr\/produit\/alquema-kimono-plisse-a-la-main-aj1076\/#primaryimage\"},\"thumbnailUrl\":\"https:\/\/oppens.ca\/wp-content\/uploads\/2025\/11\/Oppens-209.jpg\",\"datePublished\":\"2025-11-18T15:53:24+00:00\",\"dateModified\":\"2025-11-18T19:47:14+00:00\",\"breadcrumb\":{\"@id\":\"https:\/\/oppens.ca\/fr\/produit\/alquema-kimono-plisse-a-la-main-aj1076\/#breadcrumb\"},\"inLanguage\":\"fr-FR\",\"potentialAction\":[{\"@type\":\"ReadAction\",\"target\":[\"https:\/\/oppens.ca\/fr\/produit\/alquema-kimono-plisse-a-la-main-aj1076\/\"]}]},{\"@type\":\"ImageObject\",\"inLanguage\":\"fr-FR\",\"@id\":\"https:\/\/oppens.ca\/fr\/produit\/alquema-kimono-plisse-a-la-main-aj1076\/#primaryimage\",\"url\":\"https:\/\/oppens.ca\/wp-content\/uploads\/2025\/11\/Oppens-209.jpg\",\"contentUrl\":\"https:\/\/oppens.ca\/wp-content\/uploads\/2025\/11\/Oppens-209.jpg\",\"width\":1606,\"height\":2000},{\"@type\":\"BreadcrumbList\",\"@id\":\"https:\/\/oppens.ca\/fr\/produit\/alquema-kimono-plisse-a-la-main-aj1076\/#breadcrumb\",\"itemListElement\":[{\"@type\":\"ListItem\",\"position\":1,\"name\":\"Home\",\"item\":\"https:\/\/oppens.ca\/fr\/\"},{\"@type\":\"ListItem\",\"position\":2,\"name\":\"Magasinez\",\"item\":\"https:\/\/oppens.ca\/fr\/magasinez\/\"},{\"@type\":\"ListItem\",\"position\":3,\"name\":\"ALQUEMA &#8211; Kimono Pliss\u00e9 \u00e0 la Main (AJ1076)\"}]},{\"@type\":\"WebSite\",\"@id\":\"https:\/\/oppens.ca\/#website\",\"url\":\"https:\/\/oppens.ca\/\",\"name\":\"Oppen&#039;s\",\"description\":\"Celebrating women\u2019s evolving lifestyle for over 25 years\",\"publisher\":{\"@id\":\"https:\/\/oppens.ca\/#organization\"},\"potentialAction\":[{\"@type\":\"SearchAction\",\"target\":{\"@type\":\"EntryPoint\",\"urlTemplate\":\"https:\/\/oppens.ca\/?s={search_term_string}\"},\"query-input\":{\"@type\":\"PropertyValueSpecification\",\"valueRequired\":true,\"valueName\":\"search_term_string\"}}],\"inLanguage\":\"fr-FR\"},{\"@type\":\"Organization\",\"@id\":\"https:\/\/oppens.ca\/#organization\",\"name\":\"Oppens\",\"url\":\"https:\/\/oppens.ca\/\",\"logo\":{\"@type\":\"ImageObject\",\"inLanguage\":\"fr-FR\",\"@id\":\"https:\/\/oppens.ca\/#\/schema\/logo\/image\/\",\"url\":\"https:\/\/oppens.ca\/wp-content\/uploads\/2019\/10\/oppens.png\",\"contentUrl\":\"https:\/\/oppens.ca\/wp-content\/uploads\/2019\/10\/oppens.png\",\"width\":553,\"height\":246,\"caption\":\"Oppens\"},\"image\":{\"@id\":\"https:\/\/oppens.ca\/#\/schema\/logo\/image\/\"},\"sameAs\":[\"https:\/\/www.facebook.com\/boutiqueoppens\/\",\"https:\/\/x.com\/oppensmontreal\",\"https:\/\/www.instagram.com\/oppens_boutique\/\"]}]}<\/script>\n<!-- \/ Yoast SEO plugin. -->","yoast_head_json":{"title":"ALQUEMA - Kimono Pliss\u00e9 \u00e0 la Main (AJ1076) - Oppen&#039;s","robots":{"index":"index","follow":"follow","max-snippet":"max-snippet:-1","max-image-preview":"max-image-preview:large","max-video-preview":"max-video-preview:-1"},"canonical":"https:\/\/oppens.ca\/fr\/produit\/alquema-kimono-plisse-a-la-main-aj1076\/","og_locale":"fr_FR","og_type":"article","og_title":"ALQUEMA - Kimono Pliss\u00e9 \u00e0 la Main (AJ1076) - Oppen&#039;s","og_description":"100% Polyester Laver \u00e0 la main en eau froide. Ne pas repasser. Ne pas javeliser. Ne pas mettre dans la s\u00e9cheuse. Ne pas nettoyer \u00e0 sec. Ne pas suspendre. Faire s\u00e9cher \u00e0 plat. Con\u00e7u en Australie Fait \u00e0 la main en Chine","og_url":"https:\/\/oppens.ca\/fr\/produit\/alquema-kimono-plisse-a-la-main-aj1076\/","og_site_name":"Oppen&#039;s","article_publisher":"https:\/\/www.facebook.com\/boutiqueoppens\/","article_modified_time":"2025-11-18T19:47:14+00:00","og_image":[{"width":1606,"height":2000,"url":"https:\/\/oppens.ca\/wp-content\/uploads\/2025\/11\/Oppens-209.jpg","type":"image\/jpeg"}],"twitter_card":"summary_large_image","twitter_site":"@oppensmontreal","twitter_misc":{"Dur\u00e9e de lecture estim\u00e9e":"1 minute"},"schema":{"@context":"https:\/\/schema.org","@graph":[{"@type":"WebPage","@id":"https:\/\/oppens.ca\/fr\/produit\/alquema-kimono-plisse-a-la-main-aj1076\/","url":"https:\/\/oppens.ca\/fr\/produit\/alquema-kimono-plisse-a-la-main-aj1076\/","name":"ALQUEMA - Kimono Pliss\u00e9 \u00e0 la Main (AJ1076) - Oppen&#039;s","isPartOf":{"@id":"https:\/\/oppens.ca\/#website"},"primaryImageOfPage":{"@id":"https:\/\/oppens.ca\/fr\/produit\/alquema-kimono-plisse-a-la-main-aj1076\/#primaryimage"},"image":{"@id":"https:\/\/oppens.ca\/fr\/produit\/alquema-kimono-plisse-a-la-main-aj1076\/#primaryimage"},"thumbnailUrl":"https:\/\/oppens.ca\/wp-content\/uploads\/2025\/11\/Oppens-209.jpg","datePublished":"2025-11-18T15:53:24+00:00","dateModified":"2025-11-18T19:47:14+00:00","breadcrumb":{"@id":"https:\/\/oppens.ca\/fr\/produit\/alquema-kimono-plisse-a-la-main-aj1076\/#breadcrumb"},"inLanguage":"fr-FR","potentialAction":[{"@type":"ReadAction","target":["https:\/\/oppens.ca\/fr\/produit\/alquema-kimono-plisse-a-la-main-aj1076\/"]}]},{"@type":"ImageObject","inLanguage":"fr-FR","@id":"https:\/\/oppens.ca\/fr\/produit\/alquema-kimono-plisse-a-la-main-aj1076\/#primaryimage","url":"https:\/\/oppens.ca\/wp-content\/uploads\/2025\/11\/Oppens-209.jpg","contentUrl":"https:\/\/oppens.ca\/wp-content\/uploads\/2025\/11\/Oppens-209.jpg","width":1606,"height":2000},{"@type":"BreadcrumbList","@id":"https:\/\/oppens.ca\/fr\/produit\/alquema-kimono-plisse-a-la-main-aj1076\/#breadcrumb","itemListElement":[{"@type":"ListItem","position":1,"name":"Home","item":"https:\/\/oppens.ca\/fr\/"},{"@type":"ListItem","position":2,"name":"Magasinez","item":"https:\/\/oppens.ca\/fr\/magasinez\/"},{"@type":"ListItem","position":3,"name":"ALQUEMA &#8211; Kimono Pliss\u00e9 \u00e0 la Main (AJ1076)"}]},{"@type":"WebSite","@id":"https:\/\/oppens.ca\/#website","url":"https:\/\/oppens.ca\/","name":"Oppen&#039;s","description":"Celebrating women\u2019s evolving lifestyle for over 25 years","publisher":{"@id":"https:\/\/oppens.ca\/#organization"},"potentialAction":[{"@type":"SearchAction","target":{"@type":"EntryPoint","urlTemplate":"https:\/\/oppens.ca\/?s={search_term_string}"},"query-input":{"@type":"PropertyValueSpecification","valueRequired":true,"valueName":"search_term_string"}}],"inLanguage":"fr-FR"},{"@type":"Organization","@id":"https:\/\/oppens.ca\/#organization","name":"Oppens","url":"https:\/\/oppens.ca\/","logo":{"@type":"ImageObject","inLanguage":"fr-FR","@id":"https:\/\/oppens.ca\/#\/schema\/logo\/image\/","url":"https:\/\/oppens.ca\/wp-content\/uploads\/2019\/10\/oppens.png","contentUrl":"https:\/\/oppens.ca\/wp-content\/uploads\/2019\/10\/oppens.png","width":553,"height":246,"caption":"Oppens"},"image":{"@id":"https:\/\/oppens.ca\/#\/schema\/logo\/image\/"},"sameAs":["https:\/\/www.facebook.com\/boutiqueoppens\/","https:\/\/x.com\/oppensmontreal","https:\/\/www.instagram.com\/oppens_boutique\/"]}]}},"_links":{"self":[{"href":"https:\/\/oppens.ca\/fr\/wp-json\/wp\/v2\/product\/80599","targetHints":{"allow":["GET"]}}],"collection":[{"href":"https:\/\/oppens.ca\/fr\/wp-json\/wp\/v2\/product"}],"about":[{"href":"https:\/\/oppens.ca\/fr\/wp-json\/wp\/v2\/types\/product"}],"wp:featuredmedia":[{"embeddable":true,"href":"https:\/\/oppens.ca\/fr\/wp-json\/wp\/v2\/media\/80610"}],"wp:attachment":[{"href":"https:\/\/oppens.ca\/fr\/wp-json\/wp\/v2\/media?parent=80599"}],"wp:term":[{"taxonomy":"product_brand","embeddable":true,"href":"https:\/\/oppens.ca\/fr\/wp-json\/wp\/v2\/product_brand?post=80599"},{"taxonomy":"product_cat","embeddable":true,"href":"https:\/\/oppens.ca\/fr\/wp-json\/wp\/v2\/product_cat?post=80599"},{"taxonomy":"product_tag","embeddable":true,"href":"https:\/\/oppens.ca\/fr\/wp-json\/wp\/v2\/product_tag?post=80599"}],"curies":[{"name":"wp","href":"https:\/\/api.w.org\/{rel}","templated":true}]}}