                                                             

{"id":78485,"date":"2025-07-25T12:48:00","date_gmt":"2025-07-25T16:48:02","guid":{"rendered":"https:\/\/oppens.ca\/?post_type=product&#038;p=78485"},"modified":"2026-05-05T14:25:22","modified_gmt":"2026-05-05T18:25:22","slug":"sympli-haut-a-encolure-carree-a-manche-3-4-taille-plus-22370","status":"publish","type":"product","link":"https:\/\/oppens.ca\/fr\/produit\/sympli-haut-a-encolure-carree-a-manche-3-4-taille-plus-22370\/","title":{"rendered":"SYMPLI &#8211; Haut \u00e0 Encolure Carr\u00e9e \u00e0 Manche 3\/4 Taille Plus (22370)"},"content":{"rendered":"<p>94% Polyester, 6% Spandex<\/p>\n<p>Laver en machine \u00e0 l&#8217;eau froide. Suspendre pour s\u00e9cher.<\/p>\n<p>Fait au Canada.<\/p>\n<p>Guide des tailles<\/p>\n<p>Nos mesures sont en pouces:<\/p>\n<table border=\"1\" cellspacing=\"1\" cellpadding=\"10\">\n<tbody>\n<tr bgcolor=\"#5c5c5c\">\n<td><strong>Size<\/strong><\/td>\n<td><strong>0X<\/strong><\/td>\n<td><b>1X<\/b><\/td>\n<td><span style=\"color: #ffffff;\"><b>2X<\/b><\/span><\/td>\n<td><b>3X<\/b><\/td>\n<\/tr>\n<tr>\n<td bgcolor=\"#5c5c5c\"><strong>Bust<\/strong><\/td>\n<td>45-49<\/td>\n<td>47-49<\/td>\n<td>49-51<\/td>\n<td>51-53<\/td>\n<\/tr>\n<tr>\n<td bgcolor=\"#5c5c5c\"><strong>Waist<\/strong><\/td>\n<td>43-45<\/td>\n<td>45-48<\/td>\n<td>48-51<\/td>\n<td>50-53<\/td>\n<\/tr>\n<tr>\n<td bgcolor=\"#5c5c5c\"><strong>Hip<\/strong><\/td>\n<td>50-53<\/td>\n<td>53-56<\/td>\n<td>56-59<\/td>\n<td>59-62<\/td>\n<\/tr>\n<\/tbody>\n<\/table>\n<p>&nbsp;<\/p>\n<p>&nbsp;<\/p>\n<p>&nbsp;<\/p>\n","protected":false},"excerpt":{"rendered":"<p>94% Polyester, 6% Spandex Laver en machine \u00e0 l&#8217;eau froide. Suspendre pour s\u00e9cher. Fait au Canada. Guide des tailles Nos mesures sont en pouces: Size 0X 1X 2X 3X Bust 45-49 47-49 49-51 51-53 Waist 43-45 45-48 48-51 50-53 Hip 50-53 53-56 56-59 59-62 &nbsp; &nbsp; &nbsp;<\/p>\n","protected":false},"featured_media":78444,"template":"","meta":[],"product_brand":[],"product_cat":[130,356,349,398,402,620],"product_tag":[508,542,287],"class_list":{"0":"post-78485","1":"product","2":"type-product","3":"status-publish","4":"has-post-thumbnail","6":"product_cat-hauts-cover-ups","7":"product_cat-magasiner-par-collection","8":"product_cat-nouveautes","9":"product_cat-sympli-fr","10":"product_cat-t-shirts-camisoles-fr","11":"product_cat-tunique","12":"product_tag-haut","13":"product_tag-nouveau","14":"product_tag-sympli-fr","15":"product_shipping_class-expedition-standard","17":"first","18":"instock","19":"taxable","20":"shipping-taxable","21":"purchasable","22":"product-type-variable"},"supplier_id":null,"supplier_sku":"","barcode":null,"atum_controlled":true,"out_stock_date":null,"out_stock_threshold":null,"inheritable":true,"inbound_stock":null,"stock_on_hold":1,"sold_today":0,"sales_last_days":1,"reserved_stock":null,"customer_returns":null,"warehouse_damage":null,"lost_in_post":null,"other_logs":null,"out_stock_days":0,"lost_sales":0,"has_location":false,"update_date":"2026-05-06T00:33:06","atum_locations":[],"atum_stock_status":"instock","restock_status":false,"low_stock_amount":"","sales_update_date":"2026-05-06T00:33:06","calc_backorders":null,"yoast_head":"<!-- This site is optimized with the Yoast SEO plugin v27.0 - https:\/\/yoast.com\/product\/yoast-seo-wordpress\/ -->\n<title>SYMPLI - Haut \u00e0 Encolure Carr\u00e9e \u00e0 Manche 3\/4 Taille Plus (22370) - Oppen&#039;s<\/title>\n<meta name=\"robots\" content=\"index, follow, max-snippet:-1, max-image-preview:large, max-video-preview:-1\" \/>\n<link rel=\"canonical\" href=\"https:\/\/oppens.ca\/fr\/produit\/sympli-haut-a-encolure-carree-a-manche-3-4-taille-plus-22370\/\" \/>\n<meta property=\"og:locale\" content=\"fr_FR\" \/>\n<meta property=\"og:type\" content=\"article\" \/>\n<meta property=\"og:title\" content=\"SYMPLI - Haut \u00e0 Encolure Carr\u00e9e \u00e0 Manche 3\/4 Taille Plus (22370) - Oppen&#039;s\" \/>\n<meta property=\"og:description\" content=\"94% Polyester, 6% Spandex Laver en machine \u00e0 l&#8217;eau froide. Suspendre pour s\u00e9cher. Fait au Canada. Guide des tailles Nos mesures sont en pouces: Size 0X 1X 2X 3X Bust 45-49 47-49 49-51 51-53 Waist 43-45 45-48 48-51 50-53 Hip 50-53 53-56 56-59 59-62 &nbsp; &nbsp; &nbsp;\" \/>\n<meta property=\"og:url\" content=\"https:\/\/oppens.ca\/fr\/produit\/sympli-haut-a-encolure-carree-a-manche-3-4-taille-plus-22370\/\" \/>\n<meta property=\"og:site_name\" content=\"Oppen&#039;s\" \/>\n<meta property=\"article:publisher\" content=\"https:\/\/www.facebook.com\/boutiqueoppens\/\" \/>\n<meta property=\"article:modified_time\" content=\"2026-05-05T18:25:22+00:00\" \/>\n<meta property=\"og:image\" content=\"https:\/\/oppens.ca\/wp-content\/uploads\/2020\/04\/symp5.jpg\" \/>\n\t<meta property=\"og:image:width\" content=\"750\" \/>\n\t<meta property=\"og:image:height\" content=\"1000\" \/>\n\t<meta property=\"og:image:type\" content=\"image\/jpeg\" \/>\n<meta name=\"twitter:card\" content=\"summary_large_image\" \/>\n<meta name=\"twitter:site\" content=\"@oppensmontreal\" \/>\n<meta name=\"twitter:label1\" content=\"Dur\u00e9e de lecture estim\u00e9e\" \/>\n\t<meta name=\"twitter:data1\" content=\"1 minute\" \/>\n<script type=\"application\/ld+json\" class=\"yoast-schema-graph\">{\"@context\":\"https:\/\/schema.org\",\"@graph\":[{\"@type\":\"WebPage\",\"@id\":\"https:\/\/oppens.ca\/fr\/produit\/sympli-haut-a-encolure-carree-a-manche-3-4-taille-plus-22370\/\",\"url\":\"https:\/\/oppens.ca\/fr\/produit\/sympli-haut-a-encolure-carree-a-manche-3-4-taille-plus-22370\/\",\"name\":\"SYMPLI - Haut \u00e0 Encolure Carr\u00e9e \u00e0 Manche 3\/4 Taille Plus (22370) - Oppen&#039;s\",\"isPartOf\":{\"@id\":\"https:\/\/oppens.ca\/#website\"},\"primaryImageOfPage\":{\"@id\":\"https:\/\/oppens.ca\/fr\/produit\/sympli-haut-a-encolure-carree-a-manche-3-4-taille-plus-22370\/#primaryimage\"},\"image\":{\"@id\":\"https:\/\/oppens.ca\/fr\/produit\/sympli-haut-a-encolure-carree-a-manche-3-4-taille-plus-22370\/#primaryimage\"},\"thumbnailUrl\":\"https:\/\/oppens.ca\/wp-content\/uploads\/2025\/07\/Screenshot-2025-07-25-120443.png\",\"datePublished\":\"2025-07-25T16:48:02+00:00\",\"dateModified\":\"2026-05-05T18:25:22+00:00\",\"breadcrumb\":{\"@id\":\"https:\/\/oppens.ca\/fr\/produit\/sympli-haut-a-encolure-carree-a-manche-3-4-taille-plus-22370\/#breadcrumb\"},\"inLanguage\":\"fr-FR\",\"potentialAction\":[{\"@type\":\"ReadAction\",\"target\":[\"https:\/\/oppens.ca\/fr\/produit\/sympli-haut-a-encolure-carree-a-manche-3-4-taille-plus-22370\/\"]}]},{\"@type\":\"ImageObject\",\"inLanguage\":\"fr-FR\",\"@id\":\"https:\/\/oppens.ca\/fr\/produit\/sympli-haut-a-encolure-carree-a-manche-3-4-taille-plus-22370\/#primaryimage\",\"url\":\"https:\/\/oppens.ca\/wp-content\/uploads\/2025\/07\/Screenshot-2025-07-25-120443.png\",\"contentUrl\":\"https:\/\/oppens.ca\/wp-content\/uploads\/2025\/07\/Screenshot-2025-07-25-120443.png\",\"width\":442,\"height\":703},{\"@type\":\"BreadcrumbList\",\"@id\":\"https:\/\/oppens.ca\/fr\/produit\/sympli-haut-a-encolure-carree-a-manche-3-4-taille-plus-22370\/#breadcrumb\",\"itemListElement\":[{\"@type\":\"ListItem\",\"position\":1,\"name\":\"Home\",\"item\":\"https:\/\/oppens.ca\/fr\/\"},{\"@type\":\"ListItem\",\"position\":2,\"name\":\"Magasinez\",\"item\":\"https:\/\/oppens.ca\/fr\/magasinez\/\"},{\"@type\":\"ListItem\",\"position\":3,\"name\":\"SYMPLI &#8211; Haut \u00e0 Encolure Carr\u00e9e \u00e0 Manche 3\/4 Taille Plus (22370)\"}]},{\"@type\":\"WebSite\",\"@id\":\"https:\/\/oppens.ca\/#website\",\"url\":\"https:\/\/oppens.ca\/\",\"name\":\"Oppen&#039;s\",\"description\":\"Celebrating women\u2019s evolving lifestyle for over 25 years\",\"publisher\":{\"@id\":\"https:\/\/oppens.ca\/#organization\"},\"potentialAction\":[{\"@type\":\"SearchAction\",\"target\":{\"@type\":\"EntryPoint\",\"urlTemplate\":\"https:\/\/oppens.ca\/?s={search_term_string}\"},\"query-input\":{\"@type\":\"PropertyValueSpecification\",\"valueRequired\":true,\"valueName\":\"search_term_string\"}}],\"inLanguage\":\"fr-FR\"},{\"@type\":\"Organization\",\"@id\":\"https:\/\/oppens.ca\/#organization\",\"name\":\"Oppens\",\"url\":\"https:\/\/oppens.ca\/\",\"logo\":{\"@type\":\"ImageObject\",\"inLanguage\":\"fr-FR\",\"@id\":\"https:\/\/oppens.ca\/#\/schema\/logo\/image\/\",\"url\":\"https:\/\/oppens.ca\/wp-content\/uploads\/2019\/10\/oppens.png\",\"contentUrl\":\"https:\/\/oppens.ca\/wp-content\/uploads\/2019\/10\/oppens.png\",\"width\":553,\"height\":246,\"caption\":\"Oppens\"},\"image\":{\"@id\":\"https:\/\/oppens.ca\/#\/schema\/logo\/image\/\"},\"sameAs\":[\"https:\/\/www.facebook.com\/boutiqueoppens\/\",\"https:\/\/x.com\/oppensmontreal\",\"https:\/\/www.instagram.com\/oppens_boutique\/\"]}]}<\/script>\n<!-- \/ Yoast SEO plugin. -->","yoast_head_json":{"title":"SYMPLI - Haut \u00e0 Encolure Carr\u00e9e \u00e0 Manche 3\/4 Taille Plus (22370) - Oppen&#039;s","robots":{"index":"index","follow":"follow","max-snippet":"max-snippet:-1","max-image-preview":"max-image-preview:large","max-video-preview":"max-video-preview:-1"},"canonical":"https:\/\/oppens.ca\/fr\/produit\/sympli-haut-a-encolure-carree-a-manche-3-4-taille-plus-22370\/","og_locale":"fr_FR","og_type":"article","og_title":"SYMPLI - Haut \u00e0 Encolure Carr\u00e9e \u00e0 Manche 3\/4 Taille Plus (22370) - Oppen&#039;s","og_description":"94% Polyester, 6% Spandex Laver en machine \u00e0 l&#8217;eau froide. Suspendre pour s\u00e9cher. Fait au Canada. Guide des tailles Nos mesures sont en pouces: Size 0X 1X 2X 3X Bust 45-49 47-49 49-51 51-53 Waist 43-45 45-48 48-51 50-53 Hip 50-53 53-56 56-59 59-62 &nbsp; &nbsp; &nbsp;","og_url":"https:\/\/oppens.ca\/fr\/produit\/sympli-haut-a-encolure-carree-a-manche-3-4-taille-plus-22370\/","og_site_name":"Oppen&#039;s","article_publisher":"https:\/\/www.facebook.com\/boutiqueoppens\/","article_modified_time":"2026-05-05T18:25:22+00:00","og_image":[{"width":750,"height":1000,"url":"https:\/\/oppens.ca\/wp-content\/uploads\/2020\/04\/symp5.jpg","type":"image\/jpeg"}],"twitter_card":"summary_large_image","twitter_site":"@oppensmontreal","twitter_misc":{"Dur\u00e9e de lecture estim\u00e9e":"1 minute"},"schema":{"@context":"https:\/\/schema.org","@graph":[{"@type":"WebPage","@id":"https:\/\/oppens.ca\/fr\/produit\/sympli-haut-a-encolure-carree-a-manche-3-4-taille-plus-22370\/","url":"https:\/\/oppens.ca\/fr\/produit\/sympli-haut-a-encolure-carree-a-manche-3-4-taille-plus-22370\/","name":"SYMPLI - Haut \u00e0 Encolure Carr\u00e9e \u00e0 Manche 3\/4 Taille Plus (22370) - Oppen&#039;s","isPartOf":{"@id":"https:\/\/oppens.ca\/#website"},"primaryImageOfPage":{"@id":"https:\/\/oppens.ca\/fr\/produit\/sympli-haut-a-encolure-carree-a-manche-3-4-taille-plus-22370\/#primaryimage"},"image":{"@id":"https:\/\/oppens.ca\/fr\/produit\/sympli-haut-a-encolure-carree-a-manche-3-4-taille-plus-22370\/#primaryimage"},"thumbnailUrl":"https:\/\/oppens.ca\/wp-content\/uploads\/2025\/07\/Screenshot-2025-07-25-120443.png","datePublished":"2025-07-25T16:48:02+00:00","dateModified":"2026-05-05T18:25:22+00:00","breadcrumb":{"@id":"https:\/\/oppens.ca\/fr\/produit\/sympli-haut-a-encolure-carree-a-manche-3-4-taille-plus-22370\/#breadcrumb"},"inLanguage":"fr-FR","potentialAction":[{"@type":"ReadAction","target":["https:\/\/oppens.ca\/fr\/produit\/sympli-haut-a-encolure-carree-a-manche-3-4-taille-plus-22370\/"]}]},{"@type":"ImageObject","inLanguage":"fr-FR","@id":"https:\/\/oppens.ca\/fr\/produit\/sympli-haut-a-encolure-carree-a-manche-3-4-taille-plus-22370\/#primaryimage","url":"https:\/\/oppens.ca\/wp-content\/uploads\/2025\/07\/Screenshot-2025-07-25-120443.png","contentUrl":"https:\/\/oppens.ca\/wp-content\/uploads\/2025\/07\/Screenshot-2025-07-25-120443.png","width":442,"height":703},{"@type":"BreadcrumbList","@id":"https:\/\/oppens.ca\/fr\/produit\/sympli-haut-a-encolure-carree-a-manche-3-4-taille-plus-22370\/#breadcrumb","itemListElement":[{"@type":"ListItem","position":1,"name":"Home","item":"https:\/\/oppens.ca\/fr\/"},{"@type":"ListItem","position":2,"name":"Magasinez","item":"https:\/\/oppens.ca\/fr\/magasinez\/"},{"@type":"ListItem","position":3,"name":"SYMPLI &#8211; Haut \u00e0 Encolure Carr\u00e9e \u00e0 Manche 3\/4 Taille Plus (22370)"}]},{"@type":"WebSite","@id":"https:\/\/oppens.ca\/#website","url":"https:\/\/oppens.ca\/","name":"Oppen&#039;s","description":"Celebrating women\u2019s evolving lifestyle for over 25 years","publisher":{"@id":"https:\/\/oppens.ca\/#organization"},"potentialAction":[{"@type":"SearchAction","target":{"@type":"EntryPoint","urlTemplate":"https:\/\/oppens.ca\/?s={search_term_string}"},"query-input":{"@type":"PropertyValueSpecification","valueRequired":true,"valueName":"search_term_string"}}],"inLanguage":"fr-FR"},{"@type":"Organization","@id":"https:\/\/oppens.ca\/#organization","name":"Oppens","url":"https:\/\/oppens.ca\/","logo":{"@type":"ImageObject","inLanguage":"fr-FR","@id":"https:\/\/oppens.ca\/#\/schema\/logo\/image\/","url":"https:\/\/oppens.ca\/wp-content\/uploads\/2019\/10\/oppens.png","contentUrl":"https:\/\/oppens.ca\/wp-content\/uploads\/2019\/10\/oppens.png","width":553,"height":246,"caption":"Oppens"},"image":{"@id":"https:\/\/oppens.ca\/#\/schema\/logo\/image\/"},"sameAs":["https:\/\/www.facebook.com\/boutiqueoppens\/","https:\/\/x.com\/oppensmontreal","https:\/\/www.instagram.com\/oppens_boutique\/"]}]}},"_links":{"self":[{"href":"https:\/\/oppens.ca\/fr\/wp-json\/wp\/v2\/product\/78485","targetHints":{"allow":["GET"]}}],"collection":[{"href":"https:\/\/oppens.ca\/fr\/wp-json\/wp\/v2\/product"}],"about":[{"href":"https:\/\/oppens.ca\/fr\/wp-json\/wp\/v2\/types\/product"}],"wp:featuredmedia":[{"embeddable":true,"href":"https:\/\/oppens.ca\/fr\/wp-json\/wp\/v2\/media\/78444"}],"wp:attachment":[{"href":"https:\/\/oppens.ca\/fr\/wp-json\/wp\/v2\/media?parent=78485"}],"wp:term":[{"taxonomy":"product_brand","embeddable":true,"href":"https:\/\/oppens.ca\/fr\/wp-json\/wp\/v2\/product_brand?post=78485"},{"taxonomy":"product_cat","embeddable":true,"href":"https:\/\/oppens.ca\/fr\/wp-json\/wp\/v2\/product_cat?post=78485"},{"taxonomy":"product_tag","embeddable":true,"href":"https:\/\/oppens.ca\/fr\/wp-json\/wp\/v2\/product_tag?post=78485"}],"curies":[{"name":"wp","href":"https:\/\/api.w.org\/{rel}","templated":true}]}}