                                                             

{"id":78394,"date":"2025-07-25T11:25:59","date_gmt":"2025-07-25T15:26:01","guid":{"rendered":"https:\/\/oppens.ca\/?post_type=product&#038;p=78394"},"modified":"2025-09-12T11:03:26","modified_gmt":"2025-09-12T15:03:26","slug":"sympli-pantalon-etroit-midi-entissu-lux-s6700m","status":"publish","type":"product","link":"https:\/\/oppens.ca\/fr\/produit\/sympli-pantalon-etroit-midi-entissu-lux-s6700m\/","title":{"rendered":"Sympli &#8211; Pantalon \u00c9troit Midi enTissu &#8220;Lux&#8221; (S6700M)"},"content":{"rendered":"<p>47% Nylon, 40% Tencel, 13% Spandex<\/p>\n<p><em>Laver \u00e0 la machine en eau froide, Ne pas javeliser, Suspendre pour s\u00e9cher, Repasser \u00e0 basse temp\u00e9rature.<\/em><\/p>\n<p>Fait au Canada.<\/p>\n<p>Nos mesures sont en pouces.<\/p>\n<table border=\"1\" cellspacing=\"1\" cellpadding=\"10\">\n<tbody>\n<tr bgcolor=\"#5c5c5c\">\n<td><strong>Size<\/strong><\/td>\n<td><strong>2<\/strong><\/td>\n<td><strong>4<\/strong><\/td>\n<td><strong>6<\/strong><\/td>\n<td><strong>8<\/strong><\/td>\n<td><strong>10<\/strong><\/td>\n<td><strong>12<\/strong><\/td>\n<td><strong>14<\/strong><\/td>\n<td><strong>16<\/strong><\/td>\n<td><strong>18<\/strong><\/td>\n<\/tr>\n<tr>\n<td bgcolor=\"#5c5c5c\"><strong>Bust<\/strong><\/td>\n<td>33 &#8211; 34<\/td>\n<td>34-35<\/td>\n<td>35 &#8211; 37.5<\/td>\n<td>37.5 &#8211; 39<\/td>\n<td>39 &#8211; 41<\/td>\n<td>41 &#8211; 43<\/td>\n<td>43 &#8211; 45<\/td>\n<td>45 &#8211; 47<\/td>\n<td>47 &#8211; 49<\/td>\n<\/tr>\n<tr>\n<td bgcolor=\"#5c5c5c\"><strong>Waist<\/strong><\/td>\n<td>26 &#8211; 27.5<\/td>\n<td>27.5 &#8211; 29<\/td>\n<td>29 &#8211; 30.5<\/td>\n<td>30.5 &#8211; 32<\/td>\n<td>32 &#8211; 35<\/td>\n<td>35 &#8211; 37<\/td>\n<td>37 &#8211; 40<\/td>\n<td>40 &#8211; 43<\/td>\n<td>43 &#8211; 46<\/td>\n<\/tr>\n<tr>\n<td bgcolor=\"#5c5c5c\"><strong>Hip<\/strong><\/td>\n<td>35 &#8211; 36.5<\/td>\n<td>36.5 &#8211; 38<\/td>\n<td>38 &#8211; 39.5<\/td>\n<td>39.5 &#8211; 41<\/td>\n<td>41 &#8211; 43<\/td>\n<td>43 &#8211; 45<\/td>\n<td>45 &#8211; 47<\/td>\n<td>47 &#8211; 49<\/td>\n<td>49 -51<\/td>\n<\/tr>\n<\/tbody>\n<\/table>\n","protected":false},"excerpt":{"rendered":"<p>47% Nylon, 40% Tencel, 13% Spandex Laver \u00e0 la machine en eau froide, Ne pas javeliser, Suspendre pour s\u00e9cher, Repasser \u00e0 basse temp\u00e9rature. Fait au Canada. Nos mesures sont en pouces. Size 2 4 6 8 10 12 14 16 18 Bust 33 &#8211; 34 34-35 35 &#8211; 37.5 37.5 &#8211; 39 39 &#8211; 41 &hellip; <\/p>\n<p class=\"link-more\"><a href=\"https:\/\/oppens.ca\/fr\/produit\/sympli-pantalon-etroit-midi-entissu-lux-s6700m\/\" class=\"more-link\">Continue reading&lt;span class=&quot;screen-reader-text&quot;&gt; &quot;Sympli &#8211; Pantalon \u00c9troit Midi enTissu &#8220;Lux&#8221; (S6700M)&quot;&lt;\/span&gt;<\/a><\/p>\n","protected":false},"featured_media":78418,"template":"","meta":[],"product_brand":[],"product_cat":[356,131,398],"product_tag":[559,287],"class_list":{"0":"post-78394","1":"product","2":"type-product","3":"status-publish","4":"has-post-thumbnail","6":"product_cat-magasiner-par-collection","7":"product_cat-pantalons-leggings-fr","8":"product_cat-sympli-fr","9":"product_tag-pant-fr","10":"product_tag-sympli-fr","11":"product_shipping_class-expedition-standard","13":"first","14":"instock","15":"taxable","16":"shipping-taxable","17":"purchasable","18":"product-type-variable"},"supplier_id":null,"supplier_sku":"","barcode":null,"atum_controlled":true,"out_stock_date":null,"out_stock_threshold":null,"inheritable":true,"inbound_stock":null,"stock_on_hold":0,"sold_today":0,"sales_last_days":0,"reserved_stock":null,"customer_returns":null,"warehouse_damage":null,"lost_in_post":null,"other_logs":null,"out_stock_days":0,"lost_sales":0,"has_location":false,"update_date":"2026-05-04T00:32:29","atum_locations":[],"atum_stock_status":"instock","restock_status":false,"low_stock_amount":"","sales_update_date":"2026-05-04T00:32:29","calc_backorders":null,"yoast_head":"<!-- This site is optimized with the Yoast SEO plugin v27.0 - https:\/\/yoast.com\/product\/yoast-seo-wordpress\/ -->\n<title>Sympli - Pantalon \u00c9troit Midi enTissu &quot;Lux&quot; (S6700M) - Oppen&#039;s<\/title>\n<meta name=\"robots\" content=\"index, follow, max-snippet:-1, max-image-preview:large, max-video-preview:-1\" \/>\n<link rel=\"canonical\" href=\"https:\/\/oppens.ca\/fr\/produit\/sympli-pantalon-etroit-midi-entissu-lux-s6700m\/\" \/>\n<meta property=\"og:locale\" content=\"fr_FR\" \/>\n<meta property=\"og:type\" content=\"article\" \/>\n<meta property=\"og:title\" content=\"Sympli - Pantalon \u00c9troit Midi enTissu &quot;Lux&quot; (S6700M) - Oppen&#039;s\" \/>\n<meta property=\"og:description\" content=\"47% Nylon, 40% Tencel, 13% Spandex Laver \u00e0 la machine en eau froide, Ne pas javeliser, Suspendre pour s\u00e9cher, Repasser \u00e0 basse temp\u00e9rature. Fait au Canada. Nos mesures sont en pouces. Size 2 4 6 8 10 12 14 16 18 Bust 33 &#8211; 34 34-35 35 &#8211; 37.5 37.5 &#8211; 39 39 &#8211; 41 &hellip; Continue reading&lt;span class=&quot;screen-reader-text&quot;&gt; &quot;Sympli &#8211; Pantalon \u00c9troit Midi enTissu &#8220;Lux&#8221; (S6700M)&quot;&lt;\/span&gt;\" \/>\n<meta property=\"og:url\" content=\"https:\/\/oppens.ca\/fr\/produit\/sympli-pantalon-etroit-midi-entissu-lux-s6700m\/\" \/>\n<meta property=\"og:site_name\" content=\"Oppen&#039;s\" \/>\n<meta property=\"article:publisher\" content=\"https:\/\/www.facebook.com\/boutiqueoppens\/\" \/>\n<meta property=\"article:modified_time\" content=\"2025-09-12T15:03:26+00:00\" \/>\n<meta property=\"og:image\" content=\"https:\/\/oppens.ca\/wp-content\/uploads\/2020\/04\/symp5.jpg\" \/>\n\t<meta property=\"og:image:width\" content=\"750\" \/>\n\t<meta property=\"og:image:height\" content=\"1000\" \/>\n\t<meta property=\"og:image:type\" content=\"image\/jpeg\" \/>\n<meta name=\"twitter:card\" content=\"summary_large_image\" \/>\n<meta name=\"twitter:site\" content=\"@oppensmontreal\" \/>\n<meta name=\"twitter:label1\" content=\"Dur\u00e9e de lecture estim\u00e9e\" \/>\n\t<meta name=\"twitter:data1\" content=\"1 minute\" \/>\n<script type=\"application\/ld+json\" class=\"yoast-schema-graph\">{\"@context\":\"https:\/\/schema.org\",\"@graph\":[{\"@type\":\"WebPage\",\"@id\":\"https:\/\/oppens.ca\/fr\/produit\/sympli-pantalon-etroit-midi-entissu-lux-s6700m\/\",\"url\":\"https:\/\/oppens.ca\/fr\/produit\/sympli-pantalon-etroit-midi-entissu-lux-s6700m\/\",\"name\":\"Sympli - Pantalon \u00c9troit Midi enTissu \\\"Lux\\\" (S6700M) - Oppen&#039;s\",\"isPartOf\":{\"@id\":\"https:\/\/oppens.ca\/#website\"},\"primaryImageOfPage\":{\"@id\":\"https:\/\/oppens.ca\/fr\/produit\/sympli-pantalon-etroit-midi-entissu-lux-s6700m\/#primaryimage\"},\"image\":{\"@id\":\"https:\/\/oppens.ca\/fr\/produit\/sympli-pantalon-etroit-midi-entissu-lux-s6700m\/#primaryimage\"},\"thumbnailUrl\":\"https:\/\/oppens.ca\/wp-content\/uploads\/2025\/07\/Screenshot-2025-07-25-112408.png\",\"datePublished\":\"2025-07-25T15:26:01+00:00\",\"dateModified\":\"2025-09-12T15:03:26+00:00\",\"breadcrumb\":{\"@id\":\"https:\/\/oppens.ca\/fr\/produit\/sympli-pantalon-etroit-midi-entissu-lux-s6700m\/#breadcrumb\"},\"inLanguage\":\"fr-FR\",\"potentialAction\":[{\"@type\":\"ReadAction\",\"target\":[\"https:\/\/oppens.ca\/fr\/produit\/sympli-pantalon-etroit-midi-entissu-lux-s6700m\/\"]}]},{\"@type\":\"ImageObject\",\"inLanguage\":\"fr-FR\",\"@id\":\"https:\/\/oppens.ca\/fr\/produit\/sympli-pantalon-etroit-midi-entissu-lux-s6700m\/#primaryimage\",\"url\":\"https:\/\/oppens.ca\/wp-content\/uploads\/2025\/07\/Screenshot-2025-07-25-112408.png\",\"contentUrl\":\"https:\/\/oppens.ca\/wp-content\/uploads\/2025\/07\/Screenshot-2025-07-25-112408.png\",\"width\":439,\"height\":702},{\"@type\":\"BreadcrumbList\",\"@id\":\"https:\/\/oppens.ca\/fr\/produit\/sympli-pantalon-etroit-midi-entissu-lux-s6700m\/#breadcrumb\",\"itemListElement\":[{\"@type\":\"ListItem\",\"position\":1,\"name\":\"Home\",\"item\":\"https:\/\/oppens.ca\/fr\/\"},{\"@type\":\"ListItem\",\"position\":2,\"name\":\"Magasinez\",\"item\":\"https:\/\/oppens.ca\/fr\/magasinez\/\"},{\"@type\":\"ListItem\",\"position\":3,\"name\":\"Sympli &#8211; Pantalon \u00c9troit Midi enTissu &#8220;Lux&#8221; (S6700M)\"}]},{\"@type\":\"WebSite\",\"@id\":\"https:\/\/oppens.ca\/#website\",\"url\":\"https:\/\/oppens.ca\/\",\"name\":\"Oppen&#039;s\",\"description\":\"Celebrating women\u2019s evolving lifestyle for over 25 years\",\"publisher\":{\"@id\":\"https:\/\/oppens.ca\/#organization\"},\"potentialAction\":[{\"@type\":\"SearchAction\",\"target\":{\"@type\":\"EntryPoint\",\"urlTemplate\":\"https:\/\/oppens.ca\/?s={search_term_string}\"},\"query-input\":{\"@type\":\"PropertyValueSpecification\",\"valueRequired\":true,\"valueName\":\"search_term_string\"}}],\"inLanguage\":\"fr-FR\"},{\"@type\":\"Organization\",\"@id\":\"https:\/\/oppens.ca\/#organization\",\"name\":\"Oppens\",\"url\":\"https:\/\/oppens.ca\/\",\"logo\":{\"@type\":\"ImageObject\",\"inLanguage\":\"fr-FR\",\"@id\":\"https:\/\/oppens.ca\/#\/schema\/logo\/image\/\",\"url\":\"https:\/\/oppens.ca\/wp-content\/uploads\/2019\/10\/oppens.png\",\"contentUrl\":\"https:\/\/oppens.ca\/wp-content\/uploads\/2019\/10\/oppens.png\",\"width\":553,\"height\":246,\"caption\":\"Oppens\"},\"image\":{\"@id\":\"https:\/\/oppens.ca\/#\/schema\/logo\/image\/\"},\"sameAs\":[\"https:\/\/www.facebook.com\/boutiqueoppens\/\",\"https:\/\/x.com\/oppensmontreal\",\"https:\/\/www.instagram.com\/oppens_boutique\/\"]}]}<\/script>\n<!-- \/ Yoast SEO plugin. -->","yoast_head_json":{"title":"Sympli - Pantalon \u00c9troit Midi enTissu \"Lux\" (S6700M) - Oppen&#039;s","robots":{"index":"index","follow":"follow","max-snippet":"max-snippet:-1","max-image-preview":"max-image-preview:large","max-video-preview":"max-video-preview:-1"},"canonical":"https:\/\/oppens.ca\/fr\/produit\/sympli-pantalon-etroit-midi-entissu-lux-s6700m\/","og_locale":"fr_FR","og_type":"article","og_title":"Sympli - Pantalon \u00c9troit Midi enTissu \"Lux\" (S6700M) - Oppen&#039;s","og_description":"47% Nylon, 40% Tencel, 13% Spandex Laver \u00e0 la machine en eau froide, Ne pas javeliser, Suspendre pour s\u00e9cher, Repasser \u00e0 basse temp\u00e9rature. Fait au Canada. Nos mesures sont en pouces. Size 2 4 6 8 10 12 14 16 18 Bust 33 &#8211; 34 34-35 35 &#8211; 37.5 37.5 &#8211; 39 39 &#8211; 41 &hellip; Continue reading&lt;span class=&quot;screen-reader-text&quot;&gt; &quot;Sympli &#8211; Pantalon \u00c9troit Midi enTissu &#8220;Lux&#8221; (S6700M)&quot;&lt;\/span&gt;","og_url":"https:\/\/oppens.ca\/fr\/produit\/sympli-pantalon-etroit-midi-entissu-lux-s6700m\/","og_site_name":"Oppen&#039;s","article_publisher":"https:\/\/www.facebook.com\/boutiqueoppens\/","article_modified_time":"2025-09-12T15:03:26+00:00","og_image":[{"width":750,"height":1000,"url":"https:\/\/oppens.ca\/wp-content\/uploads\/2020\/04\/symp5.jpg","type":"image\/jpeg"}],"twitter_card":"summary_large_image","twitter_site":"@oppensmontreal","twitter_misc":{"Dur\u00e9e de lecture estim\u00e9e":"1 minute"},"schema":{"@context":"https:\/\/schema.org","@graph":[{"@type":"WebPage","@id":"https:\/\/oppens.ca\/fr\/produit\/sympli-pantalon-etroit-midi-entissu-lux-s6700m\/","url":"https:\/\/oppens.ca\/fr\/produit\/sympli-pantalon-etroit-midi-entissu-lux-s6700m\/","name":"Sympli - Pantalon \u00c9troit Midi enTissu \"Lux\" (S6700M) - Oppen&#039;s","isPartOf":{"@id":"https:\/\/oppens.ca\/#website"},"primaryImageOfPage":{"@id":"https:\/\/oppens.ca\/fr\/produit\/sympli-pantalon-etroit-midi-entissu-lux-s6700m\/#primaryimage"},"image":{"@id":"https:\/\/oppens.ca\/fr\/produit\/sympli-pantalon-etroit-midi-entissu-lux-s6700m\/#primaryimage"},"thumbnailUrl":"https:\/\/oppens.ca\/wp-content\/uploads\/2025\/07\/Screenshot-2025-07-25-112408.png","datePublished":"2025-07-25T15:26:01+00:00","dateModified":"2025-09-12T15:03:26+00:00","breadcrumb":{"@id":"https:\/\/oppens.ca\/fr\/produit\/sympli-pantalon-etroit-midi-entissu-lux-s6700m\/#breadcrumb"},"inLanguage":"fr-FR","potentialAction":[{"@type":"ReadAction","target":["https:\/\/oppens.ca\/fr\/produit\/sympli-pantalon-etroit-midi-entissu-lux-s6700m\/"]}]},{"@type":"ImageObject","inLanguage":"fr-FR","@id":"https:\/\/oppens.ca\/fr\/produit\/sympli-pantalon-etroit-midi-entissu-lux-s6700m\/#primaryimage","url":"https:\/\/oppens.ca\/wp-content\/uploads\/2025\/07\/Screenshot-2025-07-25-112408.png","contentUrl":"https:\/\/oppens.ca\/wp-content\/uploads\/2025\/07\/Screenshot-2025-07-25-112408.png","width":439,"height":702},{"@type":"BreadcrumbList","@id":"https:\/\/oppens.ca\/fr\/produit\/sympli-pantalon-etroit-midi-entissu-lux-s6700m\/#breadcrumb","itemListElement":[{"@type":"ListItem","position":1,"name":"Home","item":"https:\/\/oppens.ca\/fr\/"},{"@type":"ListItem","position":2,"name":"Magasinez","item":"https:\/\/oppens.ca\/fr\/magasinez\/"},{"@type":"ListItem","position":3,"name":"Sympli &#8211; Pantalon \u00c9troit Midi enTissu &#8220;Lux&#8221; (S6700M)"}]},{"@type":"WebSite","@id":"https:\/\/oppens.ca\/#website","url":"https:\/\/oppens.ca\/","name":"Oppen&#039;s","description":"Celebrating women\u2019s evolving lifestyle for over 25 years","publisher":{"@id":"https:\/\/oppens.ca\/#organization"},"potentialAction":[{"@type":"SearchAction","target":{"@type":"EntryPoint","urlTemplate":"https:\/\/oppens.ca\/?s={search_term_string}"},"query-input":{"@type":"PropertyValueSpecification","valueRequired":true,"valueName":"search_term_string"}}],"inLanguage":"fr-FR"},{"@type":"Organization","@id":"https:\/\/oppens.ca\/#organization","name":"Oppens","url":"https:\/\/oppens.ca\/","logo":{"@type":"ImageObject","inLanguage":"fr-FR","@id":"https:\/\/oppens.ca\/#\/schema\/logo\/image\/","url":"https:\/\/oppens.ca\/wp-content\/uploads\/2019\/10\/oppens.png","contentUrl":"https:\/\/oppens.ca\/wp-content\/uploads\/2019\/10\/oppens.png","width":553,"height":246,"caption":"Oppens"},"image":{"@id":"https:\/\/oppens.ca\/#\/schema\/logo\/image\/"},"sameAs":["https:\/\/www.facebook.com\/boutiqueoppens\/","https:\/\/x.com\/oppensmontreal","https:\/\/www.instagram.com\/oppens_boutique\/"]}]}},"_links":{"self":[{"href":"https:\/\/oppens.ca\/fr\/wp-json\/wp\/v2\/product\/78394","targetHints":{"allow":["GET"]}}],"collection":[{"href":"https:\/\/oppens.ca\/fr\/wp-json\/wp\/v2\/product"}],"about":[{"href":"https:\/\/oppens.ca\/fr\/wp-json\/wp\/v2\/types\/product"}],"wp:featuredmedia":[{"embeddable":true,"href":"https:\/\/oppens.ca\/fr\/wp-json\/wp\/v2\/media\/78418"}],"wp:attachment":[{"href":"https:\/\/oppens.ca\/fr\/wp-json\/wp\/v2\/media?parent=78394"}],"wp:term":[{"taxonomy":"product_brand","embeddable":true,"href":"https:\/\/oppens.ca\/fr\/wp-json\/wp\/v2\/product_brand?post=78394"},{"taxonomy":"product_cat","embeddable":true,"href":"https:\/\/oppens.ca\/fr\/wp-json\/wp\/v2\/product_cat?post=78394"},{"taxonomy":"product_tag","embeddable":true,"href":"https:\/\/oppens.ca\/fr\/wp-json\/wp\/v2\/product_tag?post=78394"}],"curies":[{"name":"wp","href":"https:\/\/api.w.org\/{rel}","templated":true}]}}