                                                             

{"id":77930,"date":"2025-07-19T11:51:19","date_gmt":"2025-07-19T15:51:19","guid":{"rendered":"https:\/\/oppens.ca\/?post_type=product&#038;p=77930"},"modified":"2025-09-09T15:16:51","modified_gmt":"2025-09-09T19:16:51","slug":"sympli-pantalon-a-la-cheville-hepburn-en-ponte-leger-s27228a","status":"publish","type":"product","link":"https:\/\/oppens.ca\/fr\/produit\/sympli-pantalon-a-la-cheville-hepburn-en-ponte-leger-s27228a\/","title":{"rendered":"Sympli &#8211; Pantalon \u00e0 la Cheville Hepburn en Ponte L\u00e9ger (S27228A)"},"content":{"rendered":"<p>47% Nylon \/ 40% Tencel \/ 13% Spandex<\/p>\n<p><em>Laver \u00e0 la machine en eau froide, Ne pas javeliser, Suspendre pour s\u00e9cher, Repasser \u00e0 basse temp\u00e9rature<\/em><\/p>\n<p>Fait au Canada.<\/p>\n<p>Le pantalon Hepburn \u00e0 la cheville est con\u00e7u\u00a0 pour une coupe galbante. Avec sa taille mi-haute, ce pantalon longueur cheville allie style et polyvalence.<\/p>\n<p>Nos mesures sont en pouces:<\/p>\n<table class=\"ks-table\">\n<tbody>\n<tr class=\"ks-table-row\">\n<td class=\"ks-table-cell ks-table-header-cell\">2<\/td>\n<td class=\"ks-table-cell\" data-unit-values=\"{&quot;0&quot;:&quot;21&quot;,&quot;1&quot;:&quot;53.3&quot;}\" data-unit-type=\"single\">21<\/td>\n<td class=\"ks-table-cell\" data-unit-values=\"{&quot;0&quot;:&quot;26.5&quot;,&quot;1&quot;:&quot;67.3&quot;}\" data-unit-type=\"single\">26.5<\/td>\n<td class=\"ks-table-cell\" data-unit-values=\"{&quot;0&quot;:&quot;25.3&quot;,&quot;1&quot;:&quot;64.1&quot;}\" data-unit-type=\"single\">25.3<\/td>\n<td class=\"ks-table-cell ks-table-col-hover\" data-unit-values=\"{&quot;0&quot;:&quot;7&quot;,&quot;1&quot;:&quot;17.8&quot;}\" data-unit-type=\"single\">7<\/td>\n<\/tr>\n<tr class=\"ks-table-row\">\n<td class=\"ks-table-cell ks-table-header-cell\">4<\/td>\n<td class=\"ks-table-cell\" data-unit-values=\"{&quot;0&quot;:&quot;22.5&quot;,&quot;1&quot;:&quot;57.1&quot;}\" data-unit-type=\"single\">22.5<\/td>\n<td class=\"ks-table-cell\" data-unit-values=\"{&quot;0&quot;:&quot;28&quot;,&quot;1&quot;:&quot;71.1&quot;}\" data-unit-type=\"single\">28<\/td>\n<td class=\"ks-table-cell\" data-unit-values=\"{&quot;0&quot;:&quot;25.3&quot;,&quot;1&quot;:&quot;64.1&quot;}\" data-unit-type=\"single\">25.3<\/td>\n<td class=\"ks-table-cell ks-table-col-hover\" data-unit-values=\"{&quot;0&quot;:&quot;7.5&quot;,&quot;1&quot;:&quot;19.1&quot;}\" data-unit-type=\"single\">7.5<\/td>\n<\/tr>\n<tr class=\"ks-table-row\">\n<td class=\"ks-table-cell ks-table-header-cell\">6<\/td>\n<td class=\"ks-table-cell\" data-unit-values=\"{&quot;0&quot;:&quot;24&quot;,&quot;1&quot;:&quot;61&quot;}\" data-unit-type=\"single\">24<\/td>\n<td class=\"ks-table-cell\" data-unit-values=\"{&quot;0&quot;:&quot;29.5&quot;,&quot;1&quot;:&quot;74.9&quot;}\" data-unit-type=\"single\">29.5<\/td>\n<td class=\"ks-table-cell\" data-unit-values=\"{&quot;0&quot;:&quot;25.5&quot;,&quot;1&quot;:&quot;64.8&quot;}\" data-unit-type=\"single\">25.5<\/td>\n<td class=\"ks-table-cell ks-table-col-hover\" data-unit-values=\"{&quot;0&quot;:&quot;8&quot;,&quot;1&quot;:&quot;20.3&quot;}\" data-unit-type=\"single\">8<\/td>\n<\/tr>\n<tr class=\"ks-table-row\">\n<td class=\"ks-table-cell ks-table-header-cell\">8<\/td>\n<td class=\"ks-table-cell\" data-unit-values=\"{&quot;0&quot;:&quot;25.5&quot;,&quot;1&quot;:&quot;64.8&quot;}\" data-unit-type=\"single\">25.5<\/td>\n<td class=\"ks-table-cell\" data-unit-values=\"{&quot;0&quot;:&quot;31&quot;,&quot;1&quot;:&quot;78.7&quot;}\" data-unit-type=\"single\">31<\/td>\n<td class=\"ks-table-cell\" data-unit-values=\"{&quot;0&quot;:&quot;25.5&quot;,&quot;1&quot;:&quot;64.8&quot;}\" data-unit-type=\"single\">25.5<\/td>\n<td class=\"ks-table-cell ks-table-col-hover\" data-unit-values=\"{&quot;0&quot;:&quot;8.5&quot;,&quot;1&quot;:&quot;21.6&quot;}\" data-unit-type=\"single\">8.5<\/td>\n<\/tr>\n<tr class=\"ks-table-row\">\n<td class=\"ks-table-cell ks-table-header-cell\">10<\/td>\n<td class=\"ks-table-cell\" data-unit-values=\"{&quot;0&quot;:&quot;27&quot;,&quot;1&quot;:&quot;68.6&quot;}\" data-unit-type=\"single\">27<\/td>\n<td class=\"ks-table-cell\" data-unit-values=\"{&quot;0&quot;:&quot;32.5&quot;,&quot;1&quot;:&quot;82.5&quot;}\" data-unit-type=\"single\">32.5<\/td>\n<td class=\"ks-table-cell\" data-unit-values=\"{&quot;0&quot;:&quot;25.8&quot;,&quot;1&quot;:&quot;65.4&quot;}\" data-unit-type=\"single\">25.8<\/td>\n<td class=\"ks-table-cell ks-table-col-hover\" data-unit-values=\"{&quot;0&quot;:&quot;9&quot;,&quot;1&quot;:&quot;22.9&quot;}\" data-unit-type=\"single\">9<\/td>\n<\/tr>\n<tr class=\"ks-table-row\">\n<td class=\"ks-table-cell ks-table-header-cell\">12<\/td>\n<td class=\"ks-table-cell\" data-unit-values=\"{&quot;0&quot;:&quot;29&quot;,&quot;1&quot;:&quot;73.7&quot;}\" data-unit-type=\"single\">29<\/td>\n<td class=\"ks-table-cell\" data-unit-values=\"{&quot;0&quot;:&quot;34.5&quot;,&quot;1&quot;:&quot;87.6&quot;}\" data-unit-type=\"single\">34.5<\/td>\n<td class=\"ks-table-cell\" data-unit-values=\"{&quot;0&quot;:&quot;26&quot;,&quot;1&quot;:&quot;66&quot;}\" data-unit-type=\"single\">26<\/td>\n<td class=\"ks-table-cell ks-table-col-hover\" data-unit-values=\"{&quot;0&quot;:&quot;9.5&quot;,&quot;1&quot;:&quot;24.1&quot;}\" data-unit-type=\"single\">9.5<\/td>\n<\/tr>\n<tr class=\"ks-table-row\">\n<td class=\"ks-table-cell ks-table-header-cell\">14<\/td>\n<td class=\"ks-table-cell\" data-unit-values=\"{&quot;0&quot;:&quot;31&quot;,&quot;1&quot;:&quot;78.7&quot;}\" data-unit-type=\"single\">31<\/td>\n<td class=\"ks-table-cell\" data-unit-values=\"{&quot;0&quot;:&quot;36.5&quot;,&quot;1&quot;:&quot;92.7&quot;}\" data-unit-type=\"single\">36.5<\/td>\n<td class=\"ks-table-cell\" data-unit-values=\"{&quot;0&quot;:&quot;26.3&quot;,&quot;1&quot;:&quot;66.7&quot;}\" data-unit-type=\"single\">26.3<\/td>\n<td class=\"ks-table-cell ks-table-col-hover\" data-unit-values=\"{&quot;0&quot;:&quot;10&quot;,&quot;1&quot;:&quot;25.4&quot;}\" data-unit-type=\"single\">10<\/td>\n<\/tr>\n<tr class=\"ks-table-row\">\n<td class=\"ks-table-cell ks-table-header-cell\">16<\/td>\n<td class=\"ks-table-cell\" data-unit-values=\"{&quot;0&quot;:&quot;33&quot;,&quot;1&quot;:&quot;83.8&quot;}\" data-unit-type=\"single\">33<\/td>\n<td class=\"ks-table-cell\" data-unit-values=\"{&quot;0&quot;:&quot;38.5&quot;,&quot;1&quot;:&quot;97.8&quot;}\" data-unit-type=\"single\">38.5<\/td>\n<td class=\"ks-table-cell\" data-unit-values=\"{&quot;0&quot;:&quot;26.5&quot;,&quot;1&quot;:&quot;67.3&quot;}\" data-unit-type=\"single\">26.5<\/td>\n<td class=\"ks-table-cell ks-table-col-hover\" data-unit-values=\"{&quot;0&quot;:&quot;10.5&quot;,&quot;1&quot;:&quot;26.7&quot;}\" data-unit-type=\"single\">10.5<\/td>\n<\/tr>\n<tr class=\"ks-table-row\">\n<td class=\"ks-table-cell ks-table-header-cell\">18<\/td>\n<td class=\"ks-table-cell\" data-unit-values=\"{&quot;0&quot;:&quot;35&quot;,&quot;1&quot;:&quot;88.9&quot;}\" data-unit-type=\"single\">35<\/td>\n<td class=\"ks-table-cell\" data-unit-values=\"{&quot;0&quot;:&quot;40.5&quot;,&quot;1&quot;:&quot;103&quot;}\" data-unit-type=\"single\">40.5<\/td>\n<td class=\"ks-table-cell\" data-unit-values=\"{&quot;0&quot;:&quot;26.8&quot;,&quot;1&quot;:&quot;67.9&quot;}\" data-unit-type=\"single\">26.8<\/td>\n<td class=\"ks-table-cell ks-table-col-hover\" data-unit-values=\"{&quot;0&quot;:&quot;11&quot;,&quot;1&quot;:&quot;27.9&quot;}\" data-unit-type=\"single\">11<\/td>\n<\/tr>\n<\/tbody>\n<\/table>\n","protected":false},"excerpt":{"rendered":"<p>47% Nylon \/ 40% Tencel \/ 13% Spandex Laver \u00e0 la machine en eau froide, Ne pas javeliser, Suspendre pour s\u00e9cher, Repasser \u00e0 basse temp\u00e9rature Fait au Canada. Le pantalon Hepburn \u00e0 la cheville est con\u00e7u\u00a0 pour une coupe galbante. Avec sa taille mi-haute, ce pantalon longueur cheville allie style et polyvalence. Nos mesures sont &hellip; <\/p>\n<p class=\"link-more\"><a href=\"https:\/\/oppens.ca\/fr\/produit\/sympli-pantalon-a-la-cheville-hepburn-en-ponte-leger-s27228a\/\" class=\"more-link\">Continue reading&lt;span class=&quot;screen-reader-text&quot;&gt; &quot;Sympli &#8211; Pantalon \u00e0 la Cheville Hepburn en Ponte L\u00e9ger (S27228A)&quot;&lt;\/span&gt;<\/a><\/p>\n","protected":false},"featured_media":77941,"template":"","meta":[],"product_brand":[],"product_cat":[356,349,131,398],"product_tag":[664,542,559,287],"class_list":{"0":"post-77930","1":"product","2":"type-product","3":"status-publish","4":"has-post-thumbnail","6":"product_cat-magasiner-par-collection","7":"product_cat-nouveautes","8":"product_cat-pantalons-leggings-fr","9":"product_cat-sympli-fr","10":"product_tag-bas","11":"product_tag-nouveau","12":"product_tag-pant-fr","13":"product_tag-sympli-fr","14":"product_shipping_class-expedition-standard","16":"first","17":"instock","18":"taxable","19":"shipping-taxable","20":"purchasable","21":"product-type-variable"},"supplier_id":null,"supplier_sku":"","barcode":null,"atum_controlled":true,"out_stock_date":null,"out_stock_threshold":null,"inheritable":true,"inbound_stock":null,"stock_on_hold":0,"sold_today":0,"sales_last_days":0,"reserved_stock":null,"customer_returns":null,"warehouse_damage":null,"lost_in_post":null,"other_logs":null,"out_stock_days":0,"lost_sales":0,"has_location":false,"update_date":"2026-05-04T00:32:25","atum_locations":[],"atum_stock_status":"instock","restock_status":false,"low_stock_amount":"","sales_update_date":"2026-05-04T00:32:25","calc_backorders":null,"yoast_head":"<!-- This site is optimized with the Yoast SEO plugin v27.0 - https:\/\/yoast.com\/product\/yoast-seo-wordpress\/ -->\n<title>Sympli - Pantalon \u00e0 la Cheville Hepburn en Ponte L\u00e9ger (S27228A) - Oppen&#039;s<\/title>\n<meta name=\"robots\" content=\"index, follow, max-snippet:-1, max-image-preview:large, max-video-preview:-1\" \/>\n<link rel=\"canonical\" href=\"https:\/\/oppens.ca\/fr\/produit\/sympli-pantalon-a-la-cheville-hepburn-en-ponte-leger-s27228a\/\" \/>\n<meta property=\"og:locale\" content=\"fr_FR\" \/>\n<meta property=\"og:type\" content=\"article\" \/>\n<meta property=\"og:title\" content=\"Sympli - Pantalon \u00e0 la Cheville Hepburn en Ponte L\u00e9ger (S27228A) - Oppen&#039;s\" \/>\n<meta property=\"og:description\" content=\"47% Nylon \/ 40% Tencel \/ 13% Spandex Laver \u00e0 la machine en eau froide, Ne pas javeliser, Suspendre pour s\u00e9cher, Repasser \u00e0 basse temp\u00e9rature Fait au Canada. Le pantalon Hepburn \u00e0 la cheville est con\u00e7u\u00a0 pour une coupe galbante. Avec sa taille mi-haute, ce pantalon longueur cheville allie style et polyvalence. Nos mesures sont &hellip; Continue reading&lt;span class=&quot;screen-reader-text&quot;&gt; &quot;Sympli &#8211; Pantalon \u00e0 la Cheville Hepburn en Ponte L\u00e9ger (S27228A)&quot;&lt;\/span&gt;\" \/>\n<meta property=\"og:url\" content=\"https:\/\/oppens.ca\/fr\/produit\/sympli-pantalon-a-la-cheville-hepburn-en-ponte-leger-s27228a\/\" \/>\n<meta property=\"og:site_name\" content=\"Oppen&#039;s\" \/>\n<meta property=\"article:publisher\" content=\"https:\/\/www.facebook.com\/boutiqueoppens\/\" \/>\n<meta property=\"article:modified_time\" content=\"2025-09-09T19:16:51+00:00\" \/>\n<meta property=\"og:image\" content=\"https:\/\/oppens.ca\/wp-content\/uploads\/2020\/04\/symp5.jpg\" \/>\n\t<meta property=\"og:image:width\" content=\"750\" \/>\n\t<meta property=\"og:image:height\" content=\"1000\" \/>\n\t<meta property=\"og:image:type\" content=\"image\/jpeg\" \/>\n<meta name=\"twitter:card\" content=\"summary_large_image\" \/>\n<meta name=\"twitter:site\" content=\"@oppensmontreal\" \/>\n<meta name=\"twitter:label1\" content=\"Dur\u00e9e de lecture estim\u00e9e\" \/>\n\t<meta name=\"twitter:data1\" content=\"1 minute\" \/>\n<script type=\"application\/ld+json\" class=\"yoast-schema-graph\">{\"@context\":\"https:\/\/schema.org\",\"@graph\":[{\"@type\":\"WebPage\",\"@id\":\"https:\/\/oppens.ca\/fr\/produit\/sympli-pantalon-a-la-cheville-hepburn-en-ponte-leger-s27228a\/\",\"url\":\"https:\/\/oppens.ca\/fr\/produit\/sympli-pantalon-a-la-cheville-hepburn-en-ponte-leger-s27228a\/\",\"name\":\"Sympli - Pantalon \u00e0 la Cheville Hepburn en Ponte L\u00e9ger (S27228A) - Oppen&#039;s\",\"isPartOf\":{\"@id\":\"https:\/\/oppens.ca\/#website\"},\"primaryImageOfPage\":{\"@id\":\"https:\/\/oppens.ca\/fr\/produit\/sympli-pantalon-a-la-cheville-hepburn-en-ponte-leger-s27228a\/#primaryimage\"},\"image\":{\"@id\":\"https:\/\/oppens.ca\/fr\/produit\/sympli-pantalon-a-la-cheville-hepburn-en-ponte-leger-s27228a\/#primaryimage\"},\"thumbnailUrl\":\"https:\/\/oppens.ca\/wp-content\/uploads\/2025\/07\/Screenshot-2025-07-18-170744.png\",\"datePublished\":\"2025-07-19T15:51:19+00:00\",\"dateModified\":\"2025-09-09T19:16:51+00:00\",\"breadcrumb\":{\"@id\":\"https:\/\/oppens.ca\/fr\/produit\/sympli-pantalon-a-la-cheville-hepburn-en-ponte-leger-s27228a\/#breadcrumb\"},\"inLanguage\":\"fr-FR\",\"potentialAction\":[{\"@type\":\"ReadAction\",\"target\":[\"https:\/\/oppens.ca\/fr\/produit\/sympli-pantalon-a-la-cheville-hepburn-en-ponte-leger-s27228a\/\"]}]},{\"@type\":\"ImageObject\",\"inLanguage\":\"fr-FR\",\"@id\":\"https:\/\/oppens.ca\/fr\/produit\/sympli-pantalon-a-la-cheville-hepburn-en-ponte-leger-s27228a\/#primaryimage\",\"url\":\"https:\/\/oppens.ca\/wp-content\/uploads\/2025\/07\/Screenshot-2025-07-18-170744.png\",\"contentUrl\":\"https:\/\/oppens.ca\/wp-content\/uploads\/2025\/07\/Screenshot-2025-07-18-170744.png\",\"width\":507,\"height\":717},{\"@type\":\"BreadcrumbList\",\"@id\":\"https:\/\/oppens.ca\/fr\/produit\/sympli-pantalon-a-la-cheville-hepburn-en-ponte-leger-s27228a\/#breadcrumb\",\"itemListElement\":[{\"@type\":\"ListItem\",\"position\":1,\"name\":\"Home\",\"item\":\"https:\/\/oppens.ca\/fr\/\"},{\"@type\":\"ListItem\",\"position\":2,\"name\":\"Magasinez\",\"item\":\"https:\/\/oppens.ca\/fr\/magasinez\/\"},{\"@type\":\"ListItem\",\"position\":3,\"name\":\"Sympli &#8211; Pantalon \u00e0 la Cheville Hepburn en Ponte L\u00e9ger (S27228A)\"}]},{\"@type\":\"WebSite\",\"@id\":\"https:\/\/oppens.ca\/#website\",\"url\":\"https:\/\/oppens.ca\/\",\"name\":\"Oppen&#039;s\",\"description\":\"Celebrating women\u2019s evolving lifestyle for over 25 years\",\"publisher\":{\"@id\":\"https:\/\/oppens.ca\/#organization\"},\"potentialAction\":[{\"@type\":\"SearchAction\",\"target\":{\"@type\":\"EntryPoint\",\"urlTemplate\":\"https:\/\/oppens.ca\/?s={search_term_string}\"},\"query-input\":{\"@type\":\"PropertyValueSpecification\",\"valueRequired\":true,\"valueName\":\"search_term_string\"}}],\"inLanguage\":\"fr-FR\"},{\"@type\":\"Organization\",\"@id\":\"https:\/\/oppens.ca\/#organization\",\"name\":\"Oppens\",\"url\":\"https:\/\/oppens.ca\/\",\"logo\":{\"@type\":\"ImageObject\",\"inLanguage\":\"fr-FR\",\"@id\":\"https:\/\/oppens.ca\/#\/schema\/logo\/image\/\",\"url\":\"https:\/\/oppens.ca\/wp-content\/uploads\/2019\/10\/oppens.png\",\"contentUrl\":\"https:\/\/oppens.ca\/wp-content\/uploads\/2019\/10\/oppens.png\",\"width\":553,\"height\":246,\"caption\":\"Oppens\"},\"image\":{\"@id\":\"https:\/\/oppens.ca\/#\/schema\/logo\/image\/\"},\"sameAs\":[\"https:\/\/www.facebook.com\/boutiqueoppens\/\",\"https:\/\/x.com\/oppensmontreal\",\"https:\/\/www.instagram.com\/oppens_boutique\/\"]}]}<\/script>\n<!-- \/ Yoast SEO plugin. -->","yoast_head_json":{"title":"Sympli - Pantalon \u00e0 la Cheville Hepburn en Ponte L\u00e9ger (S27228A) - Oppen&#039;s","robots":{"index":"index","follow":"follow","max-snippet":"max-snippet:-1","max-image-preview":"max-image-preview:large","max-video-preview":"max-video-preview:-1"},"canonical":"https:\/\/oppens.ca\/fr\/produit\/sympli-pantalon-a-la-cheville-hepburn-en-ponte-leger-s27228a\/","og_locale":"fr_FR","og_type":"article","og_title":"Sympli - Pantalon \u00e0 la Cheville Hepburn en Ponte L\u00e9ger (S27228A) - Oppen&#039;s","og_description":"47% Nylon \/ 40% Tencel \/ 13% Spandex Laver \u00e0 la machine en eau froide, Ne pas javeliser, Suspendre pour s\u00e9cher, Repasser \u00e0 basse temp\u00e9rature Fait au Canada. Le pantalon Hepburn \u00e0 la cheville est con\u00e7u\u00a0 pour une coupe galbante. Avec sa taille mi-haute, ce pantalon longueur cheville allie style et polyvalence. Nos mesures sont &hellip; Continue reading&lt;span class=&quot;screen-reader-text&quot;&gt; &quot;Sympli &#8211; Pantalon \u00e0 la Cheville Hepburn en Ponte L\u00e9ger (S27228A)&quot;&lt;\/span&gt;","og_url":"https:\/\/oppens.ca\/fr\/produit\/sympli-pantalon-a-la-cheville-hepburn-en-ponte-leger-s27228a\/","og_site_name":"Oppen&#039;s","article_publisher":"https:\/\/www.facebook.com\/boutiqueoppens\/","article_modified_time":"2025-09-09T19:16:51+00:00","og_image":[{"width":750,"height":1000,"url":"https:\/\/oppens.ca\/wp-content\/uploads\/2020\/04\/symp5.jpg","type":"image\/jpeg"}],"twitter_card":"summary_large_image","twitter_site":"@oppensmontreal","twitter_misc":{"Dur\u00e9e de lecture estim\u00e9e":"1 minute"},"schema":{"@context":"https:\/\/schema.org","@graph":[{"@type":"WebPage","@id":"https:\/\/oppens.ca\/fr\/produit\/sympli-pantalon-a-la-cheville-hepburn-en-ponte-leger-s27228a\/","url":"https:\/\/oppens.ca\/fr\/produit\/sympli-pantalon-a-la-cheville-hepburn-en-ponte-leger-s27228a\/","name":"Sympli - Pantalon \u00e0 la Cheville Hepburn en Ponte L\u00e9ger (S27228A) - Oppen&#039;s","isPartOf":{"@id":"https:\/\/oppens.ca\/#website"},"primaryImageOfPage":{"@id":"https:\/\/oppens.ca\/fr\/produit\/sympli-pantalon-a-la-cheville-hepburn-en-ponte-leger-s27228a\/#primaryimage"},"image":{"@id":"https:\/\/oppens.ca\/fr\/produit\/sympli-pantalon-a-la-cheville-hepburn-en-ponte-leger-s27228a\/#primaryimage"},"thumbnailUrl":"https:\/\/oppens.ca\/wp-content\/uploads\/2025\/07\/Screenshot-2025-07-18-170744.png","datePublished":"2025-07-19T15:51:19+00:00","dateModified":"2025-09-09T19:16:51+00:00","breadcrumb":{"@id":"https:\/\/oppens.ca\/fr\/produit\/sympli-pantalon-a-la-cheville-hepburn-en-ponte-leger-s27228a\/#breadcrumb"},"inLanguage":"fr-FR","potentialAction":[{"@type":"ReadAction","target":["https:\/\/oppens.ca\/fr\/produit\/sympli-pantalon-a-la-cheville-hepburn-en-ponte-leger-s27228a\/"]}]},{"@type":"ImageObject","inLanguage":"fr-FR","@id":"https:\/\/oppens.ca\/fr\/produit\/sympli-pantalon-a-la-cheville-hepburn-en-ponte-leger-s27228a\/#primaryimage","url":"https:\/\/oppens.ca\/wp-content\/uploads\/2025\/07\/Screenshot-2025-07-18-170744.png","contentUrl":"https:\/\/oppens.ca\/wp-content\/uploads\/2025\/07\/Screenshot-2025-07-18-170744.png","width":507,"height":717},{"@type":"BreadcrumbList","@id":"https:\/\/oppens.ca\/fr\/produit\/sympli-pantalon-a-la-cheville-hepburn-en-ponte-leger-s27228a\/#breadcrumb","itemListElement":[{"@type":"ListItem","position":1,"name":"Home","item":"https:\/\/oppens.ca\/fr\/"},{"@type":"ListItem","position":2,"name":"Magasinez","item":"https:\/\/oppens.ca\/fr\/magasinez\/"},{"@type":"ListItem","position":3,"name":"Sympli &#8211; Pantalon \u00e0 la Cheville Hepburn en Ponte L\u00e9ger (S27228A)"}]},{"@type":"WebSite","@id":"https:\/\/oppens.ca\/#website","url":"https:\/\/oppens.ca\/","name":"Oppen&#039;s","description":"Celebrating women\u2019s evolving lifestyle for over 25 years","publisher":{"@id":"https:\/\/oppens.ca\/#organization"},"potentialAction":[{"@type":"SearchAction","target":{"@type":"EntryPoint","urlTemplate":"https:\/\/oppens.ca\/?s={search_term_string}"},"query-input":{"@type":"PropertyValueSpecification","valueRequired":true,"valueName":"search_term_string"}}],"inLanguage":"fr-FR"},{"@type":"Organization","@id":"https:\/\/oppens.ca\/#organization","name":"Oppens","url":"https:\/\/oppens.ca\/","logo":{"@type":"ImageObject","inLanguage":"fr-FR","@id":"https:\/\/oppens.ca\/#\/schema\/logo\/image\/","url":"https:\/\/oppens.ca\/wp-content\/uploads\/2019\/10\/oppens.png","contentUrl":"https:\/\/oppens.ca\/wp-content\/uploads\/2019\/10\/oppens.png","width":553,"height":246,"caption":"Oppens"},"image":{"@id":"https:\/\/oppens.ca\/#\/schema\/logo\/image\/"},"sameAs":["https:\/\/www.facebook.com\/boutiqueoppens\/","https:\/\/x.com\/oppensmontreal","https:\/\/www.instagram.com\/oppens_boutique\/"]}]}},"_links":{"self":[{"href":"https:\/\/oppens.ca\/fr\/wp-json\/wp\/v2\/product\/77930","targetHints":{"allow":["GET"]}}],"collection":[{"href":"https:\/\/oppens.ca\/fr\/wp-json\/wp\/v2\/product"}],"about":[{"href":"https:\/\/oppens.ca\/fr\/wp-json\/wp\/v2\/types\/product"}],"wp:featuredmedia":[{"embeddable":true,"href":"https:\/\/oppens.ca\/fr\/wp-json\/wp\/v2\/media\/77941"}],"wp:attachment":[{"href":"https:\/\/oppens.ca\/fr\/wp-json\/wp\/v2\/media?parent=77930"}],"wp:term":[{"taxonomy":"product_brand","embeddable":true,"href":"https:\/\/oppens.ca\/fr\/wp-json\/wp\/v2\/product_brand?post=77930"},{"taxonomy":"product_cat","embeddable":true,"href":"https:\/\/oppens.ca\/fr\/wp-json\/wp\/v2\/product_cat?post=77930"},{"taxonomy":"product_tag","embeddable":true,"href":"https:\/\/oppens.ca\/fr\/wp-json\/wp\/v2\/product_tag?post=77930"}],"curies":[{"name":"wp","href":"https:\/\/api.w.org\/{rel}","templated":true}]}}