                                                             

{"id":77478,"date":"2025-07-17T13:31:24","date_gmt":"2025-07-17T17:31:25","guid":{"rendered":"https:\/\/oppens.ca\/?post_type=product&#038;p=77478"},"modified":"2025-10-15T15:23:06","modified_gmt":"2025-10-15T19:23:06","slug":"joseph-ribkoff-goldie-jean-classique-a-jambe-large-en-denim-extensible-t253950","status":"publish","type":"product","link":"https:\/\/oppens.ca\/fr\/produit\/joseph-ribkoff-goldie-jean-classique-a-jambe-large-en-denim-extensible-t253950\/","title":{"rendered":"JOSEPH RIBKOFF &#8211; Goldie | Jean Classique \u00e0 Jambe Large en Denim Extensible (T253950)"},"content":{"rendered":"<p>80\u00a0% Coton, 18\u00a0% Modal, 2\u00a0% \u00c9lasthanne<\/p>\n<p>Laver \u00e0 la main \u00e0 l&#8217;eau froide avec des couleurs similaires. Ne pas javelliser. Suspendre \u00e0 l&#8217;ombre pour s\u00e9cher. Ne pas s\u00e9cher en machine. Repassage \u00e0 basse temp\u00e9rature uniquement si n\u00e9cessaire. Ne pas nettoyer \u00e0 sec. Laver les articles s\u00e9par\u00e9ment. Repassage \u00e0 temp\u00e9rature basse \u00e0 l&#8217;envers uniquement si n\u00e9cessaire. Sauf les bordures. Ne pas repasser la garniture. Laver le v\u00eatement \u00e0 l&#8217;envers.<\/p>\n<p>Fabriqu\u00e9 en Chine<\/p>\n<p>Coupe classique \u00e0 jambe large. Longueur de l&#8217;entrejambe : 32 po (81,28 cm) en taille 4.<\/p>\n<p>Guide des tailles<\/p>\n<p><img loading=\"lazy\" decoding=\"async\" class=\"alignnone wp-image-66392 size-full\" src=\"https:\/\/oppens.ca\/wp-content\/uploads\/2024\/07\/Screenshot-2024-07-09-135242.png\" alt=\"\" width=\"1590\" height=\"381\" srcset=\"https:\/\/oppens.ca\/wp-content\/uploads\/2024\/07\/Screenshot-2024-07-09-135242.png 1590w, https:\/\/oppens.ca\/wp-content\/uploads\/2024\/07\/Screenshot-2024-07-09-135242-300x72.png 300w, https:\/\/oppens.ca\/wp-content\/uploads\/2024\/07\/Screenshot-2024-07-09-135242-1024x245.png 1024w, https:\/\/oppens.ca\/wp-content\/uploads\/2024\/07\/Screenshot-2024-07-09-135242-768x184.png 768w, https:\/\/oppens.ca\/wp-content\/uploads\/2024\/07\/Screenshot-2024-07-09-135242-1536x368.png 1536w, https:\/\/oppens.ca\/wp-content\/uploads\/2024\/07\/Screenshot-2024-07-09-135242-600x144.png 600w\" sizes=\"auto, (max-width: 1590px) 100vw, 1590px\" \/><\/p>\n","protected":false},"excerpt":{"rendered":"<p>80\u00a0% Coton, 18\u00a0% Modal, 2\u00a0% \u00c9lasthanne Laver \u00e0 la main \u00e0 l&#8217;eau froide avec des couleurs similaires. Ne pas javelliser. Suspendre \u00e0 l&#8217;ombre pour s\u00e9cher. Ne pas s\u00e9cher en machine. Repassage \u00e0 basse temp\u00e9rature uniquement si n\u00e9cessaire. Ne pas nettoyer \u00e0 sec. Laver les articles s\u00e9par\u00e9ment. Repassage \u00e0 temp\u00e9rature basse \u00e0 l&#8217;envers uniquement si n\u00e9cessaire. &hellip; <\/p>\n<p class=\"link-more\"><a href=\"https:\/\/oppens.ca\/fr\/produit\/joseph-ribkoff-goldie-jean-classique-a-jambe-large-en-denim-extensible-t253950\/\" class=\"more-link\">Continue reading&lt;span class=&quot;screen-reader-text&quot;&gt; &quot;JOSEPH RIBKOFF &#8211; Goldie | Jean Classique \u00e0 Jambe Large en Denim Extensible (T253950)&quot;&lt;\/span&gt;<\/a><\/p>\n","protected":false},"featured_media":77493,"template":"","meta":[],"product_brand":[],"product_cat":[404,406,376,356,131],"product_tag":[280,542,559],"class_list":{"0":"post-77478","1":"product","2":"type-product","3":"status-publish","4":"has-post-thumbnail","6":"product_cat-bas","7":"product_cat-jeans-fr","8":"product_cat-joseph-ribkoff-fr","9":"product_cat-magasiner-par-collection","10":"product_cat-pantalons-leggings-fr","11":"product_tag-joseph-ribkoff-fr","12":"product_tag-nouveau","13":"product_tag-pant-fr","15":"first","16":"instock","17":"taxable","18":"shipping-taxable","19":"purchasable","20":"product-type-variable"},"supplier_id":null,"supplier_sku":"","barcode":null,"atum_controlled":true,"out_stock_date":null,"out_stock_threshold":null,"inheritable":true,"inbound_stock":null,"stock_on_hold":0,"sold_today":0,"sales_last_days":0,"reserved_stock":null,"customer_returns":null,"warehouse_damage":null,"lost_in_post":null,"other_logs":null,"out_stock_days":0,"lost_sales":0,"has_location":false,"update_date":"2026-05-04T00:32:22","atum_locations":[],"atum_stock_status":"instock","restock_status":false,"low_stock_amount":"","sales_update_date":"2026-05-04T00:32:22","calc_backorders":null,"yoast_head":"<!-- This site is optimized with the Yoast SEO plugin v27.0 - https:\/\/yoast.com\/product\/yoast-seo-wordpress\/ -->\n<title>JOSEPH RIBKOFF - Goldie | Jean Classique \u00e0 Jambe Large en Denim Extensible (T253950) - Oppen&#039;s<\/title>\n<meta name=\"robots\" content=\"index, follow, max-snippet:-1, max-image-preview:large, max-video-preview:-1\" \/>\n<link rel=\"canonical\" href=\"https:\/\/oppens.ca\/fr\/produit\/joseph-ribkoff-goldie-jean-classique-a-jambe-large-en-denim-extensible-t253950\/\" \/>\n<meta property=\"og:locale\" content=\"fr_FR\" \/>\n<meta property=\"og:type\" content=\"article\" \/>\n<meta property=\"og:title\" content=\"JOSEPH RIBKOFF - Goldie | Jean Classique \u00e0 Jambe Large en Denim Extensible (T253950) - Oppen&#039;s\" \/>\n<meta property=\"og:description\" content=\"80\u00a0% Coton, 18\u00a0% Modal, 2\u00a0% \u00c9lasthanne Laver \u00e0 la main \u00e0 l&#8217;eau froide avec des couleurs similaires. Ne pas javelliser. Suspendre \u00e0 l&#8217;ombre pour s\u00e9cher. Ne pas s\u00e9cher en machine. Repassage \u00e0 basse temp\u00e9rature uniquement si n\u00e9cessaire. Ne pas nettoyer \u00e0 sec. Laver les articles s\u00e9par\u00e9ment. Repassage \u00e0 temp\u00e9rature basse \u00e0 l&#8217;envers uniquement si n\u00e9cessaire. &hellip; Continue reading&lt;span class=&quot;screen-reader-text&quot;&gt; &quot;JOSEPH RIBKOFF &#8211; Goldie | Jean Classique \u00e0 Jambe Large en Denim Extensible (T253950)&quot;&lt;\/span&gt;\" \/>\n<meta property=\"og:url\" content=\"https:\/\/oppens.ca\/fr\/produit\/joseph-ribkoff-goldie-jean-classique-a-jambe-large-en-denim-extensible-t253950\/\" \/>\n<meta property=\"og:site_name\" content=\"Oppen&#039;s\" \/>\n<meta property=\"article:publisher\" content=\"https:\/\/www.facebook.com\/boutiqueoppens\/\" \/>\n<meta property=\"article:modified_time\" content=\"2025-10-15T19:23:06+00:00\" \/>\n<meta property=\"og:image\" content=\"https:\/\/oppens.ca\/wp-content\/uploads\/2025\/07\/253950-3380-11-scaled.jpg\" \/>\n\t<meta property=\"og:image:width\" content=\"1708\" \/>\n\t<meta property=\"og:image:height\" content=\"2560\" \/>\n\t<meta property=\"og:image:type\" content=\"image\/jpeg\" \/>\n<meta name=\"twitter:card\" content=\"summary_large_image\" \/>\n<meta name=\"twitter:site\" content=\"@oppensmontreal\" \/>\n<meta name=\"twitter:label1\" content=\"Dur\u00e9e de lecture estim\u00e9e\" \/>\n\t<meta name=\"twitter:data1\" content=\"1 minute\" \/>\n<script type=\"application\/ld+json\" class=\"yoast-schema-graph\">{\"@context\":\"https:\/\/schema.org\",\"@graph\":[{\"@type\":\"WebPage\",\"@id\":\"https:\/\/oppens.ca\/fr\/produit\/joseph-ribkoff-goldie-jean-classique-a-jambe-large-en-denim-extensible-t253950\/\",\"url\":\"https:\/\/oppens.ca\/fr\/produit\/joseph-ribkoff-goldie-jean-classique-a-jambe-large-en-denim-extensible-t253950\/\",\"name\":\"JOSEPH RIBKOFF - Goldie | Jean Classique \u00e0 Jambe Large en Denim Extensible (T253950) - Oppen&#039;s\",\"isPartOf\":{\"@id\":\"https:\/\/oppens.ca\/#website\"},\"primaryImageOfPage\":{\"@id\":\"https:\/\/oppens.ca\/fr\/produit\/joseph-ribkoff-goldie-jean-classique-a-jambe-large-en-denim-extensible-t253950\/#primaryimage\"},\"image\":{\"@id\":\"https:\/\/oppens.ca\/fr\/produit\/joseph-ribkoff-goldie-jean-classique-a-jambe-large-en-denim-extensible-t253950\/#primaryimage\"},\"thumbnailUrl\":\"https:\/\/oppens.ca\/wp-content\/uploads\/2025\/07\/253950-3380-11-scaled.jpg\",\"datePublished\":\"2025-07-17T17:31:25+00:00\",\"dateModified\":\"2025-10-15T19:23:06+00:00\",\"breadcrumb\":{\"@id\":\"https:\/\/oppens.ca\/fr\/produit\/joseph-ribkoff-goldie-jean-classique-a-jambe-large-en-denim-extensible-t253950\/#breadcrumb\"},\"inLanguage\":\"fr-FR\",\"potentialAction\":[{\"@type\":\"ReadAction\",\"target\":[\"https:\/\/oppens.ca\/fr\/produit\/joseph-ribkoff-goldie-jean-classique-a-jambe-large-en-denim-extensible-t253950\/\"]}]},{\"@type\":\"ImageObject\",\"inLanguage\":\"fr-FR\",\"@id\":\"https:\/\/oppens.ca\/fr\/produit\/joseph-ribkoff-goldie-jean-classique-a-jambe-large-en-denim-extensible-t253950\/#primaryimage\",\"url\":\"https:\/\/oppens.ca\/wp-content\/uploads\/2025\/07\/253950-3380-11-scaled.jpg\",\"contentUrl\":\"https:\/\/oppens.ca\/wp-content\/uploads\/2025\/07\/253950-3380-11-scaled.jpg\",\"width\":1708,\"height\":2560},{\"@type\":\"BreadcrumbList\",\"@id\":\"https:\/\/oppens.ca\/fr\/produit\/joseph-ribkoff-goldie-jean-classique-a-jambe-large-en-denim-extensible-t253950\/#breadcrumb\",\"itemListElement\":[{\"@type\":\"ListItem\",\"position\":1,\"name\":\"Home\",\"item\":\"https:\/\/oppens.ca\/fr\/\"},{\"@type\":\"ListItem\",\"position\":2,\"name\":\"Magasinez\",\"item\":\"https:\/\/oppens.ca\/fr\/magasinez\/\"},{\"@type\":\"ListItem\",\"position\":3,\"name\":\"JOSEPH RIBKOFF &#8211; Goldie | Jean Classique \u00e0 Jambe Large en Denim Extensible (T253950)\"}]},{\"@type\":\"WebSite\",\"@id\":\"https:\/\/oppens.ca\/#website\",\"url\":\"https:\/\/oppens.ca\/\",\"name\":\"Oppen&#039;s\",\"description\":\"Celebrating women\u2019s evolving lifestyle for over 25 years\",\"publisher\":{\"@id\":\"https:\/\/oppens.ca\/#organization\"},\"potentialAction\":[{\"@type\":\"SearchAction\",\"target\":{\"@type\":\"EntryPoint\",\"urlTemplate\":\"https:\/\/oppens.ca\/?s={search_term_string}\"},\"query-input\":{\"@type\":\"PropertyValueSpecification\",\"valueRequired\":true,\"valueName\":\"search_term_string\"}}],\"inLanguage\":\"fr-FR\"},{\"@type\":\"Organization\",\"@id\":\"https:\/\/oppens.ca\/#organization\",\"name\":\"Oppens\",\"url\":\"https:\/\/oppens.ca\/\",\"logo\":{\"@type\":\"ImageObject\",\"inLanguage\":\"fr-FR\",\"@id\":\"https:\/\/oppens.ca\/#\/schema\/logo\/image\/\",\"url\":\"https:\/\/oppens.ca\/wp-content\/uploads\/2019\/10\/oppens.png\",\"contentUrl\":\"https:\/\/oppens.ca\/wp-content\/uploads\/2019\/10\/oppens.png\",\"width\":553,\"height\":246,\"caption\":\"Oppens\"},\"image\":{\"@id\":\"https:\/\/oppens.ca\/#\/schema\/logo\/image\/\"},\"sameAs\":[\"https:\/\/www.facebook.com\/boutiqueoppens\/\",\"https:\/\/x.com\/oppensmontreal\",\"https:\/\/www.instagram.com\/oppens_boutique\/\"]}]}<\/script>\n<!-- \/ Yoast SEO plugin. -->","yoast_head_json":{"title":"JOSEPH RIBKOFF - Goldie | Jean Classique \u00e0 Jambe Large en Denim Extensible (T253950) - Oppen&#039;s","robots":{"index":"index","follow":"follow","max-snippet":"max-snippet:-1","max-image-preview":"max-image-preview:large","max-video-preview":"max-video-preview:-1"},"canonical":"https:\/\/oppens.ca\/fr\/produit\/joseph-ribkoff-goldie-jean-classique-a-jambe-large-en-denim-extensible-t253950\/","og_locale":"fr_FR","og_type":"article","og_title":"JOSEPH RIBKOFF - Goldie | Jean Classique \u00e0 Jambe Large en Denim Extensible (T253950) - Oppen&#039;s","og_description":"80\u00a0% Coton, 18\u00a0% Modal, 2\u00a0% \u00c9lasthanne Laver \u00e0 la main \u00e0 l&#8217;eau froide avec des couleurs similaires. Ne pas javelliser. Suspendre \u00e0 l&#8217;ombre pour s\u00e9cher. Ne pas s\u00e9cher en machine. Repassage \u00e0 basse temp\u00e9rature uniquement si n\u00e9cessaire. Ne pas nettoyer \u00e0 sec. Laver les articles s\u00e9par\u00e9ment. Repassage \u00e0 temp\u00e9rature basse \u00e0 l&#8217;envers uniquement si n\u00e9cessaire. &hellip; Continue reading&lt;span class=&quot;screen-reader-text&quot;&gt; &quot;JOSEPH RIBKOFF &#8211; Goldie | Jean Classique \u00e0 Jambe Large en Denim Extensible (T253950)&quot;&lt;\/span&gt;","og_url":"https:\/\/oppens.ca\/fr\/produit\/joseph-ribkoff-goldie-jean-classique-a-jambe-large-en-denim-extensible-t253950\/","og_site_name":"Oppen&#039;s","article_publisher":"https:\/\/www.facebook.com\/boutiqueoppens\/","article_modified_time":"2025-10-15T19:23:06+00:00","og_image":[{"width":1708,"height":2560,"url":"https:\/\/oppens.ca\/wp-content\/uploads\/2025\/07\/253950-3380-11-scaled.jpg","type":"image\/jpeg"}],"twitter_card":"summary_large_image","twitter_site":"@oppensmontreal","twitter_misc":{"Dur\u00e9e de lecture estim\u00e9e":"1 minute"},"schema":{"@context":"https:\/\/schema.org","@graph":[{"@type":"WebPage","@id":"https:\/\/oppens.ca\/fr\/produit\/joseph-ribkoff-goldie-jean-classique-a-jambe-large-en-denim-extensible-t253950\/","url":"https:\/\/oppens.ca\/fr\/produit\/joseph-ribkoff-goldie-jean-classique-a-jambe-large-en-denim-extensible-t253950\/","name":"JOSEPH RIBKOFF - Goldie | Jean Classique \u00e0 Jambe Large en Denim Extensible (T253950) - Oppen&#039;s","isPartOf":{"@id":"https:\/\/oppens.ca\/#website"},"primaryImageOfPage":{"@id":"https:\/\/oppens.ca\/fr\/produit\/joseph-ribkoff-goldie-jean-classique-a-jambe-large-en-denim-extensible-t253950\/#primaryimage"},"image":{"@id":"https:\/\/oppens.ca\/fr\/produit\/joseph-ribkoff-goldie-jean-classique-a-jambe-large-en-denim-extensible-t253950\/#primaryimage"},"thumbnailUrl":"https:\/\/oppens.ca\/wp-content\/uploads\/2025\/07\/253950-3380-11-scaled.jpg","datePublished":"2025-07-17T17:31:25+00:00","dateModified":"2025-10-15T19:23:06+00:00","breadcrumb":{"@id":"https:\/\/oppens.ca\/fr\/produit\/joseph-ribkoff-goldie-jean-classique-a-jambe-large-en-denim-extensible-t253950\/#breadcrumb"},"inLanguage":"fr-FR","potentialAction":[{"@type":"ReadAction","target":["https:\/\/oppens.ca\/fr\/produit\/joseph-ribkoff-goldie-jean-classique-a-jambe-large-en-denim-extensible-t253950\/"]}]},{"@type":"ImageObject","inLanguage":"fr-FR","@id":"https:\/\/oppens.ca\/fr\/produit\/joseph-ribkoff-goldie-jean-classique-a-jambe-large-en-denim-extensible-t253950\/#primaryimage","url":"https:\/\/oppens.ca\/wp-content\/uploads\/2025\/07\/253950-3380-11-scaled.jpg","contentUrl":"https:\/\/oppens.ca\/wp-content\/uploads\/2025\/07\/253950-3380-11-scaled.jpg","width":1708,"height":2560},{"@type":"BreadcrumbList","@id":"https:\/\/oppens.ca\/fr\/produit\/joseph-ribkoff-goldie-jean-classique-a-jambe-large-en-denim-extensible-t253950\/#breadcrumb","itemListElement":[{"@type":"ListItem","position":1,"name":"Home","item":"https:\/\/oppens.ca\/fr\/"},{"@type":"ListItem","position":2,"name":"Magasinez","item":"https:\/\/oppens.ca\/fr\/magasinez\/"},{"@type":"ListItem","position":3,"name":"JOSEPH RIBKOFF &#8211; Goldie | Jean Classique \u00e0 Jambe Large en Denim Extensible (T253950)"}]},{"@type":"WebSite","@id":"https:\/\/oppens.ca\/#website","url":"https:\/\/oppens.ca\/","name":"Oppen&#039;s","description":"Celebrating women\u2019s evolving lifestyle for over 25 years","publisher":{"@id":"https:\/\/oppens.ca\/#organization"},"potentialAction":[{"@type":"SearchAction","target":{"@type":"EntryPoint","urlTemplate":"https:\/\/oppens.ca\/?s={search_term_string}"},"query-input":{"@type":"PropertyValueSpecification","valueRequired":true,"valueName":"search_term_string"}}],"inLanguage":"fr-FR"},{"@type":"Organization","@id":"https:\/\/oppens.ca\/#organization","name":"Oppens","url":"https:\/\/oppens.ca\/","logo":{"@type":"ImageObject","inLanguage":"fr-FR","@id":"https:\/\/oppens.ca\/#\/schema\/logo\/image\/","url":"https:\/\/oppens.ca\/wp-content\/uploads\/2019\/10\/oppens.png","contentUrl":"https:\/\/oppens.ca\/wp-content\/uploads\/2019\/10\/oppens.png","width":553,"height":246,"caption":"Oppens"},"image":{"@id":"https:\/\/oppens.ca\/#\/schema\/logo\/image\/"},"sameAs":["https:\/\/www.facebook.com\/boutiqueoppens\/","https:\/\/x.com\/oppensmontreal","https:\/\/www.instagram.com\/oppens_boutique\/"]}]}},"_links":{"self":[{"href":"https:\/\/oppens.ca\/fr\/wp-json\/wp\/v2\/product\/77478","targetHints":{"allow":["GET"]}}],"collection":[{"href":"https:\/\/oppens.ca\/fr\/wp-json\/wp\/v2\/product"}],"about":[{"href":"https:\/\/oppens.ca\/fr\/wp-json\/wp\/v2\/types\/product"}],"wp:featuredmedia":[{"embeddable":true,"href":"https:\/\/oppens.ca\/fr\/wp-json\/wp\/v2\/media\/77493"}],"wp:attachment":[{"href":"https:\/\/oppens.ca\/fr\/wp-json\/wp\/v2\/media?parent=77478"}],"wp:term":[{"taxonomy":"product_brand","embeddable":true,"href":"https:\/\/oppens.ca\/fr\/wp-json\/wp\/v2\/product_brand?post=77478"},{"taxonomy":"product_cat","embeddable":true,"href":"https:\/\/oppens.ca\/fr\/wp-json\/wp\/v2\/product_cat?post=77478"},{"taxonomy":"product_tag","embeddable":true,"href":"https:\/\/oppens.ca\/fr\/wp-json\/wp\/v2\/product_tag?post=77478"}],"curies":[{"name":"wp","href":"https:\/\/api.w.org\/{rel}","templated":true}]}}