                                                             

{"id":72080,"date":"2025-01-14T21:32:14","date_gmt":"2025-01-14T21:32:15","guid":{"rendered":"https:\/\/oppens.ca\/?post_type=product&#038;p=72080"},"modified":"2025-07-28T20:00:47","modified_gmt":"2025-07-29T00:00:47","slug":"tribal-haut-dolman-a-motif-recto-verso-5769v-1619","status":"publish","type":"product","link":"https:\/\/oppens.ca\/fr\/produit\/tribal-haut-dolman-a-motif-recto-verso-5769v-1619\/","title":{"rendered":"TRIBAL &#8211; Haut Dolman \u00e0 Motif Recto-Verso (5769V\/1619)"},"content":{"rendered":"<p>53% Polyester, 43% Viscose, 4% Spandex<\/p>\n<p>Rafra\u00eechissez votre look sans effort avec ce haut bidirectionnel, dot\u00e9 d&#8217;un d\u00e9collet\u00e9 en V flatteur qui peut \u00eatre invers\u00e9 pour mettre en valeur un d\u00e9collet\u00e9 ras du cou classique. Son motif audacieux ajoute une touche de personnalit\u00e9 vivante \u00e0 n&#8217;importe quelle tenue. Fabriqu\u00e9 \u00e0 partir de tissu hacci doux, ce haut offre une silhouette confortable, tandis que les fentes lat\u00e9rales facilitent les mouvements et ajoutent du style.<\/p>\n<p>Laver \u00e0 la machine \u00e0 l&#8217;eau froide cycle d\u00e9licat, avec couleurs similaires, ne pas javelliser, suspendre pour s\u00e9cher, repasser \u00e0 basse temp\u00e9rature si n\u00e9cessaire.<\/p>\n<p>Charte de tailles pour hauts<\/p>\n<div class=\"ks-table-wrapper\">\n<table class=\"ks-table\">\n<tbody>\n<tr class=\"ks-table-row\">\n<td class=\"ks-table-cell ks-table-header-cell\">SIZE<\/td>\n<td class=\"ks-table-cell ks-table-header-cell\">BUST<\/td>\n<td class=\"ks-table-cell ks-table-header-cell\">WAIST<\/td>\n<td class=\"ks-table-cell ks-table-header-cell\">HIPS<\/td>\n<\/tr>\n<tr class=\"ks-table-row\">\n<td class=\"ks-table-cell ks-table-header-cell\">1X<\/td>\n<td class=\"ks-table-cell\" data-unit-values=\"{&quot;0&quot;:&quot;44&quot; - 47&quot;&quot;,&quot;1&quot;:&quot;112cm - 119cm&quot;}\" data-unit-type=\"single\">44&#8243; &#8211; 47&#8243;<\/td>\n<td class=\"ks-table-cell\" data-unit-values=\"{&quot;0&quot;:&quot;38&quot; - 41&quot;&quot;,&quot;1&quot;:&quot;96.5cm - 104cm&quot;}\" data-unit-type=\"single\">38&#8243; &#8211; 41&#8243;<\/td>\n<td class=\"ks-table-cell\" data-unit-values=\"{&quot;0&quot;:&quot;46&quot; - 49&quot;&quot;,&quot;1&quot;:&quot;117cm - 124cm&quot;}\" data-unit-type=\"single\">46&#8243; &#8211; 49&#8243;<\/td>\n<\/tr>\n<tr class=\"ks-table-row\">\n<td class=\"ks-table-cell ks-table-header-cell\">2X<\/td>\n<td class=\"ks-table-cell\" data-unit-values=\"{&quot;0&quot;:&quot;48&quot; - 51&quot;&quot;,&quot;1&quot;:&quot;122cm - 130cm&quot;}\" data-unit-type=\"single\">48&#8243; &#8211; 51&#8243;<\/td>\n<td class=\"ks-table-cell\" data-unit-values=\"{&quot;0&quot;:&quot;42&quot; - 45&quot;&quot;,&quot;1&quot;:&quot;107cm - 114cm&quot;}\" data-unit-type=\"single\">42&#8243; &#8211; 45&#8243;<\/td>\n<td class=\"ks-table-cell\" data-unit-values=\"{&quot;0&quot;:&quot;50&quot; - 53&quot;&quot;,&quot;1&quot;:&quot;127cm - 135cm&quot;}\" data-unit-type=\"single\">50&#8243; &#8211; 53&#8243;<\/td>\n<\/tr>\n<tr class=\"ks-table-row\">\n<td class=\"ks-table-cell ks-table-header-cell\">3X<\/td>\n<td class=\"ks-table-cell\" data-unit-values=\"{&quot;0&quot;:&quot;52&quot; - 55&quot;&quot;,&quot;1&quot;:&quot;132cm - 140cm&quot;}\" data-unit-type=\"single\">52&#8243; &#8211; 55&#8243;<\/td>\n<td class=\"ks-table-cell\" data-unit-values=\"{&quot;0&quot;:&quot;46&quot; - 49&quot;&quot;,&quot;1&quot;:&quot;117cm - 124cm&quot;}\" data-unit-type=\"single\">46&#8243; &#8211; 49&#8243;<\/td>\n<td class=\"ks-table-cell\" data-unit-values=\"{&quot;0&quot;:&quot;54&quot; - 57&quot;&quot;,&quot;1&quot;:&quot;137cm - 145cm&quot;}\" data-unit-type=\"single\">54&#8243; &#8211; 57<\/td>\n<\/tr>\n<\/tbody>\n<\/table>\n<\/div>\n<p>&nbsp;<\/p>\n","protected":false},"excerpt":{"rendered":"<p>53% Polyester, 43% Viscose, 4% Spandex Rafra\u00eechissez votre look sans effort avec ce haut bidirectionnel, dot\u00e9 d&#8217;un d\u00e9collet\u00e9 en V flatteur qui peut \u00eatre invers\u00e9 pour mettre en valeur un d\u00e9collet\u00e9 ras du cou classique. Son motif audacieux ajoute une touche de personnalit\u00e9 vivante \u00e0 n&#8217;importe quelle tenue. Fabriqu\u00e9 \u00e0 partir de tissu hacci doux, &hellip; <\/p>\n<p class=\"link-more\"><a href=\"https:\/\/oppens.ca\/fr\/produit\/tribal-haut-dolman-a-motif-recto-verso-5769v-1619\/\" class=\"more-link\">Continue reading&lt;span class=&quot;screen-reader-text&quot;&gt; &quot;TRIBAL &#8211; Haut Dolman \u00e0 Motif Recto-Verso (5769V\/1619)&quot;&lt;\/span&gt;<\/a><\/p>\n","protected":false},"featured_media":72096,"template":"","meta":[],"product_brand":[],"product_cat":[575,159,309,130,356,166,588],"product_tag":[539,508,531,589],"class_list":{"0":"post-72080","1":"product","2":"type-product","3":"status-publish","4":"has-post-thumbnail","6":"product_cat-99-et-moins","7":"product_cat-chandail","8":"product_cat-hauts-cover-ups-sale-fr","9":"product_cat-hauts-cover-ups","10":"product_cat-magasiner-par-collection","11":"product_cat-sale-fr","12":"product_cat-tribal-fr","13":"product_tag-chandail","14":"product_tag-haut","15":"product_tag-promo","16":"product_tag-tribal-fr","18":"first","19":"instock","20":"sale","21":"taxable","22":"shipping-taxable","23":"purchasable","24":"product-type-variable"},"supplier_id":null,"supplier_sku":"","barcode":null,"atum_controlled":true,"out_stock_date":null,"out_stock_threshold":null,"inheritable":true,"inbound_stock":0,"stock_on_hold":0,"sold_today":0,"sales_last_days":0,"reserved_stock":0,"customer_returns":0,"warehouse_damage":0,"lost_in_post":0,"other_logs":0,"out_stock_days":0,"lost_sales":0,"has_location":false,"update_date":"2026-05-06T00:32:55","atum_locations":[],"atum_stock_status":"instock","restock_status":false,"low_stock_amount":"","sales_update_date":"2026-05-06T00:32:55","calc_backorders":null,"yoast_head":"<!-- This site is optimized with the Yoast SEO plugin v27.0 - https:\/\/yoast.com\/product\/yoast-seo-wordpress\/ -->\n<title>TRIBAL - Haut Dolman \u00e0 Motif Recto-Verso (5769V\/1619) - Oppen&#039;s<\/title>\n<meta name=\"robots\" content=\"index, follow, max-snippet:-1, max-image-preview:large, max-video-preview:-1\" \/>\n<link rel=\"canonical\" href=\"https:\/\/oppens.ca\/fr\/produit\/tribal-haut-dolman-a-motif-recto-verso-5769v-1619\/\" \/>\n<meta property=\"og:locale\" content=\"fr_FR\" \/>\n<meta property=\"og:type\" content=\"article\" \/>\n<meta property=\"og:title\" content=\"TRIBAL - Haut Dolman \u00e0 Motif Recto-Verso (5769V\/1619) - Oppen&#039;s\" \/>\n<meta property=\"og:description\" content=\"53% Polyester, 43% Viscose, 4% Spandex Rafra\u00eechissez votre look sans effort avec ce haut bidirectionnel, dot\u00e9 d&#8217;un d\u00e9collet\u00e9 en V flatteur qui peut \u00eatre invers\u00e9 pour mettre en valeur un d\u00e9collet\u00e9 ras du cou classique. Son motif audacieux ajoute une touche de personnalit\u00e9 vivante \u00e0 n&#8217;importe quelle tenue. Fabriqu\u00e9 \u00e0 partir de tissu hacci doux, &hellip; Continue reading&lt;span class=&quot;screen-reader-text&quot;&gt; &quot;TRIBAL &#8211; Haut Dolman \u00e0 Motif Recto-Verso (5769V\/1619)&quot;&lt;\/span&gt;\" \/>\n<meta property=\"og:url\" content=\"https:\/\/oppens.ca\/fr\/produit\/tribal-haut-dolman-a-motif-recto-verso-5769v-1619\/\" \/>\n<meta property=\"og:site_name\" content=\"Oppen&#039;s\" \/>\n<meta property=\"article:publisher\" content=\"https:\/\/www.facebook.com\/boutiqueoppens\/\" \/>\n<meta property=\"article:modified_time\" content=\"2025-07-29T00:00:47+00:00\" \/>\n<meta property=\"og:image\" content=\"https:\/\/oppens.ca\/wp-content\/uploads\/2025\/01\/Screenshot-2025-01-14-164556.png\" \/>\n\t<meta property=\"og:image:width\" content=\"559\" \/>\n\t<meta property=\"og:image:height\" content=\"819\" \/>\n\t<meta property=\"og:image:type\" content=\"image\/png\" \/>\n<meta name=\"twitter:card\" content=\"summary_large_image\" \/>\n<meta name=\"twitter:site\" content=\"@oppensmontreal\" \/>\n<meta name=\"twitter:label1\" content=\"Dur\u00e9e de lecture estim\u00e9e\" \/>\n\t<meta name=\"twitter:data1\" content=\"1 minute\" \/>\n<script type=\"application\/ld+json\" class=\"yoast-schema-graph\">{\"@context\":\"https:\/\/schema.org\",\"@graph\":[{\"@type\":\"WebPage\",\"@id\":\"https:\/\/oppens.ca\/fr\/produit\/tribal-haut-dolman-a-motif-recto-verso-5769v-1619\/\",\"url\":\"https:\/\/oppens.ca\/fr\/produit\/tribal-haut-dolman-a-motif-recto-verso-5769v-1619\/\",\"name\":\"TRIBAL - Haut Dolman \u00e0 Motif Recto-Verso (5769V\/1619) - Oppen&#039;s\",\"isPartOf\":{\"@id\":\"https:\/\/oppens.ca\/#website\"},\"primaryImageOfPage\":{\"@id\":\"https:\/\/oppens.ca\/fr\/produit\/tribal-haut-dolman-a-motif-recto-verso-5769v-1619\/#primaryimage\"},\"image\":{\"@id\":\"https:\/\/oppens.ca\/fr\/produit\/tribal-haut-dolman-a-motif-recto-verso-5769v-1619\/#primaryimage\"},\"thumbnailUrl\":\"https:\/\/oppens.ca\/wp-content\/uploads\/2025\/01\/Screenshot-2025-01-14-164556.png\",\"datePublished\":\"2025-01-14T21:32:15+00:00\",\"dateModified\":\"2025-07-29T00:00:47+00:00\",\"breadcrumb\":{\"@id\":\"https:\/\/oppens.ca\/fr\/produit\/tribal-haut-dolman-a-motif-recto-verso-5769v-1619\/#breadcrumb\"},\"inLanguage\":\"fr-FR\",\"potentialAction\":[{\"@type\":\"ReadAction\",\"target\":[\"https:\/\/oppens.ca\/fr\/produit\/tribal-haut-dolman-a-motif-recto-verso-5769v-1619\/\"]}]},{\"@type\":\"ImageObject\",\"inLanguage\":\"fr-FR\",\"@id\":\"https:\/\/oppens.ca\/fr\/produit\/tribal-haut-dolman-a-motif-recto-verso-5769v-1619\/#primaryimage\",\"url\":\"https:\/\/oppens.ca\/wp-content\/uploads\/2025\/01\/Screenshot-2025-01-14-164556.png\",\"contentUrl\":\"https:\/\/oppens.ca\/wp-content\/uploads\/2025\/01\/Screenshot-2025-01-14-164556.png\",\"width\":559,\"height\":819},{\"@type\":\"BreadcrumbList\",\"@id\":\"https:\/\/oppens.ca\/fr\/produit\/tribal-haut-dolman-a-motif-recto-verso-5769v-1619\/#breadcrumb\",\"itemListElement\":[{\"@type\":\"ListItem\",\"position\":1,\"name\":\"Home\",\"item\":\"https:\/\/oppens.ca\/fr\/\"},{\"@type\":\"ListItem\",\"position\":2,\"name\":\"Magasinez\",\"item\":\"https:\/\/oppens.ca\/fr\/magasinez\/\"},{\"@type\":\"ListItem\",\"position\":3,\"name\":\"TRIBAL &#8211; Haut Dolman \u00e0 Motif Recto-Verso (5769V\/1619)\"}]},{\"@type\":\"WebSite\",\"@id\":\"https:\/\/oppens.ca\/#website\",\"url\":\"https:\/\/oppens.ca\/\",\"name\":\"Oppen&#039;s\",\"description\":\"Celebrating women\u2019s evolving lifestyle for over 25 years\",\"publisher\":{\"@id\":\"https:\/\/oppens.ca\/#organization\"},\"potentialAction\":[{\"@type\":\"SearchAction\",\"target\":{\"@type\":\"EntryPoint\",\"urlTemplate\":\"https:\/\/oppens.ca\/?s={search_term_string}\"},\"query-input\":{\"@type\":\"PropertyValueSpecification\",\"valueRequired\":true,\"valueName\":\"search_term_string\"}}],\"inLanguage\":\"fr-FR\"},{\"@type\":\"Organization\",\"@id\":\"https:\/\/oppens.ca\/#organization\",\"name\":\"Oppens\",\"url\":\"https:\/\/oppens.ca\/\",\"logo\":{\"@type\":\"ImageObject\",\"inLanguage\":\"fr-FR\",\"@id\":\"https:\/\/oppens.ca\/#\/schema\/logo\/image\/\",\"url\":\"https:\/\/oppens.ca\/wp-content\/uploads\/2019\/10\/oppens.png\",\"contentUrl\":\"https:\/\/oppens.ca\/wp-content\/uploads\/2019\/10\/oppens.png\",\"width\":553,\"height\":246,\"caption\":\"Oppens\"},\"image\":{\"@id\":\"https:\/\/oppens.ca\/#\/schema\/logo\/image\/\"},\"sameAs\":[\"https:\/\/www.facebook.com\/boutiqueoppens\/\",\"https:\/\/x.com\/oppensmontreal\",\"https:\/\/www.instagram.com\/oppens_boutique\/\"]}]}<\/script>\n<!-- \/ Yoast SEO plugin. -->","yoast_head_json":{"title":"TRIBAL - Haut Dolman \u00e0 Motif Recto-Verso (5769V\/1619) - Oppen&#039;s","robots":{"index":"index","follow":"follow","max-snippet":"max-snippet:-1","max-image-preview":"max-image-preview:large","max-video-preview":"max-video-preview:-1"},"canonical":"https:\/\/oppens.ca\/fr\/produit\/tribal-haut-dolman-a-motif-recto-verso-5769v-1619\/","og_locale":"fr_FR","og_type":"article","og_title":"TRIBAL - Haut Dolman \u00e0 Motif Recto-Verso (5769V\/1619) - Oppen&#039;s","og_description":"53% Polyester, 43% Viscose, 4% Spandex Rafra\u00eechissez votre look sans effort avec ce haut bidirectionnel, dot\u00e9 d&#8217;un d\u00e9collet\u00e9 en V flatteur qui peut \u00eatre invers\u00e9 pour mettre en valeur un d\u00e9collet\u00e9 ras du cou classique. Son motif audacieux ajoute une touche de personnalit\u00e9 vivante \u00e0 n&#8217;importe quelle tenue. Fabriqu\u00e9 \u00e0 partir de tissu hacci doux, &hellip; Continue reading&lt;span class=&quot;screen-reader-text&quot;&gt; &quot;TRIBAL &#8211; Haut Dolman \u00e0 Motif Recto-Verso (5769V\/1619)&quot;&lt;\/span&gt;","og_url":"https:\/\/oppens.ca\/fr\/produit\/tribal-haut-dolman-a-motif-recto-verso-5769v-1619\/","og_site_name":"Oppen&#039;s","article_publisher":"https:\/\/www.facebook.com\/boutiqueoppens\/","article_modified_time":"2025-07-29T00:00:47+00:00","og_image":[{"width":559,"height":819,"url":"https:\/\/oppens.ca\/wp-content\/uploads\/2025\/01\/Screenshot-2025-01-14-164556.png","type":"image\/png"}],"twitter_card":"summary_large_image","twitter_site":"@oppensmontreal","twitter_misc":{"Dur\u00e9e de lecture estim\u00e9e":"1 minute"},"schema":{"@context":"https:\/\/schema.org","@graph":[{"@type":"WebPage","@id":"https:\/\/oppens.ca\/fr\/produit\/tribal-haut-dolman-a-motif-recto-verso-5769v-1619\/","url":"https:\/\/oppens.ca\/fr\/produit\/tribal-haut-dolman-a-motif-recto-verso-5769v-1619\/","name":"TRIBAL - Haut Dolman \u00e0 Motif Recto-Verso (5769V\/1619) - Oppen&#039;s","isPartOf":{"@id":"https:\/\/oppens.ca\/#website"},"primaryImageOfPage":{"@id":"https:\/\/oppens.ca\/fr\/produit\/tribal-haut-dolman-a-motif-recto-verso-5769v-1619\/#primaryimage"},"image":{"@id":"https:\/\/oppens.ca\/fr\/produit\/tribal-haut-dolman-a-motif-recto-verso-5769v-1619\/#primaryimage"},"thumbnailUrl":"https:\/\/oppens.ca\/wp-content\/uploads\/2025\/01\/Screenshot-2025-01-14-164556.png","datePublished":"2025-01-14T21:32:15+00:00","dateModified":"2025-07-29T00:00:47+00:00","breadcrumb":{"@id":"https:\/\/oppens.ca\/fr\/produit\/tribal-haut-dolman-a-motif-recto-verso-5769v-1619\/#breadcrumb"},"inLanguage":"fr-FR","potentialAction":[{"@type":"ReadAction","target":["https:\/\/oppens.ca\/fr\/produit\/tribal-haut-dolman-a-motif-recto-verso-5769v-1619\/"]}]},{"@type":"ImageObject","inLanguage":"fr-FR","@id":"https:\/\/oppens.ca\/fr\/produit\/tribal-haut-dolman-a-motif-recto-verso-5769v-1619\/#primaryimage","url":"https:\/\/oppens.ca\/wp-content\/uploads\/2025\/01\/Screenshot-2025-01-14-164556.png","contentUrl":"https:\/\/oppens.ca\/wp-content\/uploads\/2025\/01\/Screenshot-2025-01-14-164556.png","width":559,"height":819},{"@type":"BreadcrumbList","@id":"https:\/\/oppens.ca\/fr\/produit\/tribal-haut-dolman-a-motif-recto-verso-5769v-1619\/#breadcrumb","itemListElement":[{"@type":"ListItem","position":1,"name":"Home","item":"https:\/\/oppens.ca\/fr\/"},{"@type":"ListItem","position":2,"name":"Magasinez","item":"https:\/\/oppens.ca\/fr\/magasinez\/"},{"@type":"ListItem","position":3,"name":"TRIBAL &#8211; Haut Dolman \u00e0 Motif Recto-Verso (5769V\/1619)"}]},{"@type":"WebSite","@id":"https:\/\/oppens.ca\/#website","url":"https:\/\/oppens.ca\/","name":"Oppen&#039;s","description":"Celebrating women\u2019s evolving lifestyle for over 25 years","publisher":{"@id":"https:\/\/oppens.ca\/#organization"},"potentialAction":[{"@type":"SearchAction","target":{"@type":"EntryPoint","urlTemplate":"https:\/\/oppens.ca\/?s={search_term_string}"},"query-input":{"@type":"PropertyValueSpecification","valueRequired":true,"valueName":"search_term_string"}}],"inLanguage":"fr-FR"},{"@type":"Organization","@id":"https:\/\/oppens.ca\/#organization","name":"Oppens","url":"https:\/\/oppens.ca\/","logo":{"@type":"ImageObject","inLanguage":"fr-FR","@id":"https:\/\/oppens.ca\/#\/schema\/logo\/image\/","url":"https:\/\/oppens.ca\/wp-content\/uploads\/2019\/10\/oppens.png","contentUrl":"https:\/\/oppens.ca\/wp-content\/uploads\/2019\/10\/oppens.png","width":553,"height":246,"caption":"Oppens"},"image":{"@id":"https:\/\/oppens.ca\/#\/schema\/logo\/image\/"},"sameAs":["https:\/\/www.facebook.com\/boutiqueoppens\/","https:\/\/x.com\/oppensmontreal","https:\/\/www.instagram.com\/oppens_boutique\/"]}]}},"_links":{"self":[{"href":"https:\/\/oppens.ca\/fr\/wp-json\/wp\/v2\/product\/72080","targetHints":{"allow":["GET"]}}],"collection":[{"href":"https:\/\/oppens.ca\/fr\/wp-json\/wp\/v2\/product"}],"about":[{"href":"https:\/\/oppens.ca\/fr\/wp-json\/wp\/v2\/types\/product"}],"wp:featuredmedia":[{"embeddable":true,"href":"https:\/\/oppens.ca\/fr\/wp-json\/wp\/v2\/media\/72096"}],"wp:attachment":[{"href":"https:\/\/oppens.ca\/fr\/wp-json\/wp\/v2\/media?parent=72080"}],"wp:term":[{"taxonomy":"product_brand","embeddable":true,"href":"https:\/\/oppens.ca\/fr\/wp-json\/wp\/v2\/product_brand?post=72080"},{"taxonomy":"product_cat","embeddable":true,"href":"https:\/\/oppens.ca\/fr\/wp-json\/wp\/v2\/product_cat?post=72080"},{"taxonomy":"product_tag","embeddable":true,"href":"https:\/\/oppens.ca\/fr\/wp-json\/wp\/v2\/product_tag?post=72080"}],"curies":[{"name":"wp","href":"https:\/\/api.w.org\/{rel}","templated":true}]}}