                                                             

{"id":71941,"date":"2024-12-28T17:33:28","date_gmt":"2024-12-28T18:39:58","guid":{"rendered":"https:\/\/oppens.ca\/?post_type=product&#038;p=71941"},"modified":"2026-02-02T20:00:31","modified_gmt":"2026-02-03T00:00:31","slug":"joseph-ribkoff-veste-en-tricot-avec-manches-kimono-244911","status":"publish","type":"product","link":"https:\/\/oppens.ca\/fr\/produit\/joseph-ribkoff-veste-en-tricot-avec-manches-kimono-244911\/","title":{"rendered":"JOSEPH RIBKOFF &#8211; Veste en Tricot avec Manches Kimono (244911)"},"content":{"rendered":"<ul class=\"accordion\">\n<li>72% rayonne de viscose, 28% polyester<\/li>\n<li>Tricot de style pull<\/li>\n<li>Manches Dolman<\/li>\n<li>D\u00e9tails thermocollants sur les manches et les poches<\/li>\n<li>Longueur mi-cuisse<\/li>\n<li>Non doubl\u00e9e<\/li>\n<li>Laver \u00e0 la main \u00e0 l&#8217;eau froide avec des couleurs similaires. S\u00e9cher \u00e0 plat \u00e0 l&#8217;ombre.<\/li>\n<\/ul>\n","protected":false},"excerpt":{"rendered":"<p>72% rayonne de viscose, 28% polyester Tricot de style pull Manches Dolman D\u00e9tails thermocollants sur les manches et les poches Longueur mi-cuisse Non doubl\u00e9e Laver \u00e0 la main \u00e0 l&#8217;eau froide avec des couleurs similaires. S\u00e9cher \u00e0 plat \u00e0 l&#8217;ombre.<\/p>\n","protected":false},"featured_media":71931,"template":"","meta":[],"product_brand":[],"product_cat":[230,130,376,356],"product_tag":[653,280],"class_list":{"0":"post-71941","1":"product","2":"type-product","3":"status-publish","4":"has-post-thumbnail","6":"product_cat-cardigans-vestons","7":"product_cat-hauts-cover-ups","8":"product_cat-joseph-ribkoff-fr","9":"product_cat-magasiner-par-collection","10":"product_tag-cover-up-fr","11":"product_tag-joseph-ribkoff-fr","13":"first","14":"instock","15":"taxable","16":"shipping-taxable","17":"purchasable","18":"product-type-variable"},"supplier_id":null,"supplier_sku":"","barcode":null,"atum_controlled":true,"out_stock_date":null,"out_stock_threshold":null,"inheritable":true,"inbound_stock":0,"stock_on_hold":0,"sold_today":0,"sales_last_days":0,"reserved_stock":0,"customer_returns":0,"warehouse_damage":0,"lost_in_post":0,"other_logs":0,"out_stock_days":0,"lost_sales":0,"has_location":false,"update_date":"2026-05-04T00:32:18","atum_locations":[],"atum_stock_status":"instock","restock_status":false,"low_stock_amount":"","sales_update_date":"2026-05-04T00:32:18","calc_backorders":null,"yoast_head":"<!-- This site is optimized with the Yoast SEO plugin v27.0 - https:\/\/yoast.com\/product\/yoast-seo-wordpress\/ -->\n<title>JOSEPH RIBKOFF - Veste en Tricot avec Manches Kimono (244911) - Oppen&#039;s<\/title>\n<meta name=\"robots\" content=\"index, follow, max-snippet:-1, max-image-preview:large, max-video-preview:-1\" \/>\n<link rel=\"canonical\" href=\"https:\/\/oppens.ca\/fr\/produit\/joseph-ribkoff-veste-en-tricot-avec-manches-kimono-244911\/\" \/>\n<meta property=\"og:locale\" content=\"fr_FR\" \/>\n<meta property=\"og:type\" content=\"article\" \/>\n<meta property=\"og:title\" content=\"JOSEPH RIBKOFF - Veste en Tricot avec Manches Kimono (244911) - Oppen&#039;s\" \/>\n<meta property=\"og:description\" content=\"72% rayonne de viscose, 28% polyester Tricot de style pull Manches Dolman D\u00e9tails thermocollants sur les manches et les poches Longueur mi-cuisse Non doubl\u00e9e Laver \u00e0 la main \u00e0 l&#8217;eau froide avec des couleurs similaires. S\u00e9cher \u00e0 plat \u00e0 l&#8217;ombre.\" \/>\n<meta property=\"og:url\" content=\"https:\/\/oppens.ca\/fr\/produit\/joseph-ribkoff-veste-en-tricot-avec-manches-kimono-244911\/\" \/>\n<meta property=\"og:site_name\" content=\"Oppen&#039;s\" \/>\n<meta property=\"article:publisher\" content=\"https:\/\/www.facebook.com\/boutiqueoppens\/\" \/>\n<meta property=\"article:modified_time\" content=\"2026-02-03T00:00:31+00:00\" \/>\n<meta property=\"og:image\" content=\"https:\/\/oppens.ca\/wp-content\/uploads\/2024\/12\/244911-11-1-scaled.jpg\" \/>\n\t<meta property=\"og:image:width\" content=\"1708\" \/>\n\t<meta property=\"og:image:height\" content=\"2560\" \/>\n\t<meta property=\"og:image:type\" content=\"image\/jpeg\" \/>\n<meta name=\"twitter:card\" content=\"summary_large_image\" \/>\n<meta name=\"twitter:site\" content=\"@oppensmontreal\" \/>\n<meta name=\"twitter:label1\" content=\"Dur\u00e9e de lecture estim\u00e9e\" \/>\n\t<meta name=\"twitter:data1\" content=\"1 minute\" \/>\n<script type=\"application\/ld+json\" class=\"yoast-schema-graph\">{\"@context\":\"https:\/\/schema.org\",\"@graph\":[{\"@type\":\"WebPage\",\"@id\":\"https:\/\/oppens.ca\/fr\/produit\/joseph-ribkoff-veste-en-tricot-avec-manches-kimono-244911\/\",\"url\":\"https:\/\/oppens.ca\/fr\/produit\/joseph-ribkoff-veste-en-tricot-avec-manches-kimono-244911\/\",\"name\":\"JOSEPH RIBKOFF - Veste en Tricot avec Manches Kimono (244911) - Oppen&#039;s\",\"isPartOf\":{\"@id\":\"https:\/\/oppens.ca\/#website\"},\"primaryImageOfPage\":{\"@id\":\"https:\/\/oppens.ca\/fr\/produit\/joseph-ribkoff-veste-en-tricot-avec-manches-kimono-244911\/#primaryimage\"},\"image\":{\"@id\":\"https:\/\/oppens.ca\/fr\/produit\/joseph-ribkoff-veste-en-tricot-avec-manches-kimono-244911\/#primaryimage\"},\"thumbnailUrl\":\"https:\/\/oppens.ca\/wp-content\/uploads\/2024\/12\/244911-11-1-scaled.jpg\",\"datePublished\":\"2024-12-28T18:39:58+00:00\",\"dateModified\":\"2026-02-03T00:00:31+00:00\",\"breadcrumb\":{\"@id\":\"https:\/\/oppens.ca\/fr\/produit\/joseph-ribkoff-veste-en-tricot-avec-manches-kimono-244911\/#breadcrumb\"},\"inLanguage\":\"fr-FR\",\"potentialAction\":[{\"@type\":\"ReadAction\",\"target\":[\"https:\/\/oppens.ca\/fr\/produit\/joseph-ribkoff-veste-en-tricot-avec-manches-kimono-244911\/\"]}]},{\"@type\":\"ImageObject\",\"inLanguage\":\"fr-FR\",\"@id\":\"https:\/\/oppens.ca\/fr\/produit\/joseph-ribkoff-veste-en-tricot-avec-manches-kimono-244911\/#primaryimage\",\"url\":\"https:\/\/oppens.ca\/wp-content\/uploads\/2024\/12\/244911-11-1-scaled.jpg\",\"contentUrl\":\"https:\/\/oppens.ca\/wp-content\/uploads\/2024\/12\/244911-11-1-scaled.jpg\",\"width\":1708,\"height\":2560},{\"@type\":\"BreadcrumbList\",\"@id\":\"https:\/\/oppens.ca\/fr\/produit\/joseph-ribkoff-veste-en-tricot-avec-manches-kimono-244911\/#breadcrumb\",\"itemListElement\":[{\"@type\":\"ListItem\",\"position\":1,\"name\":\"Home\",\"item\":\"https:\/\/oppens.ca\/fr\/\"},{\"@type\":\"ListItem\",\"position\":2,\"name\":\"Magasinez\",\"item\":\"https:\/\/oppens.ca\/fr\/magasinez\/\"},{\"@type\":\"ListItem\",\"position\":3,\"name\":\"JOSEPH RIBKOFF &#8211; Veste en Tricot avec Manches Kimono (244911)\"}]},{\"@type\":\"WebSite\",\"@id\":\"https:\/\/oppens.ca\/#website\",\"url\":\"https:\/\/oppens.ca\/\",\"name\":\"Oppen&#039;s\",\"description\":\"Celebrating women\u2019s evolving lifestyle for over 25 years\",\"publisher\":{\"@id\":\"https:\/\/oppens.ca\/#organization\"},\"potentialAction\":[{\"@type\":\"SearchAction\",\"target\":{\"@type\":\"EntryPoint\",\"urlTemplate\":\"https:\/\/oppens.ca\/?s={search_term_string}\"},\"query-input\":{\"@type\":\"PropertyValueSpecification\",\"valueRequired\":true,\"valueName\":\"search_term_string\"}}],\"inLanguage\":\"fr-FR\"},{\"@type\":\"Organization\",\"@id\":\"https:\/\/oppens.ca\/#organization\",\"name\":\"Oppens\",\"url\":\"https:\/\/oppens.ca\/\",\"logo\":{\"@type\":\"ImageObject\",\"inLanguage\":\"fr-FR\",\"@id\":\"https:\/\/oppens.ca\/#\/schema\/logo\/image\/\",\"url\":\"https:\/\/oppens.ca\/wp-content\/uploads\/2019\/10\/oppens.png\",\"contentUrl\":\"https:\/\/oppens.ca\/wp-content\/uploads\/2019\/10\/oppens.png\",\"width\":553,\"height\":246,\"caption\":\"Oppens\"},\"image\":{\"@id\":\"https:\/\/oppens.ca\/#\/schema\/logo\/image\/\"},\"sameAs\":[\"https:\/\/www.facebook.com\/boutiqueoppens\/\",\"https:\/\/x.com\/oppensmontreal\",\"https:\/\/www.instagram.com\/oppens_boutique\/\"]}]}<\/script>\n<!-- \/ Yoast SEO plugin. -->","yoast_head_json":{"title":"JOSEPH RIBKOFF - Veste en Tricot avec Manches Kimono (244911) - Oppen&#039;s","robots":{"index":"index","follow":"follow","max-snippet":"max-snippet:-1","max-image-preview":"max-image-preview:large","max-video-preview":"max-video-preview:-1"},"canonical":"https:\/\/oppens.ca\/fr\/produit\/joseph-ribkoff-veste-en-tricot-avec-manches-kimono-244911\/","og_locale":"fr_FR","og_type":"article","og_title":"JOSEPH RIBKOFF - Veste en Tricot avec Manches Kimono (244911) - Oppen&#039;s","og_description":"72% rayonne de viscose, 28% polyester Tricot de style pull Manches Dolman D\u00e9tails thermocollants sur les manches et les poches Longueur mi-cuisse Non doubl\u00e9e Laver \u00e0 la main \u00e0 l&#8217;eau froide avec des couleurs similaires. S\u00e9cher \u00e0 plat \u00e0 l&#8217;ombre.","og_url":"https:\/\/oppens.ca\/fr\/produit\/joseph-ribkoff-veste-en-tricot-avec-manches-kimono-244911\/","og_site_name":"Oppen&#039;s","article_publisher":"https:\/\/www.facebook.com\/boutiqueoppens\/","article_modified_time":"2026-02-03T00:00:31+00:00","og_image":[{"width":1708,"height":2560,"url":"https:\/\/oppens.ca\/wp-content\/uploads\/2024\/12\/244911-11-1-scaled.jpg","type":"image\/jpeg"}],"twitter_card":"summary_large_image","twitter_site":"@oppensmontreal","twitter_misc":{"Dur\u00e9e de lecture estim\u00e9e":"1 minute"},"schema":{"@context":"https:\/\/schema.org","@graph":[{"@type":"WebPage","@id":"https:\/\/oppens.ca\/fr\/produit\/joseph-ribkoff-veste-en-tricot-avec-manches-kimono-244911\/","url":"https:\/\/oppens.ca\/fr\/produit\/joseph-ribkoff-veste-en-tricot-avec-manches-kimono-244911\/","name":"JOSEPH RIBKOFF - Veste en Tricot avec Manches Kimono (244911) - Oppen&#039;s","isPartOf":{"@id":"https:\/\/oppens.ca\/#website"},"primaryImageOfPage":{"@id":"https:\/\/oppens.ca\/fr\/produit\/joseph-ribkoff-veste-en-tricot-avec-manches-kimono-244911\/#primaryimage"},"image":{"@id":"https:\/\/oppens.ca\/fr\/produit\/joseph-ribkoff-veste-en-tricot-avec-manches-kimono-244911\/#primaryimage"},"thumbnailUrl":"https:\/\/oppens.ca\/wp-content\/uploads\/2024\/12\/244911-11-1-scaled.jpg","datePublished":"2024-12-28T18:39:58+00:00","dateModified":"2026-02-03T00:00:31+00:00","breadcrumb":{"@id":"https:\/\/oppens.ca\/fr\/produit\/joseph-ribkoff-veste-en-tricot-avec-manches-kimono-244911\/#breadcrumb"},"inLanguage":"fr-FR","potentialAction":[{"@type":"ReadAction","target":["https:\/\/oppens.ca\/fr\/produit\/joseph-ribkoff-veste-en-tricot-avec-manches-kimono-244911\/"]}]},{"@type":"ImageObject","inLanguage":"fr-FR","@id":"https:\/\/oppens.ca\/fr\/produit\/joseph-ribkoff-veste-en-tricot-avec-manches-kimono-244911\/#primaryimage","url":"https:\/\/oppens.ca\/wp-content\/uploads\/2024\/12\/244911-11-1-scaled.jpg","contentUrl":"https:\/\/oppens.ca\/wp-content\/uploads\/2024\/12\/244911-11-1-scaled.jpg","width":1708,"height":2560},{"@type":"BreadcrumbList","@id":"https:\/\/oppens.ca\/fr\/produit\/joseph-ribkoff-veste-en-tricot-avec-manches-kimono-244911\/#breadcrumb","itemListElement":[{"@type":"ListItem","position":1,"name":"Home","item":"https:\/\/oppens.ca\/fr\/"},{"@type":"ListItem","position":2,"name":"Magasinez","item":"https:\/\/oppens.ca\/fr\/magasinez\/"},{"@type":"ListItem","position":3,"name":"JOSEPH RIBKOFF &#8211; Veste en Tricot avec Manches Kimono (244911)"}]},{"@type":"WebSite","@id":"https:\/\/oppens.ca\/#website","url":"https:\/\/oppens.ca\/","name":"Oppen&#039;s","description":"Celebrating women\u2019s evolving lifestyle for over 25 years","publisher":{"@id":"https:\/\/oppens.ca\/#organization"},"potentialAction":[{"@type":"SearchAction","target":{"@type":"EntryPoint","urlTemplate":"https:\/\/oppens.ca\/?s={search_term_string}"},"query-input":{"@type":"PropertyValueSpecification","valueRequired":true,"valueName":"search_term_string"}}],"inLanguage":"fr-FR"},{"@type":"Organization","@id":"https:\/\/oppens.ca\/#organization","name":"Oppens","url":"https:\/\/oppens.ca\/","logo":{"@type":"ImageObject","inLanguage":"fr-FR","@id":"https:\/\/oppens.ca\/#\/schema\/logo\/image\/","url":"https:\/\/oppens.ca\/wp-content\/uploads\/2019\/10\/oppens.png","contentUrl":"https:\/\/oppens.ca\/wp-content\/uploads\/2019\/10\/oppens.png","width":553,"height":246,"caption":"Oppens"},"image":{"@id":"https:\/\/oppens.ca\/#\/schema\/logo\/image\/"},"sameAs":["https:\/\/www.facebook.com\/boutiqueoppens\/","https:\/\/x.com\/oppensmontreal","https:\/\/www.instagram.com\/oppens_boutique\/"]}]}},"_links":{"self":[{"href":"https:\/\/oppens.ca\/fr\/wp-json\/wp\/v2\/product\/71941","targetHints":{"allow":["GET"]}}],"collection":[{"href":"https:\/\/oppens.ca\/fr\/wp-json\/wp\/v2\/product"}],"about":[{"href":"https:\/\/oppens.ca\/fr\/wp-json\/wp\/v2\/types\/product"}],"wp:featuredmedia":[{"embeddable":true,"href":"https:\/\/oppens.ca\/fr\/wp-json\/wp\/v2\/media\/71931"}],"wp:attachment":[{"href":"https:\/\/oppens.ca\/fr\/wp-json\/wp\/v2\/media?parent=71941"}],"wp:term":[{"taxonomy":"product_brand","embeddable":true,"href":"https:\/\/oppens.ca\/fr\/wp-json\/wp\/v2\/product_brand?post=71941"},{"taxonomy":"product_cat","embeddable":true,"href":"https:\/\/oppens.ca\/fr\/wp-json\/wp\/v2\/product_cat?post=71941"},{"taxonomy":"product_tag","embeddable":true,"href":"https:\/\/oppens.ca\/fr\/wp-json\/wp\/v2\/product_tag?post=71941"}],"curies":[{"name":"wp","href":"https:\/\/api.w.org\/{rel}","templated":true}]}}