                                                             

{"id":70433,"date":"2024-11-19T21:56:26","date_gmt":"2024-11-19T21:56:27","guid":{"rendered":"https:\/\/oppens.ca\/?post_type=product&#038;p=70433"},"modified":"2025-05-25T00:00:25","modified_gmt":"2025-05-25T00:00:25","slug":"ozai-n-ku-blouse-a-blocs-de-couleurs-755227-copy","status":"publish","type":"product","link":"https:\/\/oppens.ca\/fr\/produit\/ozai-n-ku-blouse-a-blocs-de-couleurs-755227-copy\/","title":{"rendered":"OZAI N KU &#8211; Blouse avec D\u00e9tail Effet Cuir au Dos (755226)"},"content":{"rendered":"<p>100% Coton Soyeux<\/p>\n<p>Laver \u00e0 la main en eau froide et suspendre pour s\u00e9cher.<\/p>\n<p>Fait en Gr\u00e8ce.<\/p>\n","protected":false},"excerpt":{"rendered":"<p>100% Coton Soyeux Laver \u00e0 la main en eau froide et suspendre pour s\u00e9cher. Fait en Gr\u00e8ce.<\/p>\n","protected":false},"featured_media":70443,"template":"","meta":[],"product_brand":[],"product_cat":[238,130,356,500],"product_tag":[627],"class_list":{"0":"post-70433","1":"product","2":"type-product","3":"status-publish","4":"has-post-thumbnail","6":"product_cat-blouses","7":"product_cat-hauts-cover-ups","8":"product_cat-magasiner-par-collection","9":"product_cat-ozai-fr","10":"product_tag-shirt-fr","12":"first","13":"instock","14":"taxable","15":"shipping-taxable","16":"purchasable","17":"product-type-variable"},"supplier_id":null,"supplier_sku":"","barcode":null,"atum_controlled":true,"out_stock_date":null,"out_stock_threshold":null,"inheritable":true,"inbound_stock":0,"stock_on_hold":0,"sold_today":0,"sales_last_days":0,"reserved_stock":0,"customer_returns":0,"warehouse_damage":0,"lost_in_post":0,"other_logs":0,"out_stock_days":0,"lost_sales":0,"has_location":false,"update_date":"2026-05-06T00:32:59","atum_locations":[],"atum_stock_status":"instock","restock_status":false,"low_stock_amount":"","sales_update_date":"2026-05-06T00:32:59","calc_backorders":null,"yoast_head":"<!-- This site is optimized with the Yoast SEO plugin v27.0 - https:\/\/yoast.com\/product\/yoast-seo-wordpress\/ -->\n<title>OZAI N KU - Blouse avec D\u00e9tail Effet Cuir au Dos (755226) - Oppen&#039;s<\/title>\n<meta name=\"robots\" content=\"index, follow, max-snippet:-1, max-image-preview:large, max-video-preview:-1\" \/>\n<link rel=\"canonical\" href=\"https:\/\/oppens.ca\/fr\/produit\/ozai-n-ku-blouse-a-blocs-de-couleurs-755227-copy\/\" \/>\n<meta property=\"og:locale\" content=\"fr_FR\" \/>\n<meta property=\"og:type\" content=\"article\" \/>\n<meta property=\"og:title\" content=\"OZAI N KU - Blouse avec D\u00e9tail Effet Cuir au Dos (755226) - Oppen&#039;s\" \/>\n<meta property=\"og:description\" content=\"100% Coton Soyeux Laver \u00e0 la main en eau froide et suspendre pour s\u00e9cher. Fait en Gr\u00e8ce.\" \/>\n<meta property=\"og:url\" content=\"https:\/\/oppens.ca\/fr\/produit\/ozai-n-ku-blouse-a-blocs-de-couleurs-755227-copy\/\" \/>\n<meta property=\"og:site_name\" content=\"Oppen&#039;s\" \/>\n<meta property=\"article:publisher\" content=\"https:\/\/www.facebook.com\/boutiqueoppens\/\" \/>\n<meta property=\"article:modified_time\" content=\"2025-05-25T00:00:25+00:00\" \/>\n<meta property=\"og:image\" content=\"https:\/\/oppens.ca\/wp-content\/uploads\/2024\/11\/Screenshot-2024-11-19-165507.png\" \/>\n\t<meta property=\"og:image:width\" content=\"544\" \/>\n\t<meta property=\"og:image:height\" content=\"793\" \/>\n\t<meta property=\"og:image:type\" content=\"image\/png\" \/>\n<meta name=\"twitter:card\" content=\"summary_large_image\" \/>\n<meta name=\"twitter:site\" content=\"@oppensmontreal\" \/>\n<meta name=\"twitter:label1\" content=\"Dur\u00e9e de lecture estim\u00e9e\" \/>\n\t<meta name=\"twitter:data1\" content=\"1 minute\" \/>\n<script type=\"application\/ld+json\" class=\"yoast-schema-graph\">{\"@context\":\"https:\/\/schema.org\",\"@graph\":[{\"@type\":\"WebPage\",\"@id\":\"https:\/\/oppens.ca\/fr\/produit\/ozai-n-ku-blouse-a-blocs-de-couleurs-755227-copy\/\",\"url\":\"https:\/\/oppens.ca\/fr\/produit\/ozai-n-ku-blouse-a-blocs-de-couleurs-755227-copy\/\",\"name\":\"OZAI N KU - Blouse avec D\u00e9tail Effet Cuir au Dos (755226) - Oppen&#039;s\",\"isPartOf\":{\"@id\":\"https:\/\/oppens.ca\/#website\"},\"primaryImageOfPage\":{\"@id\":\"https:\/\/oppens.ca\/fr\/produit\/ozai-n-ku-blouse-a-blocs-de-couleurs-755227-copy\/#primaryimage\"},\"image\":{\"@id\":\"https:\/\/oppens.ca\/fr\/produit\/ozai-n-ku-blouse-a-blocs-de-couleurs-755227-copy\/#primaryimage\"},\"thumbnailUrl\":\"https:\/\/oppens.ca\/wp-content\/uploads\/2024\/11\/Screenshot-2024-11-19-165507.png\",\"datePublished\":\"2024-11-19T21:56:27+00:00\",\"dateModified\":\"2025-05-25T00:00:25+00:00\",\"breadcrumb\":{\"@id\":\"https:\/\/oppens.ca\/fr\/produit\/ozai-n-ku-blouse-a-blocs-de-couleurs-755227-copy\/#breadcrumb\"},\"inLanguage\":\"fr-FR\",\"potentialAction\":[{\"@type\":\"ReadAction\",\"target\":[\"https:\/\/oppens.ca\/fr\/produit\/ozai-n-ku-blouse-a-blocs-de-couleurs-755227-copy\/\"]}]},{\"@type\":\"ImageObject\",\"inLanguage\":\"fr-FR\",\"@id\":\"https:\/\/oppens.ca\/fr\/produit\/ozai-n-ku-blouse-a-blocs-de-couleurs-755227-copy\/#primaryimage\",\"url\":\"https:\/\/oppens.ca\/wp-content\/uploads\/2024\/11\/Screenshot-2024-11-19-165507.png\",\"contentUrl\":\"https:\/\/oppens.ca\/wp-content\/uploads\/2024\/11\/Screenshot-2024-11-19-165507.png\",\"width\":544,\"height\":793},{\"@type\":\"BreadcrumbList\",\"@id\":\"https:\/\/oppens.ca\/fr\/produit\/ozai-n-ku-blouse-a-blocs-de-couleurs-755227-copy\/#breadcrumb\",\"itemListElement\":[{\"@type\":\"ListItem\",\"position\":1,\"name\":\"Home\",\"item\":\"https:\/\/oppens.ca\/fr\/\"},{\"@type\":\"ListItem\",\"position\":2,\"name\":\"Magasinez\",\"item\":\"https:\/\/oppens.ca\/fr\/magasinez\/\"},{\"@type\":\"ListItem\",\"position\":3,\"name\":\"OZAI N KU &#8211; Blouse avec D\u00e9tail Effet Cuir au Dos (755226)\"}]},{\"@type\":\"WebSite\",\"@id\":\"https:\/\/oppens.ca\/#website\",\"url\":\"https:\/\/oppens.ca\/\",\"name\":\"Oppen&#039;s\",\"description\":\"Celebrating women\u2019s evolving lifestyle for over 25 years\",\"publisher\":{\"@id\":\"https:\/\/oppens.ca\/#organization\"},\"potentialAction\":[{\"@type\":\"SearchAction\",\"target\":{\"@type\":\"EntryPoint\",\"urlTemplate\":\"https:\/\/oppens.ca\/?s={search_term_string}\"},\"query-input\":{\"@type\":\"PropertyValueSpecification\",\"valueRequired\":true,\"valueName\":\"search_term_string\"}}],\"inLanguage\":\"fr-FR\"},{\"@type\":\"Organization\",\"@id\":\"https:\/\/oppens.ca\/#organization\",\"name\":\"Oppens\",\"url\":\"https:\/\/oppens.ca\/\",\"logo\":{\"@type\":\"ImageObject\",\"inLanguage\":\"fr-FR\",\"@id\":\"https:\/\/oppens.ca\/#\/schema\/logo\/image\/\",\"url\":\"https:\/\/oppens.ca\/wp-content\/uploads\/2019\/10\/oppens.png\",\"contentUrl\":\"https:\/\/oppens.ca\/wp-content\/uploads\/2019\/10\/oppens.png\",\"width\":553,\"height\":246,\"caption\":\"Oppens\"},\"image\":{\"@id\":\"https:\/\/oppens.ca\/#\/schema\/logo\/image\/\"},\"sameAs\":[\"https:\/\/www.facebook.com\/boutiqueoppens\/\",\"https:\/\/x.com\/oppensmontreal\",\"https:\/\/www.instagram.com\/oppens_boutique\/\"]}]}<\/script>\n<!-- \/ Yoast SEO plugin. -->","yoast_head_json":{"title":"OZAI N KU - Blouse avec D\u00e9tail Effet Cuir au Dos (755226) - Oppen&#039;s","robots":{"index":"index","follow":"follow","max-snippet":"max-snippet:-1","max-image-preview":"max-image-preview:large","max-video-preview":"max-video-preview:-1"},"canonical":"https:\/\/oppens.ca\/fr\/produit\/ozai-n-ku-blouse-a-blocs-de-couleurs-755227-copy\/","og_locale":"fr_FR","og_type":"article","og_title":"OZAI N KU - Blouse avec D\u00e9tail Effet Cuir au Dos (755226) - Oppen&#039;s","og_description":"100% Coton Soyeux Laver \u00e0 la main en eau froide et suspendre pour s\u00e9cher. Fait en Gr\u00e8ce.","og_url":"https:\/\/oppens.ca\/fr\/produit\/ozai-n-ku-blouse-a-blocs-de-couleurs-755227-copy\/","og_site_name":"Oppen&#039;s","article_publisher":"https:\/\/www.facebook.com\/boutiqueoppens\/","article_modified_time":"2025-05-25T00:00:25+00:00","og_image":[{"width":544,"height":793,"url":"https:\/\/oppens.ca\/wp-content\/uploads\/2024\/11\/Screenshot-2024-11-19-165507.png","type":"image\/png"}],"twitter_card":"summary_large_image","twitter_site":"@oppensmontreal","twitter_misc":{"Dur\u00e9e de lecture estim\u00e9e":"1 minute"},"schema":{"@context":"https:\/\/schema.org","@graph":[{"@type":"WebPage","@id":"https:\/\/oppens.ca\/fr\/produit\/ozai-n-ku-blouse-a-blocs-de-couleurs-755227-copy\/","url":"https:\/\/oppens.ca\/fr\/produit\/ozai-n-ku-blouse-a-blocs-de-couleurs-755227-copy\/","name":"OZAI N KU - Blouse avec D\u00e9tail Effet Cuir au Dos (755226) - Oppen&#039;s","isPartOf":{"@id":"https:\/\/oppens.ca\/#website"},"primaryImageOfPage":{"@id":"https:\/\/oppens.ca\/fr\/produit\/ozai-n-ku-blouse-a-blocs-de-couleurs-755227-copy\/#primaryimage"},"image":{"@id":"https:\/\/oppens.ca\/fr\/produit\/ozai-n-ku-blouse-a-blocs-de-couleurs-755227-copy\/#primaryimage"},"thumbnailUrl":"https:\/\/oppens.ca\/wp-content\/uploads\/2024\/11\/Screenshot-2024-11-19-165507.png","datePublished":"2024-11-19T21:56:27+00:00","dateModified":"2025-05-25T00:00:25+00:00","breadcrumb":{"@id":"https:\/\/oppens.ca\/fr\/produit\/ozai-n-ku-blouse-a-blocs-de-couleurs-755227-copy\/#breadcrumb"},"inLanguage":"fr-FR","potentialAction":[{"@type":"ReadAction","target":["https:\/\/oppens.ca\/fr\/produit\/ozai-n-ku-blouse-a-blocs-de-couleurs-755227-copy\/"]}]},{"@type":"ImageObject","inLanguage":"fr-FR","@id":"https:\/\/oppens.ca\/fr\/produit\/ozai-n-ku-blouse-a-blocs-de-couleurs-755227-copy\/#primaryimage","url":"https:\/\/oppens.ca\/wp-content\/uploads\/2024\/11\/Screenshot-2024-11-19-165507.png","contentUrl":"https:\/\/oppens.ca\/wp-content\/uploads\/2024\/11\/Screenshot-2024-11-19-165507.png","width":544,"height":793},{"@type":"BreadcrumbList","@id":"https:\/\/oppens.ca\/fr\/produit\/ozai-n-ku-blouse-a-blocs-de-couleurs-755227-copy\/#breadcrumb","itemListElement":[{"@type":"ListItem","position":1,"name":"Home","item":"https:\/\/oppens.ca\/fr\/"},{"@type":"ListItem","position":2,"name":"Magasinez","item":"https:\/\/oppens.ca\/fr\/magasinez\/"},{"@type":"ListItem","position":3,"name":"OZAI N KU &#8211; Blouse avec D\u00e9tail Effet Cuir au Dos (755226)"}]},{"@type":"WebSite","@id":"https:\/\/oppens.ca\/#website","url":"https:\/\/oppens.ca\/","name":"Oppen&#039;s","description":"Celebrating women\u2019s evolving lifestyle for over 25 years","publisher":{"@id":"https:\/\/oppens.ca\/#organization"},"potentialAction":[{"@type":"SearchAction","target":{"@type":"EntryPoint","urlTemplate":"https:\/\/oppens.ca\/?s={search_term_string}"},"query-input":{"@type":"PropertyValueSpecification","valueRequired":true,"valueName":"search_term_string"}}],"inLanguage":"fr-FR"},{"@type":"Organization","@id":"https:\/\/oppens.ca\/#organization","name":"Oppens","url":"https:\/\/oppens.ca\/","logo":{"@type":"ImageObject","inLanguage":"fr-FR","@id":"https:\/\/oppens.ca\/#\/schema\/logo\/image\/","url":"https:\/\/oppens.ca\/wp-content\/uploads\/2019\/10\/oppens.png","contentUrl":"https:\/\/oppens.ca\/wp-content\/uploads\/2019\/10\/oppens.png","width":553,"height":246,"caption":"Oppens"},"image":{"@id":"https:\/\/oppens.ca\/#\/schema\/logo\/image\/"},"sameAs":["https:\/\/www.facebook.com\/boutiqueoppens\/","https:\/\/x.com\/oppensmontreal","https:\/\/www.instagram.com\/oppens_boutique\/"]}]}},"_links":{"self":[{"href":"https:\/\/oppens.ca\/fr\/wp-json\/wp\/v2\/product\/70433","targetHints":{"allow":["GET"]}}],"collection":[{"href":"https:\/\/oppens.ca\/fr\/wp-json\/wp\/v2\/product"}],"about":[{"href":"https:\/\/oppens.ca\/fr\/wp-json\/wp\/v2\/types\/product"}],"wp:featuredmedia":[{"embeddable":true,"href":"https:\/\/oppens.ca\/fr\/wp-json\/wp\/v2\/media\/70443"}],"wp:attachment":[{"href":"https:\/\/oppens.ca\/fr\/wp-json\/wp\/v2\/media?parent=70433"}],"wp:term":[{"taxonomy":"product_brand","embeddable":true,"href":"https:\/\/oppens.ca\/fr\/wp-json\/wp\/v2\/product_brand?post=70433"},{"taxonomy":"product_cat","embeddable":true,"href":"https:\/\/oppens.ca\/fr\/wp-json\/wp\/v2\/product_cat?post=70433"},{"taxonomy":"product_tag","embeddable":true,"href":"https:\/\/oppens.ca\/fr\/wp-json\/wp\/v2\/product_tag?post=70433"}],"curies":[{"name":"wp","href":"https:\/\/api.w.org\/{rel}","templated":true}]}}