                                                             

{"id":67825,"date":"2024-08-06T21:23:34","date_gmt":"2024-08-06T21:23:35","guid":{"rendered":"https:\/\/oppens.ca\/?post_type=product&#038;p=67825"},"modified":"2024-09-17T18:39:26","modified_gmt":"2024-09-17T18:39:26","slug":"foxcroft-chemise-a-pois-sans-repassage-salina-202765","status":"publish","type":"product","link":"https:\/\/oppens.ca\/fr\/produit\/foxcroft-chemise-a-pois-sans-repassage-salina-202765\/","title":{"rendered":"FOXCROFT &#8211; Chemise \u00e0 Pois sans Repassage Salina (202765)"},"content":{"rendered":"<p>100% popeline de coton<\/p>\n<p>Laver \u00e0 la machine en eau ti\u00e8de avec des couleurs similaires.<\/p>\n<p>Utiliser des produits blanchissants sans chlore uniquement si n\u00e9cessaire<\/p>\n<p>S\u00e9cher \u00e0 basse temp\u00e9rature, retirer rapidement et suspendre.<\/p>\n<p>Repasser \u00e0 temp\u00e9rature moyenne si n\u00e9cessaire.<\/p>\n<p>Lien r\u00e9glable \u00e0 l&#8217;int\u00e9rieur.<\/p>\n<p>Nos mesures sont en pouces<\/p>\n<p><img loading=\"lazy\" decoding=\"async\" class=\"alignnone wp-image-36665 size-full\" src=\"https:\/\/oppens.ca\/wp-content\/uploads\/2021\/09\/plus-2.jpg\" alt=\"\" width=\"704\" height=\"904\" srcset=\"https:\/\/oppens.ca\/wp-content\/uploads\/2021\/09\/plus-2.jpg 704w, https:\/\/oppens.ca\/wp-content\/uploads\/2021\/09\/plus-2-234x300.jpg 234w, https:\/\/oppens.ca\/wp-content\/uploads\/2021\/09\/plus-2-600x770.jpg 600w\" sizes=\"auto, (max-width: 704px) 100vw, 704px\" \/><\/p>\n<p>&nbsp;<\/p>\n<p>&nbsp;<\/p>\n<p>&nbsp;<\/p>\n","protected":false},"excerpt":{"rendered":"<p>100% popeline de coton Laver \u00e0 la machine en eau ti\u00e8de avec des couleurs similaires. Utiliser des produits blanchissants sans chlore uniquement si n\u00e9cessaire S\u00e9cher \u00e0 basse temp\u00e9rature, retirer rapidement et suspendre. Repasser \u00e0 temp\u00e9rature moyenne si n\u00e9cessaire. Lien r\u00e9glable \u00e0 l&#8217;int\u00e9rieur. Nos mesures sont en pouces &nbsp; &nbsp; &nbsp;<\/p>\n","protected":false},"featured_media":67838,"template":"","meta":[],"product_brand":[],"product_cat":[238,400,130,356,349],"product_tag":[420,508,627],"class_list":{"0":"post-67825","1":"product","2":"type-product","3":"status-publish","4":"has-post-thumbnail","6":"product_cat-blouses","7":"product_cat-foxcroft-fr","8":"product_cat-hauts-cover-ups","9":"product_cat-magasiner-par-collection","10":"product_cat-nouveautes","11":"product_tag-foxcroft-fr","12":"product_tag-haut","13":"product_tag-shirt-fr","14":"product_shipping_class-expedition-standard","16":"first","17":"instock","18":"taxable","19":"shipping-taxable","20":"purchasable","21":"product-type-variable"},"supplier_id":null,"supplier_sku":"","barcode":null,"atum_controlled":true,"out_stock_date":null,"out_stock_threshold":null,"inheritable":true,"inbound_stock":null,"stock_on_hold":0,"sold_today":0,"sales_last_days":0,"reserved_stock":null,"customer_returns":null,"warehouse_damage":null,"lost_in_post":null,"other_logs":null,"out_stock_days":0,"lost_sales":0,"has_location":false,"update_date":"2026-05-04T00:32:18","atum_locations":[],"atum_stock_status":"instock","restock_status":false,"low_stock_amount":"","sales_update_date":"2026-05-04T00:32:18","calc_backorders":null,"yoast_head":"<!-- This site is optimized with the Yoast SEO plugin v27.0 - https:\/\/yoast.com\/product\/yoast-seo-wordpress\/ -->\n<title>FOXCROFT - Chemise \u00e0 Pois sans Repassage Salina (202765) - Oppen&#039;s<\/title>\n<meta name=\"robots\" content=\"index, follow, max-snippet:-1, max-image-preview:large, max-video-preview:-1\" \/>\n<link rel=\"canonical\" href=\"https:\/\/oppens.ca\/fr\/produit\/foxcroft-chemise-a-pois-sans-repassage-salina-202765\/\" \/>\n<meta property=\"og:locale\" content=\"fr_FR\" \/>\n<meta property=\"og:type\" content=\"article\" \/>\n<meta property=\"og:title\" content=\"FOXCROFT - Chemise \u00e0 Pois sans Repassage Salina (202765) - Oppen&#039;s\" \/>\n<meta property=\"og:description\" content=\"100% popeline de coton Laver \u00e0 la machine en eau ti\u00e8de avec des couleurs similaires. Utiliser des produits blanchissants sans chlore uniquement si n\u00e9cessaire S\u00e9cher \u00e0 basse temp\u00e9rature, retirer rapidement et suspendre. Repasser \u00e0 temp\u00e9rature moyenne si n\u00e9cessaire. Lien r\u00e9glable \u00e0 l&#8217;int\u00e9rieur. Nos mesures sont en pouces &nbsp; &nbsp; &nbsp;\" \/>\n<meta property=\"og:url\" content=\"https:\/\/oppens.ca\/fr\/produit\/foxcroft-chemise-a-pois-sans-repassage-salina-202765\/\" \/>\n<meta property=\"og:site_name\" content=\"Oppen&#039;s\" \/>\n<meta property=\"article:publisher\" content=\"https:\/\/www.facebook.com\/boutiqueoppens\/\" \/>\n<meta property=\"article:modified_time\" content=\"2024-09-17T18:39:26+00:00\" \/>\n<meta property=\"og:image\" content=\"https:\/\/oppens.ca\/wp-content\/uploads\/2024\/08\/Screenshot-2024-08-06-113828.png\" \/>\n\t<meta property=\"og:image:width\" content=\"615\" \/>\n\t<meta property=\"og:image:height\" content=\"735\" \/>\n\t<meta property=\"og:image:type\" content=\"image\/png\" \/>\n<meta name=\"twitter:card\" content=\"summary_large_image\" \/>\n<meta name=\"twitter:site\" content=\"@oppensmontreal\" \/>\n<meta name=\"twitter:label1\" content=\"Dur\u00e9e de lecture estim\u00e9e\" \/>\n\t<meta name=\"twitter:data1\" content=\"1 minute\" \/>\n<script type=\"application\/ld+json\" class=\"yoast-schema-graph\">{\"@context\":\"https:\/\/schema.org\",\"@graph\":[{\"@type\":\"WebPage\",\"@id\":\"https:\/\/oppens.ca\/fr\/produit\/foxcroft-chemise-a-pois-sans-repassage-salina-202765\/\",\"url\":\"https:\/\/oppens.ca\/fr\/produit\/foxcroft-chemise-a-pois-sans-repassage-salina-202765\/\",\"name\":\"FOXCROFT - Chemise \u00e0 Pois sans Repassage Salina (202765) - Oppen&#039;s\",\"isPartOf\":{\"@id\":\"https:\/\/oppens.ca\/#website\"},\"primaryImageOfPage\":{\"@id\":\"https:\/\/oppens.ca\/fr\/produit\/foxcroft-chemise-a-pois-sans-repassage-salina-202765\/#primaryimage\"},\"image\":{\"@id\":\"https:\/\/oppens.ca\/fr\/produit\/foxcroft-chemise-a-pois-sans-repassage-salina-202765\/#primaryimage\"},\"thumbnailUrl\":\"https:\/\/oppens.ca\/wp-content\/uploads\/2024\/08\/Screenshot-2024-08-06-113828.png\",\"datePublished\":\"2024-08-06T21:23:35+00:00\",\"dateModified\":\"2024-09-17T18:39:26+00:00\",\"breadcrumb\":{\"@id\":\"https:\/\/oppens.ca\/fr\/produit\/foxcroft-chemise-a-pois-sans-repassage-salina-202765\/#breadcrumb\"},\"inLanguage\":\"fr-FR\",\"potentialAction\":[{\"@type\":\"ReadAction\",\"target\":[\"https:\/\/oppens.ca\/fr\/produit\/foxcroft-chemise-a-pois-sans-repassage-salina-202765\/\"]}]},{\"@type\":\"ImageObject\",\"inLanguage\":\"fr-FR\",\"@id\":\"https:\/\/oppens.ca\/fr\/produit\/foxcroft-chemise-a-pois-sans-repassage-salina-202765\/#primaryimage\",\"url\":\"https:\/\/oppens.ca\/wp-content\/uploads\/2024\/08\/Screenshot-2024-08-06-113828.png\",\"contentUrl\":\"https:\/\/oppens.ca\/wp-content\/uploads\/2024\/08\/Screenshot-2024-08-06-113828.png\",\"width\":615,\"height\":735},{\"@type\":\"BreadcrumbList\",\"@id\":\"https:\/\/oppens.ca\/fr\/produit\/foxcroft-chemise-a-pois-sans-repassage-salina-202765\/#breadcrumb\",\"itemListElement\":[{\"@type\":\"ListItem\",\"position\":1,\"name\":\"Home\",\"item\":\"https:\/\/oppens.ca\/fr\/\"},{\"@type\":\"ListItem\",\"position\":2,\"name\":\"Magasinez\",\"item\":\"https:\/\/oppens.ca\/fr\/magasinez\/\"},{\"@type\":\"ListItem\",\"position\":3,\"name\":\"FOXCROFT &#8211; Chemise \u00e0 Pois sans Repassage Salina (202765)\"}]},{\"@type\":\"WebSite\",\"@id\":\"https:\/\/oppens.ca\/#website\",\"url\":\"https:\/\/oppens.ca\/\",\"name\":\"Oppen&#039;s\",\"description\":\"Celebrating women\u2019s evolving lifestyle for over 25 years\",\"publisher\":{\"@id\":\"https:\/\/oppens.ca\/#organization\"},\"potentialAction\":[{\"@type\":\"SearchAction\",\"target\":{\"@type\":\"EntryPoint\",\"urlTemplate\":\"https:\/\/oppens.ca\/?s={search_term_string}\"},\"query-input\":{\"@type\":\"PropertyValueSpecification\",\"valueRequired\":true,\"valueName\":\"search_term_string\"}}],\"inLanguage\":\"fr-FR\"},{\"@type\":\"Organization\",\"@id\":\"https:\/\/oppens.ca\/#organization\",\"name\":\"Oppens\",\"url\":\"https:\/\/oppens.ca\/\",\"logo\":{\"@type\":\"ImageObject\",\"inLanguage\":\"fr-FR\",\"@id\":\"https:\/\/oppens.ca\/#\/schema\/logo\/image\/\",\"url\":\"https:\/\/oppens.ca\/wp-content\/uploads\/2019\/10\/oppens.png\",\"contentUrl\":\"https:\/\/oppens.ca\/wp-content\/uploads\/2019\/10\/oppens.png\",\"width\":553,\"height\":246,\"caption\":\"Oppens\"},\"image\":{\"@id\":\"https:\/\/oppens.ca\/#\/schema\/logo\/image\/\"},\"sameAs\":[\"https:\/\/www.facebook.com\/boutiqueoppens\/\",\"https:\/\/x.com\/oppensmontreal\",\"https:\/\/www.instagram.com\/oppens_boutique\/\"]}]}<\/script>\n<!-- \/ Yoast SEO plugin. -->","yoast_head_json":{"title":"FOXCROFT - Chemise \u00e0 Pois sans Repassage Salina (202765) - Oppen&#039;s","robots":{"index":"index","follow":"follow","max-snippet":"max-snippet:-1","max-image-preview":"max-image-preview:large","max-video-preview":"max-video-preview:-1"},"canonical":"https:\/\/oppens.ca\/fr\/produit\/foxcroft-chemise-a-pois-sans-repassage-salina-202765\/","og_locale":"fr_FR","og_type":"article","og_title":"FOXCROFT - Chemise \u00e0 Pois sans Repassage Salina (202765) - Oppen&#039;s","og_description":"100% popeline de coton Laver \u00e0 la machine en eau ti\u00e8de avec des couleurs similaires. Utiliser des produits blanchissants sans chlore uniquement si n\u00e9cessaire S\u00e9cher \u00e0 basse temp\u00e9rature, retirer rapidement et suspendre. Repasser \u00e0 temp\u00e9rature moyenne si n\u00e9cessaire. Lien r\u00e9glable \u00e0 l&#8217;int\u00e9rieur. Nos mesures sont en pouces &nbsp; &nbsp; &nbsp;","og_url":"https:\/\/oppens.ca\/fr\/produit\/foxcroft-chemise-a-pois-sans-repassage-salina-202765\/","og_site_name":"Oppen&#039;s","article_publisher":"https:\/\/www.facebook.com\/boutiqueoppens\/","article_modified_time":"2024-09-17T18:39:26+00:00","og_image":[{"width":615,"height":735,"url":"https:\/\/oppens.ca\/wp-content\/uploads\/2024\/08\/Screenshot-2024-08-06-113828.png","type":"image\/png"}],"twitter_card":"summary_large_image","twitter_site":"@oppensmontreal","twitter_misc":{"Dur\u00e9e de lecture estim\u00e9e":"1 minute"},"schema":{"@context":"https:\/\/schema.org","@graph":[{"@type":"WebPage","@id":"https:\/\/oppens.ca\/fr\/produit\/foxcroft-chemise-a-pois-sans-repassage-salina-202765\/","url":"https:\/\/oppens.ca\/fr\/produit\/foxcroft-chemise-a-pois-sans-repassage-salina-202765\/","name":"FOXCROFT - Chemise \u00e0 Pois sans Repassage Salina (202765) - Oppen&#039;s","isPartOf":{"@id":"https:\/\/oppens.ca\/#website"},"primaryImageOfPage":{"@id":"https:\/\/oppens.ca\/fr\/produit\/foxcroft-chemise-a-pois-sans-repassage-salina-202765\/#primaryimage"},"image":{"@id":"https:\/\/oppens.ca\/fr\/produit\/foxcroft-chemise-a-pois-sans-repassage-salina-202765\/#primaryimage"},"thumbnailUrl":"https:\/\/oppens.ca\/wp-content\/uploads\/2024\/08\/Screenshot-2024-08-06-113828.png","datePublished":"2024-08-06T21:23:35+00:00","dateModified":"2024-09-17T18:39:26+00:00","breadcrumb":{"@id":"https:\/\/oppens.ca\/fr\/produit\/foxcroft-chemise-a-pois-sans-repassage-salina-202765\/#breadcrumb"},"inLanguage":"fr-FR","potentialAction":[{"@type":"ReadAction","target":["https:\/\/oppens.ca\/fr\/produit\/foxcroft-chemise-a-pois-sans-repassage-salina-202765\/"]}]},{"@type":"ImageObject","inLanguage":"fr-FR","@id":"https:\/\/oppens.ca\/fr\/produit\/foxcroft-chemise-a-pois-sans-repassage-salina-202765\/#primaryimage","url":"https:\/\/oppens.ca\/wp-content\/uploads\/2024\/08\/Screenshot-2024-08-06-113828.png","contentUrl":"https:\/\/oppens.ca\/wp-content\/uploads\/2024\/08\/Screenshot-2024-08-06-113828.png","width":615,"height":735},{"@type":"BreadcrumbList","@id":"https:\/\/oppens.ca\/fr\/produit\/foxcroft-chemise-a-pois-sans-repassage-salina-202765\/#breadcrumb","itemListElement":[{"@type":"ListItem","position":1,"name":"Home","item":"https:\/\/oppens.ca\/fr\/"},{"@type":"ListItem","position":2,"name":"Magasinez","item":"https:\/\/oppens.ca\/fr\/magasinez\/"},{"@type":"ListItem","position":3,"name":"FOXCROFT &#8211; Chemise \u00e0 Pois sans Repassage Salina (202765)"}]},{"@type":"WebSite","@id":"https:\/\/oppens.ca\/#website","url":"https:\/\/oppens.ca\/","name":"Oppen&#039;s","description":"Celebrating women\u2019s evolving lifestyle for over 25 years","publisher":{"@id":"https:\/\/oppens.ca\/#organization"},"potentialAction":[{"@type":"SearchAction","target":{"@type":"EntryPoint","urlTemplate":"https:\/\/oppens.ca\/?s={search_term_string}"},"query-input":{"@type":"PropertyValueSpecification","valueRequired":true,"valueName":"search_term_string"}}],"inLanguage":"fr-FR"},{"@type":"Organization","@id":"https:\/\/oppens.ca\/#organization","name":"Oppens","url":"https:\/\/oppens.ca\/","logo":{"@type":"ImageObject","inLanguage":"fr-FR","@id":"https:\/\/oppens.ca\/#\/schema\/logo\/image\/","url":"https:\/\/oppens.ca\/wp-content\/uploads\/2019\/10\/oppens.png","contentUrl":"https:\/\/oppens.ca\/wp-content\/uploads\/2019\/10\/oppens.png","width":553,"height":246,"caption":"Oppens"},"image":{"@id":"https:\/\/oppens.ca\/#\/schema\/logo\/image\/"},"sameAs":["https:\/\/www.facebook.com\/boutiqueoppens\/","https:\/\/x.com\/oppensmontreal","https:\/\/www.instagram.com\/oppens_boutique\/"]}]}},"_links":{"self":[{"href":"https:\/\/oppens.ca\/fr\/wp-json\/wp\/v2\/product\/67825","targetHints":{"allow":["GET"]}}],"collection":[{"href":"https:\/\/oppens.ca\/fr\/wp-json\/wp\/v2\/product"}],"about":[{"href":"https:\/\/oppens.ca\/fr\/wp-json\/wp\/v2\/types\/product"}],"wp:featuredmedia":[{"embeddable":true,"href":"https:\/\/oppens.ca\/fr\/wp-json\/wp\/v2\/media\/67838"}],"wp:attachment":[{"href":"https:\/\/oppens.ca\/fr\/wp-json\/wp\/v2\/media?parent=67825"}],"wp:term":[{"taxonomy":"product_brand","embeddable":true,"href":"https:\/\/oppens.ca\/fr\/wp-json\/wp\/v2\/product_brand?post=67825"},{"taxonomy":"product_cat","embeddable":true,"href":"https:\/\/oppens.ca\/fr\/wp-json\/wp\/v2\/product_cat?post=67825"},{"taxonomy":"product_tag","embeddable":true,"href":"https:\/\/oppens.ca\/fr\/wp-json\/wp\/v2\/product_tag?post=67825"}],"curies":[{"name":"wp","href":"https:\/\/api.w.org\/{rel}","templated":true}]}}