                                                             

{"id":67377,"date":"2024-07-25T14:46:00","date_gmt":"2024-07-25T14:46:00","guid":{"rendered":"https:\/\/oppens.ca\/?post_type=product&#038;p=67377"},"modified":"2024-11-04T22:23:29","modified_gmt":"2024-11-04T22:23:29","slug":"tribal-pantalon-microevase-a-enfiler-a-taille-lissante-flatten-it-1859v-7165","status":"publish","type":"product","link":"https:\/\/oppens.ca\/fr\/produit\/tribal-pantalon-microevase-a-enfiler-a-taille-lissante-flatten-it-1859v-7165\/","title":{"rendered":"TRIBAL &#8211; Pantalon Micro\u00e9vas\u00e9 \u00e0 Enfiler \u00e0 Taille Lissante Flatten-It (1859v-7165)"},"content":{"rendered":"<p>76% rayonne, 21% nylon, 3% spandex<\/p>\n<p>Laver \u00e0 la machine \u00e0 l&#8217;eau froide cycle d\u00e9licat, s\u00e9par\u00e9ment.<\/p>\n<p>Ne pas javelliser.<\/p>\n<p>Suspendre pour s\u00e9cher.<\/p>\n<p>Repasser \u00e0 basse temp\u00e9rature si n\u00e9cessaire.<\/p>\n<p>Poches avant et arri\u00e8re fonctionnelles.<\/p>\n<p><img loading=\"lazy\" decoding=\"async\" class=\"alignnone wp-image-61816 size-large\" src=\"https:\/\/oppens.ca\/wp-content\/uploads\/2024\/03\/Tribal-Size-Chart-1-1024x529.jpg\" alt=\"\" width=\"1024\" height=\"529\" srcset=\"https:\/\/oppens.ca\/wp-content\/uploads\/2024\/03\/Tribal-Size-Chart-1-1024x529.jpg 1024w, https:\/\/oppens.ca\/wp-content\/uploads\/2024\/03\/Tribal-Size-Chart-1-300x155.jpg 300w, https:\/\/oppens.ca\/wp-content\/uploads\/2024\/03\/Tribal-Size-Chart-1-768x397.jpg 768w, https:\/\/oppens.ca\/wp-content\/uploads\/2024\/03\/Tribal-Size-Chart-1-600x310.jpg 600w, https:\/\/oppens.ca\/wp-content\/uploads\/2024\/03\/Tribal-Size-Chart-1.jpg 1171w\" sizes=\"auto, (max-width: 1024px) 100vw, 1024px\" \/><\/p>\n","protected":false},"excerpt":{"rendered":"<p>76% rayonne, 21% nylon, 3% spandex Laver \u00e0 la machine \u00e0 l&#8217;eau froide cycle d\u00e9licat, s\u00e9par\u00e9ment. Ne pas javelliser. Suspendre pour s\u00e9cher. Repasser \u00e0 basse temp\u00e9rature si n\u00e9cessaire. Poches avant et arri\u00e8re fonctionnelles.<\/p>\n","protected":false},"featured_media":67413,"template":"","meta":[],"product_brand":[],"product_cat":[575,404,356,131,588],"product_tag":[589],"class_list":{"0":"post-67377","1":"product","2":"type-product","3":"status-publish","4":"has-post-thumbnail","6":"product_cat-99-et-moins","7":"product_cat-bas","8":"product_cat-magasiner-par-collection","9":"product_cat-pantalons-leggings-fr","10":"product_cat-tribal-fr","11":"product_tag-tribal-fr","13":"first","14":"instock","15":"taxable","16":"shipping-taxable","17":"purchasable","18":"product-type-variable"},"supplier_id":null,"supplier_sku":"","barcode":null,"atum_controlled":true,"out_stock_date":null,"out_stock_threshold":null,"inheritable":true,"inbound_stock":null,"stock_on_hold":0,"sold_today":0,"sales_last_days":0,"reserved_stock":null,"customer_returns":null,"warehouse_damage":null,"lost_in_post":null,"other_logs":null,"out_stock_days":0,"lost_sales":0,"has_location":false,"update_date":"2026-05-06T00:32:56","atum_locations":[],"atum_stock_status":"instock","restock_status":false,"low_stock_amount":"","sales_update_date":"2026-05-06T00:32:56","calc_backorders":null,"yoast_head":"<!-- This site is optimized with the Yoast SEO plugin v27.0 - https:\/\/yoast.com\/product\/yoast-seo-wordpress\/ -->\n<title>TRIBAL - Pantalon Micro\u00e9vas\u00e9 \u00e0 Enfiler \u00e0 Taille Lissante Flatten-It (1859v-7165) - Oppen&#039;s<\/title>\n<meta name=\"robots\" content=\"index, follow, max-snippet:-1, max-image-preview:large, max-video-preview:-1\" \/>\n<link rel=\"canonical\" href=\"https:\/\/oppens.ca\/fr\/produit\/tribal-pantalon-microevase-a-enfiler-a-taille-lissante-flatten-it-1859v-7165\/\" \/>\n<meta property=\"og:locale\" content=\"fr_FR\" \/>\n<meta property=\"og:type\" content=\"article\" \/>\n<meta property=\"og:title\" content=\"TRIBAL - Pantalon Micro\u00e9vas\u00e9 \u00e0 Enfiler \u00e0 Taille Lissante Flatten-It (1859v-7165) - Oppen&#039;s\" \/>\n<meta property=\"og:description\" content=\"76% rayonne, 21% nylon, 3% spandex Laver \u00e0 la machine \u00e0 l&#8217;eau froide cycle d\u00e9licat, s\u00e9par\u00e9ment. Ne pas javelliser. Suspendre pour s\u00e9cher. Repasser \u00e0 basse temp\u00e9rature si n\u00e9cessaire. Poches avant et arri\u00e8re fonctionnelles.\" \/>\n<meta property=\"og:url\" content=\"https:\/\/oppens.ca\/fr\/produit\/tribal-pantalon-microevase-a-enfiler-a-taille-lissante-flatten-it-1859v-7165\/\" \/>\n<meta property=\"og:site_name\" content=\"Oppen&#039;s\" \/>\n<meta property=\"article:publisher\" content=\"https:\/\/www.facebook.com\/boutiqueoppens\/\" \/>\n<meta property=\"article:modified_time\" content=\"2024-11-04T22:23:29+00:00\" \/>\n<meta property=\"og:image\" content=\"https:\/\/oppens.ca\/wp-content\/uploads\/2024\/07\/Screenshot-2024-07-25-105024.png\" \/>\n\t<meta property=\"og:image:width\" content=\"583\" \/>\n\t<meta property=\"og:image:height\" content=\"877\" \/>\n\t<meta property=\"og:image:type\" content=\"image\/png\" \/>\n<meta name=\"twitter:card\" content=\"summary_large_image\" \/>\n<meta name=\"twitter:site\" content=\"@oppensmontreal\" \/>\n<meta name=\"twitter:label1\" content=\"Dur\u00e9e de lecture estim\u00e9e\" \/>\n\t<meta name=\"twitter:data1\" content=\"1 minute\" \/>\n<script type=\"application\/ld+json\" class=\"yoast-schema-graph\">{\"@context\":\"https:\/\/schema.org\",\"@graph\":[{\"@type\":\"WebPage\",\"@id\":\"https:\/\/oppens.ca\/fr\/produit\/tribal-pantalon-microevase-a-enfiler-a-taille-lissante-flatten-it-1859v-7165\/\",\"url\":\"https:\/\/oppens.ca\/fr\/produit\/tribal-pantalon-microevase-a-enfiler-a-taille-lissante-flatten-it-1859v-7165\/\",\"name\":\"TRIBAL - Pantalon Micro\u00e9vas\u00e9 \u00e0 Enfiler \u00e0 Taille Lissante Flatten-It (1859v-7165) - Oppen&#039;s\",\"isPartOf\":{\"@id\":\"https:\/\/oppens.ca\/#website\"},\"primaryImageOfPage\":{\"@id\":\"https:\/\/oppens.ca\/fr\/produit\/tribal-pantalon-microevase-a-enfiler-a-taille-lissante-flatten-it-1859v-7165\/#primaryimage\"},\"image\":{\"@id\":\"https:\/\/oppens.ca\/fr\/produit\/tribal-pantalon-microevase-a-enfiler-a-taille-lissante-flatten-it-1859v-7165\/#primaryimage\"},\"thumbnailUrl\":\"https:\/\/oppens.ca\/wp-content\/uploads\/2024\/07\/Screenshot-2024-07-25-105024.png\",\"datePublished\":\"2024-07-25T14:46:00+00:00\",\"dateModified\":\"2024-11-04T22:23:29+00:00\",\"breadcrumb\":{\"@id\":\"https:\/\/oppens.ca\/fr\/produit\/tribal-pantalon-microevase-a-enfiler-a-taille-lissante-flatten-it-1859v-7165\/#breadcrumb\"},\"inLanguage\":\"fr-FR\",\"potentialAction\":[{\"@type\":\"ReadAction\",\"target\":[\"https:\/\/oppens.ca\/fr\/produit\/tribal-pantalon-microevase-a-enfiler-a-taille-lissante-flatten-it-1859v-7165\/\"]}]},{\"@type\":\"ImageObject\",\"inLanguage\":\"fr-FR\",\"@id\":\"https:\/\/oppens.ca\/fr\/produit\/tribal-pantalon-microevase-a-enfiler-a-taille-lissante-flatten-it-1859v-7165\/#primaryimage\",\"url\":\"https:\/\/oppens.ca\/wp-content\/uploads\/2024\/07\/Screenshot-2024-07-25-105024.png\",\"contentUrl\":\"https:\/\/oppens.ca\/wp-content\/uploads\/2024\/07\/Screenshot-2024-07-25-105024.png\",\"width\":583,\"height\":877},{\"@type\":\"BreadcrumbList\",\"@id\":\"https:\/\/oppens.ca\/fr\/produit\/tribal-pantalon-microevase-a-enfiler-a-taille-lissante-flatten-it-1859v-7165\/#breadcrumb\",\"itemListElement\":[{\"@type\":\"ListItem\",\"position\":1,\"name\":\"Home\",\"item\":\"https:\/\/oppens.ca\/fr\/\"},{\"@type\":\"ListItem\",\"position\":2,\"name\":\"Magasinez\",\"item\":\"https:\/\/oppens.ca\/fr\/magasinez\/\"},{\"@type\":\"ListItem\",\"position\":3,\"name\":\"TRIBAL &#8211; Pantalon Micro\u00e9vas\u00e9 \u00e0 Enfiler \u00e0 Taille Lissante Flatten-It (1859v-7165)\"}]},{\"@type\":\"WebSite\",\"@id\":\"https:\/\/oppens.ca\/#website\",\"url\":\"https:\/\/oppens.ca\/\",\"name\":\"Oppen&#039;s\",\"description\":\"Celebrating women\u2019s evolving lifestyle for over 25 years\",\"publisher\":{\"@id\":\"https:\/\/oppens.ca\/#organization\"},\"potentialAction\":[{\"@type\":\"SearchAction\",\"target\":{\"@type\":\"EntryPoint\",\"urlTemplate\":\"https:\/\/oppens.ca\/?s={search_term_string}\"},\"query-input\":{\"@type\":\"PropertyValueSpecification\",\"valueRequired\":true,\"valueName\":\"search_term_string\"}}],\"inLanguage\":\"fr-FR\"},{\"@type\":\"Organization\",\"@id\":\"https:\/\/oppens.ca\/#organization\",\"name\":\"Oppens\",\"url\":\"https:\/\/oppens.ca\/\",\"logo\":{\"@type\":\"ImageObject\",\"inLanguage\":\"fr-FR\",\"@id\":\"https:\/\/oppens.ca\/#\/schema\/logo\/image\/\",\"url\":\"https:\/\/oppens.ca\/wp-content\/uploads\/2019\/10\/oppens.png\",\"contentUrl\":\"https:\/\/oppens.ca\/wp-content\/uploads\/2019\/10\/oppens.png\",\"width\":553,\"height\":246,\"caption\":\"Oppens\"},\"image\":{\"@id\":\"https:\/\/oppens.ca\/#\/schema\/logo\/image\/\"},\"sameAs\":[\"https:\/\/www.facebook.com\/boutiqueoppens\/\",\"https:\/\/x.com\/oppensmontreal\",\"https:\/\/www.instagram.com\/oppens_boutique\/\"]}]}<\/script>\n<!-- \/ Yoast SEO plugin. -->","yoast_head_json":{"title":"TRIBAL - Pantalon Micro\u00e9vas\u00e9 \u00e0 Enfiler \u00e0 Taille Lissante Flatten-It (1859v-7165) - Oppen&#039;s","robots":{"index":"index","follow":"follow","max-snippet":"max-snippet:-1","max-image-preview":"max-image-preview:large","max-video-preview":"max-video-preview:-1"},"canonical":"https:\/\/oppens.ca\/fr\/produit\/tribal-pantalon-microevase-a-enfiler-a-taille-lissante-flatten-it-1859v-7165\/","og_locale":"fr_FR","og_type":"article","og_title":"TRIBAL - Pantalon Micro\u00e9vas\u00e9 \u00e0 Enfiler \u00e0 Taille Lissante Flatten-It (1859v-7165) - Oppen&#039;s","og_description":"76% rayonne, 21% nylon, 3% spandex Laver \u00e0 la machine \u00e0 l&#8217;eau froide cycle d\u00e9licat, s\u00e9par\u00e9ment. Ne pas javelliser. Suspendre pour s\u00e9cher. Repasser \u00e0 basse temp\u00e9rature si n\u00e9cessaire. Poches avant et arri\u00e8re fonctionnelles.","og_url":"https:\/\/oppens.ca\/fr\/produit\/tribal-pantalon-microevase-a-enfiler-a-taille-lissante-flatten-it-1859v-7165\/","og_site_name":"Oppen&#039;s","article_publisher":"https:\/\/www.facebook.com\/boutiqueoppens\/","article_modified_time":"2024-11-04T22:23:29+00:00","og_image":[{"width":583,"height":877,"url":"https:\/\/oppens.ca\/wp-content\/uploads\/2024\/07\/Screenshot-2024-07-25-105024.png","type":"image\/png"}],"twitter_card":"summary_large_image","twitter_site":"@oppensmontreal","twitter_misc":{"Dur\u00e9e de lecture estim\u00e9e":"1 minute"},"schema":{"@context":"https:\/\/schema.org","@graph":[{"@type":"WebPage","@id":"https:\/\/oppens.ca\/fr\/produit\/tribal-pantalon-microevase-a-enfiler-a-taille-lissante-flatten-it-1859v-7165\/","url":"https:\/\/oppens.ca\/fr\/produit\/tribal-pantalon-microevase-a-enfiler-a-taille-lissante-flatten-it-1859v-7165\/","name":"TRIBAL - Pantalon Micro\u00e9vas\u00e9 \u00e0 Enfiler \u00e0 Taille Lissante Flatten-It (1859v-7165) - Oppen&#039;s","isPartOf":{"@id":"https:\/\/oppens.ca\/#website"},"primaryImageOfPage":{"@id":"https:\/\/oppens.ca\/fr\/produit\/tribal-pantalon-microevase-a-enfiler-a-taille-lissante-flatten-it-1859v-7165\/#primaryimage"},"image":{"@id":"https:\/\/oppens.ca\/fr\/produit\/tribal-pantalon-microevase-a-enfiler-a-taille-lissante-flatten-it-1859v-7165\/#primaryimage"},"thumbnailUrl":"https:\/\/oppens.ca\/wp-content\/uploads\/2024\/07\/Screenshot-2024-07-25-105024.png","datePublished":"2024-07-25T14:46:00+00:00","dateModified":"2024-11-04T22:23:29+00:00","breadcrumb":{"@id":"https:\/\/oppens.ca\/fr\/produit\/tribal-pantalon-microevase-a-enfiler-a-taille-lissante-flatten-it-1859v-7165\/#breadcrumb"},"inLanguage":"fr-FR","potentialAction":[{"@type":"ReadAction","target":["https:\/\/oppens.ca\/fr\/produit\/tribal-pantalon-microevase-a-enfiler-a-taille-lissante-flatten-it-1859v-7165\/"]}]},{"@type":"ImageObject","inLanguage":"fr-FR","@id":"https:\/\/oppens.ca\/fr\/produit\/tribal-pantalon-microevase-a-enfiler-a-taille-lissante-flatten-it-1859v-7165\/#primaryimage","url":"https:\/\/oppens.ca\/wp-content\/uploads\/2024\/07\/Screenshot-2024-07-25-105024.png","contentUrl":"https:\/\/oppens.ca\/wp-content\/uploads\/2024\/07\/Screenshot-2024-07-25-105024.png","width":583,"height":877},{"@type":"BreadcrumbList","@id":"https:\/\/oppens.ca\/fr\/produit\/tribal-pantalon-microevase-a-enfiler-a-taille-lissante-flatten-it-1859v-7165\/#breadcrumb","itemListElement":[{"@type":"ListItem","position":1,"name":"Home","item":"https:\/\/oppens.ca\/fr\/"},{"@type":"ListItem","position":2,"name":"Magasinez","item":"https:\/\/oppens.ca\/fr\/magasinez\/"},{"@type":"ListItem","position":3,"name":"TRIBAL &#8211; Pantalon Micro\u00e9vas\u00e9 \u00e0 Enfiler \u00e0 Taille Lissante Flatten-It (1859v-7165)"}]},{"@type":"WebSite","@id":"https:\/\/oppens.ca\/#website","url":"https:\/\/oppens.ca\/","name":"Oppen&#039;s","description":"Celebrating women\u2019s evolving lifestyle for over 25 years","publisher":{"@id":"https:\/\/oppens.ca\/#organization"},"potentialAction":[{"@type":"SearchAction","target":{"@type":"EntryPoint","urlTemplate":"https:\/\/oppens.ca\/?s={search_term_string}"},"query-input":{"@type":"PropertyValueSpecification","valueRequired":true,"valueName":"search_term_string"}}],"inLanguage":"fr-FR"},{"@type":"Organization","@id":"https:\/\/oppens.ca\/#organization","name":"Oppens","url":"https:\/\/oppens.ca\/","logo":{"@type":"ImageObject","inLanguage":"fr-FR","@id":"https:\/\/oppens.ca\/#\/schema\/logo\/image\/","url":"https:\/\/oppens.ca\/wp-content\/uploads\/2019\/10\/oppens.png","contentUrl":"https:\/\/oppens.ca\/wp-content\/uploads\/2019\/10\/oppens.png","width":553,"height":246,"caption":"Oppens"},"image":{"@id":"https:\/\/oppens.ca\/#\/schema\/logo\/image\/"},"sameAs":["https:\/\/www.facebook.com\/boutiqueoppens\/","https:\/\/x.com\/oppensmontreal","https:\/\/www.instagram.com\/oppens_boutique\/"]}]}},"_links":{"self":[{"href":"https:\/\/oppens.ca\/fr\/wp-json\/wp\/v2\/product\/67377","targetHints":{"allow":["GET"]}}],"collection":[{"href":"https:\/\/oppens.ca\/fr\/wp-json\/wp\/v2\/product"}],"about":[{"href":"https:\/\/oppens.ca\/fr\/wp-json\/wp\/v2\/types\/product"}],"wp:featuredmedia":[{"embeddable":true,"href":"https:\/\/oppens.ca\/fr\/wp-json\/wp\/v2\/media\/67413"}],"wp:attachment":[{"href":"https:\/\/oppens.ca\/fr\/wp-json\/wp\/v2\/media?parent=67377"}],"wp:term":[{"taxonomy":"product_brand","embeddable":true,"href":"https:\/\/oppens.ca\/fr\/wp-json\/wp\/v2\/product_brand?post=67377"},{"taxonomy":"product_cat","embeddable":true,"href":"https:\/\/oppens.ca\/fr\/wp-json\/wp\/v2\/product_cat?post=67377"},{"taxonomy":"product_tag","embeddable":true,"href":"https:\/\/oppens.ca\/fr\/wp-json\/wp\/v2\/product_tag?post=67377"}],"curies":[{"name":"wp","href":"https:\/\/api.w.org\/{rel}","templated":true}]}}