                                                             

{"id":65021,"date":"2024-06-19T20:11:05","date_gmt":"2024-06-19T20:11:06","guid":{"rendered":"https:\/\/oppens.ca\/?post_type=product&#038;p=65021"},"modified":"2024-06-26T15:34:17","modified_gmt":"2024-06-26T15:34:17","slug":"joseph-ribkoff-jean-blanc-a-jambe-semi-evasee-copy-2","status":"publish","type":"product","link":"https:\/\/oppens.ca\/fr\/produit\/joseph-ribkoff-jean-blanc-a-jambe-semi-evasee-copy-2\/","title":{"rendered":"JOSEPH RIBKOFF &#8211; Pantalon Imprim\u00e9 Abstract (242923)"},"content":{"rendered":"<p>67% coton, 30% polyester, 3% spandex<\/p>\n<p>Laver sur l&#8217;envers \u00e0 la machine en eau froide. Suspendre pour s\u00e9cher.<\/p>\n<p>Fait en Turquie.<\/p>\n","protected":false},"excerpt":{"rendered":"<p>67% coton, 30% polyester, 3% spandex Laver sur l&#8217;envers \u00e0 la machine en eau froide. Suspendre pour s\u00e9cher. Fait en Turquie.<\/p>\n","protected":false},"featured_media":74070,"template":"","meta":[],"product_brand":[],"product_cat":[404,307,376,356,166],"product_tag":[280,559,531],"class_list":{"0":"post-65021","1":"product","2":"type-product","3":"status-publish","4":"has-post-thumbnail","6":"product_cat-bas","7":"product_cat-bas-fr","8":"product_cat-joseph-ribkoff-fr","9":"product_cat-magasiner-par-collection","10":"product_cat-sale-fr","11":"product_tag-joseph-ribkoff-fr","12":"product_tag-pant-fr","13":"product_tag-promo","15":"first","16":"outofstock","17":"sale","18":"taxable","19":"shipping-taxable","20":"purchasable","21":"product-type-variable"},"supplier_id":null,"supplier_sku":"","barcode":null,"atum_controlled":true,"out_stock_date":null,"out_stock_threshold":null,"inheritable":true,"inbound_stock":null,"stock_on_hold":0,"sold_today":0,"sales_last_days":0,"reserved_stock":null,"customer_returns":null,"warehouse_damage":null,"lost_in_post":null,"other_logs":null,"out_stock_days":0,"lost_sales":0,"has_location":false,"update_date":"2026-05-05T00:32:48","atum_locations":[],"atum_stock_status":"outofstock","restock_status":false,"low_stock_amount":"","sales_update_date":"2026-05-05T00:32:48","calc_backorders":null,"yoast_head":"<!-- This site is optimized with the Yoast SEO plugin v27.0 - https:\/\/yoast.com\/product\/yoast-seo-wordpress\/ -->\n<title>JOSEPH RIBKOFF - Pantalon Imprim\u00e9 Abstract (242923) - Oppen&#039;s<\/title>\n<meta name=\"robots\" content=\"index, follow, max-snippet:-1, max-image-preview:large, max-video-preview:-1\" \/>\n<link rel=\"canonical\" href=\"https:\/\/oppens.ca\/fr\/produit\/joseph-ribkoff-jean-blanc-a-jambe-semi-evasee-copy-2\/\" \/>\n<meta property=\"og:locale\" content=\"fr_FR\" \/>\n<meta property=\"og:type\" content=\"article\" \/>\n<meta property=\"og:title\" content=\"JOSEPH RIBKOFF - Pantalon Imprim\u00e9 Abstract (242923) - Oppen&#039;s\" \/>\n<meta property=\"og:description\" content=\"67% coton, 30% polyester, 3% spandex Laver sur l&#8217;envers \u00e0 la machine en eau froide. Suspendre pour s\u00e9cher. Fait en Turquie.\" \/>\n<meta property=\"og:url\" content=\"https:\/\/oppens.ca\/fr\/produit\/joseph-ribkoff-jean-blanc-a-jambe-semi-evasee-copy-2\/\" \/>\n<meta property=\"og:site_name\" content=\"Oppen&#039;s\" \/>\n<meta property=\"article:publisher\" content=\"https:\/\/www.facebook.com\/boutiqueoppens\/\" \/>\n<meta property=\"article:modified_time\" content=\"2024-06-26T15:34:17+00:00\" \/>\n<meta property=\"og:image\" content=\"https:\/\/oppens.ca\/wp-content\/uploads\/2024\/06\/Oppens-2000px-3817.jpg\" \/>\n\t<meta property=\"og:image:width\" content=\"1606\" \/>\n\t<meta property=\"og:image:height\" content=\"2000\" \/>\n\t<meta property=\"og:image:type\" content=\"image\/jpeg\" \/>\n<meta name=\"twitter:card\" content=\"summary_large_image\" \/>\n<meta name=\"twitter:site\" content=\"@oppensmontreal\" \/>\n<meta name=\"twitter:label1\" content=\"Dur\u00e9e de lecture estim\u00e9e\" \/>\n\t<meta name=\"twitter:data1\" content=\"1 minute\" \/>\n<script type=\"application\/ld+json\" class=\"yoast-schema-graph\">{\"@context\":\"https:\/\/schema.org\",\"@graph\":[{\"@type\":\"WebPage\",\"@id\":\"https:\/\/oppens.ca\/fr\/produit\/joseph-ribkoff-jean-blanc-a-jambe-semi-evasee-copy-2\/\",\"url\":\"https:\/\/oppens.ca\/fr\/produit\/joseph-ribkoff-jean-blanc-a-jambe-semi-evasee-copy-2\/\",\"name\":\"JOSEPH RIBKOFF - Pantalon Imprim\u00e9 Abstract (242923) - Oppen&#039;s\",\"isPartOf\":{\"@id\":\"https:\/\/oppens.ca\/#website\"},\"primaryImageOfPage\":{\"@id\":\"https:\/\/oppens.ca\/fr\/produit\/joseph-ribkoff-jean-blanc-a-jambe-semi-evasee-copy-2\/#primaryimage\"},\"image\":{\"@id\":\"https:\/\/oppens.ca\/fr\/produit\/joseph-ribkoff-jean-blanc-a-jambe-semi-evasee-copy-2\/#primaryimage\"},\"thumbnailUrl\":\"https:\/\/oppens.ca\/wp-content\/uploads\/2024\/06\/Oppens-2000px-3817.jpg\",\"datePublished\":\"2024-06-19T20:11:06+00:00\",\"dateModified\":\"2024-06-26T15:34:17+00:00\",\"breadcrumb\":{\"@id\":\"https:\/\/oppens.ca\/fr\/produit\/joseph-ribkoff-jean-blanc-a-jambe-semi-evasee-copy-2\/#breadcrumb\"},\"inLanguage\":\"fr-FR\",\"potentialAction\":[{\"@type\":\"ReadAction\",\"target\":[\"https:\/\/oppens.ca\/fr\/produit\/joseph-ribkoff-jean-blanc-a-jambe-semi-evasee-copy-2\/\"]}]},{\"@type\":\"ImageObject\",\"inLanguage\":\"fr-FR\",\"@id\":\"https:\/\/oppens.ca\/fr\/produit\/joseph-ribkoff-jean-blanc-a-jambe-semi-evasee-copy-2\/#primaryimage\",\"url\":\"https:\/\/oppens.ca\/wp-content\/uploads\/2024\/06\/Oppens-2000px-3817.jpg\",\"contentUrl\":\"https:\/\/oppens.ca\/wp-content\/uploads\/2024\/06\/Oppens-2000px-3817.jpg\",\"width\":1606,\"height\":2000},{\"@type\":\"BreadcrumbList\",\"@id\":\"https:\/\/oppens.ca\/fr\/produit\/joseph-ribkoff-jean-blanc-a-jambe-semi-evasee-copy-2\/#breadcrumb\",\"itemListElement\":[{\"@type\":\"ListItem\",\"position\":1,\"name\":\"Home\",\"item\":\"https:\/\/oppens.ca\/fr\/\"},{\"@type\":\"ListItem\",\"position\":2,\"name\":\"Magasinez\",\"item\":\"https:\/\/oppens.ca\/fr\/magasinez\/\"},{\"@type\":\"ListItem\",\"position\":3,\"name\":\"JOSEPH RIBKOFF &#8211; Pantalon Imprim\u00e9 Abstract (242923)\"}]},{\"@type\":\"WebSite\",\"@id\":\"https:\/\/oppens.ca\/#website\",\"url\":\"https:\/\/oppens.ca\/\",\"name\":\"Oppen&#039;s\",\"description\":\"Celebrating women\u2019s evolving lifestyle for over 25 years\",\"publisher\":{\"@id\":\"https:\/\/oppens.ca\/#organization\"},\"potentialAction\":[{\"@type\":\"SearchAction\",\"target\":{\"@type\":\"EntryPoint\",\"urlTemplate\":\"https:\/\/oppens.ca\/?s={search_term_string}\"},\"query-input\":{\"@type\":\"PropertyValueSpecification\",\"valueRequired\":true,\"valueName\":\"search_term_string\"}}],\"inLanguage\":\"fr-FR\"},{\"@type\":\"Organization\",\"@id\":\"https:\/\/oppens.ca\/#organization\",\"name\":\"Oppens\",\"url\":\"https:\/\/oppens.ca\/\",\"logo\":{\"@type\":\"ImageObject\",\"inLanguage\":\"fr-FR\",\"@id\":\"https:\/\/oppens.ca\/#\/schema\/logo\/image\/\",\"url\":\"https:\/\/oppens.ca\/wp-content\/uploads\/2019\/10\/oppens.png\",\"contentUrl\":\"https:\/\/oppens.ca\/wp-content\/uploads\/2019\/10\/oppens.png\",\"width\":553,\"height\":246,\"caption\":\"Oppens\"},\"image\":{\"@id\":\"https:\/\/oppens.ca\/#\/schema\/logo\/image\/\"},\"sameAs\":[\"https:\/\/www.facebook.com\/boutiqueoppens\/\",\"https:\/\/x.com\/oppensmontreal\",\"https:\/\/www.instagram.com\/oppens_boutique\/\"]}]}<\/script>\n<!-- \/ Yoast SEO plugin. -->","yoast_head_json":{"title":"JOSEPH RIBKOFF - Pantalon Imprim\u00e9 Abstract (242923) - Oppen&#039;s","robots":{"index":"index","follow":"follow","max-snippet":"max-snippet:-1","max-image-preview":"max-image-preview:large","max-video-preview":"max-video-preview:-1"},"canonical":"https:\/\/oppens.ca\/fr\/produit\/joseph-ribkoff-jean-blanc-a-jambe-semi-evasee-copy-2\/","og_locale":"fr_FR","og_type":"article","og_title":"JOSEPH RIBKOFF - Pantalon Imprim\u00e9 Abstract (242923) - Oppen&#039;s","og_description":"67% coton, 30% polyester, 3% spandex Laver sur l&#8217;envers \u00e0 la machine en eau froide. Suspendre pour s\u00e9cher. Fait en Turquie.","og_url":"https:\/\/oppens.ca\/fr\/produit\/joseph-ribkoff-jean-blanc-a-jambe-semi-evasee-copy-2\/","og_site_name":"Oppen&#039;s","article_publisher":"https:\/\/www.facebook.com\/boutiqueoppens\/","article_modified_time":"2024-06-26T15:34:17+00:00","og_image":[{"width":1606,"height":2000,"url":"https:\/\/oppens.ca\/wp-content\/uploads\/2024\/06\/Oppens-2000px-3817.jpg","type":"image\/jpeg"}],"twitter_card":"summary_large_image","twitter_site":"@oppensmontreal","twitter_misc":{"Dur\u00e9e de lecture estim\u00e9e":"1 minute"},"schema":{"@context":"https:\/\/schema.org","@graph":[{"@type":"WebPage","@id":"https:\/\/oppens.ca\/fr\/produit\/joseph-ribkoff-jean-blanc-a-jambe-semi-evasee-copy-2\/","url":"https:\/\/oppens.ca\/fr\/produit\/joseph-ribkoff-jean-blanc-a-jambe-semi-evasee-copy-2\/","name":"JOSEPH RIBKOFF - Pantalon Imprim\u00e9 Abstract (242923) - Oppen&#039;s","isPartOf":{"@id":"https:\/\/oppens.ca\/#website"},"primaryImageOfPage":{"@id":"https:\/\/oppens.ca\/fr\/produit\/joseph-ribkoff-jean-blanc-a-jambe-semi-evasee-copy-2\/#primaryimage"},"image":{"@id":"https:\/\/oppens.ca\/fr\/produit\/joseph-ribkoff-jean-blanc-a-jambe-semi-evasee-copy-2\/#primaryimage"},"thumbnailUrl":"https:\/\/oppens.ca\/wp-content\/uploads\/2024\/06\/Oppens-2000px-3817.jpg","datePublished":"2024-06-19T20:11:06+00:00","dateModified":"2024-06-26T15:34:17+00:00","breadcrumb":{"@id":"https:\/\/oppens.ca\/fr\/produit\/joseph-ribkoff-jean-blanc-a-jambe-semi-evasee-copy-2\/#breadcrumb"},"inLanguage":"fr-FR","potentialAction":[{"@type":"ReadAction","target":["https:\/\/oppens.ca\/fr\/produit\/joseph-ribkoff-jean-blanc-a-jambe-semi-evasee-copy-2\/"]}]},{"@type":"ImageObject","inLanguage":"fr-FR","@id":"https:\/\/oppens.ca\/fr\/produit\/joseph-ribkoff-jean-blanc-a-jambe-semi-evasee-copy-2\/#primaryimage","url":"https:\/\/oppens.ca\/wp-content\/uploads\/2024\/06\/Oppens-2000px-3817.jpg","contentUrl":"https:\/\/oppens.ca\/wp-content\/uploads\/2024\/06\/Oppens-2000px-3817.jpg","width":1606,"height":2000},{"@type":"BreadcrumbList","@id":"https:\/\/oppens.ca\/fr\/produit\/joseph-ribkoff-jean-blanc-a-jambe-semi-evasee-copy-2\/#breadcrumb","itemListElement":[{"@type":"ListItem","position":1,"name":"Home","item":"https:\/\/oppens.ca\/fr\/"},{"@type":"ListItem","position":2,"name":"Magasinez","item":"https:\/\/oppens.ca\/fr\/magasinez\/"},{"@type":"ListItem","position":3,"name":"JOSEPH RIBKOFF &#8211; Pantalon Imprim\u00e9 Abstract (242923)"}]},{"@type":"WebSite","@id":"https:\/\/oppens.ca\/#website","url":"https:\/\/oppens.ca\/","name":"Oppen&#039;s","description":"Celebrating women\u2019s evolving lifestyle for over 25 years","publisher":{"@id":"https:\/\/oppens.ca\/#organization"},"potentialAction":[{"@type":"SearchAction","target":{"@type":"EntryPoint","urlTemplate":"https:\/\/oppens.ca\/?s={search_term_string}"},"query-input":{"@type":"PropertyValueSpecification","valueRequired":true,"valueName":"search_term_string"}}],"inLanguage":"fr-FR"},{"@type":"Organization","@id":"https:\/\/oppens.ca\/#organization","name":"Oppens","url":"https:\/\/oppens.ca\/","logo":{"@type":"ImageObject","inLanguage":"fr-FR","@id":"https:\/\/oppens.ca\/#\/schema\/logo\/image\/","url":"https:\/\/oppens.ca\/wp-content\/uploads\/2019\/10\/oppens.png","contentUrl":"https:\/\/oppens.ca\/wp-content\/uploads\/2019\/10\/oppens.png","width":553,"height":246,"caption":"Oppens"},"image":{"@id":"https:\/\/oppens.ca\/#\/schema\/logo\/image\/"},"sameAs":["https:\/\/www.facebook.com\/boutiqueoppens\/","https:\/\/x.com\/oppensmontreal","https:\/\/www.instagram.com\/oppens_boutique\/"]}]}},"_links":{"self":[{"href":"https:\/\/oppens.ca\/fr\/wp-json\/wp\/v2\/product\/65021","targetHints":{"allow":["GET"]}}],"collection":[{"href":"https:\/\/oppens.ca\/fr\/wp-json\/wp\/v2\/product"}],"about":[{"href":"https:\/\/oppens.ca\/fr\/wp-json\/wp\/v2\/types\/product"}],"wp:featuredmedia":[{"embeddable":true,"href":"https:\/\/oppens.ca\/fr\/wp-json\/wp\/v2\/media\/74070"}],"wp:attachment":[{"href":"https:\/\/oppens.ca\/fr\/wp-json\/wp\/v2\/media?parent=65021"}],"wp:term":[{"taxonomy":"product_brand","embeddable":true,"href":"https:\/\/oppens.ca\/fr\/wp-json\/wp\/v2\/product_brand?post=65021"},{"taxonomy":"product_cat","embeddable":true,"href":"https:\/\/oppens.ca\/fr\/wp-json\/wp\/v2\/product_cat?post=65021"},{"taxonomy":"product_tag","embeddable":true,"href":"https:\/\/oppens.ca\/fr\/wp-json\/wp\/v2\/product_tag?post=65021"}],"curies":[{"name":"wp","href":"https:\/\/api.w.org\/{rel}","templated":true}]}}