                                                             

{"id":58342,"date":"2023-10-03T18:05:10","date_gmt":"2023-10-03T18:05:13","guid":{"rendered":"https:\/\/oppens.ca\/?post_type=product&#038;p=58342"},"modified":"2025-04-02T16:32:44","modified_gmt":"2025-04-02T16:32:44","slug":"thigh-society-short-coton-anti-frottement-7po","status":"publish","type":"product","link":"https:\/\/oppens.ca\/fr\/produit\/thigh-society-short-coton-anti-frottement-7po\/","title":{"rendered":"THIGH SOCIETY &#8211; Short Coton  Anti-Frottement 7 pouces"},"content":{"rendered":"<div class=\"popup-guide__chart-header Image--lazyLoaded\" data-bgset=\"\/\/thighsociety.ca\/cdn\/shop\/files\/fabric-texture-bg_1600x_dfc702a4-6ee3-4f1f-a258-44888ebd07c9_400x.png?v=1623283238 400w, \/\/thighsociety.ca\/cdn\/shop\/files\/fabric-texture-bg_1600x_dfc702a4-6ee3-4f1f-a258-44888ebd07c9_600x.png?v=1623283238 600w, \/\/thighsociety.ca\/cdn\/shop\/files\/fabric-texture-bg_1600x_dfc702a4-6ee3-4f1f-a258-44888ebd07c9_800x.png?v=1623283238 800w, \/\/thighsociety.ca\/cdn\/shop\/files\/fabric-texture-bg_1600x_dfc702a4-6ee3-4f1f-a258-44888ebd07c9_1200x.png?v=1623283238 1200w, \/\/thighsociety.ca\/cdn\/shop\/files\/fabric-texture-bg_1600x_dfc702a4-6ee3-4f1f-a258-44888ebd07c9_1400x.png?v=1623283238 1400w, \/\/thighsociety.ca\/cdn\/shop\/files\/fabric-texture-bg_1600x_dfc702a4-6ee3-4f1f-a258-44888ebd07c9_1600x.png?v=1623283238 1600w, \/\/thighsociety.ca\/cdn\/shop\/files\/fabric-texture-bg_1600x_dfc702a4-6ee3-4f1f-a258-44888ebd07c9_1800x.png?v=1623283238 1800w\">\n<div class=\"popup-guide__chart-item\">\n<p class=\"sh\">Ce short est fait de coton Pima et de modal de haute qualit\u00e9. Ces dessous ultra doux et anti-frottement vont devenir votre v\u00eatement de d\u00e9tente pr\u00e9f\u00e9r\u00e9.<\/p>\n<p>Fabriqu\u00e9 \u00e0 partir de tissu antibact\u00e9rien qui d\u00e9truit les odeurs.<\/p>\n<p>35% coton Pima , 34% modal, 23% nylon, 8% \u00e9lastane<\/p>\n<p>Laver en machine \u00e0 l&#8217;eau froide, s\u00e9cher \u00e0 basse temp\u00e9rature.<\/p>\n<p>Entrejambe de 7 pouces: Couvre jusqu \u00e0 mi-cuisse. Parfait pour les jupes et les robes midi. Tr\u00e8s bonne couverture pour les plus petites.<\/p>\n<p><strong>Charte des Tailles<\/strong><\/p>\n<p>M\/L\u00a0 \u00a0 \u00a0 L\/XL\u00a0 \u00a0 \u00a01XL\/2XL\u00a0 \u00a0 3XL\/4XL\u00a0 \u00a0 \u00a05Xl\/6XL<\/p>\n<p>10-12\u00a0 \u00a014-16\u00a0 \u00a0 \u00a018-20\u00a0 \u00a0 \u00a0 \u00a0 \u00a022-26\u00a0 \u00a0 \u00a0 \u00a0 \u00a028-34<\/p>\n<\/div>\n<div class=\"popup-guide__chart-item\">\n<p class=\"sh\" style=\"text-align: left;\"><strong>Hanches (pouces)<\/strong><\/p>\n<p>42-45\u00a0 \u00a046-49\u00a0 \u00a0 \u00a0 50-53\u00a0 \u00a0 \u00a0 \u00a0 54-58.5\u00a0 \u00a0 \u00a059-65.5<\/p>\n<p>Conseil pour trouver votre grandeur<\/p>\n<p>1. Commencez par mesurer vos hanches au niveau de la partie la plus large de vos fesses. Si vous n&#8217;avez pas de ruban , prenez simplement votre taille de pantalon habituelle.<\/p>\n<p>2. Si vous \u00eates entre 2 tailles , prenez une taille en-dessous, sauf si vous avez de bonnes cuisses, alors prenez la taille au-dessus.<\/p>\n<p>3. Enceinte? Choisissez votre taille r\u00e9guli\u00e8re pour le premier trimestre&#8211; au-del\u00e0 de cette p\u00e9riode, prenez une taille au-dessus.<\/p>\n<\/div>\n<div class=\"popup-guide__chart-item\"><\/div>\n<div class=\"popup-guide__chart-item\">\n<h2 class=\"sh\"><\/h2>\n<\/div>\n<div class=\"popup-guide__chart-item\">\n<h2 class=\"sh\"><\/h2>\n<\/div>\n<div class=\"popup-guide__chart-item\">\n<h2 class=\"sh\"><\/h2>\n<\/div>\n<div class=\"popup-guide__chart-item\"><\/div>\n<\/div>\n<div class=\"popup-guide__chart-size\">\n<div class=\"popup-guide__chart-item\">\n<h2 class=\"sh\"><\/h2>\n<\/div>\n<div class=\"popup-guide__chart-item\">\n<h2 class=\"sh\"><\/h2>\n<\/div>\n<div class=\"popup-guide__chart-item\">\n<h2 class=\"sh\"><\/h2>\n<\/div>\n<div class=\"popup-guide__chart-item\">\n<h2 class=\"sh\"><\/h2>\n<\/div>\n<\/div>\n<div class=\"popup-guide__chart-hips\">\n<div class=\"popup-guide__chart-item\">\n<h2 class=\"sh\"><\/h2>\n<\/div>\n<div class=\"popup-guide__chart-item\">\n<h2 class=\"sh\"><\/h2>\n<\/div>\n<div class=\"popup-guide__chart-item\">\n<h2 class=\"sh\"><\/h2>\n<\/div>\n<div class=\"popup-guide__chart-item\">\n<h2 class=\"sh\"><\/h2>\n<\/div>\n<div class=\"popup-guide__chart-item\">\n<h2 class=\"sh\"><\/h2>\n<\/div>\n<div class=\"popup-guide__chart-item\">\n<h2 class=\"sh\"><\/h2>\n<\/div>\n<div class=\"popup-guide__chart-item\">\n<h2 class=\"sh\"><\/h2>\n<\/div>\n<div class=\"popup-guide__chart-item\">\n<h2 class=\"sh\"><\/h2>\n<\/div>\n<\/div>\n<p>&nbsp;<\/p>\n<p>&nbsp;<\/p>\n<p>&nbsp;<\/p>\n<p>&nbsp;<\/p>\n<p>&nbsp;<\/p>\n","protected":false},"excerpt":{"rendered":"<p>Ce short est fait de coton Pima et de modal de haute qualit\u00e9. Ces dessous ultra doux et anti-frottement vont devenir votre v\u00eatement de d\u00e9tente pr\u00e9f\u00e9r\u00e9. Fabriqu\u00e9 \u00e0 partir de tissu antibact\u00e9rien qui d\u00e9truit les odeurs. 35% coton Pima , 34% modal, 23% nylon, 8% \u00e9lastane Laver en machine \u00e0 l&#8217;eau froide, s\u00e9cher \u00e0 basse &hellip; <\/p>\n<p class=\"link-more\"><a href=\"https:\/\/oppens.ca\/fr\/produit\/thigh-society-short-coton-anti-frottement-7po\/\" class=\"more-link\">Continue reading&lt;span class=&quot;screen-reader-text&quot;&gt; &quot;THIGH SOCIETY &#8211; Short Coton  Anti-Frottement 7 pouces&quot;&lt;\/span&gt;<\/a><\/p>\n","protected":false},"featured_media":57601,"template":"","meta":[],"product_brand":[],"product_cat":[575,175,404,356,435],"product_tag":[551],"class_list":{"0":"post-58342","1":"product","2":"type-product","3":"status-publish","4":"has-post-thumbnail","6":"product_cat-99-et-moins","7":"product_cat-accessoires","8":"product_cat-bas","9":"product_cat-magasiner-par-collection","10":"product_cat-thigh-society-fr","11":"product_tag-accessoires-fr","12":"product_shipping_class-expedition-standard","14":"first","15":"instock","16":"taxable","17":"shipping-taxable","18":"purchasable","19":"product-type-variable"},"supplier_id":null,"supplier_sku":"","barcode":null,"atum_controlled":true,"out_stock_date":null,"out_stock_threshold":null,"inheritable":true,"inbound_stock":null,"stock_on_hold":0,"sold_today":0,"sales_last_days":0,"reserved_stock":null,"customer_returns":null,"warehouse_damage":null,"lost_in_post":null,"other_logs":null,"out_stock_days":0,"lost_sales":0,"has_location":false,"update_date":"2026-05-06T00:32:51","atum_locations":[],"atum_stock_status":"instock","restock_status":false,"low_stock_amount":"","sales_update_date":"2026-05-06T00:32:51","calc_backorders":null,"yoast_head":"<!-- This site is optimized with the Yoast SEO plugin v27.0 - https:\/\/yoast.com\/product\/yoast-seo-wordpress\/ -->\n<title>THIGH SOCIETY - Short Coton Anti-Frottement 7 pouces - Oppen&#039;s<\/title>\n<meta name=\"robots\" content=\"index, follow, max-snippet:-1, max-image-preview:large, max-video-preview:-1\" \/>\n<link rel=\"canonical\" href=\"https:\/\/oppens.ca\/fr\/produit\/thigh-society-short-coton-anti-frottement-7po\/\" \/>\n<meta property=\"og:locale\" content=\"fr_FR\" \/>\n<meta property=\"og:type\" content=\"article\" \/>\n<meta property=\"og:title\" content=\"THIGH SOCIETY - Short Coton Anti-Frottement 7 pouces - Oppen&#039;s\" \/>\n<meta property=\"og:description\" content=\"Ce short est fait de coton Pima et de modal de haute qualit\u00e9. Ces dessous ultra doux et anti-frottement vont devenir votre v\u00eatement de d\u00e9tente pr\u00e9f\u00e9r\u00e9. Fabriqu\u00e9 \u00e0 partir de tissu antibact\u00e9rien qui d\u00e9truit les odeurs. 35% coton Pima , 34% modal, 23% nylon, 8% \u00e9lastane Laver en machine \u00e0 l&#8217;eau froide, s\u00e9cher \u00e0 basse &hellip; Continue reading&lt;span class=&quot;screen-reader-text&quot;&gt; &quot;THIGH SOCIETY &#8211; Short Coton Anti-Frottement 7 pouces&quot;&lt;\/span&gt;\" \/>\n<meta property=\"og:url\" content=\"https:\/\/oppens.ca\/fr\/produit\/thigh-society-short-coton-anti-frottement-7po\/\" \/>\n<meta property=\"og:site_name\" content=\"Oppen&#039;s\" \/>\n<meta property=\"article:publisher\" content=\"https:\/\/www.facebook.com\/boutiqueoppens\/\" \/>\n<meta property=\"article:modified_time\" content=\"2025-04-02T16:32:44+00:00\" \/>\n<meta property=\"og:image\" content=\"https:\/\/oppens.ca\/wp-content\/uploads\/2020\/04\/symp5.jpg\" \/>\n\t<meta property=\"og:image:width\" content=\"750\" \/>\n\t<meta property=\"og:image:height\" content=\"1000\" \/>\n\t<meta property=\"og:image:type\" content=\"image\/jpeg\" \/>\n<meta name=\"twitter:card\" content=\"summary_large_image\" \/>\n<meta name=\"twitter:site\" content=\"@oppensmontreal\" \/>\n<meta name=\"twitter:label1\" content=\"Dur\u00e9e de lecture estim\u00e9e\" \/>\n\t<meta name=\"twitter:data1\" content=\"1 minute\" \/>\n<script type=\"application\/ld+json\" class=\"yoast-schema-graph\">{\"@context\":\"https:\/\/schema.org\",\"@graph\":[{\"@type\":\"WebPage\",\"@id\":\"https:\/\/oppens.ca\/fr\/produit\/thigh-society-short-coton-anti-frottement-7po\/\",\"url\":\"https:\/\/oppens.ca\/fr\/produit\/thigh-society-short-coton-anti-frottement-7po\/\",\"name\":\"THIGH SOCIETY - Short Coton Anti-Frottement 7 pouces - Oppen&#039;s\",\"isPartOf\":{\"@id\":\"https:\/\/oppens.ca\/#website\"},\"primaryImageOfPage\":{\"@id\":\"https:\/\/oppens.ca\/fr\/produit\/thigh-society-short-coton-anti-frottement-7po\/#primaryimage\"},\"image\":{\"@id\":\"https:\/\/oppens.ca\/fr\/produit\/thigh-society-short-coton-anti-frottement-7po\/#primaryimage\"},\"thumbnailUrl\":\"https:\/\/oppens.ca\/wp-content\/uploads\/2023\/09\/Screenshot-2023-09-20-160032.png\",\"datePublished\":\"2023-10-03T18:05:13+00:00\",\"dateModified\":\"2025-04-02T16:32:44+00:00\",\"breadcrumb\":{\"@id\":\"https:\/\/oppens.ca\/fr\/produit\/thigh-society-short-coton-anti-frottement-7po\/#breadcrumb\"},\"inLanguage\":\"fr-FR\",\"potentialAction\":[{\"@type\":\"ReadAction\",\"target\":[\"https:\/\/oppens.ca\/fr\/produit\/thigh-society-short-coton-anti-frottement-7po\/\"]}]},{\"@type\":\"ImageObject\",\"inLanguage\":\"fr-FR\",\"@id\":\"https:\/\/oppens.ca\/fr\/produit\/thigh-society-short-coton-anti-frottement-7po\/#primaryimage\",\"url\":\"https:\/\/oppens.ca\/wp-content\/uploads\/2023\/09\/Screenshot-2023-09-20-160032.png\",\"contentUrl\":\"https:\/\/oppens.ca\/wp-content\/uploads\/2023\/09\/Screenshot-2023-09-20-160032.png\",\"width\":555,\"height\":694},{\"@type\":\"BreadcrumbList\",\"@id\":\"https:\/\/oppens.ca\/fr\/produit\/thigh-society-short-coton-anti-frottement-7po\/#breadcrumb\",\"itemListElement\":[{\"@type\":\"ListItem\",\"position\":1,\"name\":\"Home\",\"item\":\"https:\/\/oppens.ca\/fr\/\"},{\"@type\":\"ListItem\",\"position\":2,\"name\":\"Magasinez\",\"item\":\"https:\/\/oppens.ca\/fr\/magasinez\/\"},{\"@type\":\"ListItem\",\"position\":3,\"name\":\"THIGH SOCIETY &#8211; Short Coton Anti-Frottement 7 pouces\"}]},{\"@type\":\"WebSite\",\"@id\":\"https:\/\/oppens.ca\/#website\",\"url\":\"https:\/\/oppens.ca\/\",\"name\":\"Oppen&#039;s\",\"description\":\"Celebrating women\u2019s evolving lifestyle for over 25 years\",\"publisher\":{\"@id\":\"https:\/\/oppens.ca\/#organization\"},\"potentialAction\":[{\"@type\":\"SearchAction\",\"target\":{\"@type\":\"EntryPoint\",\"urlTemplate\":\"https:\/\/oppens.ca\/?s={search_term_string}\"},\"query-input\":{\"@type\":\"PropertyValueSpecification\",\"valueRequired\":true,\"valueName\":\"search_term_string\"}}],\"inLanguage\":\"fr-FR\"},{\"@type\":\"Organization\",\"@id\":\"https:\/\/oppens.ca\/#organization\",\"name\":\"Oppens\",\"url\":\"https:\/\/oppens.ca\/\",\"logo\":{\"@type\":\"ImageObject\",\"inLanguage\":\"fr-FR\",\"@id\":\"https:\/\/oppens.ca\/#\/schema\/logo\/image\/\",\"url\":\"https:\/\/oppens.ca\/wp-content\/uploads\/2019\/10\/oppens.png\",\"contentUrl\":\"https:\/\/oppens.ca\/wp-content\/uploads\/2019\/10\/oppens.png\",\"width\":553,\"height\":246,\"caption\":\"Oppens\"},\"image\":{\"@id\":\"https:\/\/oppens.ca\/#\/schema\/logo\/image\/\"},\"sameAs\":[\"https:\/\/www.facebook.com\/boutiqueoppens\/\",\"https:\/\/x.com\/oppensmontreal\",\"https:\/\/www.instagram.com\/oppens_boutique\/\"]}]}<\/script>\n<!-- \/ Yoast SEO plugin. -->","yoast_head_json":{"title":"THIGH SOCIETY - Short Coton Anti-Frottement 7 pouces - Oppen&#039;s","robots":{"index":"index","follow":"follow","max-snippet":"max-snippet:-1","max-image-preview":"max-image-preview:large","max-video-preview":"max-video-preview:-1"},"canonical":"https:\/\/oppens.ca\/fr\/produit\/thigh-society-short-coton-anti-frottement-7po\/","og_locale":"fr_FR","og_type":"article","og_title":"THIGH SOCIETY - Short Coton Anti-Frottement 7 pouces - Oppen&#039;s","og_description":"Ce short est fait de coton Pima et de modal de haute qualit\u00e9. Ces dessous ultra doux et anti-frottement vont devenir votre v\u00eatement de d\u00e9tente pr\u00e9f\u00e9r\u00e9. Fabriqu\u00e9 \u00e0 partir de tissu antibact\u00e9rien qui d\u00e9truit les odeurs. 35% coton Pima , 34% modal, 23% nylon, 8% \u00e9lastane Laver en machine \u00e0 l&#8217;eau froide, s\u00e9cher \u00e0 basse &hellip; Continue reading&lt;span class=&quot;screen-reader-text&quot;&gt; &quot;THIGH SOCIETY &#8211; Short Coton Anti-Frottement 7 pouces&quot;&lt;\/span&gt;","og_url":"https:\/\/oppens.ca\/fr\/produit\/thigh-society-short-coton-anti-frottement-7po\/","og_site_name":"Oppen&#039;s","article_publisher":"https:\/\/www.facebook.com\/boutiqueoppens\/","article_modified_time":"2025-04-02T16:32:44+00:00","og_image":[{"width":750,"height":1000,"url":"https:\/\/oppens.ca\/wp-content\/uploads\/2020\/04\/symp5.jpg","type":"image\/jpeg"}],"twitter_card":"summary_large_image","twitter_site":"@oppensmontreal","twitter_misc":{"Dur\u00e9e de lecture estim\u00e9e":"1 minute"},"schema":{"@context":"https:\/\/schema.org","@graph":[{"@type":"WebPage","@id":"https:\/\/oppens.ca\/fr\/produit\/thigh-society-short-coton-anti-frottement-7po\/","url":"https:\/\/oppens.ca\/fr\/produit\/thigh-society-short-coton-anti-frottement-7po\/","name":"THIGH SOCIETY - Short Coton Anti-Frottement 7 pouces - Oppen&#039;s","isPartOf":{"@id":"https:\/\/oppens.ca\/#website"},"primaryImageOfPage":{"@id":"https:\/\/oppens.ca\/fr\/produit\/thigh-society-short-coton-anti-frottement-7po\/#primaryimage"},"image":{"@id":"https:\/\/oppens.ca\/fr\/produit\/thigh-society-short-coton-anti-frottement-7po\/#primaryimage"},"thumbnailUrl":"https:\/\/oppens.ca\/wp-content\/uploads\/2023\/09\/Screenshot-2023-09-20-160032.png","datePublished":"2023-10-03T18:05:13+00:00","dateModified":"2025-04-02T16:32:44+00:00","breadcrumb":{"@id":"https:\/\/oppens.ca\/fr\/produit\/thigh-society-short-coton-anti-frottement-7po\/#breadcrumb"},"inLanguage":"fr-FR","potentialAction":[{"@type":"ReadAction","target":["https:\/\/oppens.ca\/fr\/produit\/thigh-society-short-coton-anti-frottement-7po\/"]}]},{"@type":"ImageObject","inLanguage":"fr-FR","@id":"https:\/\/oppens.ca\/fr\/produit\/thigh-society-short-coton-anti-frottement-7po\/#primaryimage","url":"https:\/\/oppens.ca\/wp-content\/uploads\/2023\/09\/Screenshot-2023-09-20-160032.png","contentUrl":"https:\/\/oppens.ca\/wp-content\/uploads\/2023\/09\/Screenshot-2023-09-20-160032.png","width":555,"height":694},{"@type":"BreadcrumbList","@id":"https:\/\/oppens.ca\/fr\/produit\/thigh-society-short-coton-anti-frottement-7po\/#breadcrumb","itemListElement":[{"@type":"ListItem","position":1,"name":"Home","item":"https:\/\/oppens.ca\/fr\/"},{"@type":"ListItem","position":2,"name":"Magasinez","item":"https:\/\/oppens.ca\/fr\/magasinez\/"},{"@type":"ListItem","position":3,"name":"THIGH SOCIETY &#8211; Short Coton Anti-Frottement 7 pouces"}]},{"@type":"WebSite","@id":"https:\/\/oppens.ca\/#website","url":"https:\/\/oppens.ca\/","name":"Oppen&#039;s","description":"Celebrating women\u2019s evolving lifestyle for over 25 years","publisher":{"@id":"https:\/\/oppens.ca\/#organization"},"potentialAction":[{"@type":"SearchAction","target":{"@type":"EntryPoint","urlTemplate":"https:\/\/oppens.ca\/?s={search_term_string}"},"query-input":{"@type":"PropertyValueSpecification","valueRequired":true,"valueName":"search_term_string"}}],"inLanguage":"fr-FR"},{"@type":"Organization","@id":"https:\/\/oppens.ca\/#organization","name":"Oppens","url":"https:\/\/oppens.ca\/","logo":{"@type":"ImageObject","inLanguage":"fr-FR","@id":"https:\/\/oppens.ca\/#\/schema\/logo\/image\/","url":"https:\/\/oppens.ca\/wp-content\/uploads\/2019\/10\/oppens.png","contentUrl":"https:\/\/oppens.ca\/wp-content\/uploads\/2019\/10\/oppens.png","width":553,"height":246,"caption":"Oppens"},"image":{"@id":"https:\/\/oppens.ca\/#\/schema\/logo\/image\/"},"sameAs":["https:\/\/www.facebook.com\/boutiqueoppens\/","https:\/\/x.com\/oppensmontreal","https:\/\/www.instagram.com\/oppens_boutique\/"]}]}},"_links":{"self":[{"href":"https:\/\/oppens.ca\/fr\/wp-json\/wp\/v2\/product\/58342","targetHints":{"allow":["GET"]}}],"collection":[{"href":"https:\/\/oppens.ca\/fr\/wp-json\/wp\/v2\/product"}],"about":[{"href":"https:\/\/oppens.ca\/fr\/wp-json\/wp\/v2\/types\/product"}],"wp:featuredmedia":[{"embeddable":true,"href":"https:\/\/oppens.ca\/fr\/wp-json\/wp\/v2\/media\/57601"}],"wp:attachment":[{"href":"https:\/\/oppens.ca\/fr\/wp-json\/wp\/v2\/media?parent=58342"}],"wp:term":[{"taxonomy":"product_brand","embeddable":true,"href":"https:\/\/oppens.ca\/fr\/wp-json\/wp\/v2\/product_brand?post=58342"},{"taxonomy":"product_cat","embeddable":true,"href":"https:\/\/oppens.ca\/fr\/wp-json\/wp\/v2\/product_cat?post=58342"},{"taxonomy":"product_tag","embeddable":true,"href":"https:\/\/oppens.ca\/fr\/wp-json\/wp\/v2\/product_tag?post=58342"}],"curies":[{"name":"wp","href":"https:\/\/api.w.org\/{rel}","templated":true}]}}