                                                             

{"id":54766,"date":"2023-06-29T14:50:58","date_gmt":"2023-06-29T14:50:59","guid":{"rendered":"https:\/\/oppens.ca\/?post_type=product&#038;p=54766"},"modified":"2023-10-13T15:17:34","modified_gmt":"2023-10-13T15:17:34","slug":"joseph-ribkoff-robe-sans-manche-imprime-fleuri-201359","status":"publish","type":"product","link":"https:\/\/oppens.ca\/fr\/produit\/joseph-ribkoff-robe-sans-manche-imprime-fleuri-201359\/","title":{"rendered":"JOSEPH RIBKOFF &#8211; Robe sans manche imprim\u00e9 fleuri (201359)"},"content":{"rendered":"<p>Combo 1 : 100% polyester<\/p>\n<p>Combo 2 : 96% polyester, 4% Spandex<\/p>\n<p>Doubl\u00e9e.<\/p>\n<p>Laver \u00e0 l&#8217;eau froide \u00e0 la main. Suspendre pour s\u00e9cher.<\/p>\n<p>Fait au Canada<\/p>\n<p><img loading=\"lazy\" decoding=\"async\" class=\"alignnone wp-image-49097 size-large\" src=\"https:\/\/oppens.ca\/wp-content\/uploads\/2022\/11\/Hauts-1024x448.png\" alt=\"\" width=\"1024\" height=\"448\" srcset=\"https:\/\/oppens.ca\/wp-content\/uploads\/2022\/11\/Hauts-1024x448.png 1024w, https:\/\/oppens.ca\/wp-content\/uploads\/2022\/11\/Hauts-300x131.png 300w, https:\/\/oppens.ca\/wp-content\/uploads\/2022\/11\/Hauts-768x336.png 768w, https:\/\/oppens.ca\/wp-content\/uploads\/2022\/11\/Hauts-600x263.png 600w, https:\/\/oppens.ca\/wp-content\/uploads\/2022\/11\/Hauts.png 1320w\" sizes=\"auto, (max-width: 1024px) 100vw, 1024px\" \/><\/p>\n","protected":false},"excerpt":{"rendered":"<p>Combo 1 : 100% polyester Combo 2 : 96% polyester, 4% Spandex Doubl\u00e9e. Laver \u00e0 l&#8217;eau froide \u00e0 la main. Suspendre pour s\u00e9cher. Fait au Canada<\/p>\n","protected":false},"featured_media":54772,"template":"","meta":[],"product_brand":[],"product_cat":[575,376,356,305,170,166],"product_tag":[600,280,531],"class_list":{"0":"post-54766","1":"product","2":"type-product","3":"status-publish","4":"has-post-thumbnail","6":"product_cat-99-et-moins","7":"product_cat-joseph-ribkoff-fr","8":"product_cat-magasiner-par-collection","9":"product_cat-robes-fr","10":"product_cat-robes","11":"product_cat-sale-fr","12":"product_tag-dress-fr","13":"product_tag-joseph-ribkoff-fr","14":"product_tag-promo","16":"first","17":"instock","18":"sale","19":"taxable","20":"shipping-taxable","21":"purchasable","22":"product-type-variable"},"supplier_id":null,"supplier_sku":"","barcode":null,"atum_controlled":true,"out_stock_date":null,"out_stock_threshold":null,"inheritable":true,"inbound_stock":null,"stock_on_hold":0,"sold_today":0,"sales_last_days":0,"reserved_stock":null,"customer_returns":null,"warehouse_damage":null,"lost_in_post":null,"other_logs":null,"out_stock_days":0,"lost_sales":0,"has_location":false,"update_date":"2026-05-04T00:32:12","atum_locations":[],"atum_stock_status":"instock","restock_status":false,"low_stock_amount":"","sales_update_date":"2026-05-04T00:32:12","calc_backorders":null,"yoast_head":"<!-- This site is optimized with the Yoast SEO plugin v27.0 - https:\/\/yoast.com\/product\/yoast-seo-wordpress\/ -->\n<title>JOSEPH RIBKOFF - Robe sans manche imprim\u00e9 fleuri (201359) - Oppen&#039;s<\/title>\n<meta name=\"robots\" content=\"index, follow, max-snippet:-1, max-image-preview:large, max-video-preview:-1\" \/>\n<link rel=\"canonical\" href=\"https:\/\/oppens.ca\/fr\/produit\/joseph-ribkoff-robe-sans-manche-imprime-fleuri-201359\/\" \/>\n<meta property=\"og:locale\" content=\"fr_FR\" \/>\n<meta property=\"og:type\" content=\"article\" \/>\n<meta property=\"og:title\" content=\"JOSEPH RIBKOFF - Robe sans manche imprim\u00e9 fleuri (201359) - Oppen&#039;s\" \/>\n<meta property=\"og:description\" content=\"Combo 1 : 100% polyester Combo 2 : 96% polyester, 4% Spandex Doubl\u00e9e. Laver \u00e0 l&#8217;eau froide \u00e0 la main. Suspendre pour s\u00e9cher. Fait au Canada\" \/>\n<meta property=\"og:url\" content=\"https:\/\/oppens.ca\/fr\/produit\/joseph-ribkoff-robe-sans-manche-imprime-fleuri-201359\/\" \/>\n<meta property=\"og:site_name\" content=\"Oppen&#039;s\" \/>\n<meta property=\"article:publisher\" content=\"https:\/\/www.facebook.com\/boutiqueoppens\/\" \/>\n<meta property=\"article:modified_time\" content=\"2023-10-13T15:17:34+00:00\" \/>\n<meta property=\"og:image\" content=\"https:\/\/oppens.ca\/wp-content\/uploads\/2023\/06\/ei_1688049679135-removebg-preview.png\" \/>\n\t<meta property=\"og:image:width\" content=\"482\" \/>\n\t<meta property=\"og:image:height\" content=\"517\" \/>\n\t<meta property=\"og:image:type\" content=\"image\/png\" \/>\n<meta name=\"twitter:card\" content=\"summary_large_image\" \/>\n<meta name=\"twitter:site\" content=\"@oppensmontreal\" \/>\n<meta name=\"twitter:label1\" content=\"Dur\u00e9e de lecture estim\u00e9e\" \/>\n\t<meta name=\"twitter:data1\" content=\"1 minute\" \/>\n<script type=\"application\/ld+json\" class=\"yoast-schema-graph\">{\"@context\":\"https:\/\/schema.org\",\"@graph\":[{\"@type\":\"WebPage\",\"@id\":\"https:\/\/oppens.ca\/fr\/produit\/joseph-ribkoff-robe-sans-manche-imprime-fleuri-201359\/\",\"url\":\"https:\/\/oppens.ca\/fr\/produit\/joseph-ribkoff-robe-sans-manche-imprime-fleuri-201359\/\",\"name\":\"JOSEPH RIBKOFF - Robe sans manche imprim\u00e9 fleuri (201359) - Oppen&#039;s\",\"isPartOf\":{\"@id\":\"https:\/\/oppens.ca\/#website\"},\"primaryImageOfPage\":{\"@id\":\"https:\/\/oppens.ca\/fr\/produit\/joseph-ribkoff-robe-sans-manche-imprime-fleuri-201359\/#primaryimage\"},\"image\":{\"@id\":\"https:\/\/oppens.ca\/fr\/produit\/joseph-ribkoff-robe-sans-manche-imprime-fleuri-201359\/#primaryimage\"},\"thumbnailUrl\":\"https:\/\/oppens.ca\/wp-content\/uploads\/2023\/06\/ei_1688049679135-removebg-preview.png\",\"datePublished\":\"2023-06-29T14:50:59+00:00\",\"dateModified\":\"2023-10-13T15:17:34+00:00\",\"breadcrumb\":{\"@id\":\"https:\/\/oppens.ca\/fr\/produit\/joseph-ribkoff-robe-sans-manche-imprime-fleuri-201359\/#breadcrumb\"},\"inLanguage\":\"fr-FR\",\"potentialAction\":[{\"@type\":\"ReadAction\",\"target\":[\"https:\/\/oppens.ca\/fr\/produit\/joseph-ribkoff-robe-sans-manche-imprime-fleuri-201359\/\"]}]},{\"@type\":\"ImageObject\",\"inLanguage\":\"fr-FR\",\"@id\":\"https:\/\/oppens.ca\/fr\/produit\/joseph-ribkoff-robe-sans-manche-imprime-fleuri-201359\/#primaryimage\",\"url\":\"https:\/\/oppens.ca\/wp-content\/uploads\/2023\/06\/ei_1688049679135-removebg-preview.png\",\"contentUrl\":\"https:\/\/oppens.ca\/wp-content\/uploads\/2023\/06\/ei_1688049679135-removebg-preview.png\",\"width\":482,\"height\":517},{\"@type\":\"BreadcrumbList\",\"@id\":\"https:\/\/oppens.ca\/fr\/produit\/joseph-ribkoff-robe-sans-manche-imprime-fleuri-201359\/#breadcrumb\",\"itemListElement\":[{\"@type\":\"ListItem\",\"position\":1,\"name\":\"Home\",\"item\":\"https:\/\/oppens.ca\/fr\/\"},{\"@type\":\"ListItem\",\"position\":2,\"name\":\"Magasinez\",\"item\":\"https:\/\/oppens.ca\/fr\/magasinez\/\"},{\"@type\":\"ListItem\",\"position\":3,\"name\":\"JOSEPH RIBKOFF &#8211; Robe sans manche imprim\u00e9 fleuri (201359)\"}]},{\"@type\":\"WebSite\",\"@id\":\"https:\/\/oppens.ca\/#website\",\"url\":\"https:\/\/oppens.ca\/\",\"name\":\"Oppen&#039;s\",\"description\":\"Celebrating women\u2019s evolving lifestyle for over 25 years\",\"publisher\":{\"@id\":\"https:\/\/oppens.ca\/#organization\"},\"potentialAction\":[{\"@type\":\"SearchAction\",\"target\":{\"@type\":\"EntryPoint\",\"urlTemplate\":\"https:\/\/oppens.ca\/?s={search_term_string}\"},\"query-input\":{\"@type\":\"PropertyValueSpecification\",\"valueRequired\":true,\"valueName\":\"search_term_string\"}}],\"inLanguage\":\"fr-FR\"},{\"@type\":\"Organization\",\"@id\":\"https:\/\/oppens.ca\/#organization\",\"name\":\"Oppens\",\"url\":\"https:\/\/oppens.ca\/\",\"logo\":{\"@type\":\"ImageObject\",\"inLanguage\":\"fr-FR\",\"@id\":\"https:\/\/oppens.ca\/#\/schema\/logo\/image\/\",\"url\":\"https:\/\/oppens.ca\/wp-content\/uploads\/2019\/10\/oppens.png\",\"contentUrl\":\"https:\/\/oppens.ca\/wp-content\/uploads\/2019\/10\/oppens.png\",\"width\":553,\"height\":246,\"caption\":\"Oppens\"},\"image\":{\"@id\":\"https:\/\/oppens.ca\/#\/schema\/logo\/image\/\"},\"sameAs\":[\"https:\/\/www.facebook.com\/boutiqueoppens\/\",\"https:\/\/x.com\/oppensmontreal\",\"https:\/\/www.instagram.com\/oppens_boutique\/\"]}]}<\/script>\n<!-- \/ Yoast SEO plugin. -->","yoast_head_json":{"title":"JOSEPH RIBKOFF - Robe sans manche imprim\u00e9 fleuri (201359) - Oppen&#039;s","robots":{"index":"index","follow":"follow","max-snippet":"max-snippet:-1","max-image-preview":"max-image-preview:large","max-video-preview":"max-video-preview:-1"},"canonical":"https:\/\/oppens.ca\/fr\/produit\/joseph-ribkoff-robe-sans-manche-imprime-fleuri-201359\/","og_locale":"fr_FR","og_type":"article","og_title":"JOSEPH RIBKOFF - Robe sans manche imprim\u00e9 fleuri (201359) - Oppen&#039;s","og_description":"Combo 1 : 100% polyester Combo 2 : 96% polyester, 4% Spandex Doubl\u00e9e. Laver \u00e0 l&#8217;eau froide \u00e0 la main. Suspendre pour s\u00e9cher. Fait au Canada","og_url":"https:\/\/oppens.ca\/fr\/produit\/joseph-ribkoff-robe-sans-manche-imprime-fleuri-201359\/","og_site_name":"Oppen&#039;s","article_publisher":"https:\/\/www.facebook.com\/boutiqueoppens\/","article_modified_time":"2023-10-13T15:17:34+00:00","og_image":[{"width":482,"height":517,"url":"https:\/\/oppens.ca\/wp-content\/uploads\/2023\/06\/ei_1688049679135-removebg-preview.png","type":"image\/png"}],"twitter_card":"summary_large_image","twitter_site":"@oppensmontreal","twitter_misc":{"Dur\u00e9e de lecture estim\u00e9e":"1 minute"},"schema":{"@context":"https:\/\/schema.org","@graph":[{"@type":"WebPage","@id":"https:\/\/oppens.ca\/fr\/produit\/joseph-ribkoff-robe-sans-manche-imprime-fleuri-201359\/","url":"https:\/\/oppens.ca\/fr\/produit\/joseph-ribkoff-robe-sans-manche-imprime-fleuri-201359\/","name":"JOSEPH RIBKOFF - Robe sans manche imprim\u00e9 fleuri (201359) - Oppen&#039;s","isPartOf":{"@id":"https:\/\/oppens.ca\/#website"},"primaryImageOfPage":{"@id":"https:\/\/oppens.ca\/fr\/produit\/joseph-ribkoff-robe-sans-manche-imprime-fleuri-201359\/#primaryimage"},"image":{"@id":"https:\/\/oppens.ca\/fr\/produit\/joseph-ribkoff-robe-sans-manche-imprime-fleuri-201359\/#primaryimage"},"thumbnailUrl":"https:\/\/oppens.ca\/wp-content\/uploads\/2023\/06\/ei_1688049679135-removebg-preview.png","datePublished":"2023-06-29T14:50:59+00:00","dateModified":"2023-10-13T15:17:34+00:00","breadcrumb":{"@id":"https:\/\/oppens.ca\/fr\/produit\/joseph-ribkoff-robe-sans-manche-imprime-fleuri-201359\/#breadcrumb"},"inLanguage":"fr-FR","potentialAction":[{"@type":"ReadAction","target":["https:\/\/oppens.ca\/fr\/produit\/joseph-ribkoff-robe-sans-manche-imprime-fleuri-201359\/"]}]},{"@type":"ImageObject","inLanguage":"fr-FR","@id":"https:\/\/oppens.ca\/fr\/produit\/joseph-ribkoff-robe-sans-manche-imprime-fleuri-201359\/#primaryimage","url":"https:\/\/oppens.ca\/wp-content\/uploads\/2023\/06\/ei_1688049679135-removebg-preview.png","contentUrl":"https:\/\/oppens.ca\/wp-content\/uploads\/2023\/06\/ei_1688049679135-removebg-preview.png","width":482,"height":517},{"@type":"BreadcrumbList","@id":"https:\/\/oppens.ca\/fr\/produit\/joseph-ribkoff-robe-sans-manche-imprime-fleuri-201359\/#breadcrumb","itemListElement":[{"@type":"ListItem","position":1,"name":"Home","item":"https:\/\/oppens.ca\/fr\/"},{"@type":"ListItem","position":2,"name":"Magasinez","item":"https:\/\/oppens.ca\/fr\/magasinez\/"},{"@type":"ListItem","position":3,"name":"JOSEPH RIBKOFF &#8211; Robe sans manche imprim\u00e9 fleuri (201359)"}]},{"@type":"WebSite","@id":"https:\/\/oppens.ca\/#website","url":"https:\/\/oppens.ca\/","name":"Oppen&#039;s","description":"Celebrating women\u2019s evolving lifestyle for over 25 years","publisher":{"@id":"https:\/\/oppens.ca\/#organization"},"potentialAction":[{"@type":"SearchAction","target":{"@type":"EntryPoint","urlTemplate":"https:\/\/oppens.ca\/?s={search_term_string}"},"query-input":{"@type":"PropertyValueSpecification","valueRequired":true,"valueName":"search_term_string"}}],"inLanguage":"fr-FR"},{"@type":"Organization","@id":"https:\/\/oppens.ca\/#organization","name":"Oppens","url":"https:\/\/oppens.ca\/","logo":{"@type":"ImageObject","inLanguage":"fr-FR","@id":"https:\/\/oppens.ca\/#\/schema\/logo\/image\/","url":"https:\/\/oppens.ca\/wp-content\/uploads\/2019\/10\/oppens.png","contentUrl":"https:\/\/oppens.ca\/wp-content\/uploads\/2019\/10\/oppens.png","width":553,"height":246,"caption":"Oppens"},"image":{"@id":"https:\/\/oppens.ca\/#\/schema\/logo\/image\/"},"sameAs":["https:\/\/www.facebook.com\/boutiqueoppens\/","https:\/\/x.com\/oppensmontreal","https:\/\/www.instagram.com\/oppens_boutique\/"]}]}},"_links":{"self":[{"href":"https:\/\/oppens.ca\/fr\/wp-json\/wp\/v2\/product\/54766","targetHints":{"allow":["GET"]}}],"collection":[{"href":"https:\/\/oppens.ca\/fr\/wp-json\/wp\/v2\/product"}],"about":[{"href":"https:\/\/oppens.ca\/fr\/wp-json\/wp\/v2\/types\/product"}],"wp:featuredmedia":[{"embeddable":true,"href":"https:\/\/oppens.ca\/fr\/wp-json\/wp\/v2\/media\/54772"}],"wp:attachment":[{"href":"https:\/\/oppens.ca\/fr\/wp-json\/wp\/v2\/media?parent=54766"}],"wp:term":[{"taxonomy":"product_brand","embeddable":true,"href":"https:\/\/oppens.ca\/fr\/wp-json\/wp\/v2\/product_brand?post=54766"},{"taxonomy":"product_cat","embeddable":true,"href":"https:\/\/oppens.ca\/fr\/wp-json\/wp\/v2\/product_cat?post=54766"},{"taxonomy":"product_tag","embeddable":true,"href":"https:\/\/oppens.ca\/fr\/wp-json\/wp\/v2\/product_tag?post=54766"}],"curies":[{"name":"wp","href":"https:\/\/api.w.org\/{rel}","templated":true}]}}