                                                             

{"id":45353,"date":"2022-05-25T21:42:21","date_gmt":"2022-05-25T21:42:22","guid":{"rendered":"https:\/\/oppens.ca\/?post_type=product&#038;p=45353"},"modified":"2025-06-19T19:33:23","modified_gmt":"2025-06-19T19:33:23","slug":"foxcroft-blouse-cecilia","status":"publish","type":"product","link":"https:\/\/oppens.ca\/fr\/produit\/foxcroft-blouse-cecilia\/","title":{"rendered":"FOXCROFT &#8211; Blouse Cecilia"},"content":{"rendered":"<p>65% Coton, 30% Polyester, 5% Spandex<\/p>\n<p>Laver \u00e0 la machine \u00e0 l&#8217;eau froide avec des couleurs similaires. Ne pas javeliser. S\u00e9cher par culbutage \u00e0 basse temp\u00e9rature. Retirer rapidement de la s\u00e9cheuse et suspendre. Repassage chaud si n\u00e9cessaire.<\/p>\n<p>Notre mannequin mesure 5&#8217;9&#8243; et porte une taille 16.<\/p>\n<p>Fait en Tha\u00cflande.<\/p>\n<p>Nos mesures sont en pouces<\/p>\n<p><img loading=\"lazy\" decoding=\"async\" class=\"alignnone wp-image-36665 size-full\" src=\"https:\/\/oppens.ca\/wp-content\/uploads\/2021\/09\/plus-2.jpg\" alt=\"\" width=\"704\" height=\"904\" srcset=\"https:\/\/oppens.ca\/wp-content\/uploads\/2021\/09\/plus-2.jpg 704w, https:\/\/oppens.ca\/wp-content\/uploads\/2021\/09\/plus-2-234x300.jpg 234w, https:\/\/oppens.ca\/wp-content\/uploads\/2021\/09\/plus-2-600x770.jpg 600w\" sizes=\"auto, (max-width: 704px) 100vw, 704px\" \/><\/p>\n<p>&nbsp;<\/p>\n<p>&nbsp;<\/p>\n<p>&nbsp;<\/p>\n","protected":false},"excerpt":{"rendered":"<p>65% Coton, 30% Polyester, 5% Spandex Laver \u00e0 la machine \u00e0 l&#8217;eau froide avec des couleurs similaires. Ne pas javeliser. S\u00e9cher par culbutage \u00e0 basse temp\u00e9rature. Retirer rapidement de la s\u00e9cheuse et suspendre. Repassage chaud si n\u00e9cessaire. Notre mannequin mesure 5&#8217;9&#8243; et porte une taille 16. Fait en Tha\u00cflande. Nos mesures sont en pouces &nbsp; &hellip; <\/p>\n<p class=\"link-more\"><a href=\"https:\/\/oppens.ca\/fr\/produit\/foxcroft-blouse-cecilia\/\" class=\"more-link\">Continue reading&lt;span class=&quot;screen-reader-text&quot;&gt; &quot;FOXCROFT &#8211; Blouse Cecilia&quot;&lt;\/span&gt;<\/a><\/p>\n","protected":false},"featured_media":45359,"template":"","meta":[],"product_brand":[],"product_cat":[238,400,130,356],"product_tag":[420,508,627],"class_list":{"0":"post-45353","1":"product","2":"type-product","3":"status-publish","4":"has-post-thumbnail","6":"product_cat-blouses","7":"product_cat-foxcroft-fr","8":"product_cat-hauts-cover-ups","9":"product_cat-magasiner-par-collection","10":"product_tag-foxcroft-fr","11":"product_tag-haut","12":"product_tag-shirt-fr","13":"product_shipping_class-expedition-standard","15":"first","16":"instock","17":"taxable","18":"shipping-taxable","19":"purchasable","20":"product-type-variable","21":"has-default-attributes"},"supplier_id":null,"supplier_sku":"","barcode":null,"atum_controlled":true,"out_stock_date":null,"out_stock_threshold":null,"inheritable":true,"inbound_stock":0,"stock_on_hold":0,"sold_today":0,"sales_last_days":0,"reserved_stock":0,"customer_returns":0,"warehouse_damage":0,"lost_in_post":0,"other_logs":0,"out_stock_days":0,"lost_sales":0,"has_location":false,"update_date":"2026-05-05T00:32:39","atum_locations":[],"atum_stock_status":"instock","restock_status":false,"low_stock_amount":"","sales_update_date":"2026-05-05T00:32:39","calc_backorders":null,"yoast_head":"<!-- This site is optimized with the Yoast SEO plugin v27.0 - https:\/\/yoast.com\/product\/yoast-seo-wordpress\/ -->\n<title>FOXCROFT - Blouse Cecilia - Oppen&#039;s<\/title>\n<meta name=\"robots\" content=\"index, follow, max-snippet:-1, max-image-preview:large, max-video-preview:-1\" \/>\n<link rel=\"canonical\" href=\"https:\/\/oppens.ca\/fr\/produit\/foxcroft-blouse-cecilia\/\" \/>\n<meta property=\"og:locale\" content=\"fr_FR\" \/>\n<meta property=\"og:type\" content=\"article\" \/>\n<meta property=\"og:title\" content=\"FOXCROFT - Blouse Cecilia - Oppen&#039;s\" \/>\n<meta property=\"og:description\" content=\"65% Coton, 30% Polyester, 5% Spandex Laver \u00e0 la machine \u00e0 l&#8217;eau froide avec des couleurs similaires. Ne pas javeliser. S\u00e9cher par culbutage \u00e0 basse temp\u00e9rature. Retirer rapidement de la s\u00e9cheuse et suspendre. Repassage chaud si n\u00e9cessaire. Notre mannequin mesure 5&#8217;9&#8243; et porte une taille 16. Fait en Tha\u00cflande. Nos mesures sont en pouces &nbsp; &hellip; Continue reading&lt;span class=&quot;screen-reader-text&quot;&gt; &quot;FOXCROFT &#8211; Blouse Cecilia&quot;&lt;\/span&gt;\" \/>\n<meta property=\"og:url\" content=\"https:\/\/oppens.ca\/fr\/produit\/foxcroft-blouse-cecilia\/\" \/>\n<meta property=\"og:site_name\" content=\"Oppen&#039;s\" \/>\n<meta property=\"article:publisher\" content=\"https:\/\/www.facebook.com\/boutiqueoppens\/\" \/>\n<meta property=\"article:modified_time\" content=\"2025-06-19T19:33:23+00:00\" \/>\n<meta property=\"og:image\" content=\"https:\/\/oppens.ca\/wp-content\/uploads\/2022\/05\/187_220504_kf-scaled.jpg\" \/>\n\t<meta property=\"og:image:width\" content=\"1700\" \/>\n\t<meta property=\"og:image:height\" content=\"2560\" \/>\n\t<meta property=\"og:image:type\" content=\"image\/jpeg\" \/>\n<meta name=\"twitter:card\" content=\"summary_large_image\" \/>\n<meta name=\"twitter:site\" content=\"@oppensmontreal\" \/>\n<script type=\"application\/ld+json\" class=\"yoast-schema-graph\">{\"@context\":\"https:\/\/schema.org\",\"@graph\":[{\"@type\":\"WebPage\",\"@id\":\"https:\/\/oppens.ca\/fr\/produit\/foxcroft-blouse-cecilia\/\",\"url\":\"https:\/\/oppens.ca\/fr\/produit\/foxcroft-blouse-cecilia\/\",\"name\":\"FOXCROFT - Blouse Cecilia - Oppen&#039;s\",\"isPartOf\":{\"@id\":\"https:\/\/oppens.ca\/#website\"},\"primaryImageOfPage\":{\"@id\":\"https:\/\/oppens.ca\/fr\/produit\/foxcroft-blouse-cecilia\/#primaryimage\"},\"image\":{\"@id\":\"https:\/\/oppens.ca\/fr\/produit\/foxcroft-blouse-cecilia\/#primaryimage\"},\"thumbnailUrl\":\"https:\/\/oppens.ca\/wp-content\/uploads\/2022\/05\/187_220504_kf-scaled.jpg\",\"datePublished\":\"2022-05-25T21:42:22+00:00\",\"dateModified\":\"2025-06-19T19:33:23+00:00\",\"breadcrumb\":{\"@id\":\"https:\/\/oppens.ca\/fr\/produit\/foxcroft-blouse-cecilia\/#breadcrumb\"},\"inLanguage\":\"fr-FR\",\"potentialAction\":[{\"@type\":\"ReadAction\",\"target\":[\"https:\/\/oppens.ca\/fr\/produit\/foxcroft-blouse-cecilia\/\"]}]},{\"@type\":\"ImageObject\",\"inLanguage\":\"fr-FR\",\"@id\":\"https:\/\/oppens.ca\/fr\/produit\/foxcroft-blouse-cecilia\/#primaryimage\",\"url\":\"https:\/\/oppens.ca\/wp-content\/uploads\/2022\/05\/187_220504_kf-scaled.jpg\",\"contentUrl\":\"https:\/\/oppens.ca\/wp-content\/uploads\/2022\/05\/187_220504_kf-scaled.jpg\",\"width\":1700,\"height\":2560},{\"@type\":\"BreadcrumbList\",\"@id\":\"https:\/\/oppens.ca\/fr\/produit\/foxcroft-blouse-cecilia\/#breadcrumb\",\"itemListElement\":[{\"@type\":\"ListItem\",\"position\":1,\"name\":\"Home\",\"item\":\"https:\/\/oppens.ca\/fr\/\"},{\"@type\":\"ListItem\",\"position\":2,\"name\":\"Magasinez\",\"item\":\"https:\/\/oppens.ca\/fr\/magasinez\/\"},{\"@type\":\"ListItem\",\"position\":3,\"name\":\"FOXCROFT &#8211; Blouse Cecilia\"}]},{\"@type\":\"WebSite\",\"@id\":\"https:\/\/oppens.ca\/#website\",\"url\":\"https:\/\/oppens.ca\/\",\"name\":\"Oppen&#039;s\",\"description\":\"Celebrating women\u2019s evolving lifestyle for over 25 years\",\"publisher\":{\"@id\":\"https:\/\/oppens.ca\/#organization\"},\"potentialAction\":[{\"@type\":\"SearchAction\",\"target\":{\"@type\":\"EntryPoint\",\"urlTemplate\":\"https:\/\/oppens.ca\/?s={search_term_string}\"},\"query-input\":{\"@type\":\"PropertyValueSpecification\",\"valueRequired\":true,\"valueName\":\"search_term_string\"}}],\"inLanguage\":\"fr-FR\"},{\"@type\":\"Organization\",\"@id\":\"https:\/\/oppens.ca\/#organization\",\"name\":\"Oppens\",\"url\":\"https:\/\/oppens.ca\/\",\"logo\":{\"@type\":\"ImageObject\",\"inLanguage\":\"fr-FR\",\"@id\":\"https:\/\/oppens.ca\/#\/schema\/logo\/image\/\",\"url\":\"https:\/\/oppens.ca\/wp-content\/uploads\/2019\/10\/oppens.png\",\"contentUrl\":\"https:\/\/oppens.ca\/wp-content\/uploads\/2019\/10\/oppens.png\",\"width\":553,\"height\":246,\"caption\":\"Oppens\"},\"image\":{\"@id\":\"https:\/\/oppens.ca\/#\/schema\/logo\/image\/\"},\"sameAs\":[\"https:\/\/www.facebook.com\/boutiqueoppens\/\",\"https:\/\/x.com\/oppensmontreal\",\"https:\/\/www.instagram.com\/oppens_boutique\/\"]}]}<\/script>\n<!-- \/ Yoast SEO plugin. -->","yoast_head_json":{"title":"FOXCROFT - Blouse Cecilia - Oppen&#039;s","robots":{"index":"index","follow":"follow","max-snippet":"max-snippet:-1","max-image-preview":"max-image-preview:large","max-video-preview":"max-video-preview:-1"},"canonical":"https:\/\/oppens.ca\/fr\/produit\/foxcroft-blouse-cecilia\/","og_locale":"fr_FR","og_type":"article","og_title":"FOXCROFT - Blouse Cecilia - Oppen&#039;s","og_description":"65% Coton, 30% Polyester, 5% Spandex Laver \u00e0 la machine \u00e0 l&#8217;eau froide avec des couleurs similaires. Ne pas javeliser. S\u00e9cher par culbutage \u00e0 basse temp\u00e9rature. Retirer rapidement de la s\u00e9cheuse et suspendre. Repassage chaud si n\u00e9cessaire. Notre mannequin mesure 5&#8217;9&#8243; et porte une taille 16. Fait en Tha\u00cflande. Nos mesures sont en pouces &nbsp; &hellip; Continue reading&lt;span class=&quot;screen-reader-text&quot;&gt; &quot;FOXCROFT &#8211; Blouse Cecilia&quot;&lt;\/span&gt;","og_url":"https:\/\/oppens.ca\/fr\/produit\/foxcroft-blouse-cecilia\/","og_site_name":"Oppen&#039;s","article_publisher":"https:\/\/www.facebook.com\/boutiqueoppens\/","article_modified_time":"2025-06-19T19:33:23+00:00","og_image":[{"width":1700,"height":2560,"url":"https:\/\/oppens.ca\/wp-content\/uploads\/2022\/05\/187_220504_kf-scaled.jpg","type":"image\/jpeg"}],"twitter_card":"summary_large_image","twitter_site":"@oppensmontreal","schema":{"@context":"https:\/\/schema.org","@graph":[{"@type":"WebPage","@id":"https:\/\/oppens.ca\/fr\/produit\/foxcroft-blouse-cecilia\/","url":"https:\/\/oppens.ca\/fr\/produit\/foxcroft-blouse-cecilia\/","name":"FOXCROFT - Blouse Cecilia - Oppen&#039;s","isPartOf":{"@id":"https:\/\/oppens.ca\/#website"},"primaryImageOfPage":{"@id":"https:\/\/oppens.ca\/fr\/produit\/foxcroft-blouse-cecilia\/#primaryimage"},"image":{"@id":"https:\/\/oppens.ca\/fr\/produit\/foxcroft-blouse-cecilia\/#primaryimage"},"thumbnailUrl":"https:\/\/oppens.ca\/wp-content\/uploads\/2022\/05\/187_220504_kf-scaled.jpg","datePublished":"2022-05-25T21:42:22+00:00","dateModified":"2025-06-19T19:33:23+00:00","breadcrumb":{"@id":"https:\/\/oppens.ca\/fr\/produit\/foxcroft-blouse-cecilia\/#breadcrumb"},"inLanguage":"fr-FR","potentialAction":[{"@type":"ReadAction","target":["https:\/\/oppens.ca\/fr\/produit\/foxcroft-blouse-cecilia\/"]}]},{"@type":"ImageObject","inLanguage":"fr-FR","@id":"https:\/\/oppens.ca\/fr\/produit\/foxcroft-blouse-cecilia\/#primaryimage","url":"https:\/\/oppens.ca\/wp-content\/uploads\/2022\/05\/187_220504_kf-scaled.jpg","contentUrl":"https:\/\/oppens.ca\/wp-content\/uploads\/2022\/05\/187_220504_kf-scaled.jpg","width":1700,"height":2560},{"@type":"BreadcrumbList","@id":"https:\/\/oppens.ca\/fr\/produit\/foxcroft-blouse-cecilia\/#breadcrumb","itemListElement":[{"@type":"ListItem","position":1,"name":"Home","item":"https:\/\/oppens.ca\/fr\/"},{"@type":"ListItem","position":2,"name":"Magasinez","item":"https:\/\/oppens.ca\/fr\/magasinez\/"},{"@type":"ListItem","position":3,"name":"FOXCROFT &#8211; Blouse Cecilia"}]},{"@type":"WebSite","@id":"https:\/\/oppens.ca\/#website","url":"https:\/\/oppens.ca\/","name":"Oppen&#039;s","description":"Celebrating women\u2019s evolving lifestyle for over 25 years","publisher":{"@id":"https:\/\/oppens.ca\/#organization"},"potentialAction":[{"@type":"SearchAction","target":{"@type":"EntryPoint","urlTemplate":"https:\/\/oppens.ca\/?s={search_term_string}"},"query-input":{"@type":"PropertyValueSpecification","valueRequired":true,"valueName":"search_term_string"}}],"inLanguage":"fr-FR"},{"@type":"Organization","@id":"https:\/\/oppens.ca\/#organization","name":"Oppens","url":"https:\/\/oppens.ca\/","logo":{"@type":"ImageObject","inLanguage":"fr-FR","@id":"https:\/\/oppens.ca\/#\/schema\/logo\/image\/","url":"https:\/\/oppens.ca\/wp-content\/uploads\/2019\/10\/oppens.png","contentUrl":"https:\/\/oppens.ca\/wp-content\/uploads\/2019\/10\/oppens.png","width":553,"height":246,"caption":"Oppens"},"image":{"@id":"https:\/\/oppens.ca\/#\/schema\/logo\/image\/"},"sameAs":["https:\/\/www.facebook.com\/boutiqueoppens\/","https:\/\/x.com\/oppensmontreal","https:\/\/www.instagram.com\/oppens_boutique\/"]}]}},"_links":{"self":[{"href":"https:\/\/oppens.ca\/fr\/wp-json\/wp\/v2\/product\/45353","targetHints":{"allow":["GET"]}}],"collection":[{"href":"https:\/\/oppens.ca\/fr\/wp-json\/wp\/v2\/product"}],"about":[{"href":"https:\/\/oppens.ca\/fr\/wp-json\/wp\/v2\/types\/product"}],"wp:featuredmedia":[{"embeddable":true,"href":"https:\/\/oppens.ca\/fr\/wp-json\/wp\/v2\/media\/45359"}],"wp:attachment":[{"href":"https:\/\/oppens.ca\/fr\/wp-json\/wp\/v2\/media?parent=45353"}],"wp:term":[{"taxonomy":"product_brand","embeddable":true,"href":"https:\/\/oppens.ca\/fr\/wp-json\/wp\/v2\/product_brand?post=45353"},{"taxonomy":"product_cat","embeddable":true,"href":"https:\/\/oppens.ca\/fr\/wp-json\/wp\/v2\/product_cat?post=45353"},{"taxonomy":"product_tag","embeddable":true,"href":"https:\/\/oppens.ca\/fr\/wp-json\/wp\/v2\/product_tag?post=45353"}],"curies":[{"name":"wp","href":"https:\/\/api.w.org\/{rel}","templated":true}]}}