                                                             

{"id":4511,"date":"2019-11-14T16:29:30","date_gmt":"2019-11-14T16:29:30","guid":{"rendered":"https:\/\/oppens.ca\/?page_id=4511"},"modified":"2020-11-22T16:33:03","modified_gmt":"2020-11-22T16:33:03","slug":"conditions-dutilisation","status":"publish","type":"page","link":"https:\/\/oppens.ca\/fr\/conditions-dutilisation\/","title":{"rendered":"Conditions d&#8217;utilisation"},"content":{"rendered":"<p>[vc_row css=&#8221;.vc_custom_1500888828550{margin-top: 15px !important;margin-bottom: 30px !important;}&#8221; el_class=&#8221;out_story&#8221;][vc_column][vc_empty_space]<div class=\"ftc-heading heading-1 style-1\"><h1>Conditions d'utilisation<\/h1><\/div>[vc_column_text]<!--\n\n\n<p style=\"text-align: center;\">Ventes finales en raison de la Covid-19<\/p>\n\n\n-->[\/vc_column_text][vc_empty_space][\/vc_column][\/vc_row][vc_row][vc_column width=&#8221;1\/6&#8243;][\/vc_column][vc_column width=&#8221;2\/3&#8243;][vc_column_text css=&#8221;.vc_custom_1574092810630{margin-bottom: 0px !important;}&#8221; el_class=&#8221;font16&#8243;]Le site Web appartient et est exploit\u00e9 par Boutique Oppen&#8217;s.<\/p>\n<h3>Utilisation du site Web<\/h3>\n<p>En acc\u00e9dant au site Web, vous garantissez et d\u00e9clarez au propri\u00e9taire du site Web que vous \u00eates l\u00e9galement autoris\u00e9 \u00e0 le faire et \u00e0 utiliser les informations mises \u00e0 disposition via le site Web.<\/p>\n<p>&nbsp;<\/p>\n<h3>Marques de commerce<\/h3>\n<p>Les marques de commerce, noms, logos, images et marques de service (collectivement, les \u00abmarques de commerce\u00bb) affich\u00e9es sur ce site Web sont des marques d\u00e9pos\u00e9es et non d\u00e9pos\u00e9es de \u00abOppen&#8217;s\u00bb. Aucune information contenue sur ce site Web n\u2019accorde une licence ou le droit d&#8217;utiliser une marque de commerce sans l&#8217;autorisation \u00e9crite pr\u00e9alable du propri\u00e9taire du site Web.<\/p>\n<p>&nbsp;<\/p>\n<h3>Liens externes<\/h3>\n<p>des liens externes peuvent \u00eatre fournis pour votre commodit\u00e9, mais ils sont hors de contr\u00f4le du propri\u00e9taire du site Web. Aucune repr\u00e9sentation n&#8217;est faite quant \u00e0 leur contenu. L\u2019utilisation des liens externes et du contenu fourni est \u00e0 vos propres riques.<\/p>\n<p>&nbsp;<\/p>\n<h3>Garanties<\/h3>\n<p>\u00abOppen&#8217;s\u00bb n&#8217;\u00e9met aucune garantie, representation ou d\u00e9claration (expresse, implicite ou autre) concernant le site Web.<\/p>\n<p>&nbsp;<\/p>\n<h3>D\u00e9ni de responsabilit\u00e9<\/h3>\n<p>\u00abOppen&#8217;s\u00bb d\u00e9cline toute responsabilit\u00e9 pour toute perte, responsabilit\u00e9, dommage (direct, indirect ou cons\u00e9cutif), pr\u00e9judice personnel ou d\u00e9pense de quelque nature que ce soit pouvant \u00eatre subi par vous ou un tiers partie (y compris votre entreprise), en raison de ce qui peut \u00eatre attribuable, directement ou indirectement, \u00e0 l&#8217;acc\u00e8s et \u00e0 l&#8217;utilisation du site, toute information contenue sur le site, votre ou vos renseignements personnels ou du mat\u00e9riel et des informations de votre entreprise transmise sur notre syst\u00e8me. En particulier, ni le propri\u00e9taire du site Web, ni un tiers, ni le fournisseur de donn\u00e9es, ni de contenu ne peuvent \u00eatre tenus responsables envers vous ou toute autre personne, entreprise ou soci\u00e9t\u00e9, pour toute perte, responsabilit\u00e9 ou dommage (direct ou indirect) , de blessures ou de d\u00e9penses r\u00e9sultant de retards, inexactitudes, erreurs ou omissions dans l\u2019information sur le cours de l\u2019action, ou de leur transmission, ou de toute mesure prise \u00e0 cet \u00e9gard, ou occasionn\u00e9e, ou en raison de non-performance. ou interruption, ou r\u00e9siliation de celle-ci.<\/p>\n<p>&nbsp;<\/p>\n<h3>Conflit de termes<\/h3>\n<p>En cas de conflit ou de contradiction entre les dispositions des pr\u00e9sentes conditions g\u00e9n\u00e9rales du site Web et toutes autres modalit\u00e9s et conditions pertinentes, politiques ou avis, les autres termes et conditions, politiques ou avis pertinents se rapportant sp\u00e9cifiquement \u00e0 une section ou \u00e0 un module particulier du site Web pr\u00e9valent en ce qui concerne votre utilisation de la section concern\u00e9e ou d&#8217;un module du site.<\/p>\n<p>&nbsp;<\/p>\n<h3>Divisibilit\u00e9<\/h3>\n<p>Toute disposition des modalit\u00e9s et conditions, les politiques et les avis, ce qui est ou devient inapplicable dans toute juridiction, que ce soit en raison de nullit\u00e9, l&#8217;invalidit\u00e9, l&#8217;ill\u00e9galit\u00e9, l&#8217;ill\u00e9galit\u00e9 ou pour quelque raison que ce soit, doit, et uniquement dans cette juridiction \u00e0 dans la mesure o\u00f9 il est si inapplicable, \u00eatre consid\u00e9r\u00e9e comme nulle et les autres dispositions de toutes les modalit\u00e9s et conditions, les politiques et les avis restera en vigueur.<\/p>\n<p>&nbsp;<\/p>\n<h3>Lois applicables (choix du lieu et du forum)<\/h3>\n<p>L\u2019utilisation de ce site Web est \u00e0 tous \u00e9gards r\u00e9gie par les lois de la province de Qu\u00e9bec et les lois du Canada qui s\u2019y appliquent, quelles que soient les lois applicables en vertu du principe de conflit de lois. Les parties conviennent que les tribunaux du Qu\u00e9bec situ\u00e9s au Canada auront la comp\u00e9tence exclusive sur toutes les controverses d\u00e9coulant du pr\u00e9sent accord et conviennent que le lieu de la proc\u00e9dure est appropri\u00e9.[\/vc_column_text][\/vc_column][vc_column width=&#8221;1\/6&#8243;][\/vc_column][\/vc_row]<\/p>\n","protected":false},"excerpt":{"rendered":"<p>[vc_row css=&#8221;.vc_custom_1500888828550{margin-top: 15px !important;margin-bottom: 30px !important;}&#8221; el_class=&#8221;out_story&#8221;][vc_column][vc_empty_space][vc_column_text][\/vc_column_text][vc_empty_space][\/vc_column][\/vc_row][vc_row][vc_column width=&#8221;1\/6&#8243;][\/vc_column][vc_column width=&#8221;2\/3&#8243;][vc_column_text css=&#8221;.vc_custom_1574092810630{margin-bottom: 0px !important;}&#8221; el_class=&#8221;font16&#8243;]Le site Web appartient et est exploit\u00e9 par Boutique Oppen&#8217;s. Utilisation du site Web En acc\u00e9dant au site Web, vous garantissez et d\u00e9clarez au propri\u00e9taire du site Web que vous \u00eates l\u00e9galement autoris\u00e9 \u00e0 le faire et \u00e0 utiliser les informations mises \u00e0 &hellip; <\/p>\n<p class=\"link-more\"><a href=\"https:\/\/oppens.ca\/fr\/conditions-dutilisation\/\" class=\"more-link\">Continue reading&lt;span class=&quot;screen-reader-text&quot;&gt; &quot;Conditions d&#8217;utilisation&quot;&lt;\/span&gt;<\/a><\/p>\n","protected":false},"author":2,"featured_media":0,"parent":0,"menu_order":0,"comment_status":"closed","ping_status":"closed","template":"","meta":{"footnotes":""},"class_list":["post-4511","page","type-page","status-publish","hentry"],"yoast_head":"<!-- This site is optimized with the Yoast SEO plugin v27.0 - https:\/\/yoast.com\/product\/yoast-seo-wordpress\/ -->\n<title>Conditions d&#039;utilisation - Oppen&#039;s<\/title>\n<meta name=\"robots\" content=\"index, follow, max-snippet:-1, max-image-preview:large, max-video-preview:-1\" \/>\n<link rel=\"canonical\" href=\"https:\/\/oppens.ca\/fr\/conditions-dutilisation\/\" \/>\n<meta property=\"og:locale\" content=\"fr_FR\" \/>\n<meta property=\"og:type\" content=\"article\" \/>\n<meta property=\"og:title\" content=\"Conditions d&#039;utilisation - Oppen&#039;s\" \/>\n<meta property=\"og:description\" content=\"[vc_row css=&#8221;.vc_custom_1500888828550{margin-top: 15px !important;margin-bottom: 30px !important;}&#8221; el_class=&#8221;out_story&#8221;][vc_column][vc_empty_space][vc_column_text][\/vc_column_text][vc_empty_space][\/vc_column][\/vc_row][vc_row][vc_column width=&#8221;1\/6&#8243;][\/vc_column][vc_column width=&#8221;2\/3&#8243;][vc_column_text css=&#8221;.vc_custom_1574092810630{margin-bottom: 0px !important;}&#8221; el_class=&#8221;font16&#8243;]Le site Web appartient et est exploit\u00e9 par Boutique Oppen&#8217;s. Utilisation du site Web En acc\u00e9dant au site Web, vous garantissez et d\u00e9clarez au propri\u00e9taire du site Web que vous \u00eates l\u00e9galement autoris\u00e9 \u00e0 le faire et \u00e0 utiliser les informations mises \u00e0 &hellip; Continue reading&lt;span class=&quot;screen-reader-text&quot;&gt; &quot;Conditions d&#8217;utilisation&quot;&lt;\/span&gt;\" \/>\n<meta property=\"og:url\" content=\"https:\/\/oppens.ca\/fr\/conditions-dutilisation\/\" \/>\n<meta property=\"og:site_name\" content=\"Oppen&#039;s\" \/>\n<meta property=\"article:publisher\" content=\"https:\/\/www.facebook.com\/boutiqueoppens\/\" \/>\n<meta property=\"article:modified_time\" content=\"2020-11-22T16:33:03+00:00\" \/>\n<meta name=\"twitter:card\" content=\"summary_large_image\" \/>\n<meta name=\"twitter:site\" content=\"@oppensmontreal\" \/>\n<meta name=\"twitter:label1\" content=\"Dur\u00e9e de lecture estim\u00e9e\" \/>\n\t<meta name=\"twitter:data1\" content=\"3 minutes\" \/>\n<script type=\"application\/ld+json\" class=\"yoast-schema-graph\">{\"@context\":\"https:\/\/schema.org\",\"@graph\":[{\"@type\":\"WebPage\",\"@id\":\"https:\/\/oppens.ca\/fr\/conditions-dutilisation\/\",\"url\":\"https:\/\/oppens.ca\/fr\/conditions-dutilisation\/\",\"name\":\"Conditions d'utilisation - Oppen&#039;s\",\"isPartOf\":{\"@id\":\"https:\/\/oppens.ca\/#website\"},\"datePublished\":\"2019-11-14T16:29:30+00:00\",\"dateModified\":\"2020-11-22T16:33:03+00:00\",\"breadcrumb\":{\"@id\":\"https:\/\/oppens.ca\/fr\/conditions-dutilisation\/#breadcrumb\"},\"inLanguage\":\"fr-FR\",\"potentialAction\":[{\"@type\":\"ReadAction\",\"target\":[\"https:\/\/oppens.ca\/fr\/conditions-dutilisation\/\"]}]},{\"@type\":\"BreadcrumbList\",\"@id\":\"https:\/\/oppens.ca\/fr\/conditions-dutilisation\/#breadcrumb\",\"itemListElement\":[{\"@type\":\"ListItem\",\"position\":1,\"name\":\"Home\",\"item\":\"https:\/\/oppens.ca\/fr\/\"},{\"@type\":\"ListItem\",\"position\":2,\"name\":\"Conditions d&#8217;utilisation\"}]},{\"@type\":\"WebSite\",\"@id\":\"https:\/\/oppens.ca\/#website\",\"url\":\"https:\/\/oppens.ca\/\",\"name\":\"Oppen&#039;s\",\"description\":\"Celebrating women\u2019s evolving lifestyle for over 25 years\",\"publisher\":{\"@id\":\"https:\/\/oppens.ca\/#organization\"},\"potentialAction\":[{\"@type\":\"SearchAction\",\"target\":{\"@type\":\"EntryPoint\",\"urlTemplate\":\"https:\/\/oppens.ca\/?s={search_term_string}\"},\"query-input\":{\"@type\":\"PropertyValueSpecification\",\"valueRequired\":true,\"valueName\":\"search_term_string\"}}],\"inLanguage\":\"fr-FR\"},{\"@type\":\"Organization\",\"@id\":\"https:\/\/oppens.ca\/#organization\",\"name\":\"Oppens\",\"url\":\"https:\/\/oppens.ca\/\",\"logo\":{\"@type\":\"ImageObject\",\"inLanguage\":\"fr-FR\",\"@id\":\"https:\/\/oppens.ca\/#\/schema\/logo\/image\/\",\"url\":\"https:\/\/oppens.ca\/wp-content\/uploads\/2019\/10\/oppens.png\",\"contentUrl\":\"https:\/\/oppens.ca\/wp-content\/uploads\/2019\/10\/oppens.png\",\"width\":553,\"height\":246,\"caption\":\"Oppens\"},\"image\":{\"@id\":\"https:\/\/oppens.ca\/#\/schema\/logo\/image\/\"},\"sameAs\":[\"https:\/\/www.facebook.com\/boutiqueoppens\/\",\"https:\/\/x.com\/oppensmontreal\",\"https:\/\/www.instagram.com\/oppens_boutique\/\"]}]}<\/script>\n<!-- \/ Yoast SEO plugin. -->","yoast_head_json":{"title":"Conditions d'utilisation - Oppen&#039;s","robots":{"index":"index","follow":"follow","max-snippet":"max-snippet:-1","max-image-preview":"max-image-preview:large","max-video-preview":"max-video-preview:-1"},"canonical":"https:\/\/oppens.ca\/fr\/conditions-dutilisation\/","og_locale":"fr_FR","og_type":"article","og_title":"Conditions d'utilisation - Oppen&#039;s","og_description":"[vc_row css=&#8221;.vc_custom_1500888828550{margin-top: 15px !important;margin-bottom: 30px !important;}&#8221; el_class=&#8221;out_story&#8221;][vc_column][vc_empty_space][vc_column_text][\/vc_column_text][vc_empty_space][\/vc_column][\/vc_row][vc_row][vc_column width=&#8221;1\/6&#8243;][\/vc_column][vc_column width=&#8221;2\/3&#8243;][vc_column_text css=&#8221;.vc_custom_1574092810630{margin-bottom: 0px !important;}&#8221; el_class=&#8221;font16&#8243;]Le site Web appartient et est exploit\u00e9 par Boutique Oppen&#8217;s. Utilisation du site Web En acc\u00e9dant au site Web, vous garantissez et d\u00e9clarez au propri\u00e9taire du site Web que vous \u00eates l\u00e9galement autoris\u00e9 \u00e0 le faire et \u00e0 utiliser les informations mises \u00e0 &hellip; Continue reading&lt;span class=&quot;screen-reader-text&quot;&gt; &quot;Conditions d&#8217;utilisation&quot;&lt;\/span&gt;","og_url":"https:\/\/oppens.ca\/fr\/conditions-dutilisation\/","og_site_name":"Oppen&#039;s","article_publisher":"https:\/\/www.facebook.com\/boutiqueoppens\/","article_modified_time":"2020-11-22T16:33:03+00:00","twitter_card":"summary_large_image","twitter_site":"@oppensmontreal","twitter_misc":{"Dur\u00e9e de lecture estim\u00e9e":"3 minutes"},"schema":{"@context":"https:\/\/schema.org","@graph":[{"@type":"WebPage","@id":"https:\/\/oppens.ca\/fr\/conditions-dutilisation\/","url":"https:\/\/oppens.ca\/fr\/conditions-dutilisation\/","name":"Conditions d'utilisation - Oppen&#039;s","isPartOf":{"@id":"https:\/\/oppens.ca\/#website"},"datePublished":"2019-11-14T16:29:30+00:00","dateModified":"2020-11-22T16:33:03+00:00","breadcrumb":{"@id":"https:\/\/oppens.ca\/fr\/conditions-dutilisation\/#breadcrumb"},"inLanguage":"fr-FR","potentialAction":[{"@type":"ReadAction","target":["https:\/\/oppens.ca\/fr\/conditions-dutilisation\/"]}]},{"@type":"BreadcrumbList","@id":"https:\/\/oppens.ca\/fr\/conditions-dutilisation\/#breadcrumb","itemListElement":[{"@type":"ListItem","position":1,"name":"Home","item":"https:\/\/oppens.ca\/fr\/"},{"@type":"ListItem","position":2,"name":"Conditions d&#8217;utilisation"}]},{"@type":"WebSite","@id":"https:\/\/oppens.ca\/#website","url":"https:\/\/oppens.ca\/","name":"Oppen&#039;s","description":"Celebrating women\u2019s evolving lifestyle for over 25 years","publisher":{"@id":"https:\/\/oppens.ca\/#organization"},"potentialAction":[{"@type":"SearchAction","target":{"@type":"EntryPoint","urlTemplate":"https:\/\/oppens.ca\/?s={search_term_string}"},"query-input":{"@type":"PropertyValueSpecification","valueRequired":true,"valueName":"search_term_string"}}],"inLanguage":"fr-FR"},{"@type":"Organization","@id":"https:\/\/oppens.ca\/#organization","name":"Oppens","url":"https:\/\/oppens.ca\/","logo":{"@type":"ImageObject","inLanguage":"fr-FR","@id":"https:\/\/oppens.ca\/#\/schema\/logo\/image\/","url":"https:\/\/oppens.ca\/wp-content\/uploads\/2019\/10\/oppens.png","contentUrl":"https:\/\/oppens.ca\/wp-content\/uploads\/2019\/10\/oppens.png","width":553,"height":246,"caption":"Oppens"},"image":{"@id":"https:\/\/oppens.ca\/#\/schema\/logo\/image\/"},"sameAs":["https:\/\/www.facebook.com\/boutiqueoppens\/","https:\/\/x.com\/oppensmontreal","https:\/\/www.instagram.com\/oppens_boutique\/"]}]}},"_links":{"self":[{"href":"https:\/\/oppens.ca\/fr\/wp-json\/wp\/v2\/pages\/4511","targetHints":{"allow":["GET"]}}],"collection":[{"href":"https:\/\/oppens.ca\/fr\/wp-json\/wp\/v2\/pages"}],"about":[{"href":"https:\/\/oppens.ca\/fr\/wp-json\/wp\/v2\/types\/page"}],"author":[{"embeddable":true,"href":"https:\/\/oppens.ca\/fr\/wp-json\/wp\/v2\/users\/2"}],"replies":[{"embeddable":true,"href":"https:\/\/oppens.ca\/fr\/wp-json\/wp\/v2\/comments?post=4511"}],"version-history":[{"count":0,"href":"https:\/\/oppens.ca\/fr\/wp-json\/wp\/v2\/pages\/4511\/revisions"}],"wp:attachment":[{"href":"https:\/\/oppens.ca\/fr\/wp-json\/wp\/v2\/media?parent=4511"}],"curies":[{"name":"wp","href":"https:\/\/api.w.org\/{rel}","templated":true}]}}