                                                             

{"id":4509,"date":"2019-11-14T15:47:41","date_gmt":"2019-11-14T15:47:41","guid":{"rendered":"https:\/\/oppens.ca\/privacy-policy\/"},"modified":"2019-11-18T16:38:25","modified_gmt":"2019-11-18T16:38:25","slug":"politique-de-confidentialite","status":"publish","type":"page","link":"https:\/\/oppens.ca\/fr\/politique-de-confidentialite\/","title":{"rendered":"Politique de confidentialit\u00e9"},"content":{"rendered":"<p>[vc_row css=&#8221;.vc_custom_1500888828550{margin-top: 15px !important;margin-bottom: 30px !important;}&#8221; el_class=&#8221;out_story&#8221;][vc_column][vc_empty_space]<div class=\"ftc-heading heading-1 style-1\"><h1>Politique de confidentialit\u00e9<\/h1><\/div>[vc_empty_space][\/vc_column][\/vc_row][vc_row][vc_column width=&#8221;1\/6&#8243;][\/vc_column][vc_column width=&#8221;2\/3&#8243;][vc_column_text css=&#8221;.vc_custom_1574095099250{margin-bottom: 0px !important;}&#8221; el_class=&#8221;font16&#8243;]<\/p>\n<h3>Quelles informations collectons-nous?<\/h3>\n<p>Nous recueillons des informations vous concernant lorsque vous vous inscrivez sur notre site, passez une commande, vous inscrivez \u00e0 notre infolettre, r\u00e9pondez \u00e0 un sondage ou remplissez un formulaire.<\/p>\n<p>Lorsque vous commandez ou vous vous enregistrez sur notre site, vous pouvez \u00eatre invit\u00e9e \u00e0 entrer votre: nom, adresse e-mail, adresse postale, num\u00e9ro de t\u00e9l\u00e9phone ou informations de carte de cr\u00e9dit. Vous pouvez cependant visiter notre site anonymement.<\/p>\n<p>Les sessions du client sur notre site Web peuvent \u00eatre enregistr\u00e9es pour am\u00e9liorer l&#8217;exp\u00e9rience utilisateur et former les employ\u00e9s.<\/p>\n<h3>Pour quoi utilisons-nous vos informations?<\/h3>\n<p>Toute information que nous recueillons de votre part peut \u00eatre utilis\u00e9e de l\u2019une des mani\u00e8res suivantes:<\/p>\n<p><strong>Pour personnaliser votre exp\u00e9rience<\/strong><\/p>\n<p>vos informations nous aident \u00e0 mieux r\u00e9pondre \u00e0 vos besoins individuels<\/p>\n<p><strong>Pour am\u00e9liorer notre site web<\/strong><\/p>\n<p>nous nous effor\u00e7ons continuellement d\u2019am\u00e9liorer les offres de notre site Web en nous basant sur vos informations et vos commentaires<\/p>\n<p><strong>Pour am\u00e9liorer le service client<\/strong><\/p>\n<p>vos informations nous aident \u00e0 r\u00e9pondre plus efficacement \u00e0 vos demandes de service client et \u00e0 vos besoins d&#8217;assistance.<\/p>\n<p><strong>Pour traiter les transactions<\/strong><\/p>\n<p>Vos informations, qu&#8217;elles soient publiques ou priv\u00e9es, ne seront ni vendues, ni \u00e9chang\u00e9es, ni transf\u00e9r\u00e9es, ni donn\u00e9es \u00e0 une autre soci\u00e9t\u00e9 pour quelque raison que ce soit, sans votre consentement, autrement que dans le but expr\u00e8s de fournir le produit ou le service achet\u00e9 demand\u00e9.<\/p>\n<p><strong>Pour g\u00e9rer un concours, une promotion, une enqu\u00eate ou une autre fonctionnalit\u00e9 du site<\/strong><\/p>\n<p><strong>Pour envoyer des emails p\u00e9riodiques<\/strong><\/p>\n<p>L\u2019adresse e-mail que vous indiquez pour le traitement de la commande peut \u00eatre utilis\u00e9e pour vous envoyer des informations et des mises \u00e0 jour relatives \u00e0 votre commande, en plus de recevoir occasionnellement des nouvelles de l\u2019entreprise, des mises \u00e0 jour, des informations sur les produits ou services, etc.<\/p>\n<p>&nbsp;<\/p>\n<h3>Comment prot\u00e9geons-nous vos informations?<\/h3>\n<p>Nous mettons en \u0153uvre diverses mesures de s\u00e9curit\u00e9 pour maintenir la s\u00e9curit\u00e9 de vos informations personnelles lorsque vous passez une commande.<\/p>\n<p>Nous offrons l&#8217;utilisation d&#8217;un serveur s\u00e9curis\u00e9. Toutes les informations sensibles \/ de cr\u00e9dit fournies sont transmises via la technologie SSL (Secure Socket Layer), puis crypt\u00e9es dans notre base de donn\u00e9es de fournisseurs de passerelles de paiement pour \u00eatre accessibles uniquement aux personnes autoris\u00e9es avec des droits d&#8217;acc\u00e8s sp\u00e9ciaux \u00e0 de tels syst\u00e8mes et qui sont tenues de garder les informations.<\/p>\n<p>Apr\u00e8s une transaction, vos informations personnelles (cartes de cr\u00e9dit, donn\u00e9es financi\u00e8res, etc.) ne seront pas conserv\u00e9es pendant plus de 30 jours.<\/p>\n<p>&nbsp;<\/p>\n<h3>Utilisons-nous des cookies?<\/h3>\n<p>Oui (les cookies sont de petits fichiers qu&#8217;un site ou son fournisseur de services transf\u00e8re sur le disque dur de votre ordinateur via votre navigateur Web (si vous le permettez) et qui permet aux sites ou aux syst\u00e8mes des fournisseurs de services de reconna\u00eetre votre navigateur et de capturer et de conserver certaines informations.<\/p>\n<p>Nous utilisons des cookies pour nous aider \u00e0 m\u00e9moriser et \u00e0 traiter les articles de votre panier, \u00e0 comprendre et \u00e0 enregistrer vos pr\u00e9f\u00e9rences pour vos futures visites, \u00e0 garder une trace des publicit\u00e9s et \u00e0 compiler des donn\u00e9es globales sur le trafic et les interactions du site afin de pouvoir offrir de meilleures exp\u00e9riences et outils au site. Nous pouvons faire appel \u00e0 des fournisseurs de services tiers pour nous aider \u00e0 mieux comprendre les visiteurs de notre site. Ces fournisseurs de services ne sont pas autoris\u00e9s \u00e0 utiliser les informations collect\u00e9es en notre nom, sauf pour nous aider \u00e0 g\u00e9rer et \u00e0 am\u00e9liorer nos activit\u00e9s.<u><\/u><\/p>\n<p>&nbsp;<\/p>\n<h3>Changements et acc\u00e8s \u00e0 vos informations personnelles<\/h3>\n<p>Oppen&#8217;s traite les demandes individuelles d\u2019acc\u00e8s \u00e0 ses donn\u00e9es personnelles et apporte les modifications n\u00e9cessaires. Vous pouvez \u00e9galement demander la suppression de vos informations personnelles \u00e0 tout moment apr\u00e8s le traitement et la livraison de votre commande en nous contactant. Oppen&#8217;s peut \u00e9galement collecter des informations non personnelles \u00e0 votre sujet m\u00eame si vous n&#8217;achetez aucun produit sur oppens.ca<\/p>\n<p>&nbsp;<\/p>\n<h3>Est-ce que nous divulguons des informations \u00e0 des tiers?<\/h3>\n<p>Nous ne vendons, n&#8217;\u00e9changeons ni ne transf\u00e9rons de quelque mani\u00e8re que ce soit \u00e0 des tiers vos informations personnellement identifiables. Cela n&#8217;inclut pas les tiers de confiance qui nous aident \u00e0 exploiter notre site Web, \u00e0 mener nos activit\u00e9s ou \u00e0 vous servir, dans la mesure o\u00f9 ces parties acceptent de garder ces informations confidentielles. Nous pouvons \u00e9galement divulguer vos informations lorsque nous estimons que leur divulgation est appropri\u00e9e pour se conformer \u00e0 la loi, pour appliquer les r\u00e8gles de notre site ou ppour prot\u00e9ger nos droits, ainsi que la propri\u00e9t\u00e9 ou la s\u00e9curit\u00e9 d\u2019autres personnes. Toutefois, des informations de visiteurs non personnellement identifiables peuvent \u00eatre fournies \u00e0 d&#8217;autres parties \u00e0 des fins de marketing, de publicit\u00e9 ou autres.<\/p>\n<p>&nbsp;<\/p>\n<h3>Politique de confidentialit\u00e9 en ligne seulement<\/h3>\n<p>Cette politique de confidentialit\u00e9 en ligne s&#8217;applique uniquement aux informations collect\u00e9es via notre site Web et non aux informations collect\u00e9es hors ligne.<\/p>\n<p>&nbsp;<\/p>\n<h3>Votre consentement<\/h3>\n<p>En utilisant notre site, vous acceptez notre politique de confidentialit\u00e9 en ligne.<\/p>\n<p>&nbsp;<\/p>\n<h3>Nous contacter<\/h3>\n<p>Si vous avez des questions concernant cette politique de confidentialit\u00e9, vous pouvez nous contacter en utilisant les informations ci-dessous.<\/p>\n<p>&nbsp;<\/p>\n<div>www.oppens.ca<br \/>\n4828 boul. St. Laurent<br \/>\nMontreal, Quebec H2T 1R5<br \/>\ninfo@oppens.ca<\/div>\n<p>[\/vc_column_text][\/vc_column][vc_column width=&#8221;1\/6&#8243;][\/vc_column][\/vc_row]<\/p>\n","protected":false},"excerpt":{"rendered":"<p>[vc_row css=&#8221;.vc_custom_1500888828550{margin-top: 15px !important;margin-bottom: 30px !important;}&#8221; el_class=&#8221;out_story&#8221;][vc_column][vc_empty_space][vc_empty_space][\/vc_column][\/vc_row][vc_row][vc_column width=&#8221;1\/6&#8243;][\/vc_column][vc_column width=&#8221;2\/3&#8243;][vc_column_text css=&#8221;.vc_custom_1574095099250{margin-bottom: 0px !important;}&#8221; el_class=&#8221;font16&#8243;] Quelles informations collectons-nous? Nous recueillons des informations vous concernant lorsque vous vous inscrivez sur notre site, passez une commande, vous inscrivez \u00e0 notre infolettre, r\u00e9pondez \u00e0 un sondage ou remplissez un formulaire. Lorsque vous commandez ou vous vous enregistrez sur notre site, &hellip; <\/p>\n<p class=\"link-more\"><a href=\"https:\/\/oppens.ca\/fr\/politique-de-confidentialite\/\" class=\"more-link\">Continue reading&lt;span class=&quot;screen-reader-text&quot;&gt; &quot;Politique de confidentialit\u00e9&quot;&lt;\/span&gt;<\/a><\/p>\n","protected":false},"author":2,"featured_media":0,"parent":0,"menu_order":0,"comment_status":"closed","ping_status":"closed","template":"","meta":{"footnotes":""},"class_list":["post-4509","page","type-page","status-publish","hentry"],"yoast_head":"<!-- This site is optimized with the Yoast SEO plugin v27.0 - https:\/\/yoast.com\/product\/yoast-seo-wordpress\/ -->\n<title>Politique de confidentialit\u00e9 - Oppen&#039;s<\/title>\n<meta name=\"robots\" content=\"index, follow, max-snippet:-1, max-image-preview:large, max-video-preview:-1\" \/>\n<link rel=\"canonical\" href=\"https:\/\/oppens.ca\/fr\/politique-de-confidentialite\/\" \/>\n<meta property=\"og:locale\" content=\"fr_FR\" \/>\n<meta property=\"og:type\" content=\"article\" \/>\n<meta property=\"og:title\" content=\"Politique de confidentialit\u00e9 - Oppen&#039;s\" \/>\n<meta property=\"og:description\" content=\"[vc_row css=&#8221;.vc_custom_1500888828550{margin-top: 15px !important;margin-bottom: 30px !important;}&#8221; el_class=&#8221;out_story&#8221;][vc_column][vc_empty_space][vc_empty_space][\/vc_column][\/vc_row][vc_row][vc_column width=&#8221;1\/6&#8243;][\/vc_column][vc_column width=&#8221;2\/3&#8243;][vc_column_text css=&#8221;.vc_custom_1574095099250{margin-bottom: 0px !important;}&#8221; el_class=&#8221;font16&#8243;] Quelles informations collectons-nous? Nous recueillons des informations vous concernant lorsque vous vous inscrivez sur notre site, passez une commande, vous inscrivez \u00e0 notre infolettre, r\u00e9pondez \u00e0 un sondage ou remplissez un formulaire. Lorsque vous commandez ou vous vous enregistrez sur notre site, &hellip; Continue reading&lt;span class=&quot;screen-reader-text&quot;&gt; &quot;Politique de confidentialit\u00e9&quot;&lt;\/span&gt;\" \/>\n<meta property=\"og:url\" content=\"https:\/\/oppens.ca\/fr\/politique-de-confidentialite\/\" \/>\n<meta property=\"og:site_name\" content=\"Oppen&#039;s\" \/>\n<meta property=\"article:publisher\" content=\"https:\/\/www.facebook.com\/boutiqueoppens\/\" \/>\n<meta property=\"article:modified_time\" content=\"2019-11-18T16:38:25+00:00\" \/>\n<meta name=\"twitter:card\" content=\"summary_large_image\" \/>\n<meta name=\"twitter:site\" content=\"@oppensmontreal\" \/>\n<meta name=\"twitter:label1\" content=\"Dur\u00e9e de lecture estim\u00e9e\" \/>\n\t<meta name=\"twitter:data1\" content=\"5 minutes\" \/>\n<script type=\"application\/ld+json\" class=\"yoast-schema-graph\">{\"@context\":\"https:\/\/schema.org\",\"@graph\":[{\"@type\":\"WebPage\",\"@id\":\"https:\/\/oppens.ca\/fr\/politique-de-confidentialite\/\",\"url\":\"https:\/\/oppens.ca\/fr\/politique-de-confidentialite\/\",\"name\":\"Politique de confidentialit\u00e9 - Oppen&#039;s\",\"isPartOf\":{\"@id\":\"https:\/\/oppens.ca\/#website\"},\"datePublished\":\"2019-11-14T15:47:41+00:00\",\"dateModified\":\"2019-11-18T16:38:25+00:00\",\"breadcrumb\":{\"@id\":\"https:\/\/oppens.ca\/fr\/politique-de-confidentialite\/#breadcrumb\"},\"inLanguage\":\"fr-FR\",\"potentialAction\":[{\"@type\":\"ReadAction\",\"target\":[\"https:\/\/oppens.ca\/fr\/politique-de-confidentialite\/\"]}]},{\"@type\":\"BreadcrumbList\",\"@id\":\"https:\/\/oppens.ca\/fr\/politique-de-confidentialite\/#breadcrumb\",\"itemListElement\":[{\"@type\":\"ListItem\",\"position\":1,\"name\":\"Home\",\"item\":\"https:\/\/oppens.ca\/fr\/\"},{\"@type\":\"ListItem\",\"position\":2,\"name\":\"Politique de confidentialit\u00e9\"}]},{\"@type\":\"WebSite\",\"@id\":\"https:\/\/oppens.ca\/#website\",\"url\":\"https:\/\/oppens.ca\/\",\"name\":\"Oppen&#039;s\",\"description\":\"Celebrating women\u2019s evolving lifestyle for over 25 years\",\"publisher\":{\"@id\":\"https:\/\/oppens.ca\/#organization\"},\"potentialAction\":[{\"@type\":\"SearchAction\",\"target\":{\"@type\":\"EntryPoint\",\"urlTemplate\":\"https:\/\/oppens.ca\/?s={search_term_string}\"},\"query-input\":{\"@type\":\"PropertyValueSpecification\",\"valueRequired\":true,\"valueName\":\"search_term_string\"}}],\"inLanguage\":\"fr-FR\"},{\"@type\":\"Organization\",\"@id\":\"https:\/\/oppens.ca\/#organization\",\"name\":\"Oppens\",\"url\":\"https:\/\/oppens.ca\/\",\"logo\":{\"@type\":\"ImageObject\",\"inLanguage\":\"fr-FR\",\"@id\":\"https:\/\/oppens.ca\/#\/schema\/logo\/image\/\",\"url\":\"https:\/\/oppens.ca\/wp-content\/uploads\/2019\/10\/oppens.png\",\"contentUrl\":\"https:\/\/oppens.ca\/wp-content\/uploads\/2019\/10\/oppens.png\",\"width\":553,\"height\":246,\"caption\":\"Oppens\"},\"image\":{\"@id\":\"https:\/\/oppens.ca\/#\/schema\/logo\/image\/\"},\"sameAs\":[\"https:\/\/www.facebook.com\/boutiqueoppens\/\",\"https:\/\/x.com\/oppensmontreal\",\"https:\/\/www.instagram.com\/oppens_boutique\/\"]}]}<\/script>\n<!-- \/ Yoast SEO plugin. -->","yoast_head_json":{"title":"Politique de confidentialit\u00e9 - Oppen&#039;s","robots":{"index":"index","follow":"follow","max-snippet":"max-snippet:-1","max-image-preview":"max-image-preview:large","max-video-preview":"max-video-preview:-1"},"canonical":"https:\/\/oppens.ca\/fr\/politique-de-confidentialite\/","og_locale":"fr_FR","og_type":"article","og_title":"Politique de confidentialit\u00e9 - Oppen&#039;s","og_description":"[vc_row css=&#8221;.vc_custom_1500888828550{margin-top: 15px !important;margin-bottom: 30px !important;}&#8221; el_class=&#8221;out_story&#8221;][vc_column][vc_empty_space][vc_empty_space][\/vc_column][\/vc_row][vc_row][vc_column width=&#8221;1\/6&#8243;][\/vc_column][vc_column width=&#8221;2\/3&#8243;][vc_column_text css=&#8221;.vc_custom_1574095099250{margin-bottom: 0px !important;}&#8221; el_class=&#8221;font16&#8243;] Quelles informations collectons-nous? Nous recueillons des informations vous concernant lorsque vous vous inscrivez sur notre site, passez une commande, vous inscrivez \u00e0 notre infolettre, r\u00e9pondez \u00e0 un sondage ou remplissez un formulaire. Lorsque vous commandez ou vous vous enregistrez sur notre site, &hellip; Continue reading&lt;span class=&quot;screen-reader-text&quot;&gt; &quot;Politique de confidentialit\u00e9&quot;&lt;\/span&gt;","og_url":"https:\/\/oppens.ca\/fr\/politique-de-confidentialite\/","og_site_name":"Oppen&#039;s","article_publisher":"https:\/\/www.facebook.com\/boutiqueoppens\/","article_modified_time":"2019-11-18T16:38:25+00:00","twitter_card":"summary_large_image","twitter_site":"@oppensmontreal","twitter_misc":{"Dur\u00e9e de lecture estim\u00e9e":"5 minutes"},"schema":{"@context":"https:\/\/schema.org","@graph":[{"@type":"WebPage","@id":"https:\/\/oppens.ca\/fr\/politique-de-confidentialite\/","url":"https:\/\/oppens.ca\/fr\/politique-de-confidentialite\/","name":"Politique de confidentialit\u00e9 - Oppen&#039;s","isPartOf":{"@id":"https:\/\/oppens.ca\/#website"},"datePublished":"2019-11-14T15:47:41+00:00","dateModified":"2019-11-18T16:38:25+00:00","breadcrumb":{"@id":"https:\/\/oppens.ca\/fr\/politique-de-confidentialite\/#breadcrumb"},"inLanguage":"fr-FR","potentialAction":[{"@type":"ReadAction","target":["https:\/\/oppens.ca\/fr\/politique-de-confidentialite\/"]}]},{"@type":"BreadcrumbList","@id":"https:\/\/oppens.ca\/fr\/politique-de-confidentialite\/#breadcrumb","itemListElement":[{"@type":"ListItem","position":1,"name":"Home","item":"https:\/\/oppens.ca\/fr\/"},{"@type":"ListItem","position":2,"name":"Politique de confidentialit\u00e9"}]},{"@type":"WebSite","@id":"https:\/\/oppens.ca\/#website","url":"https:\/\/oppens.ca\/","name":"Oppen&#039;s","description":"Celebrating women\u2019s evolving lifestyle for over 25 years","publisher":{"@id":"https:\/\/oppens.ca\/#organization"},"potentialAction":[{"@type":"SearchAction","target":{"@type":"EntryPoint","urlTemplate":"https:\/\/oppens.ca\/?s={search_term_string}"},"query-input":{"@type":"PropertyValueSpecification","valueRequired":true,"valueName":"search_term_string"}}],"inLanguage":"fr-FR"},{"@type":"Organization","@id":"https:\/\/oppens.ca\/#organization","name":"Oppens","url":"https:\/\/oppens.ca\/","logo":{"@type":"ImageObject","inLanguage":"fr-FR","@id":"https:\/\/oppens.ca\/#\/schema\/logo\/image\/","url":"https:\/\/oppens.ca\/wp-content\/uploads\/2019\/10\/oppens.png","contentUrl":"https:\/\/oppens.ca\/wp-content\/uploads\/2019\/10\/oppens.png","width":553,"height":246,"caption":"Oppens"},"image":{"@id":"https:\/\/oppens.ca\/#\/schema\/logo\/image\/"},"sameAs":["https:\/\/www.facebook.com\/boutiqueoppens\/","https:\/\/x.com\/oppensmontreal","https:\/\/www.instagram.com\/oppens_boutique\/"]}]}},"_links":{"self":[{"href":"https:\/\/oppens.ca\/fr\/wp-json\/wp\/v2\/pages\/4509","targetHints":{"allow":["GET"]}}],"collection":[{"href":"https:\/\/oppens.ca\/fr\/wp-json\/wp\/v2\/pages"}],"about":[{"href":"https:\/\/oppens.ca\/fr\/wp-json\/wp\/v2\/types\/page"}],"author":[{"embeddable":true,"href":"https:\/\/oppens.ca\/fr\/wp-json\/wp\/v2\/users\/2"}],"replies":[{"embeddable":true,"href":"https:\/\/oppens.ca\/fr\/wp-json\/wp\/v2\/comments?post=4509"}],"version-history":[{"count":0,"href":"https:\/\/oppens.ca\/fr\/wp-json\/wp\/v2\/pages\/4509\/revisions"}],"wp:attachment":[{"href":"https:\/\/oppens.ca\/fr\/wp-json\/wp\/v2\/media?parent=4509"}],"curies":[{"name":"wp","href":"https:\/\/api.w.org\/{rel}","templated":true}]}}